{"id":1383,"date":"2020-07-09T06:42:34","date_gmt":"2020-07-09T06:42:34","guid":{"rendered":"https:\/\/igralni-aparati.si\/trgovina\/?post_type=product&#038;p=1383"},"modified":"2025-11-05T19:30:32","modified_gmt":"2025-11-05T19:30:32","slug":"zogica-internacional-profi-za-namizni-nogome","status":"publish","type":"product","link":"https:\/\/igralni-aparati.si\/trgovina\/izdelek\/zogica-internacional-profi-za-namizni-nogome\/","title":{"rendered":"\u017dogica Internacional Profi za namizni nogomet"},"content":{"rendered":"<p><strong>\u017dogica Internacional Profi za namizni nogomet.<\/strong><\/p>\n<p>Narejena iz posebne plastike v rumeni barvi, izredne kvalitete, ki ji zagotavlja dolgo \u017eivljenjsko dobo in odpornost na praske. \u017dogica je dimenzije 34 mm, ter te\u017ee 20 g.\u00a0 \u017dogica Internacional Profi za namizni nogomet, ima hrapavo povr\u0161ino in prinese igralcem novo dimenzijo igranja, saj omogo\u010da njen ve\u010dji nadzor in je primerna za izvedbo posebni trikov, za prave profesionalce v ro\u010dnem nogometu.<\/p>\n<p><span style=\"color: #008000;\">Vabimo vas, da obi\u0161\u010dete na\u0161 razstavni salon, kjer si lahko vse rezervne dele za ro\u010dni &#8211; namizni nogomet ogledate tudi v \u017eivo. Razpolagamo z vsemi rezervnimi deli in servisom za namizne nogomete, ki so del na\u0161ega prodajnega programa. Nahajamo se 15 minut od Ljubljanske obvoznice.<\/span><\/p>\n<p><span style=\"color: #ff0000;\">IGRALNI APARATI &#8211; Prodaja &#8211; Najem &#8211; Servis &#8211; Rezervni deli &#8211; Izposoja<\/span><\/p>\n<p>Na\u0161e podjetje EUROCLAS &amp; Co. d.o.o., vam zagotavlja prodajo kakovostnih igralnih aparatov in storitev, ter korekten poslovni odnos, kar potrjujejo tudi na\u0161e \u0161tevilne zadovoljne stranke. Prepri\u010dajte se tudi sami in postanite tudi vi, eden izmed na\u0161ih zadovoljnih kupcev.<\/p>\n<p><a href=\"https:\/\/igralni-aparati.si\/trgovina\/reference\/\" target=\"_blank\" rel=\"noopener\">Povezava do na\u0161ih bogatih referenc &gt;&gt;<\/a><\/p>\n<p><a href=\"https:\/\/igralni-aparati.si\/trgovina\/zadovoljne_stranke\/\" target=\"_blank\" rel=\"noopener\">Povezava do izjav, na\u0161ih zadovoljnih strank &gt;&gt;<\/a><\/p>\n<p><a href=\"https:\/\/www.bolha.com\/trgovina\/euroaparati\">Vabljeni k ogledu na\u0161ih oglasov na Bolhi &gt;&gt;<\/a><\/p>\n","protected":false},"excerpt":{"rendered":"<p><strong>\u017dogica Internacional Profi za namizni nogomet.<\/strong><\/p>\n<ul>\n<li>izdelana iz posebne plastike v rumeni barvi<\/li>\n<li>premer \u017eogice 34 mm<\/li>\n<li>te\u017ea 20 g<\/li>\n<li>z hrapavo povr\u0161ino<\/li>\n<li>ve\u010dji nadzor nad \u017eogico<\/li>\n<li>\u017eogica primerna za izvedbo posebnih trikov<\/li>\n<li>za profesionalce<\/li>\n<li>cena za kos<\/li>\n<\/ul>\n<p><span style=\"color: #ff0000;\">Originalni rezervni deli.<\/span><\/p>\n<p><span style=\"color: #0000ff;\">Pri nas dobite vse rezervne dele za namizni &#8211; ro\u010dni nogomet priznanih Italijanskih proizvajalcev FA.BI., Roberto Sport in FAS.<\/span><\/p>\n<p><strong>Za vsa dodatna vpra\u0161anja in pojasnila, smo vam na voljo vsak dan med 8h in 20h.<\/strong><\/p>\n<p><span style=\"color: #008000;\">Vabimo vas, da obi\u0161\u010dete na\u0161 razstavni salon, kjer si lahko vse rezervne dele za ro\u010dni &#8211; namizni nogomet ogledate tudi v \u017eivo. Razpolagamo z vsemi rezervnimi deli in servisom za namizne nogomete, ki so del na\u0161ega prodajnega programa. Nahajamo se 15 minut od Ljubljanske obvoznice.<\/span><\/p>\n","protected":false},"featured_media":1384,"comment_status":"open","ping_status":"closed","template":"","meta":{"site-sidebar-layout":"default","site-content-layout":"default","ast-site-content-layout":"default","site-content-style":"default","site-sidebar-style":"default","ast-global-header-display":"","ast-banner-title-visibility":"","ast-main-header-display":"","ast-hfb-above-header-display":"","ast-hfb-below-header-display":"","ast-hfb-mobile-header-display":"","site-post-title":"","ast-breadcrumbs-content":"","ast-featured-img":"","footer-sml-layout":"","theme-transparent-header-meta":"default","adv-header-id-meta":"","stick-header-meta":"","header-above-stick-meta":"","header-main-stick-meta":"","header-below-stick-meta":"","astra-migrate-meta-layouts":"set","ast-page-background-enabled":"default","ast-page-background-meta":{"desktop":{"background-color":"","background-image":"","background-repeat":"repeat","background-position":"center center","background-size":"auto","background-attachment":"scroll","background-type":"","background-media":"","overlay-type":"","overlay-color":"","overlay-opacity":"","overlay-gradient":""},"tablet":{"background-color":"","background-image":"","background-repeat":"repeat","background-position":"center center","background-size":"auto","background-attachment":"scroll","background-type":"","background-media":"","overlay-type":"","overlay-color":"","overlay-opacity":"","overlay-gradient":""},"mobile":{"background-color":"","background-image":"","background-repeat":"repeat","background-position":"center center","background-size":"auto","background-attachment":"scroll","background-type":"","background-media":"","overlay-type":"","overlay-color":"","overlay-opacity":"","overlay-gradient":""}},"ast-content-background-meta":{"desktop":{"background-color":"var(--ast-global-color-5)","background-image":"","background-repeat":"repeat","background-position":"center center","background-size":"auto","background-attachment":"scroll","background-type":"","background-media":"","overlay-type":"","overlay-color":"","overlay-opacity":"","overlay-gradient":""},"tablet":{"background-color":"var(--ast-global-color-5)","background-image":"","background-repeat":"repeat","background-position":"center center","background-size":"auto","background-attachment":"scroll","background-type":"","background-media":"","overlay-type":"","overlay-color":"","overlay-opacity":"","overlay-gradient":""},"mobile":{"background-color":"var(--ast-global-color-5)","background-image":"","background-repeat":"repeat","background-position":"center center","background-size":"auto","background-attachment":"scroll","background-type":"","background-media":"","overlay-type":"","overlay-color":"","overlay-opacity":"","overlay-gradient":""}}},"product_brand":[],"product_cat":[23,111,52,53,27,112,55,56],"product_tag":[21,113,25,139],"class_list":{"0":"post-1383","1":"product","2":"type-product","3":"status-publish","4":"has-post-thumbnail","6":"product_cat-namizni-nogomet-rezervni-deli","7":"product_cat-rezervni-deli-fas","8":"product_cat-rezervni-deli-fabi-namizni-nogomet-rocni-nogomet","9":"product_cat-rezervni-deli-roberto-sport-namizni-nogomet-rocni-nogomet","10":"product_cat-rezervni-deli-in-oprema","11":"product_cat-rezervni-deli-za-fas","12":"product_cat-rezervni-deli-fabi-namizni-nogomet-rocni-nogomet-namizni-rocni-nogomet-rezervni-deli","13":"product_cat-rezervni-deli-roberto-sport-namizni-nogomet-rocni-nogomet-namizni-rocni-nogomet-rezervni-deli","14":"product_tag-fa-bi","15":"product_tag-fas","16":"product_tag-roberto-sport","17":"product_tag-zogice-za-rocni-nogomet","18":"desktop-align-left","19":"tablet-align-left","20":"mobile-align-left","22":"first","23":"instock","24":"taxable","25":"shipping-taxable","26":"purchasable","27":"product-type-simple"},"yoast_head":"<!-- This site is optimized with the Yoast SEO plugin v25.8 - https:\/\/yoast.com\/wordpress\/plugins\/seo\/ -->\n<title>\u017dogica Internacional Profi za namizni nogomet - 041 614 817<\/title>\n<meta name=\"description\" content=\"Velik izbor tudi ostalih delov za namizni nogomet FA.BI., Roberto Sport in FAS. \u017dogica Internacional Profi za namizni nogomet, v rumeni barvi.\" \/>\n<meta name=\"robots\" content=\"index, follow, max-snippet:-1, max-image-preview:large, max-video-preview:-1\" \/>\n<link rel=\"canonical\" href=\"https:\/\/igralni-aparati.si\/trgovina\/izdelek\/zogica-internacional-profi-za-namizni-nogome\/\" \/>\n<meta property=\"og:locale\" content=\"sl_SI\" \/>\n<meta property=\"og:type\" content=\"article\" \/>\n<meta property=\"og:title\" content=\"\u017dogica Internacional Profi za namizni nogomet - 041 614 817\" \/>\n<meta property=\"og:description\" content=\"Velik izbor tudi ostalih delov za namizni nogomet FA.BI., Roberto Sport in FAS. \u017dogica Internacional Profi za namizni nogomet, v rumeni barvi.\" \/>\n<meta property=\"og:url\" content=\"https:\/\/igralni-aparati.si\/trgovina\/izdelek\/zogica-internacional-profi-za-namizni-nogome\/\" \/>\n<meta property=\"og:site_name\" content=\"EUROCLAS &amp; Co. d.o.o.\" \/>\n<meta property=\"article:modified_time\" content=\"2025-11-05T19:30:32+00:00\" \/>\n<meta property=\"og:image\" content=\"https:\/\/igralni-aparati.si\/trgovina\/wp-content\/uploads\/2020\/07\/\u017dogica-za-namizni-nogomet-Rumena-Internacional.png\" \/>\n\t<meta property=\"og:image:width\" content=\"666\" \/>\n\t<meta property=\"og:image:height\" content=\"375\" \/>\n\t<meta property=\"og:image:type\" content=\"image\/png\" \/>\n<meta name=\"twitter:card\" content=\"summary_large_image\" \/>\n<meta name=\"twitter:label1\" content=\"Est. reading time\" \/>\n\t<meta name=\"twitter:data1\" content=\"2 minuti\" \/>\n<script type=\"application\/ld+json\" class=\"yoast-schema-graph\">{\"@context\":\"https:\/\/schema.org\",\"@graph\":[{\"@type\":\"WebPage\",\"@id\":\"https:\/\/igralni-aparati.si\/trgovina\/izdelek\/zogica-internacional-profi-za-namizni-nogome\/\",\"url\":\"https:\/\/igralni-aparati.si\/trgovina\/izdelek\/zogica-internacional-profi-za-namizni-nogome\/\",\"name\":\"\u017dogica Internacional Profi za namizni nogomet - 041 614 817\",\"isPartOf\":{\"@id\":\"https:\/\/igralni-aparati.si\/trgovina\/#website\"},\"primaryImageOfPage\":{\"@id\":\"https:\/\/igralni-aparati.si\/trgovina\/izdelek\/zogica-internacional-profi-za-namizni-nogome\/#primaryimage\"},\"image\":{\"@id\":\"https:\/\/igralni-aparati.si\/trgovina\/izdelek\/zogica-internacional-profi-za-namizni-nogome\/#primaryimage\"},\"thumbnailUrl\":\"https:\/\/igralni-aparati.si\/trgovina\/wp-content\/uploads\/2020\/07\/\u017dogica-za-namizni-nogomet-Rumena-Internacional.png\",\"datePublished\":\"2020-07-09T06:42:34+00:00\",\"dateModified\":\"2025-11-05T19:30:32+00:00\",\"description\":\"Velik izbor tudi ostalih delov za namizni nogomet FA.BI., Roberto Sport in FAS. \u017dogica Internacional Profi za namizni nogomet, v rumeni barvi.\",\"breadcrumb\":{\"@id\":\"https:\/\/igralni-aparati.si\/trgovina\/izdelek\/zogica-internacional-profi-za-namizni-nogome\/#breadcrumb\"},\"inLanguage\":\"sl-SI\",\"potentialAction\":[{\"@type\":\"ReadAction\",\"target\":[\"https:\/\/igralni-aparati.si\/trgovina\/izdelek\/zogica-internacional-profi-za-namizni-nogome\/\"]}]},{\"@type\":\"ImageObject\",\"inLanguage\":\"sl-SI\",\"@id\":\"https:\/\/igralni-aparati.si\/trgovina\/izdelek\/zogica-internacional-profi-za-namizni-nogome\/#primaryimage\",\"url\":\"https:\/\/igralni-aparati.si\/trgovina\/wp-content\/uploads\/2020\/07\/\u017dogica-za-namizni-nogomet-Rumena-Internacional.png\",\"contentUrl\":\"https:\/\/igralni-aparati.si\/trgovina\/wp-content\/uploads\/2020\/07\/\u017dogica-za-namizni-nogomet-Rumena-Internacional.png\",\"width\":666,\"height\":375,\"caption\":\"\u017dogica Internacional Profi za namizni nogomet\"},{\"@type\":\"BreadcrumbList\",\"@id\":\"https:\/\/igralni-aparati.si\/trgovina\/izdelek\/zogica-internacional-profi-za-namizni-nogome\/#breadcrumb\",\"itemListElement\":[{\"@type\":\"ListItem\",\"position\":1,\"name\":\"Home\",\"item\":\"https:\/\/igralni-aparati.si\/trgovina\/\"},{\"@type\":\"ListItem\",\"position\":2,\"name\":\"Katalog izdelkov\",\"item\":\"https:\/\/igralni-aparati.si\/trgovina\/\"},{\"@type\":\"ListItem\",\"position\":3,\"name\":\"\u017dogica Internacional Profi za namizni nogomet\"}]},{\"@type\":\"WebSite\",\"@id\":\"https:\/\/igralni-aparati.si\/trgovina\/#website\",\"url\":\"https:\/\/igralni-aparati.si\/trgovina\/\",\"name\":\"EUROCLAS &amp; Co. d.o.o.\",\"description\":\"Za dodatne informacije  pokli\u010dite:\u00a0 041 614 817\",\"publisher\":{\"@id\":\"https:\/\/igralni-aparati.si\/trgovina\/#organization\"},\"potentialAction\":[{\"@type\":\"SearchAction\",\"target\":{\"@type\":\"EntryPoint\",\"urlTemplate\":\"https:\/\/igralni-aparati.si\/trgovina\/?s={search_term_string}\"},\"query-input\":{\"@type\":\"PropertyValueSpecification\",\"valueRequired\":true,\"valueName\":\"search_term_string\"}}],\"inLanguage\":\"sl-SI\"},{\"@type\":\"Organization\",\"@id\":\"https:\/\/igralni-aparati.si\/trgovina\/#organization\",\"name\":\"EUROCLAS &amp; Co. d.o.o.\",\"url\":\"https:\/\/igralni-aparati.si\/trgovina\/\",\"logo\":{\"@type\":\"ImageObject\",\"inLanguage\":\"sl-SI\",\"@id\":\"https:\/\/igralni-aparati.si\/trgovina\/#\/schema\/logo\/image\/\",\"url\":\"https:\/\/igralni-aparati.si\/trgovina\/wp-content\/uploads\/2020\/05\/LOGO4-2.jpg\",\"contentUrl\":\"https:\/\/igralni-aparati.si\/trgovina\/wp-content\/uploads\/2020\/05\/LOGO4-2.jpg\",\"width\":289,\"height\":78,\"caption\":\"EUROCLAS &amp; Co. d.o.o.\"},\"image\":{\"@id\":\"https:\/\/igralni-aparati.si\/trgovina\/#\/schema\/logo\/image\/\"}}]}<\/script>\n<!-- \/ Yoast SEO plugin. -->","yoast_head_json":{"title":"\u017dogica Internacional Profi za namizni nogomet - 041 614 817","description":"Velik izbor tudi ostalih delov za namizni nogomet FA.BI., Roberto Sport in FAS. \u017dogica Internacional Profi za namizni nogomet, v rumeni barvi.","robots":{"index":"index","follow":"follow","max-snippet":"max-snippet:-1","max-image-preview":"max-image-preview:large","max-video-preview":"max-video-preview:-1"},"canonical":"https:\/\/igralni-aparati.si\/trgovina\/izdelek\/zogica-internacional-profi-za-namizni-nogome\/","og_locale":"sl_SI","og_type":"article","og_title":"\u017dogica Internacional Profi za namizni nogomet - 041 614 817","og_description":"Velik izbor tudi ostalih delov za namizni nogomet FA.BI., Roberto Sport in FAS. \u017dogica Internacional Profi za namizni nogomet, v rumeni barvi.","og_url":"https:\/\/igralni-aparati.si\/trgovina\/izdelek\/zogica-internacional-profi-za-namizni-nogome\/","og_site_name":"EUROCLAS &amp; Co. d.o.o.","article_modified_time":"2025-11-05T19:30:32+00:00","og_image":[{"width":666,"height":375,"url":"https:\/\/igralni-aparati.si\/trgovina\/wp-content\/uploads\/2020\/07\/\u017dogica-za-namizni-nogomet-Rumena-Internacional.png","type":"image\/png"}],"twitter_card":"summary_large_image","twitter_misc":{"Est. reading time":"2 minuti"},"schema":{"@context":"https:\/\/schema.org","@graph":[{"@type":"WebPage","@id":"https:\/\/igralni-aparati.si\/trgovina\/izdelek\/zogica-internacional-profi-za-namizni-nogome\/","url":"https:\/\/igralni-aparati.si\/trgovina\/izdelek\/zogica-internacional-profi-za-namizni-nogome\/","name":"\u017dogica Internacional Profi za namizni nogomet - 041 614 817","isPartOf":{"@id":"https:\/\/igralni-aparati.si\/trgovina\/#website"},"primaryImageOfPage":{"@id":"https:\/\/igralni-aparati.si\/trgovina\/izdelek\/zogica-internacional-profi-za-namizni-nogome\/#primaryimage"},"image":{"@id":"https:\/\/igralni-aparati.si\/trgovina\/izdelek\/zogica-internacional-profi-za-namizni-nogome\/#primaryimage"},"thumbnailUrl":"https:\/\/igralni-aparati.si\/trgovina\/wp-content\/uploads\/2020\/07\/\u017dogica-za-namizni-nogomet-Rumena-Internacional.png","datePublished":"2020-07-09T06:42:34+00:00","dateModified":"2025-11-05T19:30:32+00:00","description":"Velik izbor tudi ostalih delov za namizni nogomet FA.BI., Roberto Sport in FAS. \u017dogica Internacional Profi za namizni nogomet, v rumeni barvi.","breadcrumb":{"@id":"https:\/\/igralni-aparati.si\/trgovina\/izdelek\/zogica-internacional-profi-za-namizni-nogome\/#breadcrumb"},"inLanguage":"sl-SI","potentialAction":[{"@type":"ReadAction","target":["https:\/\/igralni-aparati.si\/trgovina\/izdelek\/zogica-internacional-profi-za-namizni-nogome\/"]}]},{"@type":"ImageObject","inLanguage":"sl-SI","@id":"https:\/\/igralni-aparati.si\/trgovina\/izdelek\/zogica-internacional-profi-za-namizni-nogome\/#primaryimage","url":"https:\/\/igralni-aparati.si\/trgovina\/wp-content\/uploads\/2020\/07\/\u017dogica-za-namizni-nogomet-Rumena-Internacional.png","contentUrl":"https:\/\/igralni-aparati.si\/trgovina\/wp-content\/uploads\/2020\/07\/\u017dogica-za-namizni-nogomet-Rumena-Internacional.png","width":666,"height":375,"caption":"\u017dogica Internacional Profi za namizni nogomet"},{"@type":"BreadcrumbList","@id":"https:\/\/igralni-aparati.si\/trgovina\/izdelek\/zogica-internacional-profi-za-namizni-nogome\/#breadcrumb","itemListElement":[{"@type":"ListItem","position":1,"name":"Home","item":"https:\/\/igralni-aparati.si\/trgovina\/"},{"@type":"ListItem","position":2,"name":"Katalog izdelkov","item":"https:\/\/igralni-aparati.si\/trgovina\/"},{"@type":"ListItem","position":3,"name":"\u017dogica Internacional Profi za namizni nogomet"}]},{"@type":"WebSite","@id":"https:\/\/igralni-aparati.si\/trgovina\/#website","url":"https:\/\/igralni-aparati.si\/trgovina\/","name":"EUROCLAS &amp; Co. d.o.o.","description":"Za dodatne informacije  pokli\u010dite:\u00a0 041 614 817","publisher":{"@id":"https:\/\/igralni-aparati.si\/trgovina\/#organization"},"potentialAction":[{"@type":"SearchAction","target":{"@type":"EntryPoint","urlTemplate":"https:\/\/igralni-aparati.si\/trgovina\/?s={search_term_string}"},"query-input":{"@type":"PropertyValueSpecification","valueRequired":true,"valueName":"search_term_string"}}],"inLanguage":"sl-SI"},{"@type":"Organization","@id":"https:\/\/igralni-aparati.si\/trgovina\/#organization","name":"EUROCLAS &amp; Co. d.o.o.","url":"https:\/\/igralni-aparati.si\/trgovina\/","logo":{"@type":"ImageObject","inLanguage":"sl-SI","@id":"https:\/\/igralni-aparati.si\/trgovina\/#\/schema\/logo\/image\/","url":"https:\/\/igralni-aparati.si\/trgovina\/wp-content\/uploads\/2020\/05\/LOGO4-2.jpg","contentUrl":"https:\/\/igralni-aparati.si\/trgovina\/wp-content\/uploads\/2020\/05\/LOGO4-2.jpg","width":289,"height":78,"caption":"EUROCLAS &amp; Co. d.o.o."},"image":{"@id":"https:\/\/igralni-aparati.si\/trgovina\/#\/schema\/logo\/image\/"}}]}},"_links":{"self":[{"href":"https:\/\/igralni-aparati.si\/trgovina\/wp-json\/wp\/v2\/product\/1383","targetHints":{"allow":["GET"]}}],"collection":[{"href":"https:\/\/igralni-aparati.si\/trgovina\/wp-json\/wp\/v2\/product"}],"about":[{"href":"https:\/\/igralni-aparati.si\/trgovina\/wp-json\/wp\/v2\/types\/product"}],"replies":[{"embeddable":true,"href":"https:\/\/igralni-aparati.si\/trgovina\/wp-json\/wp\/v2\/comments?post=1383"}],"version-history":[{"count":8,"href":"https:\/\/igralni-aparati.si\/trgovina\/wp-json\/wp\/v2\/product\/1383\/revisions"}],"predecessor-version":[{"id":1447,"href":"https:\/\/igralni-aparati.si\/trgovina\/wp-json\/wp\/v2\/product\/1383\/revisions\/1447"}],"wp:featuredmedia":[{"embeddable":true,"href":"https:\/\/igralni-aparati.si\/trgovina\/wp-json\/wp\/v2\/media\/1384"}],"wp:attachment":[{"href":"https:\/\/igralni-aparati.si\/trgovina\/wp-json\/wp\/v2\/media?parent=1383"}],"wp:term":[{"taxonomy":"product_brand","embeddable":true,"href":"https:\/\/igralni-aparati.si\/trgovina\/wp-json\/wp\/v2\/product_brand?post=1383"},{"taxonomy":"product_cat","embeddable":true,"href":"https:\/\/igralni-aparati.si\/trgovina\/wp-json\/wp\/v2\/product_cat?post=1383"},{"taxonomy":"product_tag","embeddable":true,"href":"https:\/\/igralni-aparati.si\/trgovina\/wp-json\/wp\/v2\/product_tag?post=1383"}],"curies":[{"name":"wp","href":"https:\/\/api.w.org\/{rel}","templated":true}]}}