{"id":1480,"date":"2020-07-18T11:43:14","date_gmt":"2020-07-18T11:43:14","guid":{"rendered":"https:\/\/igralni-aparati.si\/trgovina\/?post_type=product&#038;p=1480"},"modified":"2025-06-23T16:05:37","modified_gmt":"2025-06-23T16:05:37","slug":"igralna-palica-fa-bi-kompletna-modra-5","status":"publish","type":"product","link":"https:\/\/igralni-aparati.si\/trgovina\/izdelek\/igralna-palica-fa-bi-kompletna-modra-5\/","title":{"rendered":"IGRALNA PALICA FA.BI. KOMPLETNA &#8211; MODRA 5"},"content":{"rendered":"","protected":false},"excerpt":{"rendered":"<p><strong>Kompletna igralna palica &#8211; MODRA 5, za namizni &#8211; ro\u010dni nogomet FA.BI.<\/strong><\/p>\n<p><strong>Kompletna igralna palica, se sestoji iz naslednjih posameznih delov:<\/strong> zunanja igralna palica z igralci, notranja palica z nati\u010dno plastiko, vpetje z malo vzmetjo, le\u017eaj z veliko vzmetjo, za\u0161\u010ditni \u010drni obro\u010dek in ro\u010dka. Visokokakovostne profesionalne igralne palice debeline 18 mm.<\/p>\n<p><span style=\"color: #ff0000;\">Originalni rezervni del FA.BI.<\/span><\/p>\n<p><span style=\"color: #0000ff;\">Pri nas dobite vse rezervne dele za ro\u010dni &#8211; namizni nogomet priznanega Italijanskega proizvajalca FA.BI.<\/span><\/p>\n","protected":false},"featured_media":1458,"comment_status":"open","ping_status":"closed","template":"","meta":{"site-sidebar-layout":"default","site-content-layout":"default","ast-site-content-layout":"default","site-content-style":"default","site-sidebar-style":"default","ast-global-header-display":"","ast-banner-title-visibility":"","ast-main-header-display":"","ast-hfb-above-header-display":"","ast-hfb-below-header-display":"","ast-hfb-mobile-header-display":"","site-post-title":"","ast-breadcrumbs-content":"","ast-featured-img":"","footer-sml-layout":"","theme-transparent-header-meta":"default","adv-header-id-meta":"","stick-header-meta":"","header-above-stick-meta":"","header-main-stick-meta":"","header-below-stick-meta":"","astra-migrate-meta-layouts":"default","ast-page-background-enabled":"default","ast-page-background-meta":{"desktop":{"background-color":"","background-image":"","background-repeat":"repeat","background-position":"center center","background-size":"auto","background-attachment":"scroll","background-type":"","background-media":"","overlay-type":"","overlay-color":"","overlay-opacity":"","overlay-gradient":""},"tablet":{"background-color":"","background-image":"","background-repeat":"repeat","background-position":"center center","background-size":"auto","background-attachment":"scroll","background-type":"","background-media":"","overlay-type":"","overlay-color":"","overlay-opacity":"","overlay-gradient":""},"mobile":{"background-color":"","background-image":"","background-repeat":"repeat","background-position":"center center","background-size":"auto","background-attachment":"scroll","background-type":"","background-media":"","overlay-type":"","overlay-color":"","overlay-opacity":"","overlay-gradient":""}},"ast-content-background-meta":{"desktop":{"background-color":"var(--ast-global-color-5)","background-image":"","background-repeat":"repeat","background-position":"center center","background-size":"auto","background-attachment":"scroll","background-type":"","background-media":"","overlay-type":"","overlay-color":"","overlay-opacity":"","overlay-gradient":""},"tablet":{"background-color":"var(--ast-global-color-5)","background-image":"","background-repeat":"repeat","background-position":"center center","background-size":"auto","background-attachment":"scroll","background-type":"","background-media":"","overlay-type":"","overlay-color":"","overlay-opacity":"","overlay-gradient":""},"mobile":{"background-color":"var(--ast-global-color-5)","background-image":"","background-repeat":"repeat","background-position":"center center","background-size":"auto","background-attachment":"scroll","background-type":"","background-media":"","overlay-type":"","overlay-color":"","overlay-opacity":"","overlay-gradient":""}}},"product_brand":[],"product_cat":[23,52,27,55],"product_tag":[21],"class_list":{"0":"post-1480","1":"product","2":"type-product","3":"status-publish","4":"has-post-thumbnail","6":"product_cat-namizni-nogomet-rezervni-deli","7":"product_cat-rezervni-deli-fabi-namizni-nogomet-rocni-nogomet","8":"product_cat-rezervni-deli-in-oprema","9":"product_cat-rezervni-deli-fabi-namizni-nogomet-rocni-nogomet-namizni-rocni-nogomet-rezervni-deli","10":"product_tag-fa-bi","11":"desktop-align-left","12":"tablet-align-left","13":"mobile-align-left","15":"first","16":"instock","17":"taxable","18":"shipping-taxable","19":"purchasable","20":"product-type-simple"},"yoast_head":"<!-- This site is optimized with the Yoast SEO plugin v25.8 - https:\/\/yoast.com\/wordpress\/plugins\/seo\/ -->\n<title>IGRALNA PALICA FA.BI. KOMPLETNA - MODRA 5 - EUROCLAS &amp; Co. d.o.o.<\/title>\n<meta name=\"robots\" content=\"index, follow, max-snippet:-1, max-image-preview:large, max-video-preview:-1\" \/>\n<link rel=\"canonical\" href=\"https:\/\/igralni-aparati.si\/trgovina\/izdelek\/igralna-palica-fa-bi-kompletna-modra-5\/\" \/>\n<meta property=\"og:locale\" content=\"sl_SI\" \/>\n<meta property=\"og:type\" content=\"article\" \/>\n<meta property=\"og:title\" content=\"IGRALNA PALICA FA.BI. KOMPLETNA - MODRA 5 - EUROCLAS &amp; Co. d.o.o.\" \/>\n<meta property=\"og:description\" content=\"Kompletna igralna palica - MODRA 5, za namizni - ro\u010dni nogomet FA.BI.  Kompletna igralna palica, se sestoji iz naslednjih posameznih delov: zunanja igralna palica z igralci, notranja palica z nati\u010dno plastiko, vpetje z malo vzmetjo, le\u017eaj z veliko vzmetjo, za\u0161\u010ditni \u010drni obro\u010dek in ro\u010dka. Visokokakovostne profesionalne igralne palice debeline 18 mm.  Originalni rezervni del FA.BI.  Pri nas dobite vse rezervne dele za ro\u010dni - namizni nogomet priznanega Italijanskega proizvajalca FA.BI.\" \/>\n<meta property=\"og:url\" content=\"https:\/\/igralni-aparati.si\/trgovina\/izdelek\/igralna-palica-fa-bi-kompletna-modra-5\/\" \/>\n<meta property=\"og:site_name\" content=\"EUROCLAS &amp; Co. d.o.o.\" \/>\n<meta property=\"article:modified_time\" content=\"2025-06-23T16:05:37+00:00\" \/>\n<meta property=\"og:image\" content=\"https:\/\/igralni-aparati.si\/trgovina\/wp-content\/uploads\/2020\/07\/Igralna-Palica-FA.BI_.-M5-KP.png\" \/>\n\t<meta property=\"og:image:width\" content=\"577\" \/>\n\t<meta property=\"og:image:height\" content=\"433\" \/>\n\t<meta property=\"og:image:type\" content=\"image\/png\" \/>\n<meta name=\"twitter:card\" content=\"summary_large_image\" \/>\n<script type=\"application\/ld+json\" class=\"yoast-schema-graph\">{\"@context\":\"https:\/\/schema.org\",\"@graph\":[{\"@type\":\"WebPage\",\"@id\":\"https:\/\/igralni-aparati.si\/trgovina\/izdelek\/igralna-palica-fa-bi-kompletna-modra-5\/\",\"url\":\"https:\/\/igralni-aparati.si\/trgovina\/izdelek\/igralna-palica-fa-bi-kompletna-modra-5\/\",\"name\":\"IGRALNA PALICA FA.BI. KOMPLETNA - MODRA 5 - EUROCLAS &amp; Co. d.o.o.\",\"isPartOf\":{\"@id\":\"https:\/\/igralni-aparati.si\/trgovina\/#website\"},\"primaryImageOfPage\":{\"@id\":\"https:\/\/igralni-aparati.si\/trgovina\/izdelek\/igralna-palica-fa-bi-kompletna-modra-5\/#primaryimage\"},\"image\":{\"@id\":\"https:\/\/igralni-aparati.si\/trgovina\/izdelek\/igralna-palica-fa-bi-kompletna-modra-5\/#primaryimage\"},\"thumbnailUrl\":\"https:\/\/igralni-aparati.si\/trgovina\/wp-content\/uploads\/2020\/07\/Igralna-Palica-FA.BI_.-M5-KP.png\",\"datePublished\":\"2020-07-18T11:43:14+00:00\",\"dateModified\":\"2025-06-23T16:05:37+00:00\",\"breadcrumb\":{\"@id\":\"https:\/\/igralni-aparati.si\/trgovina\/izdelek\/igralna-palica-fa-bi-kompletna-modra-5\/#breadcrumb\"},\"inLanguage\":\"sl-SI\",\"potentialAction\":[{\"@type\":\"ReadAction\",\"target\":[\"https:\/\/igralni-aparati.si\/trgovina\/izdelek\/igralna-palica-fa-bi-kompletna-modra-5\/\"]}]},{\"@type\":\"ImageObject\",\"inLanguage\":\"sl-SI\",\"@id\":\"https:\/\/igralni-aparati.si\/trgovina\/izdelek\/igralna-palica-fa-bi-kompletna-modra-5\/#primaryimage\",\"url\":\"https:\/\/igralni-aparati.si\/trgovina\/wp-content\/uploads\/2020\/07\/Igralna-Palica-FA.BI_.-M5-KP.png\",\"contentUrl\":\"https:\/\/igralni-aparati.si\/trgovina\/wp-content\/uploads\/2020\/07\/Igralna-Palica-FA.BI_.-M5-KP.png\",\"width\":577,\"height\":433,\"caption\":\"Igralna Palica FABI M5 KP, Namizni Ro\u010dni Nogomet\"},{\"@type\":\"BreadcrumbList\",\"@id\":\"https:\/\/igralni-aparati.si\/trgovina\/izdelek\/igralna-palica-fa-bi-kompletna-modra-5\/#breadcrumb\",\"itemListElement\":[{\"@type\":\"ListItem\",\"position\":1,\"name\":\"Home\",\"item\":\"https:\/\/igralni-aparati.si\/trgovina\/\"},{\"@type\":\"ListItem\",\"position\":2,\"name\":\"Katalog izdelkov\",\"item\":\"https:\/\/igralni-aparati.si\/trgovina\/\"},{\"@type\":\"ListItem\",\"position\":3,\"name\":\"IGRALNA PALICA FA.BI. KOMPLETNA &#8211; MODRA 5\"}]},{\"@type\":\"WebSite\",\"@id\":\"https:\/\/igralni-aparati.si\/trgovina\/#website\",\"url\":\"https:\/\/igralni-aparati.si\/trgovina\/\",\"name\":\"EUROCLAS &amp; Co. d.o.o.\",\"description\":\"Za dodatne informacije  pokli\u010dite:\u00a0 041 614 817\",\"publisher\":{\"@id\":\"https:\/\/igralni-aparati.si\/trgovina\/#organization\"},\"potentialAction\":[{\"@type\":\"SearchAction\",\"target\":{\"@type\":\"EntryPoint\",\"urlTemplate\":\"https:\/\/igralni-aparati.si\/trgovina\/?s={search_term_string}\"},\"query-input\":{\"@type\":\"PropertyValueSpecification\",\"valueRequired\":true,\"valueName\":\"search_term_string\"}}],\"inLanguage\":\"sl-SI\"},{\"@type\":\"Organization\",\"@id\":\"https:\/\/igralni-aparati.si\/trgovina\/#organization\",\"name\":\"EUROCLAS &amp; Co. d.o.o.\",\"url\":\"https:\/\/igralni-aparati.si\/trgovina\/\",\"logo\":{\"@type\":\"ImageObject\",\"inLanguage\":\"sl-SI\",\"@id\":\"https:\/\/igralni-aparati.si\/trgovina\/#\/schema\/logo\/image\/\",\"url\":\"https:\/\/igralni-aparati.si\/trgovina\/wp-content\/uploads\/2020\/05\/LOGO4-2.jpg\",\"contentUrl\":\"https:\/\/igralni-aparati.si\/trgovina\/wp-content\/uploads\/2020\/05\/LOGO4-2.jpg\",\"width\":289,\"height\":78,\"caption\":\"EUROCLAS &amp; Co. d.o.o.\"},\"image\":{\"@id\":\"https:\/\/igralni-aparati.si\/trgovina\/#\/schema\/logo\/image\/\"}}]}<\/script>\n<!-- \/ Yoast SEO plugin. -->","yoast_head_json":{"title":"IGRALNA PALICA FA.BI. KOMPLETNA - MODRA 5 - EUROCLAS &amp; Co. d.o.o.","robots":{"index":"index","follow":"follow","max-snippet":"max-snippet:-1","max-image-preview":"max-image-preview:large","max-video-preview":"max-video-preview:-1"},"canonical":"https:\/\/igralni-aparati.si\/trgovina\/izdelek\/igralna-palica-fa-bi-kompletna-modra-5\/","og_locale":"sl_SI","og_type":"article","og_title":"IGRALNA PALICA FA.BI. KOMPLETNA - MODRA 5 - EUROCLAS &amp; Co. d.o.o.","og_description":"Kompletna igralna palica - MODRA 5, za namizni - ro\u010dni nogomet FA.BI.  Kompletna igralna palica, se sestoji iz naslednjih posameznih delov: zunanja igralna palica z igralci, notranja palica z nati\u010dno plastiko, vpetje z malo vzmetjo, le\u017eaj z veliko vzmetjo, za\u0161\u010ditni \u010drni obro\u010dek in ro\u010dka. Visokokakovostne profesionalne igralne palice debeline 18 mm.  Originalni rezervni del FA.BI.  Pri nas dobite vse rezervne dele za ro\u010dni - namizni nogomet priznanega Italijanskega proizvajalca FA.BI.","og_url":"https:\/\/igralni-aparati.si\/trgovina\/izdelek\/igralna-palica-fa-bi-kompletna-modra-5\/","og_site_name":"EUROCLAS &amp; Co. d.o.o.","article_modified_time":"2025-06-23T16:05:37+00:00","og_image":[{"width":577,"height":433,"url":"https:\/\/igralni-aparati.si\/trgovina\/wp-content\/uploads\/2020\/07\/Igralna-Palica-FA.BI_.-M5-KP.png","type":"image\/png"}],"twitter_card":"summary_large_image","schema":{"@context":"https:\/\/schema.org","@graph":[{"@type":"WebPage","@id":"https:\/\/igralni-aparati.si\/trgovina\/izdelek\/igralna-palica-fa-bi-kompletna-modra-5\/","url":"https:\/\/igralni-aparati.si\/trgovina\/izdelek\/igralna-palica-fa-bi-kompletna-modra-5\/","name":"IGRALNA PALICA FA.BI. KOMPLETNA - MODRA 5 - EUROCLAS &amp; Co. d.o.o.","isPartOf":{"@id":"https:\/\/igralni-aparati.si\/trgovina\/#website"},"primaryImageOfPage":{"@id":"https:\/\/igralni-aparati.si\/trgovina\/izdelek\/igralna-palica-fa-bi-kompletna-modra-5\/#primaryimage"},"image":{"@id":"https:\/\/igralni-aparati.si\/trgovina\/izdelek\/igralna-palica-fa-bi-kompletna-modra-5\/#primaryimage"},"thumbnailUrl":"https:\/\/igralni-aparati.si\/trgovina\/wp-content\/uploads\/2020\/07\/Igralna-Palica-FA.BI_.-M5-KP.png","datePublished":"2020-07-18T11:43:14+00:00","dateModified":"2025-06-23T16:05:37+00:00","breadcrumb":{"@id":"https:\/\/igralni-aparati.si\/trgovina\/izdelek\/igralna-palica-fa-bi-kompletna-modra-5\/#breadcrumb"},"inLanguage":"sl-SI","potentialAction":[{"@type":"ReadAction","target":["https:\/\/igralni-aparati.si\/trgovina\/izdelek\/igralna-palica-fa-bi-kompletna-modra-5\/"]}]},{"@type":"ImageObject","inLanguage":"sl-SI","@id":"https:\/\/igralni-aparati.si\/trgovina\/izdelek\/igralna-palica-fa-bi-kompletna-modra-5\/#primaryimage","url":"https:\/\/igralni-aparati.si\/trgovina\/wp-content\/uploads\/2020\/07\/Igralna-Palica-FA.BI_.-M5-KP.png","contentUrl":"https:\/\/igralni-aparati.si\/trgovina\/wp-content\/uploads\/2020\/07\/Igralna-Palica-FA.BI_.-M5-KP.png","width":577,"height":433,"caption":"Igralna Palica FABI M5 KP, Namizni Ro\u010dni Nogomet"},{"@type":"BreadcrumbList","@id":"https:\/\/igralni-aparati.si\/trgovina\/izdelek\/igralna-palica-fa-bi-kompletna-modra-5\/#breadcrumb","itemListElement":[{"@type":"ListItem","position":1,"name":"Home","item":"https:\/\/igralni-aparati.si\/trgovina\/"},{"@type":"ListItem","position":2,"name":"Katalog izdelkov","item":"https:\/\/igralni-aparati.si\/trgovina\/"},{"@type":"ListItem","position":3,"name":"IGRALNA PALICA FA.BI. KOMPLETNA &#8211; MODRA 5"}]},{"@type":"WebSite","@id":"https:\/\/igralni-aparati.si\/trgovina\/#website","url":"https:\/\/igralni-aparati.si\/trgovina\/","name":"EUROCLAS &amp; Co. d.o.o.","description":"Za dodatne informacije  pokli\u010dite:\u00a0 041 614 817","publisher":{"@id":"https:\/\/igralni-aparati.si\/trgovina\/#organization"},"potentialAction":[{"@type":"SearchAction","target":{"@type":"EntryPoint","urlTemplate":"https:\/\/igralni-aparati.si\/trgovina\/?s={search_term_string}"},"query-input":{"@type":"PropertyValueSpecification","valueRequired":true,"valueName":"search_term_string"}}],"inLanguage":"sl-SI"},{"@type":"Organization","@id":"https:\/\/igralni-aparati.si\/trgovina\/#organization","name":"EUROCLAS &amp; Co. d.o.o.","url":"https:\/\/igralni-aparati.si\/trgovina\/","logo":{"@type":"ImageObject","inLanguage":"sl-SI","@id":"https:\/\/igralni-aparati.si\/trgovina\/#\/schema\/logo\/image\/","url":"https:\/\/igralni-aparati.si\/trgovina\/wp-content\/uploads\/2020\/05\/LOGO4-2.jpg","contentUrl":"https:\/\/igralni-aparati.si\/trgovina\/wp-content\/uploads\/2020\/05\/LOGO4-2.jpg","width":289,"height":78,"caption":"EUROCLAS &amp; Co. d.o.o."},"image":{"@id":"https:\/\/igralni-aparati.si\/trgovina\/#\/schema\/logo\/image\/"}}]}},"_links":{"self":[{"href":"https:\/\/igralni-aparati.si\/trgovina\/wp-json\/wp\/v2\/product\/1480","targetHints":{"allow":["GET"]}}],"collection":[{"href":"https:\/\/igralni-aparati.si\/trgovina\/wp-json\/wp\/v2\/product"}],"about":[{"href":"https:\/\/igralni-aparati.si\/trgovina\/wp-json\/wp\/v2\/types\/product"}],"replies":[{"embeddable":true,"href":"https:\/\/igralni-aparati.si\/trgovina\/wp-json\/wp\/v2\/comments?post=1480"}],"version-history":[{"count":3,"href":"https:\/\/igralni-aparati.si\/trgovina\/wp-json\/wp\/v2\/product\/1480\/revisions"}],"predecessor-version":[{"id":1631,"href":"https:\/\/igralni-aparati.si\/trgovina\/wp-json\/wp\/v2\/product\/1480\/revisions\/1631"}],"wp:featuredmedia":[{"embeddable":true,"href":"https:\/\/igralni-aparati.si\/trgovina\/wp-json\/wp\/v2\/media\/1458"}],"wp:attachment":[{"href":"https:\/\/igralni-aparati.si\/trgovina\/wp-json\/wp\/v2\/media?parent=1480"}],"wp:term":[{"taxonomy":"product_brand","embeddable":true,"href":"https:\/\/igralni-aparati.si\/trgovina\/wp-json\/wp\/v2\/product_brand?post=1480"},{"taxonomy":"product_cat","embeddable":true,"href":"https:\/\/igralni-aparati.si\/trgovina\/wp-json\/wp\/v2\/product_cat?post=1480"},{"taxonomy":"product_tag","embeddable":true,"href":"https:\/\/igralni-aparati.si\/trgovina\/wp-json\/wp\/v2\/product_tag?post=1480"}],"curies":[{"name":"wp","href":"https:\/\/api.w.org\/{rel}","templated":true}]}}