{"id":150,"date":"2020-05-03T10:35:41","date_gmt":"2020-05-03T10:35:41","guid":{"rendered":"http:\/\/igralni-aparati.si\/trgovina\/?post_type=product&#038;p=150"},"modified":"2025-05-12T06:07:03","modified_gmt":"2025-05-12T06:07:03","slug":"namizni-rocni-nogomet-roberto-sport-summer-za-zunanjo-uporabo","status":"publish","type":"product","link":"https:\/\/igralni-aparati.si\/trgovina\/izdelek\/namizni-rocni-nogomet-roberto-sport-summer-za-zunanjo-uporabo\/","title":{"rendered":"NAMIZNI NOGOMET ROBERTO SPORT SUMMER FREE ZA ZUNANJO UPORABO"},"content":{"rendered":"<p><strong>OPIS NAMIZNEGA &#8211; RO\u010cNI NOGOMET ROBERTO SPORT SUMMER FREE ZA ZUNANJO UPORABO:<\/strong><br \/>\n* Izdelan za uporabo na prostem.<br \/>\n* Izredno mo\u010dne in stabilne konstrukcije za dolgoletno brezskrbno igro.<br \/>\n* Ohi\u0161je iz ve\u010dplastnega vodoodpornega vezanega lesa, ki je dodatno za\u0161\u010diten z laminirano plastiko in oja\u010dano z vogalniki iz aluminija.<br \/>\n* Noge, vogalniki in zgornji robovi iz eloksiranega aluminija. Na stopalih nog je dodatna guma za bolj\u0161i oprijem z podlago.<br \/>\n* Zelena izrisana igralna povr\u0161ina iz kaljenega 5 mm stekla, ki je odporen na vodo, vlago in son\u010dno svetlobo.<br \/>\n<span style=\"color: #0000ff;\">* TELESKOPSKE PROFESIONALNE ule\u017eajene 18 mm igralne palice iz nerjave\u010dega jekla. Vzmeti za bla\u017eenje udarcev, so prav tako iz nerjave\u010dega jekla (najmo\u010dnej\u0161e teleskopske igralne palice na Slovenskem tr\u017ei\u0161\u010du)<\/span><br \/>\n<span style=\"color: #ff0000;\">* Vsi uporabljeni materiali so odporni na kakr\u0161no koli oksidacijo zaradi vlage, sonce ipd.<\/span><br \/>\n* Standardna velikost igralne povr\u0161ine<br \/>\n* Velikost nogometa z ro\u010dkami 134 x 110 cm in vi\u0161ino 90 cm<br \/>\n* Velikost paketa: 138 x 80 x 25 cm<br \/>\n* Igralci neposredno brizgani na igralno palico, v svetlo modri in srebrni barvi.<br \/>\n* svetlo modra barva ohi\u0161ja z kombinacijo eloksiranega aluminija, mu daje eleganten videz.<br \/>\n* \u0161tevec golov in odprtina za pobiranje \u017eogic na obeh straneh nogometa.<br \/>\n<span style=\"color: #0000ff;\">* Narejeno v Italiji.<\/span><br \/>\n* \u017dogice bele v koli\u010din 10 kom. prilo\u017eene.<br \/>\n* posebno olje ali sprej za mazanje igralnih palic: GRATIS<br \/>\n<span style=\"color: #0000ff;\">* Garancija 1 leto.<\/span><br \/>\n* Cena 725,41 \u20ac + DDV<br \/>\n* opcija 1 sestava nogometa za simboli\u010dno ceno 24,59 \u20ac + DDV<br \/>\n* opcija 2 dostava za simboli\u010dno ceno 24,59 \u20ac + DDV<br \/>\n* opcija 3 vodoodporno in proti pra\u0161no pokrivalo za dodatno za\u0161\u010dito nogometa 28,69 \u20ac + DDV<\/p>\n<p><span style=\"color: #ff0000;\">Servis in originalni rezervni deli zagotovljeni. <\/span><span style=\"color: #ff0000;\">Mo\u017enost ogleda in preizkusa.<\/span><br \/>\n<span style=\"color: #ff0000;\">Mo\u017enost menjave. Mo\u017enost strokovne sestave nogometa. Mo\u017enost dostave.<\/span><br \/>\n<span style=\"color: #008000;\">Lahko se odlo\u010dite za nakup ali kratkoro\u010dni oziroma dolgoro\u010dni najem. Kot na primer za piknik, rojstno dnevne zabave, team buildingi ali po starem sindikalna zabava, dru\u017einska sre\u010dana in druge prireditve ipd. Nogomet vam lahko dostavimo mi ali ga prevzamete sami na sede\u017eu na\u0161ega podjetja.<\/span><\/p>\n<p>Na\u0161e ime vam zagotavlja prodajo kakovostnih igralnih aparatov in storitev, ter korekten poslovni odnos, kar potrjujejo tudi na\u0161e \u0161tevilne zadovoljne stranke.<\/p>\n","protected":false},"excerpt":{"rendered":"<p><strong>Nogomet priznanega ITALIJANSKEGA PROIZVAJALCA ROBERTO SPORT, model SUMMER FREE ZA ZUNANJO UPORABO<\/strong>, je izdelani prav za zunanjo uporabo in je identi\u010den gostilni\u0161kemu modelu, le da nima vgrajene \u017eetonjere za kovance ali \u017eetone. Namenjen za profesionalno in doma\u010do uporabo. <strong>Vsi materiali so odporni na kakr\u0161no koli oksidacijo, vlago in sonce.<\/strong> Odlikuje ga dovr\u0161ena izdelava, izredno mo\u010dna konstrukcija, kvalitetni materiali, <span style=\"color: #0000ff;\">zelo kvalitetne profesionalne 18 mm TELESKOPSKE\u00a0igralne palice iz nerjave\u010dega jekla,<\/span> dolga \u017eivljenjska doba in brezskrbna igra za vse generacije.<\/p>\n<p><span style=\"color: #ff0000;\">Servis in originalni rezervni deli zagotovljeni. Garancija 1 leto.<\/span><br \/>\n<span style=\"color: #ff0000;\">Mo\u017enost ogleda in preizkusa. Mo\u017enost menjave. Mo\u017enost strokovne sestave nogometa. Mo\u017enost dostave.\u00a0<\/span><\/p>\n","protected":false},"featured_media":1251,"comment_status":"open","ping_status":"closed","template":"","meta":{"site-sidebar-layout":"no-sidebar","site-content-layout":"content-boxed-container","ast-site-content-layout":"default","site-content-style":"default","site-sidebar-style":"default","ast-global-header-display":"","ast-banner-title-visibility":"","ast-main-header-display":"","ast-hfb-above-header-display":"","ast-hfb-below-header-display":"","ast-hfb-mobile-header-display":"","site-post-title":"","ast-breadcrumbs-content":"","ast-featured-img":"","footer-sml-layout":"","theme-transparent-header-meta":"default","adv-header-id-meta":"","stick-header-meta":"","header-above-stick-meta":"","header-main-stick-meta":"","header-below-stick-meta":"","astra-migrate-meta-layouts":"default","ast-page-background-enabled":"default","ast-page-background-meta":{"desktop":{"background-color":"","background-image":"","background-repeat":"repeat","background-position":"center center","background-size":"auto","background-attachment":"scroll","background-type":"","background-media":"","overlay-type":"","overlay-color":"","overlay-opacity":"","overlay-gradient":""},"tablet":{"background-color":"","background-image":"","background-repeat":"repeat","background-position":"center center","background-size":"auto","background-attachment":"scroll","background-type":"","background-media":"","overlay-type":"","overlay-color":"","overlay-opacity":"","overlay-gradient":""},"mobile":{"background-color":"","background-image":"","background-repeat":"repeat","background-position":"center center","background-size":"auto","background-attachment":"scroll","background-type":"","background-media":"","overlay-type":"","overlay-color":"","overlay-opacity":"","overlay-gradient":""}},"ast-content-background-meta":{"desktop":{"background-color":"var(--ast-global-color-5)","background-image":"","background-repeat":"repeat","background-position":"center center","background-size":"auto","background-attachment":"scroll","background-type":"","background-media":"","overlay-type":"","overlay-color":"","overlay-opacity":"","overlay-gradient":""},"tablet":{"background-color":"var(--ast-global-color-5)","background-image":"","background-repeat":"repeat","background-position":"center center","background-size":"auto","background-attachment":"scroll","background-type":"","background-media":"","overlay-type":"","overlay-color":"","overlay-opacity":"","overlay-gradient":""},"mobile":{"background-color":"var(--ast-global-color-5)","background-image":"","background-repeat":"repeat","background-position":"center center","background-size":"auto","background-attachment":"scroll","background-type":"","background-media":"","overlay-type":"","overlay-color":"","overlay-opacity":"","overlay-gradient":""}}},"product_brand":[],"product_cat":[16,24,46],"product_tag":[64,25,40,26],"class_list":{"0":"post-150","1":"product","2":"type-product","3":"status-publish","4":"has-post-thumbnail","6":"product_cat-namizni-rocni-nogomet","7":"product_cat-namizni-nogomet-free-play","8":"product_cat-namizni-nogometi-roberto-sport-free","9":"product_tag-modra-barva","10":"product_tag-roberto-sport","11":"product_tag-summer","12":"product_tag-zunanja-uporaba","13":"desktop-align-left","14":"tablet-align-left","15":"mobile-align-left","17":"first","18":"instock","19":"taxable","20":"shipping-taxable","21":"purchasable","22":"product-type-variable"},"yoast_head":"<!-- This site is optimized with the Yoast SEO plugin v25.8 - https:\/\/yoast.com\/wordpress\/plugins\/seo\/ -->\n<title>NAMIZNI NOGOMET ROBERTO SPORT SUMMER FREE ZA ZUNANJO UPORABO - EUROCLAS &amp; Co. d.o.o.<\/title>\n<meta name=\"robots\" content=\"index, follow, max-snippet:-1, max-image-preview:large, max-video-preview:-1\" \/>\n<link rel=\"canonical\" href=\"https:\/\/igralni-aparati.si\/trgovina\/izdelek\/namizni-rocni-nogomet-roberto-sport-summer-za-zunanjo-uporabo\/\" \/>\n<meta property=\"og:locale\" content=\"sl_SI\" \/>\n<meta property=\"og:type\" content=\"article\" \/>\n<meta property=\"og:title\" content=\"NAMIZNI NOGOMET ROBERTO SPORT SUMMER FREE ZA ZUNANJO UPORABO - EUROCLAS &amp; Co. d.o.o.\" \/>\n<meta property=\"og:description\" content=\"Nogomet priznanega ITALIJANSKEGA PROIZVAJALCA ROBERTO SPORT, model SUMMER FREE ZA ZUNANJO UPORABO, je izdelani prav za zunanjo uporabo in je identi\u010den gostilni\u0161kemu modelu, le da nima vgrajene \u017eetonjere za kovance ali \u017eetone. Namenjen za profesionalno in doma\u010do uporabo. Vsi materiali so odporni na kakr\u0161no koli oksidacijo, vlago in sonce. Odlikuje ga dovr\u0161ena izdelava, izredno mo\u010dna konstrukcija, kvalitetni materiali, zelo kvalitetne profesionalne 18 mm TELESKOPSKE\u00a0igralne palice iz nerjave\u010dega jekla, dolga \u017eivljenjska doba in brezskrbna igra za vse generacije.  Servis in originalni rezervni deli zagotovljeni. Garancija 1 leto. Mo\u017enost ogleda in preizkusa. Mo\u017enost menjave. Mo\u017enost strokovne sestave nogometa. Mo\u017enost dostave.\u00a0\" \/>\n<meta property=\"og:url\" content=\"https:\/\/igralni-aparati.si\/trgovina\/izdelek\/namizni-rocni-nogomet-roberto-sport-summer-za-zunanjo-uporabo\/\" \/>\n<meta property=\"og:site_name\" content=\"EUROCLAS &amp; Co. d.o.o.\" \/>\n<meta property=\"article:modified_time\" content=\"2025-05-12T06:07:03+00:00\" \/>\n<meta property=\"og:image\" content=\"https:\/\/igralni-aparati.si\/trgovina\/wp-content\/uploads\/2020\/05\/Nogomet-Roberto-Sport-Summer-bo-1.png\" \/>\n\t<meta property=\"og:image:width\" content=\"500\" \/>\n\t<meta property=\"og:image:height\" content=\"500\" \/>\n\t<meta property=\"og:image:type\" content=\"image\/png\" \/>\n<meta name=\"twitter:card\" content=\"summary_large_image\" \/>\n<meta name=\"twitter:label1\" content=\"Est. reading time\" \/>\n\t<meta name=\"twitter:data1\" content=\"2 minuti\" \/>\n<script type=\"application\/ld+json\" class=\"yoast-schema-graph\">{\"@context\":\"https:\/\/schema.org\",\"@graph\":[{\"@type\":\"WebPage\",\"@id\":\"https:\/\/igralni-aparati.si\/trgovina\/izdelek\/namizni-rocni-nogomet-roberto-sport-summer-za-zunanjo-uporabo\/\",\"url\":\"https:\/\/igralni-aparati.si\/trgovina\/izdelek\/namizni-rocni-nogomet-roberto-sport-summer-za-zunanjo-uporabo\/\",\"name\":\"NAMIZNI NOGOMET ROBERTO SPORT SUMMER FREE ZA ZUNANJO UPORABO - EUROCLAS &amp; Co. d.o.o.\",\"isPartOf\":{\"@id\":\"https:\/\/igralni-aparati.si\/trgovina\/#website\"},\"primaryImageOfPage\":{\"@id\":\"https:\/\/igralni-aparati.si\/trgovina\/izdelek\/namizni-rocni-nogomet-roberto-sport-summer-za-zunanjo-uporabo\/#primaryimage\"},\"image\":{\"@id\":\"https:\/\/igralni-aparati.si\/trgovina\/izdelek\/namizni-rocni-nogomet-roberto-sport-summer-za-zunanjo-uporabo\/#primaryimage\"},\"thumbnailUrl\":\"https:\/\/igralni-aparati.si\/trgovina\/wp-content\/uploads\/2020\/05\/Nogomet-Roberto-Sport-Summer-bo-1.png\",\"datePublished\":\"2020-05-03T10:35:41+00:00\",\"dateModified\":\"2025-05-12T06:07:03+00:00\",\"breadcrumb\":{\"@id\":\"https:\/\/igralni-aparati.si\/trgovina\/izdelek\/namizni-rocni-nogomet-roberto-sport-summer-za-zunanjo-uporabo\/#breadcrumb\"},\"inLanguage\":\"sl-SI\",\"potentialAction\":[{\"@type\":\"ReadAction\",\"target\":[\"https:\/\/igralni-aparati.si\/trgovina\/izdelek\/namizni-rocni-nogomet-roberto-sport-summer-za-zunanjo-uporabo\/\"]}]},{\"@type\":\"ImageObject\",\"inLanguage\":\"sl-SI\",\"@id\":\"https:\/\/igralni-aparati.si\/trgovina\/izdelek\/namizni-rocni-nogomet-roberto-sport-summer-za-zunanjo-uporabo\/#primaryimage\",\"url\":\"https:\/\/igralni-aparati.si\/trgovina\/wp-content\/uploads\/2020\/05\/Nogomet-Roberto-Sport-Summer-bo-1.png\",\"contentUrl\":\"https:\/\/igralni-aparati.si\/trgovina\/wp-content\/uploads\/2020\/05\/Nogomet-Roberto-Sport-Summer-bo-1.png\",\"width\":500,\"height\":500,\"caption\":\"Euroclas &amp; Co. d.o.o., Igralni Aparati Avtomati, Roberto, Sport, Namizni Ro\u010dni Nogomet, Summer Free Family, Rezervni deli za namizni nogomet, Prodaja, Najem, Izposoja, Servis, Deli, Rezervni deli za namizni nogomet, igralne palice za ro\u010dni namizni nogomet\"},{\"@type\":\"BreadcrumbList\",\"@id\":\"https:\/\/igralni-aparati.si\/trgovina\/izdelek\/namizni-rocni-nogomet-roberto-sport-summer-za-zunanjo-uporabo\/#breadcrumb\",\"itemListElement\":[{\"@type\":\"ListItem\",\"position\":1,\"name\":\"Home\",\"item\":\"https:\/\/igralni-aparati.si\/trgovina\/\"},{\"@type\":\"ListItem\",\"position\":2,\"name\":\"Katalog izdelkov\",\"item\":\"https:\/\/igralni-aparati.si\/trgovina\/\"},{\"@type\":\"ListItem\",\"position\":3,\"name\":\"NAMIZNI NOGOMET ROBERTO SPORT SUMMER FREE ZA ZUNANJO UPORABO\"}]},{\"@type\":\"WebSite\",\"@id\":\"https:\/\/igralni-aparati.si\/trgovina\/#website\",\"url\":\"https:\/\/igralni-aparati.si\/trgovina\/\",\"name\":\"EUROCLAS &amp; Co. d.o.o.\",\"description\":\"Za dodatne informacije  pokli\u010dite:\u00a0 041 614 817\",\"publisher\":{\"@id\":\"https:\/\/igralni-aparati.si\/trgovina\/#organization\"},\"potentialAction\":[{\"@type\":\"SearchAction\",\"target\":{\"@type\":\"EntryPoint\",\"urlTemplate\":\"https:\/\/igralni-aparati.si\/trgovina\/?s={search_term_string}\"},\"query-input\":{\"@type\":\"PropertyValueSpecification\",\"valueRequired\":true,\"valueName\":\"search_term_string\"}}],\"inLanguage\":\"sl-SI\"},{\"@type\":\"Organization\",\"@id\":\"https:\/\/igralni-aparati.si\/trgovina\/#organization\",\"name\":\"EUROCLAS &amp; Co. d.o.o.\",\"url\":\"https:\/\/igralni-aparati.si\/trgovina\/\",\"logo\":{\"@type\":\"ImageObject\",\"inLanguage\":\"sl-SI\",\"@id\":\"https:\/\/igralni-aparati.si\/trgovina\/#\/schema\/logo\/image\/\",\"url\":\"https:\/\/igralni-aparati.si\/trgovina\/wp-content\/uploads\/2020\/05\/LOGO4-2.jpg\",\"contentUrl\":\"https:\/\/igralni-aparati.si\/trgovina\/wp-content\/uploads\/2020\/05\/LOGO4-2.jpg\",\"width\":289,\"height\":78,\"caption\":\"EUROCLAS &amp; Co. d.o.o.\"},\"image\":{\"@id\":\"https:\/\/igralni-aparati.si\/trgovina\/#\/schema\/logo\/image\/\"}}]}<\/script>\n<!-- \/ Yoast SEO plugin. -->","yoast_head_json":{"title":"NAMIZNI NOGOMET ROBERTO SPORT SUMMER FREE ZA ZUNANJO UPORABO - EUROCLAS &amp; Co. d.o.o.","robots":{"index":"index","follow":"follow","max-snippet":"max-snippet:-1","max-image-preview":"max-image-preview:large","max-video-preview":"max-video-preview:-1"},"canonical":"https:\/\/igralni-aparati.si\/trgovina\/izdelek\/namizni-rocni-nogomet-roberto-sport-summer-za-zunanjo-uporabo\/","og_locale":"sl_SI","og_type":"article","og_title":"NAMIZNI NOGOMET ROBERTO SPORT SUMMER FREE ZA ZUNANJO UPORABO - EUROCLAS &amp; Co. d.o.o.","og_description":"Nogomet priznanega ITALIJANSKEGA PROIZVAJALCA ROBERTO SPORT, model SUMMER FREE ZA ZUNANJO UPORABO, je izdelani prav za zunanjo uporabo in je identi\u010den gostilni\u0161kemu modelu, le da nima vgrajene \u017eetonjere za kovance ali \u017eetone. Namenjen za profesionalno in doma\u010do uporabo. Vsi materiali so odporni na kakr\u0161no koli oksidacijo, vlago in sonce. Odlikuje ga dovr\u0161ena izdelava, izredno mo\u010dna konstrukcija, kvalitetni materiali, zelo kvalitetne profesionalne 18 mm TELESKOPSKE\u00a0igralne palice iz nerjave\u010dega jekla, dolga \u017eivljenjska doba in brezskrbna igra za vse generacije.  Servis in originalni rezervni deli zagotovljeni. Garancija 1 leto. Mo\u017enost ogleda in preizkusa. Mo\u017enost menjave. Mo\u017enost strokovne sestave nogometa. Mo\u017enost dostave.\u00a0","og_url":"https:\/\/igralni-aparati.si\/trgovina\/izdelek\/namizni-rocni-nogomet-roberto-sport-summer-za-zunanjo-uporabo\/","og_site_name":"EUROCLAS &amp; Co. d.o.o.","article_modified_time":"2025-05-12T06:07:03+00:00","og_image":[{"width":500,"height":500,"url":"https:\/\/igralni-aparati.si\/trgovina\/wp-content\/uploads\/2020\/05\/Nogomet-Roberto-Sport-Summer-bo-1.png","type":"image\/png"}],"twitter_card":"summary_large_image","twitter_misc":{"Est. reading time":"2 minuti"},"schema":{"@context":"https:\/\/schema.org","@graph":[{"@type":"WebPage","@id":"https:\/\/igralni-aparati.si\/trgovina\/izdelek\/namizni-rocni-nogomet-roberto-sport-summer-za-zunanjo-uporabo\/","url":"https:\/\/igralni-aparati.si\/trgovina\/izdelek\/namizni-rocni-nogomet-roberto-sport-summer-za-zunanjo-uporabo\/","name":"NAMIZNI NOGOMET ROBERTO SPORT SUMMER FREE ZA ZUNANJO UPORABO - EUROCLAS &amp; Co. d.o.o.","isPartOf":{"@id":"https:\/\/igralni-aparati.si\/trgovina\/#website"},"primaryImageOfPage":{"@id":"https:\/\/igralni-aparati.si\/trgovina\/izdelek\/namizni-rocni-nogomet-roberto-sport-summer-za-zunanjo-uporabo\/#primaryimage"},"image":{"@id":"https:\/\/igralni-aparati.si\/trgovina\/izdelek\/namizni-rocni-nogomet-roberto-sport-summer-za-zunanjo-uporabo\/#primaryimage"},"thumbnailUrl":"https:\/\/igralni-aparati.si\/trgovina\/wp-content\/uploads\/2020\/05\/Nogomet-Roberto-Sport-Summer-bo-1.png","datePublished":"2020-05-03T10:35:41+00:00","dateModified":"2025-05-12T06:07:03+00:00","breadcrumb":{"@id":"https:\/\/igralni-aparati.si\/trgovina\/izdelek\/namizni-rocni-nogomet-roberto-sport-summer-za-zunanjo-uporabo\/#breadcrumb"},"inLanguage":"sl-SI","potentialAction":[{"@type":"ReadAction","target":["https:\/\/igralni-aparati.si\/trgovina\/izdelek\/namizni-rocni-nogomet-roberto-sport-summer-za-zunanjo-uporabo\/"]}]},{"@type":"ImageObject","inLanguage":"sl-SI","@id":"https:\/\/igralni-aparati.si\/trgovina\/izdelek\/namizni-rocni-nogomet-roberto-sport-summer-za-zunanjo-uporabo\/#primaryimage","url":"https:\/\/igralni-aparati.si\/trgovina\/wp-content\/uploads\/2020\/05\/Nogomet-Roberto-Sport-Summer-bo-1.png","contentUrl":"https:\/\/igralni-aparati.si\/trgovina\/wp-content\/uploads\/2020\/05\/Nogomet-Roberto-Sport-Summer-bo-1.png","width":500,"height":500,"caption":"Euroclas &amp; Co. d.o.o., Igralni Aparati Avtomati, Roberto, Sport, Namizni Ro\u010dni Nogomet, Summer Free Family, Rezervni deli za namizni nogomet, Prodaja, Najem, Izposoja, Servis, Deli, Rezervni deli za namizni nogomet, igralne palice za ro\u010dni namizni nogomet"},{"@type":"BreadcrumbList","@id":"https:\/\/igralni-aparati.si\/trgovina\/izdelek\/namizni-rocni-nogomet-roberto-sport-summer-za-zunanjo-uporabo\/#breadcrumb","itemListElement":[{"@type":"ListItem","position":1,"name":"Home","item":"https:\/\/igralni-aparati.si\/trgovina\/"},{"@type":"ListItem","position":2,"name":"Katalog izdelkov","item":"https:\/\/igralni-aparati.si\/trgovina\/"},{"@type":"ListItem","position":3,"name":"NAMIZNI NOGOMET ROBERTO SPORT SUMMER FREE ZA ZUNANJO UPORABO"}]},{"@type":"WebSite","@id":"https:\/\/igralni-aparati.si\/trgovina\/#website","url":"https:\/\/igralni-aparati.si\/trgovina\/","name":"EUROCLAS &amp; Co. d.o.o.","description":"Za dodatne informacije  pokli\u010dite:\u00a0 041 614 817","publisher":{"@id":"https:\/\/igralni-aparati.si\/trgovina\/#organization"},"potentialAction":[{"@type":"SearchAction","target":{"@type":"EntryPoint","urlTemplate":"https:\/\/igralni-aparati.si\/trgovina\/?s={search_term_string}"},"query-input":{"@type":"PropertyValueSpecification","valueRequired":true,"valueName":"search_term_string"}}],"inLanguage":"sl-SI"},{"@type":"Organization","@id":"https:\/\/igralni-aparati.si\/trgovina\/#organization","name":"EUROCLAS &amp; Co. d.o.o.","url":"https:\/\/igralni-aparati.si\/trgovina\/","logo":{"@type":"ImageObject","inLanguage":"sl-SI","@id":"https:\/\/igralni-aparati.si\/trgovina\/#\/schema\/logo\/image\/","url":"https:\/\/igralni-aparati.si\/trgovina\/wp-content\/uploads\/2020\/05\/LOGO4-2.jpg","contentUrl":"https:\/\/igralni-aparati.si\/trgovina\/wp-content\/uploads\/2020\/05\/LOGO4-2.jpg","width":289,"height":78,"caption":"EUROCLAS &amp; Co. d.o.o."},"image":{"@id":"https:\/\/igralni-aparati.si\/trgovina\/#\/schema\/logo\/image\/"}}]}},"_links":{"self":[{"href":"https:\/\/igralni-aparati.si\/trgovina\/wp-json\/wp\/v2\/product\/150","targetHints":{"allow":["GET"]}}],"collection":[{"href":"https:\/\/igralni-aparati.si\/trgovina\/wp-json\/wp\/v2\/product"}],"about":[{"href":"https:\/\/igralni-aparati.si\/trgovina\/wp-json\/wp\/v2\/types\/product"}],"replies":[{"embeddable":true,"href":"https:\/\/igralni-aparati.si\/trgovina\/wp-json\/wp\/v2\/comments?post=150"}],"version-history":[{"count":26,"href":"https:\/\/igralni-aparati.si\/trgovina\/wp-json\/wp\/v2\/product\/150\/revisions"}],"predecessor-version":[{"id":6600,"href":"https:\/\/igralni-aparati.si\/trgovina\/wp-json\/wp\/v2\/product\/150\/revisions\/6600"}],"wp:featuredmedia":[{"embeddable":true,"href":"https:\/\/igralni-aparati.si\/trgovina\/wp-json\/wp\/v2\/media\/1251"}],"wp:attachment":[{"href":"https:\/\/igralni-aparati.si\/trgovina\/wp-json\/wp\/v2\/media?parent=150"}],"wp:term":[{"taxonomy":"product_brand","embeddable":true,"href":"https:\/\/igralni-aparati.si\/trgovina\/wp-json\/wp\/v2\/product_brand?post=150"},{"taxonomy":"product_cat","embeddable":true,"href":"https:\/\/igralni-aparati.si\/trgovina\/wp-json\/wp\/v2\/product_cat?post=150"},{"taxonomy":"product_tag","embeddable":true,"href":"https:\/\/igralni-aparati.si\/trgovina\/wp-json\/wp\/v2\/product_tag?post=150"}],"curies":[{"name":"wp","href":"https:\/\/api.w.org\/{rel}","templated":true}]}}