{"id":1666,"date":"2020-07-28T19:19:59","date_gmt":"2020-07-28T19:19:59","guid":{"rendered":"https:\/\/igralni-aparati.si\/trgovina\/?post_type=product&#038;p=1666"},"modified":"2025-01-07T07:16:26","modified_gmt":"2025-01-07T07:16:26","slug":"kotna-bela-plastika-na-igralni-povrsini-fabi-turnir-komplet-set","status":"publish","type":"product","link":"https:\/\/igralni-aparati.si\/trgovina\/izdelek\/kotna-bela-plastika-na-igralni-povrsini-fabi-turnir-komplet-set\/","title":{"rendered":"Kotna bela plastika na igralni povr\u0161ini FABI Turnir &#8211; Komplet set"},"content":{"rendered":"<p><strong>Kotna bela plastika na igralni povr\u0161ini FABI Turnir &#8211; Komplet set<\/strong><\/p>\n<p>Kotna bela plastika na igralni povr\u0161ini FABI Turnir &#8211; Komplet set, se sestoji iz osmih delov in sicer iz dveh levih kotnikov, dveh desnih kotnikov in\u00a0 \u0161tirih ravnih delov. Primerna za namizni nogomet FA.BI. Turnir Professional, kar pomeni ozek in nizek profil bele plastike. Enostavna za zamenjava. Uporabljajte le original rezervne dele FA.BI, da bo va\u0161 nogomet \u0161e dolgo odli\u010dno slu\u017eil svojemu namenu. OPZORILO: V primeru, da imate sedaj klasi\u010dne visoke in \u0161iroke kotnike, nizki in ozki kotniki v izvedbi Turnir, ne bodo kompatibilni, saj j v primeru Turnir izvedbe nogometa, steklena igralna povr\u0161ina ve\u010dja.<\/p>\n<p><span style=\"color: #008000;\">Vabimo vas, da obi\u0161\u010dete na\u0161 razstavni salon, kjer si lahko vse rezervne dele za ro\u010dni &#8211; namizni nogomet ogledate tudi v \u017eivo. Razpolagamo z vsemi rezervnimi deli in servisom za namizne nogomete, ki so del na\u0161ega prodajnega programa. Nahajamo se 15 minut od Ljubljanske obvoznice.<\/span><\/p>\n<p><span style=\"color: #ff0000;\">IGRALNI APARATI &#8211; Prodaja &#8211; Najem &#8211; Servis &#8211; Rezervni deli &#8211; Izposoja<\/span><\/p>\n<p>Na\u0161e podjetje EUROCLAS &amp; Co. d.o.o., vam zagotavlja prodajo kakovostnih igralnih aparatov, rezervnih delov in storitev, ter korekten poslovni odnos, kar potrjujejo tudi na\u0161e \u0161tevilne zadovoljne stranke. Prepri\u010dajte se tudi sami in postanite tudi vi, eden izmed na\u0161ih zadovoljnih kupcev.<\/p>\n<p><a href=\"https:\/\/igralni-aparati.si\/trgovina\/reference\/\" target=\"_blank\" rel=\"noopener\">Povezava do na\u0161ih bogatih referenc &gt;&gt;<\/a><\/p>\n<p><a href=\"https:\/\/igralni-aparati.si\/trgovina\/zadovoljne_stranke\/\" target=\"_blank\" rel=\"noopener\">Povezava do izjav, na\u0161ih zadovoljnih strank &gt;&gt;<\/a><\/p>\n<p><a href=\"https:\/\/www.youtube.com\/channel\/UCMsDOO8aBg5MgXXMnONEBJg\" target=\"_blank\" rel=\"noopener\">Na\u0161 YouTube kanal Igralni Aparati &gt;&gt;<\/a><\/p>\n","protected":false},"excerpt":{"rendered":"<p><strong>Kotna bela plastika na igralni povr\u0161ini FABI Turnir &#8211; Komplet set<\/strong><\/p>\n<ul>\n<li>izdelana iz kakovostne plastike<\/li>\n<li>turnir izvedbe, kar pomeni ozek in nizek profil<\/li>\n<li>komplet set se sestoji iz dveh levih, dveh desnih in \u0161tirih ravnih delov<\/li>\n<li>cena velja za komplet set<\/li>\n<\/ul>\n<p><span style=\"color: #0000ff;\"><span style=\"color: #ff0000;\">Originalni rezervni deli.<\/span><\/span><\/p>\n<p><span style=\"color: #0000ff;\">Pri nas dobite vse rezervne dele za namizni &#8211; ro\u010dni nogomet priznanega Italijanskega proizvajalca FA.BI.<\/span><\/p>\n<p><strong>Za vsa dodatna vpra\u0161anja in pojasnila, smo vam na voljo vsak dan med 8h in 20h.<\/strong><\/p>\n<p><span style=\"color: #008000;\">Vabimo vas, da obi\u0161\u010dete na\u0161 razstavni salon, kjer si lahko vse rezervne dele za ro\u010dni &#8211; namizni nogomet ogledate tudi v \u017eivo. Razpolagamo z vsemi rezervnimi deli in servisom za namizne nogomete, ki so del na\u0161ega prodajnega programa. Nahajamo se 15 minut od Ljubljanske obvoznice.<\/span><\/p>\n","protected":false},"featured_media":1667,"comment_status":"open","ping_status":"closed","template":"","meta":{"site-sidebar-layout":"default","site-content-layout":"default","ast-site-content-layout":"default","site-content-style":"default","site-sidebar-style":"default","ast-global-header-display":"","ast-banner-title-visibility":"","ast-main-header-display":"","ast-hfb-above-header-display":"","ast-hfb-below-header-display":"","ast-hfb-mobile-header-display":"","site-post-title":"","ast-breadcrumbs-content":"","ast-featured-img":"","footer-sml-layout":"","theme-transparent-header-meta":"default","adv-header-id-meta":"","stick-header-meta":"","header-above-stick-meta":"","header-main-stick-meta":"","header-below-stick-meta":"","astra-migrate-meta-layouts":"default","ast-page-background-enabled":"default","ast-page-background-meta":{"desktop":{"background-color":"","background-image":"","background-repeat":"repeat","background-position":"center center","background-size":"auto","background-attachment":"scroll","background-type":"","background-media":"","overlay-type":"","overlay-color":"","overlay-opacity":"","overlay-gradient":""},"tablet":{"background-color":"","background-image":"","background-repeat":"repeat","background-position":"center center","background-size":"auto","background-attachment":"scroll","background-type":"","background-media":"","overlay-type":"","overlay-color":"","overlay-opacity":"","overlay-gradient":""},"mobile":{"background-color":"","background-image":"","background-repeat":"repeat","background-position":"center center","background-size":"auto","background-attachment":"scroll","background-type":"","background-media":"","overlay-type":"","overlay-color":"","overlay-opacity":"","overlay-gradient":""}},"ast-content-background-meta":{"desktop":{"background-color":"var(--ast-global-color-5)","background-image":"","background-repeat":"repeat","background-position":"center center","background-size":"auto","background-attachment":"scroll","background-type":"","background-media":"","overlay-type":"","overlay-color":"","overlay-opacity":"","overlay-gradient":""},"tablet":{"background-color":"var(--ast-global-color-5)","background-image":"","background-repeat":"repeat","background-position":"center center","background-size":"auto","background-attachment":"scroll","background-type":"","background-media":"","overlay-type":"","overlay-color":"","overlay-opacity":"","overlay-gradient":""},"mobile":{"background-color":"var(--ast-global-color-5)","background-image":"","background-repeat":"repeat","background-position":"center center","background-size":"auto","background-attachment":"scroll","background-type":"","background-media":"","overlay-type":"","overlay-color":"","overlay-opacity":"","overlay-gradient":""}}},"product_brand":[],"product_cat":[23,52,27,55],"product_tag":[21],"class_list":{"0":"post-1666","1":"product","2":"type-product","3":"status-publish","4":"has-post-thumbnail","6":"product_cat-namizni-nogomet-rezervni-deli","7":"product_cat-rezervni-deli-fabi-namizni-nogomet-rocni-nogomet","8":"product_cat-rezervni-deli-in-oprema","9":"product_cat-rezervni-deli-fabi-namizni-nogomet-rocni-nogomet-namizni-rocni-nogomet-rezervni-deli","10":"product_tag-fa-bi","11":"desktop-align-left","12":"tablet-align-left","13":"mobile-align-left","15":"first","16":"instock","17":"taxable","18":"shipping-taxable","19":"purchasable","20":"product-type-simple"},"yoast_head":"<!-- This site is optimized with the Yoast SEO plugin v25.8 - https:\/\/yoast.com\/wordpress\/plugins\/seo\/ -->\n<title>Kotna bela plastika na igralni povr\u0161ini FABI Turnir - Komplet set - EUROCLAS &amp; Co. d.o.o.<\/title>\n<meta name=\"description\" content=\"Vsi rezervni deli za ro\u010dni - namizni nogomet FABI Originalni deli, po ugodnih cenah. Kotna bela plastika na igralni povr\u0161ini FABI Turnir - Komplet set.\" \/>\n<meta name=\"robots\" content=\"index, follow, max-snippet:-1, max-image-preview:large, max-video-preview:-1\" \/>\n<link rel=\"canonical\" href=\"https:\/\/igralni-aparati.si\/trgovina\/izdelek\/kotna-bela-plastika-na-igralni-povrsini-fabi-turnir-komplet-set\/\" \/>\n<meta property=\"og:locale\" content=\"sl_SI\" \/>\n<meta property=\"og:type\" content=\"article\" \/>\n<meta property=\"og:title\" content=\"Kotna bela plastika na igralni povr\u0161ini FABI Turnir - Komplet set - EUROCLAS &amp; Co. d.o.o.\" \/>\n<meta property=\"og:description\" content=\"Vsi rezervni deli za ro\u010dni - namizni nogomet FABI Originalni deli, po ugodnih cenah. Kotna bela plastika na igralni povr\u0161ini FABI Turnir - Komplet set.\" \/>\n<meta property=\"og:url\" content=\"https:\/\/igralni-aparati.si\/trgovina\/izdelek\/kotna-bela-plastika-na-igralni-povrsini-fabi-turnir-komplet-set\/\" \/>\n<meta property=\"og:site_name\" content=\"EUROCLAS &amp; Co. d.o.o.\" \/>\n<meta property=\"article:modified_time\" content=\"2025-01-07T07:16:26+00:00\" \/>\n<meta property=\"og:image\" content=\"https:\/\/igralni-aparati.si\/trgovina\/wp-content\/uploads\/2020\/07\/serie-fermav-gara.jpg\" \/>\n\t<meta property=\"og:image:width\" content=\"500\" \/>\n\t<meta property=\"og:image:height\" content=\"500\" \/>\n\t<meta property=\"og:image:type\" content=\"image\/jpeg\" \/>\n<meta name=\"twitter:card\" content=\"summary_large_image\" \/>\n<meta name=\"twitter:label1\" content=\"Est. reading time\" \/>\n\t<meta name=\"twitter:data1\" content=\"2 minuti\" \/>\n<script type=\"application\/ld+json\" class=\"yoast-schema-graph\">{\"@context\":\"https:\/\/schema.org\",\"@graph\":[{\"@type\":\"WebPage\",\"@id\":\"https:\/\/igralni-aparati.si\/trgovina\/izdelek\/kotna-bela-plastika-na-igralni-povrsini-fabi-turnir-komplet-set\/\",\"url\":\"https:\/\/igralni-aparati.si\/trgovina\/izdelek\/kotna-bela-plastika-na-igralni-povrsini-fabi-turnir-komplet-set\/\",\"name\":\"Kotna bela plastika na igralni povr\u0161ini FABI Turnir - Komplet set - EUROCLAS &amp; Co. d.o.o.\",\"isPartOf\":{\"@id\":\"https:\/\/igralni-aparati.si\/trgovina\/#website\"},\"primaryImageOfPage\":{\"@id\":\"https:\/\/igralni-aparati.si\/trgovina\/izdelek\/kotna-bela-plastika-na-igralni-povrsini-fabi-turnir-komplet-set\/#primaryimage\"},\"image\":{\"@id\":\"https:\/\/igralni-aparati.si\/trgovina\/izdelek\/kotna-bela-plastika-na-igralni-povrsini-fabi-turnir-komplet-set\/#primaryimage\"},\"thumbnailUrl\":\"https:\/\/igralni-aparati.si\/trgovina\/wp-content\/uploads\/2020\/07\/serie-fermav-gara.jpg\",\"datePublished\":\"2020-07-28T19:19:59+00:00\",\"dateModified\":\"2025-01-07T07:16:26+00:00\",\"description\":\"Vsi rezervni deli za ro\u010dni - namizni nogomet FABI Originalni deli, po ugodnih cenah. Kotna bela plastika na igralni povr\u0161ini FABI Turnir - Komplet set.\",\"breadcrumb\":{\"@id\":\"https:\/\/igralni-aparati.si\/trgovina\/izdelek\/kotna-bela-plastika-na-igralni-povrsini-fabi-turnir-komplet-set\/#breadcrumb\"},\"inLanguage\":\"sl-SI\",\"potentialAction\":[{\"@type\":\"ReadAction\",\"target\":[\"https:\/\/igralni-aparati.si\/trgovina\/izdelek\/kotna-bela-plastika-na-igralni-povrsini-fabi-turnir-komplet-set\/\"]}]},{\"@type\":\"ImageObject\",\"inLanguage\":\"sl-SI\",\"@id\":\"https:\/\/igralni-aparati.si\/trgovina\/izdelek\/kotna-bela-plastika-na-igralni-povrsini-fabi-turnir-komplet-set\/#primaryimage\",\"url\":\"https:\/\/igralni-aparati.si\/trgovina\/wp-content\/uploads\/2020\/07\/serie-fermav-gara.jpg\",\"contentUrl\":\"https:\/\/igralni-aparati.si\/trgovina\/wp-content\/uploads\/2020\/07\/serie-fermav-gara.jpg\",\"width\":500,\"height\":500,\"caption\":\"Kotna bela plastika na igralni povr\u0161ini FA.BI. Turnir - Komplet set\"},{\"@type\":\"BreadcrumbList\",\"@id\":\"https:\/\/igralni-aparati.si\/trgovina\/izdelek\/kotna-bela-plastika-na-igralni-povrsini-fabi-turnir-komplet-set\/#breadcrumb\",\"itemListElement\":[{\"@type\":\"ListItem\",\"position\":1,\"name\":\"Home\",\"item\":\"https:\/\/igralni-aparati.si\/trgovina\/\"},{\"@type\":\"ListItem\",\"position\":2,\"name\":\"Katalog izdelkov\",\"item\":\"https:\/\/igralni-aparati.si\/trgovina\/\"},{\"@type\":\"ListItem\",\"position\":3,\"name\":\"Kotna bela plastika na igralni povr\u0161ini FABI Turnir &#8211; Komplet set\"}]},{\"@type\":\"WebSite\",\"@id\":\"https:\/\/igralni-aparati.si\/trgovina\/#website\",\"url\":\"https:\/\/igralni-aparati.si\/trgovina\/\",\"name\":\"EUROCLAS &amp; Co. d.o.o.\",\"description\":\"Za dodatne informacije  pokli\u010dite:\u00a0 041 614 817\",\"publisher\":{\"@id\":\"https:\/\/igralni-aparati.si\/trgovina\/#organization\"},\"potentialAction\":[{\"@type\":\"SearchAction\",\"target\":{\"@type\":\"EntryPoint\",\"urlTemplate\":\"https:\/\/igralni-aparati.si\/trgovina\/?s={search_term_string}\"},\"query-input\":{\"@type\":\"PropertyValueSpecification\",\"valueRequired\":true,\"valueName\":\"search_term_string\"}}],\"inLanguage\":\"sl-SI\"},{\"@type\":\"Organization\",\"@id\":\"https:\/\/igralni-aparati.si\/trgovina\/#organization\",\"name\":\"EUROCLAS &amp; Co. d.o.o.\",\"url\":\"https:\/\/igralni-aparati.si\/trgovina\/\",\"logo\":{\"@type\":\"ImageObject\",\"inLanguage\":\"sl-SI\",\"@id\":\"https:\/\/igralni-aparati.si\/trgovina\/#\/schema\/logo\/image\/\",\"url\":\"https:\/\/igralni-aparati.si\/trgovina\/wp-content\/uploads\/2020\/05\/LOGO4-2.jpg\",\"contentUrl\":\"https:\/\/igralni-aparati.si\/trgovina\/wp-content\/uploads\/2020\/05\/LOGO4-2.jpg\",\"width\":289,\"height\":78,\"caption\":\"EUROCLAS &amp; Co. d.o.o.\"},\"image\":{\"@id\":\"https:\/\/igralni-aparati.si\/trgovina\/#\/schema\/logo\/image\/\"}}]}<\/script>\n<!-- \/ Yoast SEO plugin. -->","yoast_head_json":{"title":"Kotna bela plastika na igralni povr\u0161ini FABI Turnir - Komplet set - EUROCLAS &amp; Co. d.o.o.","description":"Vsi rezervni deli za ro\u010dni - namizni nogomet FABI Originalni deli, po ugodnih cenah. Kotna bela plastika na igralni povr\u0161ini FABI Turnir - Komplet set.","robots":{"index":"index","follow":"follow","max-snippet":"max-snippet:-1","max-image-preview":"max-image-preview:large","max-video-preview":"max-video-preview:-1"},"canonical":"https:\/\/igralni-aparati.si\/trgovina\/izdelek\/kotna-bela-plastika-na-igralni-povrsini-fabi-turnir-komplet-set\/","og_locale":"sl_SI","og_type":"article","og_title":"Kotna bela plastika na igralni povr\u0161ini FABI Turnir - Komplet set - EUROCLAS &amp; Co. d.o.o.","og_description":"Vsi rezervni deli za ro\u010dni - namizni nogomet FABI Originalni deli, po ugodnih cenah. Kotna bela plastika na igralni povr\u0161ini FABI Turnir - Komplet set.","og_url":"https:\/\/igralni-aparati.si\/trgovina\/izdelek\/kotna-bela-plastika-na-igralni-povrsini-fabi-turnir-komplet-set\/","og_site_name":"EUROCLAS &amp; Co. d.o.o.","article_modified_time":"2025-01-07T07:16:26+00:00","og_image":[{"width":500,"height":500,"url":"https:\/\/igralni-aparati.si\/trgovina\/wp-content\/uploads\/2020\/07\/serie-fermav-gara.jpg","type":"image\/jpeg"}],"twitter_card":"summary_large_image","twitter_misc":{"Est. reading time":"2 minuti"},"schema":{"@context":"https:\/\/schema.org","@graph":[{"@type":"WebPage","@id":"https:\/\/igralni-aparati.si\/trgovina\/izdelek\/kotna-bela-plastika-na-igralni-povrsini-fabi-turnir-komplet-set\/","url":"https:\/\/igralni-aparati.si\/trgovina\/izdelek\/kotna-bela-plastika-na-igralni-povrsini-fabi-turnir-komplet-set\/","name":"Kotna bela plastika na igralni povr\u0161ini FABI Turnir - Komplet set - EUROCLAS &amp; Co. d.o.o.","isPartOf":{"@id":"https:\/\/igralni-aparati.si\/trgovina\/#website"},"primaryImageOfPage":{"@id":"https:\/\/igralni-aparati.si\/trgovina\/izdelek\/kotna-bela-plastika-na-igralni-povrsini-fabi-turnir-komplet-set\/#primaryimage"},"image":{"@id":"https:\/\/igralni-aparati.si\/trgovina\/izdelek\/kotna-bela-plastika-na-igralni-povrsini-fabi-turnir-komplet-set\/#primaryimage"},"thumbnailUrl":"https:\/\/igralni-aparati.si\/trgovina\/wp-content\/uploads\/2020\/07\/serie-fermav-gara.jpg","datePublished":"2020-07-28T19:19:59+00:00","dateModified":"2025-01-07T07:16:26+00:00","description":"Vsi rezervni deli za ro\u010dni - namizni nogomet FABI Originalni deli, po ugodnih cenah. Kotna bela plastika na igralni povr\u0161ini FABI Turnir - Komplet set.","breadcrumb":{"@id":"https:\/\/igralni-aparati.si\/trgovina\/izdelek\/kotna-bela-plastika-na-igralni-povrsini-fabi-turnir-komplet-set\/#breadcrumb"},"inLanguage":"sl-SI","potentialAction":[{"@type":"ReadAction","target":["https:\/\/igralni-aparati.si\/trgovina\/izdelek\/kotna-bela-plastika-na-igralni-povrsini-fabi-turnir-komplet-set\/"]}]},{"@type":"ImageObject","inLanguage":"sl-SI","@id":"https:\/\/igralni-aparati.si\/trgovina\/izdelek\/kotna-bela-plastika-na-igralni-povrsini-fabi-turnir-komplet-set\/#primaryimage","url":"https:\/\/igralni-aparati.si\/trgovina\/wp-content\/uploads\/2020\/07\/serie-fermav-gara.jpg","contentUrl":"https:\/\/igralni-aparati.si\/trgovina\/wp-content\/uploads\/2020\/07\/serie-fermav-gara.jpg","width":500,"height":500,"caption":"Kotna bela plastika na igralni povr\u0161ini FA.BI. Turnir - Komplet set"},{"@type":"BreadcrumbList","@id":"https:\/\/igralni-aparati.si\/trgovina\/izdelek\/kotna-bela-plastika-na-igralni-povrsini-fabi-turnir-komplet-set\/#breadcrumb","itemListElement":[{"@type":"ListItem","position":1,"name":"Home","item":"https:\/\/igralni-aparati.si\/trgovina\/"},{"@type":"ListItem","position":2,"name":"Katalog izdelkov","item":"https:\/\/igralni-aparati.si\/trgovina\/"},{"@type":"ListItem","position":3,"name":"Kotna bela plastika na igralni povr\u0161ini FABI Turnir &#8211; Komplet set"}]},{"@type":"WebSite","@id":"https:\/\/igralni-aparati.si\/trgovina\/#website","url":"https:\/\/igralni-aparati.si\/trgovina\/","name":"EUROCLAS &amp; Co. d.o.o.","description":"Za dodatne informacije  pokli\u010dite:\u00a0 041 614 817","publisher":{"@id":"https:\/\/igralni-aparati.si\/trgovina\/#organization"},"potentialAction":[{"@type":"SearchAction","target":{"@type":"EntryPoint","urlTemplate":"https:\/\/igralni-aparati.si\/trgovina\/?s={search_term_string}"},"query-input":{"@type":"PropertyValueSpecification","valueRequired":true,"valueName":"search_term_string"}}],"inLanguage":"sl-SI"},{"@type":"Organization","@id":"https:\/\/igralni-aparati.si\/trgovina\/#organization","name":"EUROCLAS &amp; Co. d.o.o.","url":"https:\/\/igralni-aparati.si\/trgovina\/","logo":{"@type":"ImageObject","inLanguage":"sl-SI","@id":"https:\/\/igralni-aparati.si\/trgovina\/#\/schema\/logo\/image\/","url":"https:\/\/igralni-aparati.si\/trgovina\/wp-content\/uploads\/2020\/05\/LOGO4-2.jpg","contentUrl":"https:\/\/igralni-aparati.si\/trgovina\/wp-content\/uploads\/2020\/05\/LOGO4-2.jpg","width":289,"height":78,"caption":"EUROCLAS &amp; Co. d.o.o."},"image":{"@id":"https:\/\/igralni-aparati.si\/trgovina\/#\/schema\/logo\/image\/"}}]}},"_links":{"self":[{"href":"https:\/\/igralni-aparati.si\/trgovina\/wp-json\/wp\/v2\/product\/1666","targetHints":{"allow":["GET"]}}],"collection":[{"href":"https:\/\/igralni-aparati.si\/trgovina\/wp-json\/wp\/v2\/product"}],"about":[{"href":"https:\/\/igralni-aparati.si\/trgovina\/wp-json\/wp\/v2\/types\/product"}],"replies":[{"embeddable":true,"href":"https:\/\/igralni-aparati.si\/trgovina\/wp-json\/wp\/v2\/comments?post=1666"}],"version-history":[{"count":6,"href":"https:\/\/igralni-aparati.si\/trgovina\/wp-json\/wp\/v2\/product\/1666\/revisions"}],"predecessor-version":[{"id":5919,"href":"https:\/\/igralni-aparati.si\/trgovina\/wp-json\/wp\/v2\/product\/1666\/revisions\/5919"}],"wp:featuredmedia":[{"embeddable":true,"href":"https:\/\/igralni-aparati.si\/trgovina\/wp-json\/wp\/v2\/media\/1667"}],"wp:attachment":[{"href":"https:\/\/igralni-aparati.si\/trgovina\/wp-json\/wp\/v2\/media?parent=1666"}],"wp:term":[{"taxonomy":"product_brand","embeddable":true,"href":"https:\/\/igralni-aparati.si\/trgovina\/wp-json\/wp\/v2\/product_brand?post=1666"},{"taxonomy":"product_cat","embeddable":true,"href":"https:\/\/igralni-aparati.si\/trgovina\/wp-json\/wp\/v2\/product_cat?post=1666"},{"taxonomy":"product_tag","embeddable":true,"href":"https:\/\/igralni-aparati.si\/trgovina\/wp-json\/wp\/v2\/product_tag?post=1666"}],"curies":[{"name":"wp","href":"https:\/\/api.w.org\/{rel}","templated":true}]}}