{"id":1818,"date":"2020-08-09T19:18:00","date_gmt":"2020-08-09T19:18:00","guid":{"rendered":"https:\/\/igralni-aparati.si\/trgovina\/?post_type=product&#038;p=1818"},"modified":"2025-09-05T07:13:00","modified_gmt":"2025-09-05T07:13:00","slug":"biljard-miza-roberto-sport-klasik-profesional-7-ft","status":"publish","type":"product","link":"https:\/\/igralni-aparati.si\/trgovina\/izdelek\/biljard-miza-roberto-sport-klasik-profesional-7-ft\/","title":{"rendered":"BILJARD MIZA ROBERTO SPORT  KLASIK PROFESIONAL 7 Ft."},"content":{"rendered":"<p><strong>OPIS IN TEHNI\u010cNI PODATKI BILJARDNE MIZE ROBERTO SPORT KLASIK PROFESIONAL, velikost 7 ft.:<\/strong><br \/>\n* Ohi\u0161je iz masivne laminirane vezane plo\u0161\u010de v \u010drni barvi, modernega izgleda, \u017ee tovarni\u0161ko v celoti sestavljeno.<br \/>\n* Profesionalna Italijanska igralna plo\u0161\u010da iz \u0161kriljevca v enem kosu, kar omogo\u010da enostavno monta\u017eo in noveliranje biljarda in je redkost pri biljardih na \u017eepke.<br \/>\n* Zgornji masivni okvir in kovinskimi vogalniki v \u010drni barvi, odporni na praske.<br \/>\n* Stabilne dvojne nastavljive noge z stopalkami za izredno stabilnost biljarda.<br \/>\n* Proizvod priznanega Italijanskega proizvajalca Roberto Sport.<br \/>\n* Biljard brez mehanizma za sprostitev krogel &#8211; na \u017eepke<br \/>\n* Zunanje mere 236 x 134x 80 cm, te\u017ea 240 kg.<br \/>\n* Velikost igralne povr\u0161ine 200 x 100 cm<br \/>\n* Kvalitetno blago v zeleni barvi, po naro\u010dilu mo\u017enost tudi v modri ali rde\u010de barvi.<br \/>\n* Pribor potreben za igro prilo\u017een: komplet krogle, 4x biljard palice, trikotnik, krede in \u0161\u010detka.<\/p>\n<p><strong><span style=\"color: #000000;\">V primeru, da potrebujete dodatne informacije pokli\u010dite:\u00a0 041 614 817<\/span><\/strong><\/p>\n<p>&nbsp;<\/p>\n<p>&nbsp;<\/p>\n","protected":false},"excerpt":{"rendered":"<p><strong>Biljardna miza Roberto Sport Klasik Profesional velikosti 7 ft. <\/strong>Vrhunska biljardna miza namenjena za komercialno uporabo v lokalih, biljardnicah, klubih in privatno uporabo za v vsak Slovenski dom. Odlikuje ga \u010dvrsta konstrukcija v enem kosu, izdelana iz masivne laminirane vezane plo\u0161\u010de v \u010drni barvi, stabilnimi dvojnimi nogami,\u00a0 masivni okvir in kovinski vogalniki v \u010drni barvi, odporni na odrgnine, ter profesionalno igralno plo\u0161\u010do v enem kosu iz Italijanskega \u0161kriljevca. Vse te odli\u010dne lastnosti zagotavljajo odli\u010dne igralne karakteristike in brezskrbno igro na dolga leta za vse generacije. <span style=\"color: #0000ff;\">Mo\u017enost dostave, pomo\u010di pri vnosu v prostor in monta\u017ee oziroma postavitve biljarda na \u017eeleni lokaciji. Na zalogi za takoj\u0161nji prevzem ali dostavo.<\/span><\/p>\n<p>Velikost potrebnega prostora za postavitev in igro:\u00a0 cca 400 cm x\u00a0 500 cm<br \/>\n<strong><span style=\"color: #000000;\">Mo\u017enost ogleda in preizkusa biljarda. <\/span><\/strong><\/p>\n<p><strong><span style=\"color: #000000;\">Mo\u017enost obro\u010dnega pla\u010dila..<\/span><\/strong><br \/>\n<strong><span style=\"color: #000000;\">Mo\u017enost najema in kasnej\u0161ega odkupa.<\/span><\/strong><\/p>\n<p><span style=\"color: #000000;\">V primeru, da potrebujete dodatne informacije pokli\u010dite:\u00a0 041 614 817<\/span><\/p>\n<p>Na\u0161e ime vam zagotavlja izposojo kakovostnih aparatov in storitev, ter korekten poslovni odnos, kar potrjujejo tudi \u0161tevilne na\u0161e zadovoljne stranke.<\/p>\n<p><span style=\"color: #ff0000;\">PRODAJA &#8211; NAJEM &#8211; SERVIS &#8211; REZERVNI DELI &#8211; IZPOSOJA<\/span><\/p>\n","protected":false},"featured_media":1795,"comment_status":"open","ping_status":"closed","template":"","meta":{"site-sidebar-layout":"default","site-content-layout":"default","ast-site-content-layout":"default","site-content-style":"default","site-sidebar-style":"default","ast-global-header-display":"","ast-banner-title-visibility":"","ast-main-header-display":"","ast-hfb-above-header-display":"","ast-hfb-below-header-display":"","ast-hfb-mobile-header-display":"","site-post-title":"","ast-breadcrumbs-content":"","ast-featured-img":"","footer-sml-layout":"","theme-transparent-header-meta":"default","adv-header-id-meta":"","stick-header-meta":"","header-above-stick-meta":"","header-main-stick-meta":"","header-below-stick-meta":"","astra-migrate-meta-layouts":"default","ast-page-background-enabled":"default","ast-page-background-meta":{"desktop":{"background-color":"","background-image":"","background-repeat":"repeat","background-position":"center center","background-size":"auto","background-attachment":"scroll","background-type":"","background-media":"","overlay-type":"","overlay-color":"","overlay-opacity":"","overlay-gradient":""},"tablet":{"background-color":"","background-image":"","background-repeat":"repeat","background-position":"center center","background-size":"auto","background-attachment":"scroll","background-type":"","background-media":"","overlay-type":"","overlay-color":"","overlay-opacity":"","overlay-gradient":""},"mobile":{"background-color":"","background-image":"","background-repeat":"repeat","background-position":"center center","background-size":"auto","background-attachment":"scroll","background-type":"","background-media":"","overlay-type":"","overlay-color":"","overlay-opacity":"","overlay-gradient":""}},"ast-content-background-meta":{"desktop":{"background-color":"var(--ast-global-color-5)","background-image":"","background-repeat":"repeat","background-position":"center center","background-size":"auto","background-attachment":"scroll","background-type":"","background-media":"","overlay-type":"","overlay-color":"","overlay-opacity":"","overlay-gradient":""},"tablet":{"background-color":"var(--ast-global-color-5)","background-image":"","background-repeat":"repeat","background-position":"center center","background-size":"auto","background-attachment":"scroll","background-type":"","background-media":"","overlay-type":"","overlay-color":"","overlay-opacity":"","overlay-gradient":""},"mobile":{"background-color":"var(--ast-global-color-5)","background-image":"","background-repeat":"repeat","background-position":"center center","background-size":"auto","background-attachment":"scroll","background-type":"","background-media":"","overlay-type":"","overlay-color":"","overlay-opacity":"","overlay-gradient":""}}},"product_brand":[],"product_cat":[35],"product_tag":[63,48],"class_list":{"0":"post-1818","1":"product","2":"type-product","3":"status-publish","4":"has-post-thumbnail","6":"product_cat-biljardi-mize-na-zepke","7":"product_tag-crna-siva-barva","8":"product_tag-wik","9":"desktop-align-left","10":"tablet-align-left","11":"mobile-align-left","13":"first","14":"instock","15":"taxable","16":"shipping-taxable","17":"purchasable","18":"product-type-simple"},"yoast_head":"<!-- This site is optimized with the Yoast SEO plugin v25.8 - https:\/\/yoast.com\/wordpress\/plugins\/seo\/ -->\n<title>BILJARD MIZA ROBERTO SPORT KLASIK PROFESIONAL 7 Ft. - EUROCLAS &amp; Co. d.o.o.<\/title>\n<meta name=\"robots\" content=\"index, follow, max-snippet:-1, max-image-preview:large, max-video-preview:-1\" \/>\n<link rel=\"canonical\" href=\"https:\/\/igralni-aparati.si\/trgovina\/izdelek\/biljard-miza-roberto-sport-klasik-profesional-7-ft\/\" \/>\n<meta property=\"og:locale\" content=\"sl_SI\" \/>\n<meta property=\"og:type\" content=\"article\" \/>\n<meta property=\"og:title\" content=\"BILJARD MIZA ROBERTO SPORT KLASIK PROFESIONAL 7 Ft. - EUROCLAS &amp; Co. d.o.o.\" \/>\n<meta property=\"og:description\" content=\"Biljardna miza Roberto Sport Klasik Profesional velikosti 7 ft. Vrhunska biljardna miza namenjena za komercialno uporabo v lokalih, biljardnicah, klubih in privatno uporabo za v vsak Slovenski dom. Odlikuje ga \u010dvrsta konstrukcija v enem kosu, izdelana iz masivne laminirane vezane plo\u0161\u010de v \u010drni barvi, stabilnimi dvojnimi nogami,\u00a0 masivni okvir in kovinski vogalniki v \u010drni barvi, odporni na odrgnine, ter profesionalno igralno plo\u0161\u010do v enem kosu iz Italijanskega \u0161kriljevca. Vse te odli\u010dne lastnosti zagotavljajo odli\u010dne igralne karakteristike in brezskrbno igro na dolga leta za vse generacije. Mo\u017enost dostave, pomo\u010di pri vnosu v prostor in monta\u017ee oziroma postavitve biljarda na \u017eeleni lokaciji. Na zalogi za takoj\u0161nji prevzem ali dostavo.  Velikost potrebnega prostora za postavitev in igro:\u00a0 cca 400 cm x\u00a0 500 cm Mo\u017enost ogleda in preizkusa biljarda.   Mo\u017enost obro\u010dnega pla\u010dila.. Mo\u017enost najema in kasnej\u0161ega odkupa.  V primeru, da potrebujete dodatne informacije pokli\u010dite:\u00a0 041 614 817  Na\u0161e ime vam zagotavlja izposojo kakovostnih aparatov in storitev, ter korekten poslovni odnos, kar potrjujejo tudi \u0161tevilne na\u0161e zadovoljne stranke.  PRODAJA - NAJEM - SERVIS - REZERVNI DELI - IZPOSOJA\" \/>\n<meta property=\"og:url\" content=\"https:\/\/igralni-aparati.si\/trgovina\/izdelek\/biljard-miza-roberto-sport-klasik-profesional-7-ft\/\" \/>\n<meta property=\"og:site_name\" content=\"EUROCLAS &amp; Co. d.o.o.\" \/>\n<meta property=\"article:modified_time\" content=\"2025-09-05T07:13:00+00:00\" \/>\n<meta property=\"og:image\" content=\"https:\/\/igralni-aparati.si\/trgovina\/wp-content\/uploads\/2020\/08\/Biljard-RS-FP-Free-A.jpg\" \/>\n\t<meta property=\"og:image:width\" content=\"800\" \/>\n\t<meta property=\"og:image:height\" content=\"784\" \/>\n\t<meta property=\"og:image:type\" content=\"image\/jpeg\" \/>\n<meta name=\"twitter:card\" content=\"summary_large_image\" \/>\n<meta name=\"twitter:label1\" content=\"Est. reading time\" \/>\n\t<meta name=\"twitter:data1\" content=\"1 minuta\" \/>\n<script type=\"application\/ld+json\" class=\"yoast-schema-graph\">{\"@context\":\"https:\/\/schema.org\",\"@graph\":[{\"@type\":\"WebPage\",\"@id\":\"https:\/\/igralni-aparati.si\/trgovina\/izdelek\/biljard-miza-roberto-sport-klasik-profesional-7-ft\/\",\"url\":\"https:\/\/igralni-aparati.si\/trgovina\/izdelek\/biljard-miza-roberto-sport-klasik-profesional-7-ft\/\",\"name\":\"BILJARD MIZA ROBERTO SPORT KLASIK PROFESIONAL 7 Ft. - EUROCLAS &amp; Co. d.o.o.\",\"isPartOf\":{\"@id\":\"https:\/\/igralni-aparati.si\/trgovina\/#website\"},\"primaryImageOfPage\":{\"@id\":\"https:\/\/igralni-aparati.si\/trgovina\/izdelek\/biljard-miza-roberto-sport-klasik-profesional-7-ft\/#primaryimage\"},\"image\":{\"@id\":\"https:\/\/igralni-aparati.si\/trgovina\/izdelek\/biljard-miza-roberto-sport-klasik-profesional-7-ft\/#primaryimage\"},\"thumbnailUrl\":\"https:\/\/igralni-aparati.si\/trgovina\/wp-content\/uploads\/2020\/08\/Biljard-RS-FP-Free-A.jpg\",\"datePublished\":\"2020-08-09T19:18:00+00:00\",\"dateModified\":\"2025-09-05T07:13:00+00:00\",\"breadcrumb\":{\"@id\":\"https:\/\/igralni-aparati.si\/trgovina\/izdelek\/biljard-miza-roberto-sport-klasik-profesional-7-ft\/#breadcrumb\"},\"inLanguage\":\"sl-SI\",\"potentialAction\":[{\"@type\":\"ReadAction\",\"target\":[\"https:\/\/igralni-aparati.si\/trgovina\/izdelek\/biljard-miza-roberto-sport-klasik-profesional-7-ft\/\"]}]},{\"@type\":\"ImageObject\",\"inLanguage\":\"sl-SI\",\"@id\":\"https:\/\/igralni-aparati.si\/trgovina\/izdelek\/biljard-miza-roberto-sport-klasik-profesional-7-ft\/#primaryimage\",\"url\":\"https:\/\/igralni-aparati.si\/trgovina\/wp-content\/uploads\/2020\/08\/Biljard-RS-FP-Free-A.jpg\",\"contentUrl\":\"https:\/\/igralni-aparati.si\/trgovina\/wp-content\/uploads\/2020\/08\/Biljard-RS-FP-Free-A.jpg\",\"width\":800,\"height\":784,\"caption\":\"Biljard Roberto Sport Profesional Klasik na \u017eepke biljard palice biljard krogle trikotnik blago za biljard\"},{\"@type\":\"BreadcrumbList\",\"@id\":\"https:\/\/igralni-aparati.si\/trgovina\/izdelek\/biljard-miza-roberto-sport-klasik-profesional-7-ft\/#breadcrumb\",\"itemListElement\":[{\"@type\":\"ListItem\",\"position\":1,\"name\":\"Home\",\"item\":\"https:\/\/igralni-aparati.si\/trgovina\/\"},{\"@type\":\"ListItem\",\"position\":2,\"name\":\"Katalog izdelkov\",\"item\":\"https:\/\/igralni-aparati.si\/trgovina\/\"},{\"@type\":\"ListItem\",\"position\":3,\"name\":\"BILJARD MIZA ROBERTO SPORT KLASIK PROFESIONAL 7 Ft.\"}]},{\"@type\":\"WebSite\",\"@id\":\"https:\/\/igralni-aparati.si\/trgovina\/#website\",\"url\":\"https:\/\/igralni-aparati.si\/trgovina\/\",\"name\":\"EUROCLAS &amp; Co. d.o.o.\",\"description\":\"Za dodatne informacije  pokli\u010dite:\u00a0 041 614 817\",\"publisher\":{\"@id\":\"https:\/\/igralni-aparati.si\/trgovina\/#organization\"},\"potentialAction\":[{\"@type\":\"SearchAction\",\"target\":{\"@type\":\"EntryPoint\",\"urlTemplate\":\"https:\/\/igralni-aparati.si\/trgovina\/?s={search_term_string}\"},\"query-input\":{\"@type\":\"PropertyValueSpecification\",\"valueRequired\":true,\"valueName\":\"search_term_string\"}}],\"inLanguage\":\"sl-SI\"},{\"@type\":\"Organization\",\"@id\":\"https:\/\/igralni-aparati.si\/trgovina\/#organization\",\"name\":\"EUROCLAS &amp; Co. d.o.o.\",\"url\":\"https:\/\/igralni-aparati.si\/trgovina\/\",\"logo\":{\"@type\":\"ImageObject\",\"inLanguage\":\"sl-SI\",\"@id\":\"https:\/\/igralni-aparati.si\/trgovina\/#\/schema\/logo\/image\/\",\"url\":\"https:\/\/igralni-aparati.si\/trgovina\/wp-content\/uploads\/2020\/05\/LOGO4-2.jpg\",\"contentUrl\":\"https:\/\/igralni-aparati.si\/trgovina\/wp-content\/uploads\/2020\/05\/LOGO4-2.jpg\",\"width\":289,\"height\":78,\"caption\":\"EUROCLAS &amp; Co. d.o.o.\"},\"image\":{\"@id\":\"https:\/\/igralni-aparati.si\/trgovina\/#\/schema\/logo\/image\/\"}}]}<\/script>\n<!-- \/ Yoast SEO plugin. -->","yoast_head_json":{"title":"BILJARD MIZA ROBERTO SPORT KLASIK PROFESIONAL 7 Ft. - EUROCLAS &amp; Co. d.o.o.","robots":{"index":"index","follow":"follow","max-snippet":"max-snippet:-1","max-image-preview":"max-image-preview:large","max-video-preview":"max-video-preview:-1"},"canonical":"https:\/\/igralni-aparati.si\/trgovina\/izdelek\/biljard-miza-roberto-sport-klasik-profesional-7-ft\/","og_locale":"sl_SI","og_type":"article","og_title":"BILJARD MIZA ROBERTO SPORT KLASIK PROFESIONAL 7 Ft. - EUROCLAS &amp; Co. d.o.o.","og_description":"Biljardna miza Roberto Sport Klasik Profesional velikosti 7 ft. Vrhunska biljardna miza namenjena za komercialno uporabo v lokalih, biljardnicah, klubih in privatno uporabo za v vsak Slovenski dom. Odlikuje ga \u010dvrsta konstrukcija v enem kosu, izdelana iz masivne laminirane vezane plo\u0161\u010de v \u010drni barvi, stabilnimi dvojnimi nogami,\u00a0 masivni okvir in kovinski vogalniki v \u010drni barvi, odporni na odrgnine, ter profesionalno igralno plo\u0161\u010do v enem kosu iz Italijanskega \u0161kriljevca. Vse te odli\u010dne lastnosti zagotavljajo odli\u010dne igralne karakteristike in brezskrbno igro na dolga leta za vse generacije. Mo\u017enost dostave, pomo\u010di pri vnosu v prostor in monta\u017ee oziroma postavitve biljarda na \u017eeleni lokaciji. Na zalogi za takoj\u0161nji prevzem ali dostavo.  Velikost potrebnega prostora za postavitev in igro:\u00a0 cca 400 cm x\u00a0 500 cm Mo\u017enost ogleda in preizkusa biljarda.   Mo\u017enost obro\u010dnega pla\u010dila.. Mo\u017enost najema in kasnej\u0161ega odkupa.  V primeru, da potrebujete dodatne informacije pokli\u010dite:\u00a0 041 614 817  Na\u0161e ime vam zagotavlja izposojo kakovostnih aparatov in storitev, ter korekten poslovni odnos, kar potrjujejo tudi \u0161tevilne na\u0161e zadovoljne stranke.  PRODAJA - NAJEM - SERVIS - REZERVNI DELI - IZPOSOJA","og_url":"https:\/\/igralni-aparati.si\/trgovina\/izdelek\/biljard-miza-roberto-sport-klasik-profesional-7-ft\/","og_site_name":"EUROCLAS &amp; Co. d.o.o.","article_modified_time":"2025-09-05T07:13:00+00:00","og_image":[{"width":800,"height":784,"url":"https:\/\/igralni-aparati.si\/trgovina\/wp-content\/uploads\/2020\/08\/Biljard-RS-FP-Free-A.jpg","type":"image\/jpeg"}],"twitter_card":"summary_large_image","twitter_misc":{"Est. reading time":"1 minuta"},"schema":{"@context":"https:\/\/schema.org","@graph":[{"@type":"WebPage","@id":"https:\/\/igralni-aparati.si\/trgovina\/izdelek\/biljard-miza-roberto-sport-klasik-profesional-7-ft\/","url":"https:\/\/igralni-aparati.si\/trgovina\/izdelek\/biljard-miza-roberto-sport-klasik-profesional-7-ft\/","name":"BILJARD MIZA ROBERTO SPORT KLASIK PROFESIONAL 7 Ft. - EUROCLAS &amp; Co. d.o.o.","isPartOf":{"@id":"https:\/\/igralni-aparati.si\/trgovina\/#website"},"primaryImageOfPage":{"@id":"https:\/\/igralni-aparati.si\/trgovina\/izdelek\/biljard-miza-roberto-sport-klasik-profesional-7-ft\/#primaryimage"},"image":{"@id":"https:\/\/igralni-aparati.si\/trgovina\/izdelek\/biljard-miza-roberto-sport-klasik-profesional-7-ft\/#primaryimage"},"thumbnailUrl":"https:\/\/igralni-aparati.si\/trgovina\/wp-content\/uploads\/2020\/08\/Biljard-RS-FP-Free-A.jpg","datePublished":"2020-08-09T19:18:00+00:00","dateModified":"2025-09-05T07:13:00+00:00","breadcrumb":{"@id":"https:\/\/igralni-aparati.si\/trgovina\/izdelek\/biljard-miza-roberto-sport-klasik-profesional-7-ft\/#breadcrumb"},"inLanguage":"sl-SI","potentialAction":[{"@type":"ReadAction","target":["https:\/\/igralni-aparati.si\/trgovina\/izdelek\/biljard-miza-roberto-sport-klasik-profesional-7-ft\/"]}]},{"@type":"ImageObject","inLanguage":"sl-SI","@id":"https:\/\/igralni-aparati.si\/trgovina\/izdelek\/biljard-miza-roberto-sport-klasik-profesional-7-ft\/#primaryimage","url":"https:\/\/igralni-aparati.si\/trgovina\/wp-content\/uploads\/2020\/08\/Biljard-RS-FP-Free-A.jpg","contentUrl":"https:\/\/igralni-aparati.si\/trgovina\/wp-content\/uploads\/2020\/08\/Biljard-RS-FP-Free-A.jpg","width":800,"height":784,"caption":"Biljard Roberto Sport Profesional Klasik na \u017eepke biljard palice biljard krogle trikotnik blago za biljard"},{"@type":"BreadcrumbList","@id":"https:\/\/igralni-aparati.si\/trgovina\/izdelek\/biljard-miza-roberto-sport-klasik-profesional-7-ft\/#breadcrumb","itemListElement":[{"@type":"ListItem","position":1,"name":"Home","item":"https:\/\/igralni-aparati.si\/trgovina\/"},{"@type":"ListItem","position":2,"name":"Katalog izdelkov","item":"https:\/\/igralni-aparati.si\/trgovina\/"},{"@type":"ListItem","position":3,"name":"BILJARD MIZA ROBERTO SPORT KLASIK PROFESIONAL 7 Ft."}]},{"@type":"WebSite","@id":"https:\/\/igralni-aparati.si\/trgovina\/#website","url":"https:\/\/igralni-aparati.si\/trgovina\/","name":"EUROCLAS &amp; Co. d.o.o.","description":"Za dodatne informacije  pokli\u010dite:\u00a0 041 614 817","publisher":{"@id":"https:\/\/igralni-aparati.si\/trgovina\/#organization"},"potentialAction":[{"@type":"SearchAction","target":{"@type":"EntryPoint","urlTemplate":"https:\/\/igralni-aparati.si\/trgovina\/?s={search_term_string}"},"query-input":{"@type":"PropertyValueSpecification","valueRequired":true,"valueName":"search_term_string"}}],"inLanguage":"sl-SI"},{"@type":"Organization","@id":"https:\/\/igralni-aparati.si\/trgovina\/#organization","name":"EUROCLAS &amp; Co. d.o.o.","url":"https:\/\/igralni-aparati.si\/trgovina\/","logo":{"@type":"ImageObject","inLanguage":"sl-SI","@id":"https:\/\/igralni-aparati.si\/trgovina\/#\/schema\/logo\/image\/","url":"https:\/\/igralni-aparati.si\/trgovina\/wp-content\/uploads\/2020\/05\/LOGO4-2.jpg","contentUrl":"https:\/\/igralni-aparati.si\/trgovina\/wp-content\/uploads\/2020\/05\/LOGO4-2.jpg","width":289,"height":78,"caption":"EUROCLAS &amp; Co. d.o.o."},"image":{"@id":"https:\/\/igralni-aparati.si\/trgovina\/#\/schema\/logo\/image\/"}}]}},"_links":{"self":[{"href":"https:\/\/igralni-aparati.si\/trgovina\/wp-json\/wp\/v2\/product\/1818","targetHints":{"allow":["GET"]}}],"collection":[{"href":"https:\/\/igralni-aparati.si\/trgovina\/wp-json\/wp\/v2\/product"}],"about":[{"href":"https:\/\/igralni-aparati.si\/trgovina\/wp-json\/wp\/v2\/types\/product"}],"replies":[{"embeddable":true,"href":"https:\/\/igralni-aparati.si\/trgovina\/wp-json\/wp\/v2\/comments?post=1818"}],"version-history":[{"count":2,"href":"https:\/\/igralni-aparati.si\/trgovina\/wp-json\/wp\/v2\/product\/1818\/revisions"}],"predecessor-version":[{"id":2438,"href":"https:\/\/igralni-aparati.si\/trgovina\/wp-json\/wp\/v2\/product\/1818\/revisions\/2438"}],"wp:featuredmedia":[{"embeddable":true,"href":"https:\/\/igralni-aparati.si\/trgovina\/wp-json\/wp\/v2\/media\/1795"}],"wp:attachment":[{"href":"https:\/\/igralni-aparati.si\/trgovina\/wp-json\/wp\/v2\/media?parent=1818"}],"wp:term":[{"taxonomy":"product_brand","embeddable":true,"href":"https:\/\/igralni-aparati.si\/trgovina\/wp-json\/wp\/v2\/product_brand?post=1818"},{"taxonomy":"product_cat","embeddable":true,"href":"https:\/\/igralni-aparati.si\/trgovina\/wp-json\/wp\/v2\/product_cat?post=1818"},{"taxonomy":"product_tag","embeddable":true,"href":"https:\/\/igralni-aparati.si\/trgovina\/wp-json\/wp\/v2\/product_tag?post=1818"}],"curies":[{"name":"wp","href":"https:\/\/api.w.org\/{rel}","templated":true}]}}