{"id":2130,"date":"2020-12-05T10:03:35","date_gmt":"2020-12-05T10:03:35","guid":{"rendered":"https:\/\/igralni-aparati.si\/trgovina\/?post_type=product&#038;p=2130"},"modified":"2026-04-01T06:12:30","modified_gmt":"2026-04-01T06:12:30","slug":"biljard-krogle-green-pro-57-2-mmbela-60-3-mm","status":"publish","type":"product","link":"https:\/\/igralni-aparati.si\/trgovina\/izdelek\/biljard-krogle-green-pro-57-2-mmbela-60-3-mm\/","title":{"rendered":"Biljard krogle Green Pro 57.2 mm + Bela 60.3 mm"},"content":{"rendered":"<p><strong>Biljard krogle Green Pro 57.2 mm + Bela 60.3 mm:<\/strong><\/p>\n<ul>\n<li>biljard krogle Green Pro 57.2 mm + Bela 60.3 mm<\/li>\n<li>velikost krogel: premer 57,2 mm<\/li>\n<li>velikost Bele krogle 60,3 mm<\/li>\n<li>\u0161tevilo krogel 15 + Bela<\/li>\n<li>izdelane iz kvalitetne fenolne mase<\/li>\n<li>vi\u0161je kakovosti<\/li>\n<li>primerne za doma\u010do in gostilni\u0161ko uporabo<\/li>\n<li>obdr\u017eijo sijaj<\/li>\n<li>odporne na praske<\/li>\n<\/ul>\n<p><span style=\"color: #008000;\">Opravljamo tudi servis, obnovo in preobla\u010denje biljardov.<\/span><\/p>\n<p>Na\u0161e podjetje EUROCLAS &amp; Co. d.o.o., vam zagotavlja prodajo kakovostnih igralnih aparatov, rezervnih delov in storitev, ter korekten poslovni odnos, kar potrjujejo tudi na\u0161e \u0161tevilne zadovoljne stranke. Prepri\u010dajte se tudi sami in postanite tudi vi, eden izmed na\u0161ih zadovoljnih kupcev.<\/p>\n<p><span style=\"color: #ff0000;\">IGRALNI APARATI &#8211; Prodaja &#8211; Najem &#8211; Servis &#8211; Rezervni deli<\/span><\/p>\n<p><strong>Za vsa dodatna vpra\u0161anja in pojasnila, smo vam na voljo vsak dan med 8h in 20h.<\/strong><\/p>\n<p><a href=\"https:\/\/www.youtube.com\/channel\/UCMsDOO8aBg5MgXXMnONEBJg\" target=\"_blank\" rel=\"noopener\">Na\u0161 YouTube kanal Igralni Aparati &gt;&gt;<\/a><\/p>\n<p><a href=\"https:\/\/igralni-aparati.si\/trgovina\/reference\/\" target=\"_blank\" rel=\"noopener\">Oglejte si nekaj na\u0161ih bogatih referenc &gt;&gt;<\/a><\/p>\n<p><a href=\"https:\/\/igralni-aparati.si\/trgovina\/zadovoljne_stranke\/\" target=\"_blank\" rel=\"noopener\">Preberite si izjave na\u0161ih zadovoljnih strank &gt;&gt;<\/a><\/p>\n","protected":false},"excerpt":{"rendered":"<h6><strong>Biljard krogle Green Pro 57.2 mm &#8211; Bela 60.3 mm:<\/strong><\/h6>\n<ul>\n<li>biljard krogle Green Pro 57.2 mm &#8211; Bela 60.3 mm<\/li>\n<li>velikost krogel: premer 57,2 mm<\/li>\n<li>velikost Bele krogle 60,3 mm<\/li>\n<li>\u0161tevilo krogel 15 + Bela<\/li>\n<li>izdelane iz kvalitetne fenolne mase<\/li>\n<li>vi\u0161je kakovosti<\/li>\n<li>primerne za doma\u010do in gostilni\u0161ko uporabo<\/li>\n<li>obdr\u017eijo sijaj<\/li>\n<li>odporne na praske<\/li>\n<\/ul>\n<p><span style=\"color: #000000;\"><span style=\"color: #ff0000;\"><span style=\"color: #008000;\">Obi\u0161\u010dite lahko tudi na\u0161 razstavni salon in se prepri\u010dajte o na\u0161i bogati ponudbi krogel za biljard, biljard palic \u0161irokega cenovnega razpona za prilo\u017enostne in zahtevnej\u0161e igralce, ter ostale opreme potrebne pri igri biljarda. Nahajamo se 15 minut oziroma 15 km od severne ali zahodne Ljubljanske obvoznice.<\/span><\/span><\/span><\/p>\n<p><span style=\"color: #ff0000;\">IGRALNI APARATI &#8211; Prodaja &#8211; Najem &#8211; Servis &#8211; Rezervni deli<\/span><\/p>\n<p><strong>Za vsa dodatna vpra\u0161anja in pojasnila, smo vam na voljo vsak dan med 8h in 20h.<\/strong><\/p>\n","protected":false},"featured_media":4385,"comment_status":"open","ping_status":"closed","template":"","meta":{"site-sidebar-layout":"default","site-content-layout":"default","ast-site-content-layout":"default","site-content-style":"default","site-sidebar-style":"default","ast-global-header-display":"","ast-banner-title-visibility":"","ast-main-header-display":"","ast-hfb-above-header-display":"","ast-hfb-below-header-display":"","ast-hfb-mobile-header-display":"","site-post-title":"","ast-breadcrumbs-content":"","ast-featured-img":"","footer-sml-layout":"","theme-transparent-header-meta":"default","adv-header-id-meta":"","stick-header-meta":"","header-above-stick-meta":"","header-main-stick-meta":"","header-below-stick-meta":"","astra-migrate-meta-layouts":"set","ast-page-background-enabled":"default","ast-page-background-meta":{"desktop":{"background-color":"","background-image":"","background-repeat":"repeat","background-position":"center center","background-size":"auto","background-attachment":"scroll","background-type":"","background-media":"","overlay-type":"","overlay-color":"","overlay-opacity":"","overlay-gradient":""},"tablet":{"background-color":"","background-image":"","background-repeat":"repeat","background-position":"center center","background-size":"auto","background-attachment":"scroll","background-type":"","background-media":"","overlay-type":"","overlay-color":"","overlay-opacity":"","overlay-gradient":""},"mobile":{"background-color":"","background-image":"","background-repeat":"repeat","background-position":"center center","background-size":"auto","background-attachment":"scroll","background-type":"","background-media":"","overlay-type":"","overlay-color":"","overlay-opacity":"","overlay-gradient":""}},"ast-content-background-meta":{"desktop":{"background-color":"var(--ast-global-color-5)","background-image":"","background-repeat":"repeat","background-position":"center center","background-size":"auto","background-attachment":"scroll","background-type":"","background-media":"","overlay-type":"","overlay-color":"","overlay-opacity":"","overlay-gradient":""},"tablet":{"background-color":"var(--ast-global-color-5)","background-image":"","background-repeat":"repeat","background-position":"center center","background-size":"auto","background-attachment":"scroll","background-type":"","background-media":"","overlay-type":"","overlay-color":"","overlay-opacity":"","overlay-gradient":""},"mobile":{"background-color":"var(--ast-global-color-5)","background-image":"","background-repeat":"repeat","background-position":"center center","background-size":"auto","background-attachment":"scroll","background-type":"","background-media":"","overlay-type":"","overlay-color":"","overlay-opacity":"","overlay-gradient":""}}},"product_brand":[],"product_cat":[93,94],"product_tag":[119,115,92],"class_list":{"0":"post-2130","1":"product","2":"type-product","3":"status-publish","4":"has-post-thumbnail","6":"product_cat-krogle-za-biljard","7":"product_cat-krogle-za-biljard-rezervni-deli-in-oprema-za-biljard","8":"product_tag-biljardi-in-vse-za-biljard","9":"product_tag-krogle-za-biljard","10":"product_tag-vse-za-biljard","11":"desktop-align-left","12":"tablet-align-left","13":"mobile-align-left","15":"first","16":"instock","17":"taxable","18":"shipping-taxable","19":"purchasable","20":"product-type-simple"},"yoast_head":"<!-- This site is optimized with the Yoast SEO plugin v25.8 - https:\/\/yoast.com\/wordpress\/plugins\/seo\/ -->\n<title>Biljard krogle Green Pro 57.2 mm + Bela 60.3 mm - 041 614 817<\/title>\n<meta name=\"description\" content=\"Velik izbor komplet krogel za biljard, razli\u010dnih cenovnih razredov, po ugodni ceni. Biljard krogle Green Pro 57.2 mm + Bela 60.3 mm. Zelo konkuren\u010dne cene!\" \/>\n<meta name=\"robots\" content=\"index, follow, max-snippet:-1, max-image-preview:large, max-video-preview:-1\" \/>\n<link rel=\"canonical\" href=\"https:\/\/igralni-aparati.si\/trgovina\/izdelek\/biljard-krogle-green-pro-57-2-mmbela-60-3-mm\/\" \/>\n<meta property=\"og:locale\" content=\"sl_SI\" \/>\n<meta property=\"og:type\" content=\"article\" \/>\n<meta property=\"og:title\" content=\"Biljard krogle Green Pro 57.2 mm + Bela 60.3 mm - 041 614 817\" \/>\n<meta property=\"og:description\" content=\"Velik izbor komplet krogel za biljard, razli\u010dnih cenovnih razredov, po ugodni ceni. Biljard krogle Green Pro 57.2 mm + Bela 60.3 mm. Zelo konkuren\u010dne cene!\" \/>\n<meta property=\"og:url\" content=\"https:\/\/igralni-aparati.si\/trgovina\/izdelek\/biljard-krogle-green-pro-57-2-mmbela-60-3-mm\/\" \/>\n<meta property=\"og:site_name\" content=\"EUROCLAS &amp; Co. d.o.o.\" \/>\n<meta property=\"article:modified_time\" content=\"2026-04-01T06:12:30+00:00\" \/>\n<meta property=\"og:image\" content=\"https:\/\/igralni-aparati.si\/trgovina\/wp-content\/uploads\/2020\/12\/Krogle-za-Biljard-Green-scaled-e1658695380939.jpg\" \/>\n\t<meta property=\"og:image:width\" content=\"2041\" \/>\n\t<meta property=\"og:image:height\" content=\"1881\" \/>\n\t<meta property=\"og:image:type\" content=\"image\/jpeg\" \/>\n<meta name=\"twitter:card\" content=\"summary_large_image\" \/>\n<meta name=\"twitter:label1\" content=\"Est. reading time\" \/>\n\t<meta name=\"twitter:data1\" content=\"1 minuta\" \/>\n<script type=\"application\/ld+json\" class=\"yoast-schema-graph\">{\"@context\":\"https:\/\/schema.org\",\"@graph\":[{\"@type\":\"WebPage\",\"@id\":\"https:\/\/igralni-aparati.si\/trgovina\/izdelek\/biljard-krogle-green-pro-57-2-mmbela-60-3-mm\/\",\"url\":\"https:\/\/igralni-aparati.si\/trgovina\/izdelek\/biljard-krogle-green-pro-57-2-mmbela-60-3-mm\/\",\"name\":\"Biljard krogle Green Pro 57.2 mm + Bela 60.3 mm - 041 614 817\",\"isPartOf\":{\"@id\":\"https:\/\/igralni-aparati.si\/trgovina\/#website\"},\"primaryImageOfPage\":{\"@id\":\"https:\/\/igralni-aparati.si\/trgovina\/izdelek\/biljard-krogle-green-pro-57-2-mmbela-60-3-mm\/#primaryimage\"},\"image\":{\"@id\":\"https:\/\/igralni-aparati.si\/trgovina\/izdelek\/biljard-krogle-green-pro-57-2-mmbela-60-3-mm\/#primaryimage\"},\"thumbnailUrl\":\"https:\/\/igralni-aparati.si\/trgovina\/wp-content\/uploads\/2020\/12\/Krogle-za-Biljard-Green-scaled-e1658695380939.jpg\",\"datePublished\":\"2020-12-05T10:03:35+00:00\",\"dateModified\":\"2026-04-01T06:12:30+00:00\",\"description\":\"Velik izbor komplet krogel za biljard, razli\u010dnih cenovnih razredov, po ugodni ceni. Biljard krogle Green Pro 57.2 mm + Bela 60.3 mm. Zelo konkuren\u010dne cene!\",\"breadcrumb\":{\"@id\":\"https:\/\/igralni-aparati.si\/trgovina\/izdelek\/biljard-krogle-green-pro-57-2-mmbela-60-3-mm\/#breadcrumb\"},\"inLanguage\":\"sl-SI\",\"potentialAction\":[{\"@type\":\"ReadAction\",\"target\":[\"https:\/\/igralni-aparati.si\/trgovina\/izdelek\/biljard-krogle-green-pro-57-2-mmbela-60-3-mm\/\"]}]},{\"@type\":\"ImageObject\",\"inLanguage\":\"sl-SI\",\"@id\":\"https:\/\/igralni-aparati.si\/trgovina\/izdelek\/biljard-krogle-green-pro-57-2-mmbela-60-3-mm\/#primaryimage\",\"url\":\"https:\/\/igralni-aparati.si\/trgovina\/wp-content\/uploads\/2020\/12\/Krogle-za-Biljard-Green-scaled-e1658695380939.jpg\",\"contentUrl\":\"https:\/\/igralni-aparati.si\/trgovina\/wp-content\/uploads\/2020\/12\/Krogle-za-Biljard-Green-scaled-e1658695380939.jpg\",\"width\":2041,\"height\":1881,\"caption\":\"Krogle za Biljard Green 57,2 mm + Bela 60,3 mm\"},{\"@type\":\"BreadcrumbList\",\"@id\":\"https:\/\/igralni-aparati.si\/trgovina\/izdelek\/biljard-krogle-green-pro-57-2-mmbela-60-3-mm\/#breadcrumb\",\"itemListElement\":[{\"@type\":\"ListItem\",\"position\":1,\"name\":\"Home\",\"item\":\"https:\/\/igralni-aparati.si\/trgovina\/\"},{\"@type\":\"ListItem\",\"position\":2,\"name\":\"Katalog izdelkov\",\"item\":\"https:\/\/igralni-aparati.si\/trgovina\/\"},{\"@type\":\"ListItem\",\"position\":3,\"name\":\"Biljard krogle Green Pro 57.2 mm + Bela 60.3 mm\"}]},{\"@type\":\"WebSite\",\"@id\":\"https:\/\/igralni-aparati.si\/trgovina\/#website\",\"url\":\"https:\/\/igralni-aparati.si\/trgovina\/\",\"name\":\"EUROCLAS &amp; Co. d.o.o.\",\"description\":\"Za dodatne informacije  pokli\u010dite:\u00a0 041 614 817\",\"publisher\":{\"@id\":\"https:\/\/igralni-aparati.si\/trgovina\/#organization\"},\"potentialAction\":[{\"@type\":\"SearchAction\",\"target\":{\"@type\":\"EntryPoint\",\"urlTemplate\":\"https:\/\/igralni-aparati.si\/trgovina\/?s={search_term_string}\"},\"query-input\":{\"@type\":\"PropertyValueSpecification\",\"valueRequired\":true,\"valueName\":\"search_term_string\"}}],\"inLanguage\":\"sl-SI\"},{\"@type\":\"Organization\",\"@id\":\"https:\/\/igralni-aparati.si\/trgovina\/#organization\",\"name\":\"EUROCLAS &amp; Co. d.o.o.\",\"url\":\"https:\/\/igralni-aparati.si\/trgovina\/\",\"logo\":{\"@type\":\"ImageObject\",\"inLanguage\":\"sl-SI\",\"@id\":\"https:\/\/igralni-aparati.si\/trgovina\/#\/schema\/logo\/image\/\",\"url\":\"https:\/\/igralni-aparati.si\/trgovina\/wp-content\/uploads\/2020\/05\/LOGO4-2.jpg\",\"contentUrl\":\"https:\/\/igralni-aparati.si\/trgovina\/wp-content\/uploads\/2020\/05\/LOGO4-2.jpg\",\"width\":289,\"height\":78,\"caption\":\"EUROCLAS &amp; Co. d.o.o.\"},\"image\":{\"@id\":\"https:\/\/igralni-aparati.si\/trgovina\/#\/schema\/logo\/image\/\"}}]}<\/script>\n<!-- \/ Yoast SEO plugin. -->","yoast_head_json":{"title":"Biljard krogle Green Pro 57.2 mm + Bela 60.3 mm - 041 614 817","description":"Velik izbor komplet krogel za biljard, razli\u010dnih cenovnih razredov, po ugodni ceni. Biljard krogle Green Pro 57.2 mm + Bela 60.3 mm. Zelo konkuren\u010dne cene!","robots":{"index":"index","follow":"follow","max-snippet":"max-snippet:-1","max-image-preview":"max-image-preview:large","max-video-preview":"max-video-preview:-1"},"canonical":"https:\/\/igralni-aparati.si\/trgovina\/izdelek\/biljard-krogle-green-pro-57-2-mmbela-60-3-mm\/","og_locale":"sl_SI","og_type":"article","og_title":"Biljard krogle Green Pro 57.2 mm + Bela 60.3 mm - 041 614 817","og_description":"Velik izbor komplet krogel za biljard, razli\u010dnih cenovnih razredov, po ugodni ceni. Biljard krogle Green Pro 57.2 mm + Bela 60.3 mm. Zelo konkuren\u010dne cene!","og_url":"https:\/\/igralni-aparati.si\/trgovina\/izdelek\/biljard-krogle-green-pro-57-2-mmbela-60-3-mm\/","og_site_name":"EUROCLAS &amp; Co. d.o.o.","article_modified_time":"2026-04-01T06:12:30+00:00","og_image":[{"width":2041,"height":1881,"url":"https:\/\/igralni-aparati.si\/trgovina\/wp-content\/uploads\/2020\/12\/Krogle-za-Biljard-Green-scaled-e1658695380939.jpg","type":"image\/jpeg"}],"twitter_card":"summary_large_image","twitter_misc":{"Est. reading time":"1 minuta"},"schema":{"@context":"https:\/\/schema.org","@graph":[{"@type":"WebPage","@id":"https:\/\/igralni-aparati.si\/trgovina\/izdelek\/biljard-krogle-green-pro-57-2-mmbela-60-3-mm\/","url":"https:\/\/igralni-aparati.si\/trgovina\/izdelek\/biljard-krogle-green-pro-57-2-mmbela-60-3-mm\/","name":"Biljard krogle Green Pro 57.2 mm + Bela 60.3 mm - 041 614 817","isPartOf":{"@id":"https:\/\/igralni-aparati.si\/trgovina\/#website"},"primaryImageOfPage":{"@id":"https:\/\/igralni-aparati.si\/trgovina\/izdelek\/biljard-krogle-green-pro-57-2-mmbela-60-3-mm\/#primaryimage"},"image":{"@id":"https:\/\/igralni-aparati.si\/trgovina\/izdelek\/biljard-krogle-green-pro-57-2-mmbela-60-3-mm\/#primaryimage"},"thumbnailUrl":"https:\/\/igralni-aparati.si\/trgovina\/wp-content\/uploads\/2020\/12\/Krogle-za-Biljard-Green-scaled-e1658695380939.jpg","datePublished":"2020-12-05T10:03:35+00:00","dateModified":"2026-04-01T06:12:30+00:00","description":"Velik izbor komplet krogel za biljard, razli\u010dnih cenovnih razredov, po ugodni ceni. Biljard krogle Green Pro 57.2 mm + Bela 60.3 mm. Zelo konkuren\u010dne cene!","breadcrumb":{"@id":"https:\/\/igralni-aparati.si\/trgovina\/izdelek\/biljard-krogle-green-pro-57-2-mmbela-60-3-mm\/#breadcrumb"},"inLanguage":"sl-SI","potentialAction":[{"@type":"ReadAction","target":["https:\/\/igralni-aparati.si\/trgovina\/izdelek\/biljard-krogle-green-pro-57-2-mmbela-60-3-mm\/"]}]},{"@type":"ImageObject","inLanguage":"sl-SI","@id":"https:\/\/igralni-aparati.si\/trgovina\/izdelek\/biljard-krogle-green-pro-57-2-mmbela-60-3-mm\/#primaryimage","url":"https:\/\/igralni-aparati.si\/trgovina\/wp-content\/uploads\/2020\/12\/Krogle-za-Biljard-Green-scaled-e1658695380939.jpg","contentUrl":"https:\/\/igralni-aparati.si\/trgovina\/wp-content\/uploads\/2020\/12\/Krogle-za-Biljard-Green-scaled-e1658695380939.jpg","width":2041,"height":1881,"caption":"Krogle za Biljard Green 57,2 mm + Bela 60,3 mm"},{"@type":"BreadcrumbList","@id":"https:\/\/igralni-aparati.si\/trgovina\/izdelek\/biljard-krogle-green-pro-57-2-mmbela-60-3-mm\/#breadcrumb","itemListElement":[{"@type":"ListItem","position":1,"name":"Home","item":"https:\/\/igralni-aparati.si\/trgovina\/"},{"@type":"ListItem","position":2,"name":"Katalog izdelkov","item":"https:\/\/igralni-aparati.si\/trgovina\/"},{"@type":"ListItem","position":3,"name":"Biljard krogle Green Pro 57.2 mm + Bela 60.3 mm"}]},{"@type":"WebSite","@id":"https:\/\/igralni-aparati.si\/trgovina\/#website","url":"https:\/\/igralni-aparati.si\/trgovina\/","name":"EUROCLAS &amp; Co. d.o.o.","description":"Za dodatne informacije  pokli\u010dite:\u00a0 041 614 817","publisher":{"@id":"https:\/\/igralni-aparati.si\/trgovina\/#organization"},"potentialAction":[{"@type":"SearchAction","target":{"@type":"EntryPoint","urlTemplate":"https:\/\/igralni-aparati.si\/trgovina\/?s={search_term_string}"},"query-input":{"@type":"PropertyValueSpecification","valueRequired":true,"valueName":"search_term_string"}}],"inLanguage":"sl-SI"},{"@type":"Organization","@id":"https:\/\/igralni-aparati.si\/trgovina\/#organization","name":"EUROCLAS &amp; Co. d.o.o.","url":"https:\/\/igralni-aparati.si\/trgovina\/","logo":{"@type":"ImageObject","inLanguage":"sl-SI","@id":"https:\/\/igralni-aparati.si\/trgovina\/#\/schema\/logo\/image\/","url":"https:\/\/igralni-aparati.si\/trgovina\/wp-content\/uploads\/2020\/05\/LOGO4-2.jpg","contentUrl":"https:\/\/igralni-aparati.si\/trgovina\/wp-content\/uploads\/2020\/05\/LOGO4-2.jpg","width":289,"height":78,"caption":"EUROCLAS &amp; Co. d.o.o."},"image":{"@id":"https:\/\/igralni-aparati.si\/trgovina\/#\/schema\/logo\/image\/"}}]}},"_links":{"self":[{"href":"https:\/\/igralni-aparati.si\/trgovina\/wp-json\/wp\/v2\/product\/2130","targetHints":{"allow":["GET"]}}],"collection":[{"href":"https:\/\/igralni-aparati.si\/trgovina\/wp-json\/wp\/v2\/product"}],"about":[{"href":"https:\/\/igralni-aparati.si\/trgovina\/wp-json\/wp\/v2\/types\/product"}],"replies":[{"embeddable":true,"href":"https:\/\/igralni-aparati.si\/trgovina\/wp-json\/wp\/v2\/comments?post=2130"}],"version-history":[{"count":20,"href":"https:\/\/igralni-aparati.si\/trgovina\/wp-json\/wp\/v2\/product\/2130\/revisions"}],"predecessor-version":[{"id":4439,"href":"https:\/\/igralni-aparati.si\/trgovina\/wp-json\/wp\/v2\/product\/2130\/revisions\/4439"}],"wp:featuredmedia":[{"embeddable":true,"href":"https:\/\/igralni-aparati.si\/trgovina\/wp-json\/wp\/v2\/media\/4385"}],"wp:attachment":[{"href":"https:\/\/igralni-aparati.si\/trgovina\/wp-json\/wp\/v2\/media?parent=2130"}],"wp:term":[{"taxonomy":"product_brand","embeddable":true,"href":"https:\/\/igralni-aparati.si\/trgovina\/wp-json\/wp\/v2\/product_brand?post=2130"},{"taxonomy":"product_cat","embeddable":true,"href":"https:\/\/igralni-aparati.si\/trgovina\/wp-json\/wp\/v2\/product_cat?post=2130"},{"taxonomy":"product_tag","embeddable":true,"href":"https:\/\/igralni-aparati.si\/trgovina\/wp-json\/wp\/v2\/product_tag?post=2130"}],"curies":[{"name":"wp","href":"https:\/\/api.w.org\/{rel}","templated":true}]}}