{"id":2252,"date":"2020-12-09T17:03:35","date_gmt":"2020-12-09T17:03:35","guid":{"rendered":"https:\/\/igralni-aparati.si\/trgovina\/?post_type=product&#038;p=2252"},"modified":"2024-11-03T10:14:27","modified_gmt":"2024-11-03T10:14:27","slug":"biljard-miza-wik-7ft-rabljena-ugodno","status":"publish","type":"product","link":"https:\/\/igralni-aparati.si\/trgovina\/izdelek\/biljard-miza-wik-7ft-rabljena-ugodno\/","title":{"rendered":"BILJARD MIZA WIK 7Ft. &#8211; Rabljena &#8211; Ugodno"},"content":{"rendered":"<p><strong>OPIS IN TEHNI\u010cNI PODATKI BILJARD MIZA WIK 7Ft. &#8211; Rabljena\u00a0 &#8211; Ugodno:<\/strong><\/p>\n<ul>\n<li>Ohi\u0161je iz masivnega lepljenega lesa v \u010drni barvi in imitaciji lesa, modernega izgleda<\/li>\n<li>Profesionalna igralna plo\u0161\u010da iz \u0161kriljevca v enem kosu.<\/li>\n<li>Okvir in vogalniki biljarda iz aluminija in kakovostnimi odbojnimi gumami.<\/li>\n<li>Elektronski sistem z akumulatorjem za izpust krogel, na \u017eetone ali kovance.<\/li>\n<li>Proizvedeno v EU<\/li>\n<li>Mo\u017enost nastavitve na FREE PLAY<\/li>\n<li>Velikost biljarda 230 x 130 cm<\/li>\n<li>Velikost igralne povr\u0161ine 200 x 100 cm (7 Ft.)<\/li>\n<li>Blago v zeleni barvi<\/li>\n<li>Prilo\u017een pribor za igro: krogle, biljard palice, trikotnik, krede, \u010depi &#8230;..<\/li>\n<li>Velikost potrebnega prostora za postavitev in igro:\u00a0 cca 400 cm x\u00a0 500 cm<\/li>\n<li>skratka Biljard Miza Wik 7Ft. &#8211; Rabljena &#8211; Ugodno, je odli\u010dna in cenovno ugodna izbira.<\/li>\n<\/ul>\n<p>Na\u0161e\u00a0 vam zagotavlja izposojo kakovostnih aparatov in storitev, ter korekten poslovni odnos, kar potrjujejo tudi \u0161tevilne na\u0161e zadovoljne stranke.<\/p>\n<p><span style=\"color: #008000;\">Vabimo vas, da obi\u0161\u010dete na\u0161 razstavni salon, kjer si lahko in preizkusite dodatni pribor in rezervne dele za biljard. Bogata izbira biljardnih palic, torb in kov\u010dkov za palice, krogel, \u010depov, krede idr. Nahajamo se 15 minut od Ljubljanske obvoznice.<\/span><\/p>\n<p><span style=\"color: #ff0000;\">IGRALNI APARATI &#8211; Prodaja &#8211; Najem &#8211; Servis &#8211; Rezervni deli &#8211; Izposoja<\/span><\/p>\n<p>Na\u0161e podjetje EUROCLAS &amp; Co. d.o.o., vam zagotavlja prodajo kakovostnih igralnih aparatov in storitev, ter korekten poslovni odnos, kar potrjujejo tudi na\u0161e \u0161tevilne zadovoljne stranke. Prepri\u010dajte se tudi sami in postanite tudi vi, eden izmed na\u0161ih zadovoljnih kupcev.<\/p>\n<p><a href=\"https:\/\/igralni-aparati.si\/trgovina\/reference\/\" target=\"_blank\" rel=\"noopener\">Povezava do na\u0161ih bogatih referenc &gt;&gt;<\/a><\/p>\n<p><a href=\"https:\/\/igralni-aparati.si\/trgovina\/zadovoljne_stranke\/\" target=\"_blank\" rel=\"noopener\">Povezava do izjav, na\u0161ih zadovoljnih strank &gt;&gt;<\/a><\/p>\n<p><a href=\"https:\/\/www.bolha.com\/trgovina\/euroaparati\">Vabljeni k ogledu na\u0161e trgovine na Bolhi &gt;&gt;<\/a><\/p>\n","protected":false},"excerpt":{"rendered":"<p><strong>Biljard miza WIK 7Ft. &#8211; Rabljena &#8211; Ugodno. <\/strong>Namenjen je profesionalni uporabi v lokalih, igralnicah, kakor tudi klubski ali doma\u010di uporabi. Odlikuje ga kvalitetna in robustna izdelava, saj je izdelan iz masivnega lepljenega lesa, okvir in vogalniki so iz aluminija, kar vam zagotavlja brezskrbno igro na dolga leta za vse generacije.<span style=\"color: #0000ff;\"><span style=\"color: #000000;\">\u00a0Odli\u010dno ohranjen.<\/span> <\/span><\/p>\n<p><span style=\"color: #0000ff;\">Mo\u017enost dostave in pomo\u010di pri vnosu in postavitvi biljarda.<\/span><\/p>\n<p><span style=\"color: #008000;\">Vabimo vas, da obi\u0161\u010dete na\u0161 razstavni salon, kjer si lahko in preizkusite dodatni pribor in rezervne dele za biljard. Bogata izbira biljardnih palic, torb in kov\u010dkov za palice, krogel, \u010depov, krede idr. Nahajamo se 15 minut od Ljubljanske obvoznice.<\/span><\/p>\n<p><span style=\"color: #ff0000;\">IGRALNI APARATI &#8211; Prodaja &#8211; Najem &#8211; Servis &#8211; Rezervni deli &#8211; Izposoja<\/span><\/p>\n<p>Na\u0161e podjetje EUROCLAS &amp; Co. d.o.o., vam zagotavlja prodajo kakovostnih igralnih aparatov in storitev, ter korekten poslovni odnos, kar potrjujejo tudi na\u0161e \u0161tevilne zadovoljne stranke. Prepri\u010dajte se tudi sami in postanite tudi vi, eden izmed na\u0161ih zadovoljnih kupcev.<\/p>\n","protected":false},"featured_media":4279,"comment_status":"open","ping_status":"closed","template":"","meta":{"site-sidebar-layout":"default","site-content-layout":"default","ast-site-content-layout":"default","site-content-style":"default","site-sidebar-style":"default","ast-global-header-display":"","ast-banner-title-visibility":"","ast-main-header-display":"","ast-hfb-above-header-display":"","ast-hfb-below-header-display":"","ast-hfb-mobile-header-display":"","site-post-title":"","ast-breadcrumbs-content":"","ast-featured-img":"","footer-sml-layout":"","theme-transparent-header-meta":"default","adv-header-id-meta":"","stick-header-meta":"","header-above-stick-meta":"","header-main-stick-meta":"","header-below-stick-meta":"","astra-migrate-meta-layouts":"default","ast-page-background-enabled":"default","ast-page-background-meta":{"desktop":{"background-color":"","background-image":"","background-repeat":"repeat","background-position":"center center","background-size":"auto","background-attachment":"scroll","background-type":"","background-media":"","overlay-type":"","overlay-color":"","overlay-opacity":"","overlay-gradient":""},"tablet":{"background-color":"","background-image":"","background-repeat":"repeat","background-position":"center center","background-size":"auto","background-attachment":"scroll","background-type":"","background-media":"","overlay-type":"","overlay-color":"","overlay-opacity":"","overlay-gradient":""},"mobile":{"background-color":"","background-image":"","background-repeat":"repeat","background-position":"center center","background-size":"auto","background-attachment":"scroll","background-type":"","background-media":"","overlay-type":"","overlay-color":"","overlay-opacity":"","overlay-gradient":""}},"ast-content-background-meta":{"desktop":{"background-color":"var(--ast-global-color-5)","background-image":"","background-repeat":"repeat","background-position":"center center","background-size":"auto","background-attachment":"scroll","background-type":"","background-media":"","overlay-type":"","overlay-color":"","overlay-opacity":"","overlay-gradient":""},"tablet":{"background-color":"var(--ast-global-color-5)","background-image":"","background-repeat":"repeat","background-position":"center center","background-size":"auto","background-attachment":"scroll","background-type":"","background-media":"","overlay-type":"","overlay-color":"","overlay-opacity":"","overlay-gradient":""},"mobile":{"background-color":"var(--ast-global-color-5)","background-image":"","background-repeat":"repeat","background-position":"center center","background-size":"auto","background-attachment":"scroll","background-type":"","background-media":"","overlay-type":"","overlay-color":"","overlay-opacity":"","overlay-gradient":""}}},"product_brand":[],"product_cat":[58,29],"product_tag":[74,92,48],"class_list":{"0":"post-2252","1":"product","2":"type-product","3":"status-publish","4":"has-post-thumbnail","6":"product_cat-biljard-mize-rabljene","7":"product_cat-rabljeni-igralni-aparati-igralni-avtomati","8":"product_tag-profesionalna-in-privatna-uporaba","9":"product_tag-vse-za-biljard","10":"product_tag-wik","11":"desktop-align-left","12":"tablet-align-left","13":"mobile-align-left","15":"first","16":"instock","17":"taxable","18":"shipping-taxable","19":"product-type-simple"},"yoast_head":"<!-- This site is optimized with the Yoast SEO plugin v25.8 - https:\/\/yoast.com\/wordpress\/plugins\/seo\/ -->\n<title>BILJARD MIZA WIK 7Ft. - Rabljena - Ugodno - Pokli\u010dite: 041 614 817<\/title>\n<meta name=\"description\" content=\"Biljard miza Wik 7Ft. - Rabljena - Ugodno. Na voljo tudi ves pribor potreben za igro biljarda in deli. Velika izbira blaga in biljard palic.\" \/>\n<meta name=\"robots\" content=\"index, follow, max-snippet:-1, max-image-preview:large, max-video-preview:-1\" \/>\n<link rel=\"canonical\" href=\"https:\/\/igralni-aparati.si\/trgovina\/izdelek\/biljard-miza-wik-7ft-rabljena-ugodno\/\" \/>\n<meta property=\"og:locale\" content=\"sl_SI\" \/>\n<meta property=\"og:type\" content=\"article\" \/>\n<meta property=\"og:title\" content=\"BILJARD MIZA WIK 7Ft. - Rabljena - Ugodno - Pokli\u010dite: 041 614 817\" \/>\n<meta property=\"og:description\" content=\"Biljard miza Wik 7Ft. - Rabljena - Ugodno. Na voljo tudi ves pribor potreben za igro biljarda in deli. Velika izbira blaga in biljard palic.\" \/>\n<meta property=\"og:url\" content=\"https:\/\/igralni-aparati.si\/trgovina\/izdelek\/biljard-miza-wik-7ft-rabljena-ugodno\/\" \/>\n<meta property=\"og:site_name\" content=\"EUROCLAS &amp; Co. d.o.o.\" \/>\n<meta property=\"article:modified_time\" content=\"2024-11-03T10:14:27+00:00\" \/>\n<meta property=\"og:image\" content=\"https:\/\/igralni-aparati.si\/trgovina\/wp-content\/uploads\/2020\/12\/20191116_175812.jpg\" \/>\n\t<meta property=\"og:image:width\" content=\"876\" \/>\n\t<meta property=\"og:image:height\" content=\"807\" \/>\n\t<meta property=\"og:image:type\" content=\"image\/jpeg\" \/>\n<meta name=\"twitter:card\" content=\"summary_large_image\" \/>\n<meta name=\"twitter:label1\" content=\"Est. reading time\" \/>\n\t<meta name=\"twitter:data1\" content=\"2 minuti\" \/>\n<script type=\"application\/ld+json\" class=\"yoast-schema-graph\">{\"@context\":\"https:\/\/schema.org\",\"@graph\":[{\"@type\":\"WebPage\",\"@id\":\"https:\/\/igralni-aparati.si\/trgovina\/izdelek\/biljard-miza-wik-7ft-rabljena-ugodno\/\",\"url\":\"https:\/\/igralni-aparati.si\/trgovina\/izdelek\/biljard-miza-wik-7ft-rabljena-ugodno\/\",\"name\":\"BILJARD MIZA WIK 7Ft. - Rabljena - Ugodno - Pokli\u010dite: 041 614 817\",\"isPartOf\":{\"@id\":\"https:\/\/igralni-aparati.si\/trgovina\/#website\"},\"primaryImageOfPage\":{\"@id\":\"https:\/\/igralni-aparati.si\/trgovina\/izdelek\/biljard-miza-wik-7ft-rabljena-ugodno\/#primaryimage\"},\"image\":{\"@id\":\"https:\/\/igralni-aparati.si\/trgovina\/izdelek\/biljard-miza-wik-7ft-rabljena-ugodno\/#primaryimage\"},\"thumbnailUrl\":\"https:\/\/igralni-aparati.si\/trgovina\/wp-content\/uploads\/2020\/12\/20191116_175812.jpg\",\"datePublished\":\"2020-12-09T17:03:35+00:00\",\"dateModified\":\"2024-11-03T10:14:27+00:00\",\"description\":\"Biljard miza Wik 7Ft. - Rabljena - Ugodno. Na voljo tudi ves pribor potreben za igro biljarda in deli. Velika izbira blaga in biljard palic.\",\"breadcrumb\":{\"@id\":\"https:\/\/igralni-aparati.si\/trgovina\/izdelek\/biljard-miza-wik-7ft-rabljena-ugodno\/#breadcrumb\"},\"inLanguage\":\"sl-SI\",\"potentialAction\":[{\"@type\":\"ReadAction\",\"target\":[\"https:\/\/igralni-aparati.si\/trgovina\/izdelek\/biljard-miza-wik-7ft-rabljena-ugodno\/\"]}]},{\"@type\":\"ImageObject\",\"inLanguage\":\"sl-SI\",\"@id\":\"https:\/\/igralni-aparati.si\/trgovina\/izdelek\/biljard-miza-wik-7ft-rabljena-ugodno\/#primaryimage\",\"url\":\"https:\/\/igralni-aparati.si\/trgovina\/wp-content\/uploads\/2020\/12\/20191116_175812.jpg\",\"contentUrl\":\"https:\/\/igralni-aparati.si\/trgovina\/wp-content\/uploads\/2020\/12\/20191116_175812.jpg\",\"width\":876,\"height\":807,\"caption\":\"Biljard miza Wik 7 Ft. - Rabljena - Ugodno\"},{\"@type\":\"BreadcrumbList\",\"@id\":\"https:\/\/igralni-aparati.si\/trgovina\/izdelek\/biljard-miza-wik-7ft-rabljena-ugodno\/#breadcrumb\",\"itemListElement\":[{\"@type\":\"ListItem\",\"position\":1,\"name\":\"Home\",\"item\":\"https:\/\/igralni-aparati.si\/trgovina\/\"},{\"@type\":\"ListItem\",\"position\":2,\"name\":\"Katalog izdelkov\",\"item\":\"https:\/\/igralni-aparati.si\/trgovina\/\"},{\"@type\":\"ListItem\",\"position\":3,\"name\":\"BILJARD MIZA WIK 7Ft. &#8211; Rabljena &#8211; Ugodno\"}]},{\"@type\":\"WebSite\",\"@id\":\"https:\/\/igralni-aparati.si\/trgovina\/#website\",\"url\":\"https:\/\/igralni-aparati.si\/trgovina\/\",\"name\":\"EUROCLAS &amp; Co. d.o.o.\",\"description\":\"Za dodatne informacije  pokli\u010dite:\u00a0 041 614 817\",\"publisher\":{\"@id\":\"https:\/\/igralni-aparati.si\/trgovina\/#organization\"},\"potentialAction\":[{\"@type\":\"SearchAction\",\"target\":{\"@type\":\"EntryPoint\",\"urlTemplate\":\"https:\/\/igralni-aparati.si\/trgovina\/?s={search_term_string}\"},\"query-input\":{\"@type\":\"PropertyValueSpecification\",\"valueRequired\":true,\"valueName\":\"search_term_string\"}}],\"inLanguage\":\"sl-SI\"},{\"@type\":\"Organization\",\"@id\":\"https:\/\/igralni-aparati.si\/trgovina\/#organization\",\"name\":\"EUROCLAS &amp; Co. d.o.o.\",\"url\":\"https:\/\/igralni-aparati.si\/trgovina\/\",\"logo\":{\"@type\":\"ImageObject\",\"inLanguage\":\"sl-SI\",\"@id\":\"https:\/\/igralni-aparati.si\/trgovina\/#\/schema\/logo\/image\/\",\"url\":\"https:\/\/igralni-aparati.si\/trgovina\/wp-content\/uploads\/2020\/05\/LOGO4-2.jpg\",\"contentUrl\":\"https:\/\/igralni-aparati.si\/trgovina\/wp-content\/uploads\/2020\/05\/LOGO4-2.jpg\",\"width\":289,\"height\":78,\"caption\":\"EUROCLAS &amp; Co. d.o.o.\"},\"image\":{\"@id\":\"https:\/\/igralni-aparati.si\/trgovina\/#\/schema\/logo\/image\/\"}}]}<\/script>\n<!-- \/ Yoast SEO plugin. -->","yoast_head_json":{"title":"BILJARD MIZA WIK 7Ft. - Rabljena - Ugodno - Pokli\u010dite: 041 614 817","description":"Biljard miza Wik 7Ft. - Rabljena - Ugodno. Na voljo tudi ves pribor potreben za igro biljarda in deli. Velika izbira blaga in biljard palic.","robots":{"index":"index","follow":"follow","max-snippet":"max-snippet:-1","max-image-preview":"max-image-preview:large","max-video-preview":"max-video-preview:-1"},"canonical":"https:\/\/igralni-aparati.si\/trgovina\/izdelek\/biljard-miza-wik-7ft-rabljena-ugodno\/","og_locale":"sl_SI","og_type":"article","og_title":"BILJARD MIZA WIK 7Ft. - Rabljena - Ugodno - Pokli\u010dite: 041 614 817","og_description":"Biljard miza Wik 7Ft. - Rabljena - Ugodno. Na voljo tudi ves pribor potreben za igro biljarda in deli. Velika izbira blaga in biljard palic.","og_url":"https:\/\/igralni-aparati.si\/trgovina\/izdelek\/biljard-miza-wik-7ft-rabljena-ugodno\/","og_site_name":"EUROCLAS &amp; Co. d.o.o.","article_modified_time":"2024-11-03T10:14:27+00:00","og_image":[{"width":876,"height":807,"url":"https:\/\/igralni-aparati.si\/trgovina\/wp-content\/uploads\/2020\/12\/20191116_175812.jpg","type":"image\/jpeg"}],"twitter_card":"summary_large_image","twitter_misc":{"Est. reading time":"2 minuti"},"schema":{"@context":"https:\/\/schema.org","@graph":[{"@type":"WebPage","@id":"https:\/\/igralni-aparati.si\/trgovina\/izdelek\/biljard-miza-wik-7ft-rabljena-ugodno\/","url":"https:\/\/igralni-aparati.si\/trgovina\/izdelek\/biljard-miza-wik-7ft-rabljena-ugodno\/","name":"BILJARD MIZA WIK 7Ft. - Rabljena - Ugodno - Pokli\u010dite: 041 614 817","isPartOf":{"@id":"https:\/\/igralni-aparati.si\/trgovina\/#website"},"primaryImageOfPage":{"@id":"https:\/\/igralni-aparati.si\/trgovina\/izdelek\/biljard-miza-wik-7ft-rabljena-ugodno\/#primaryimage"},"image":{"@id":"https:\/\/igralni-aparati.si\/trgovina\/izdelek\/biljard-miza-wik-7ft-rabljena-ugodno\/#primaryimage"},"thumbnailUrl":"https:\/\/igralni-aparati.si\/trgovina\/wp-content\/uploads\/2020\/12\/20191116_175812.jpg","datePublished":"2020-12-09T17:03:35+00:00","dateModified":"2024-11-03T10:14:27+00:00","description":"Biljard miza Wik 7Ft. - Rabljena - Ugodno. Na voljo tudi ves pribor potreben za igro biljarda in deli. Velika izbira blaga in biljard palic.","breadcrumb":{"@id":"https:\/\/igralni-aparati.si\/trgovina\/izdelek\/biljard-miza-wik-7ft-rabljena-ugodno\/#breadcrumb"},"inLanguage":"sl-SI","potentialAction":[{"@type":"ReadAction","target":["https:\/\/igralni-aparati.si\/trgovina\/izdelek\/biljard-miza-wik-7ft-rabljena-ugodno\/"]}]},{"@type":"ImageObject","inLanguage":"sl-SI","@id":"https:\/\/igralni-aparati.si\/trgovina\/izdelek\/biljard-miza-wik-7ft-rabljena-ugodno\/#primaryimage","url":"https:\/\/igralni-aparati.si\/trgovina\/wp-content\/uploads\/2020\/12\/20191116_175812.jpg","contentUrl":"https:\/\/igralni-aparati.si\/trgovina\/wp-content\/uploads\/2020\/12\/20191116_175812.jpg","width":876,"height":807,"caption":"Biljard miza Wik 7 Ft. - Rabljena - Ugodno"},{"@type":"BreadcrumbList","@id":"https:\/\/igralni-aparati.si\/trgovina\/izdelek\/biljard-miza-wik-7ft-rabljena-ugodno\/#breadcrumb","itemListElement":[{"@type":"ListItem","position":1,"name":"Home","item":"https:\/\/igralni-aparati.si\/trgovina\/"},{"@type":"ListItem","position":2,"name":"Katalog izdelkov","item":"https:\/\/igralni-aparati.si\/trgovina\/"},{"@type":"ListItem","position":3,"name":"BILJARD MIZA WIK 7Ft. &#8211; Rabljena &#8211; Ugodno"}]},{"@type":"WebSite","@id":"https:\/\/igralni-aparati.si\/trgovina\/#website","url":"https:\/\/igralni-aparati.si\/trgovina\/","name":"EUROCLAS &amp; Co. d.o.o.","description":"Za dodatne informacije  pokli\u010dite:\u00a0 041 614 817","publisher":{"@id":"https:\/\/igralni-aparati.si\/trgovina\/#organization"},"potentialAction":[{"@type":"SearchAction","target":{"@type":"EntryPoint","urlTemplate":"https:\/\/igralni-aparati.si\/trgovina\/?s={search_term_string}"},"query-input":{"@type":"PropertyValueSpecification","valueRequired":true,"valueName":"search_term_string"}}],"inLanguage":"sl-SI"},{"@type":"Organization","@id":"https:\/\/igralni-aparati.si\/trgovina\/#organization","name":"EUROCLAS &amp; Co. d.o.o.","url":"https:\/\/igralni-aparati.si\/trgovina\/","logo":{"@type":"ImageObject","inLanguage":"sl-SI","@id":"https:\/\/igralni-aparati.si\/trgovina\/#\/schema\/logo\/image\/","url":"https:\/\/igralni-aparati.si\/trgovina\/wp-content\/uploads\/2020\/05\/LOGO4-2.jpg","contentUrl":"https:\/\/igralni-aparati.si\/trgovina\/wp-content\/uploads\/2020\/05\/LOGO4-2.jpg","width":289,"height":78,"caption":"EUROCLAS &amp; Co. d.o.o."},"image":{"@id":"https:\/\/igralni-aparati.si\/trgovina\/#\/schema\/logo\/image\/"}}]}},"_links":{"self":[{"href":"https:\/\/igralni-aparati.si\/trgovina\/wp-json\/wp\/v2\/product\/2252","targetHints":{"allow":["GET"]}}],"collection":[{"href":"https:\/\/igralni-aparati.si\/trgovina\/wp-json\/wp\/v2\/product"}],"about":[{"href":"https:\/\/igralni-aparati.si\/trgovina\/wp-json\/wp\/v2\/types\/product"}],"replies":[{"embeddable":true,"href":"https:\/\/igralni-aparati.si\/trgovina\/wp-json\/wp\/v2\/comments?post=2252"}],"version-history":[{"count":7,"href":"https:\/\/igralni-aparati.si\/trgovina\/wp-json\/wp\/v2\/product\/2252\/revisions"}],"predecessor-version":[{"id":4282,"href":"https:\/\/igralni-aparati.si\/trgovina\/wp-json\/wp\/v2\/product\/2252\/revisions\/4282"}],"wp:featuredmedia":[{"embeddable":true,"href":"https:\/\/igralni-aparati.si\/trgovina\/wp-json\/wp\/v2\/media\/4279"}],"wp:attachment":[{"href":"https:\/\/igralni-aparati.si\/trgovina\/wp-json\/wp\/v2\/media?parent=2252"}],"wp:term":[{"taxonomy":"product_brand","embeddable":true,"href":"https:\/\/igralni-aparati.si\/trgovina\/wp-json\/wp\/v2\/product_brand?post=2252"},{"taxonomy":"product_cat","embeddable":true,"href":"https:\/\/igralni-aparati.si\/trgovina\/wp-json\/wp\/v2\/product_cat?post=2252"},{"taxonomy":"product_tag","embeddable":true,"href":"https:\/\/igralni-aparati.si\/trgovina\/wp-json\/wp\/v2\/product_tag?post=2252"}],"curies":[{"name":"wp","href":"https:\/\/api.w.org\/{rel}","templated":true}]}}