{"id":2468,"date":"2021-01-02T13:56:11","date_gmt":"2021-01-02T13:56:11","guid":{"rendered":"https:\/\/igralni-aparati.si\/trgovina\/?post_type=product&#038;p=2468"},"modified":"2026-04-02T06:51:23","modified_gmt":"2026-04-02T06:51:23","slug":"rocni-namizni-nogomet-fabi-family-turnir-professional-akcija","status":"publish","type":"product","link":"https:\/\/igralni-aparati.si\/trgovina\/izdelek\/rocni-namizni-nogomet-fabi-family-turnir-professional-akcija\/","title":{"rendered":"Ro\u010dni &#8211; Namizni Nogomet FABI Family Turnir Professional &#8211; \u010crn"},"content":{"rendered":"<p><span style=\"color: #000000;\"><strong>OPIS IN TEHNI\u010cNI PODATKI RO\u010cNI -NAMIZNI NOGOMETA FA.BI. FAMILY TURNIR PROFESSIONAL &#8211; \u010cRN:<\/strong><\/span><\/p>\n<ul>\n<li>Ohi\u0161je iz vezane plo\u0161\u010de debeline 25 mm, oja\u010dano z aluminijastimi vogalnimi profili, na voljo v naslednjih barvah: marmornato siva in \u010drna.<\/li>\n<li>Po\u0161evni kovinski med sabo povezani nogi v \u010drni barvi, za najbolj\u0161o stabilnost nogometa.<\/li>\n<li>\u00a0Mo\u010dna in neuni\u010dljiva konstrukcija nogometa<\/li>\n<li><span style=\"color: #008000;\">Glede na klasi\u010dni ro\u010dni nogomet FABI. Family Profesional, se razlikuje po naslednjih detajlih: ima gumijaste ro\u010dke za bolj\u0161i oprijem, igralci z po\u0161evnimi zaokro\u017eenimi nogami za izvedbo trikov, nizki in o\u017eji koti na igralni povr\u0161ini in barvana igralna povr\u0161ina z izrisanim igri\u0161\u010dem.<\/span><\/li>\n<li><span style=\"color: #0000ff;\">\u00a0TELESKOPSKE (pomembno za varnost otrok) PROFESSIONALNE\u00a0 18 mm igralne palice vpete v le\u017eaje in vzmeti za bla\u017eenje udarcev.<\/span><\/li>\n<li>Igralci neposredno brizgani na igralno palico, v modro rde\u010di kombinaciji, ki se vam nikdar ne bodo polomili.<\/li>\n<li>Igralna povr\u0161ina je iz 5 mm kaljenega stekla pod katerim je izrisano igri\u0161\u010de v zeleni barvi in belimi \u010drtami.<\/li>\n<li>Velikost igralne povr\u0161ine 114 x 70 cm..<\/li>\n<li>Velikost nogometa z ro\u010dkami 138 x 110 cm, vi\u0161ina 89 cm.<\/li>\n<li>Velikost paketa 140 x 80 x 40 cm.<\/li>\n<li>\u0160tevec golov.<\/li>\n<li>Prilo\u017eeno 10 belih \u017eogic.<\/li>\n<li>Posebno olje za mazanje igralnih palic nogometa: BREZPLA\u010cNO<\/li>\n<li><span style=\"color: #0000ff;\">Narejeno v Italiji.<\/span><\/li>\n<li><span style=\"color: #0000ff;\">Garancija 1 leto.<\/span><\/li>\n<li>Cena nogometa v \u010drni barvi:\u00a0 704,92 \u20ac + DDV<\/li>\n<li>Opcija 1 &#8211; sestava za simboli\u010dno ceno: 24,59 \u20ac + DDV<\/li>\n<li>Opcija 2 &#8211; dostava: 28,69 \u20ac + DDV<\/li>\n<li>Opcija 3 &#8211; pokrivalo za nogomet &#8211; vodoodporno in proti pra\u0161na za\u0161\u010dita: 28.69 \u20ac + DDV<\/li>\n<\/ul>\n<p><strong>Lahko se odlo\u010dite za nakup ali kratkoro\u010dni oziroma dolgoro\u010dni najem. Kot na primer za pikniki, rojstno dnevne zabave, razne prireditve, gostinske lokale ipd., z dostavo ali brez. V primeru najem je vzdr\u017eevanje na\u0161 stro\u0161ek. Mo\u017enost najema in kasnej\u0161ega odkupa.<\/strong><\/p>\n<p><span style=\"color: #0000ff;\">Najbolj priljubljen in iskan ro\u010dni nogomet na Slovenskem tr\u017ei\u0161\u010du. Ro\u010dni nogomet, ki ste si ga vedno \u017eeleli in ki ga najdete v ve\u010dini lokalov po Sloveniji.<\/span><\/p>\n<p><span style=\"color: #ff0000;\">PRODAJA &#8211; NAJEM &#8211; SERVIS &#8211; DELI &#8211; IZPOSOJA<\/span><\/p>\n<p>Na\u0161e podjetje EUROCLAS &amp; Co. d.o.o., vam zagotavlja prodajo kakovostnih igralnih aparatov in storitev, ter korekten poslovni odnos, kar potrjujejo tudi na\u0161e \u0161tevilne zadovoljne stranke. Prepri\u010dajte se tudi sami in postanite tudi vi, eden izmed na\u0161ih zadovoljnih kupcev.<\/p>\n<p><a href=\"https:\/\/igralni-aparati.si\/reference2.html\" target=\"_blank\" rel=\"noopener\">Oglejte si nekaj na\u0161ih bogatih referenc &gt;&gt;<\/a><\/p>\n<p><a href=\"https:\/\/igralni-aparati.si\/stranke.html\" target=\"_blank\" rel=\"noopener\">Preberite si izjave na\u0161ih zadovoljnih strank &gt;&gt;<\/a><\/p>\n<p><a href=\"https:\/\/www.youtube.com\/channel\/UCMsDOO8aBg5MgXXMnONEBJg\" target=\"_blank\" rel=\"noopener\">Na\u0161 YouTube kanal Igralni Aparati &gt;&gt;<\/a><\/p>\n","protected":false},"excerpt":{"rendered":"<p><span style=\"color: #008000;\"><strong>Nogometi priznanega ITALIJANSKEGA PROIZVAJALCA FABI FAMILY TURNIR PROFESSIONAL :<\/strong><\/span><\/p>\n<ul>\n<li><span style=\"color: #000000;\">primerni za profesionalno in mno\u017ei\u010dno uporabo v podjetjih, \u0161olah, klubih, doma\u010do uporabo in drugih ustanovah, kakor tudi za rojstno dnevne zabave, poslovna sre\u010danja in druge prireditve.<\/span><\/li>\n<li><span style=\"color: #000000;\">Namizni nogomet FA.BI. Family Profesional, je identi\u010den gostilni\u0161kem nogometu, le da nima vgrajenega mehanizma na \u017eetone. Odlikuje ga kvalitetna in robustna izdelava, dolga \u017eivljenjska doba, priljubljenost pri igralcih vse starosti, vse to vam zagotavlja brezskrbno igro za vse generacije na dolga leta.<\/span><\/li>\n<li><span style=\"color: #008000;\">Glede na klasi\u010dni ro\u010dni nogomet FABI. Family Profesional, se razlikuje po naslednjih detajlih: ima gumijaste ro\u010dke za bolj\u0161i oprijem, igralci z po\u0161evnimi zaokro\u017eenimi nogami za izvedbo trikov, nizki in o\u017eji koti na igralni povr\u0161ini in barvana igralna povr\u0161ina z izrisanim igri\u0161\u010dem.<\/span><\/li>\n<li><span style=\"color: #0000ff;\">TELESKOPSKE PROFESSIONALNE 18 mm ule\u017eajene igralne palice, ohi\u0161je iz vezane plo\u0161\u010de (izberite si svojo najljub\u0161o barvo) in aluminijastih profilov, ter med sabo povezane kovinske noge so odlike najbolj\u0161ega in priznanega namiznega &#8211; ro\u010dnega nogometa FA.BI. Family Profesional.<\/span><\/li>\n<\/ul>\n<p><span style=\"color: #ff0000;\">Najbolj priljubljen in iskan ro\u010dni nogomet na Slovenskem tr\u017ei\u0161\u010du. Nogomet, ki ste si ga vedno \u017eeleli in ki ga najdete v ve\u010dini lokalov po Sloveniji.<\/span><\/p>\n<p><span style=\"color: #ff0000;\">Servis in originalni rezervni deli zagotovljeni. Garancija 1 leto.<\/span><br \/>\n<span style=\"color: #ff0000;\">Mo\u017enost ogleda in preizkusa. Mo\u017enost menjave. Mo\u017enost dostave in sestave nogometa. Nudimo vam tudi pla\u010dilo na obroke.<\/span><\/p>\n<p><span style=\"color: #000000;\">PRODAJA &#8211; NAJEM &#8211; SERVIS &#8211; DELI &#8211; IZPOSOJA<\/span><\/p>\n<p><span style=\"color: #000000;\"><span style=\"color: #ff0000;\"><span style=\"color: #008000;\">Obi\u0161\u010dite na\u0161 razstavni salon, kjer si lahko ogledate nogomete \u0161irokega cenovnega razpona, v razli\u010dnih barvnih kombinacijah ohi\u0161ja in igralcev. Seveda jih lahko tudi preizkusite. Nahajamo se 15 minut od Ljubljanske obvoznice.<\/span><\/span><\/span><\/p>\n<p><span style=\"color: #000000;\">Dolgoletna tradicija priznanega Italijanske podjetja FA.BI. Torino, vam zagotavlja izjemno kvalitetne ro\u010dne nogomete in njihovo vzdr\u017eljivost. Na\u0161e podjetje EUOROCLAS &amp; Co. d.o.o., je uradni poobla\u0161\u010deni trgovec njihovih ro\u010dnih nogometov.\u00a0<\/span><\/p>\n<p><strong>Za dodatna vpra\u0161anja in pojasnila, smo vam na voljo vsak dan med 8h in 20h.<\/strong><\/p>\n","protected":false},"featured_media":6162,"comment_status":"open","ping_status":"closed","template":"","meta":{"site-sidebar-layout":"default","site-content-layout":"default","ast-site-content-layout":"default","site-content-style":"default","site-sidebar-style":"default","ast-global-header-display":"","ast-banner-title-visibility":"","ast-main-header-display":"","ast-hfb-above-header-display":"","ast-hfb-below-header-display":"","ast-hfb-mobile-header-display":"","site-post-title":"","ast-breadcrumbs-content":"","ast-featured-img":"","footer-sml-layout":"","theme-transparent-header-meta":"default","adv-header-id-meta":"","stick-header-meta":"","header-above-stick-meta":"","header-main-stick-meta":"","header-below-stick-meta":"","astra-migrate-meta-layouts":"set","ast-page-background-enabled":"default","ast-page-background-meta":{"desktop":{"background-color":"","background-image":"","background-repeat":"repeat","background-position":"center center","background-size":"auto","background-attachment":"scroll","background-type":"","background-media":"","overlay-type":"","overlay-color":"","overlay-opacity":"","overlay-gradient":""},"tablet":{"background-color":"","background-image":"","background-repeat":"repeat","background-position":"center center","background-size":"auto","background-attachment":"scroll","background-type":"","background-media":"","overlay-type":"","overlay-color":"","overlay-opacity":"","overlay-gradient":""},"mobile":{"background-color":"","background-image":"","background-repeat":"repeat","background-position":"center center","background-size":"auto","background-attachment":"scroll","background-type":"","background-media":"","overlay-type":"","overlay-color":"","overlay-opacity":"","overlay-gradient":""}},"ast-content-background-meta":{"desktop":{"background-color":"var(--ast-global-color-5)","background-image":"","background-repeat":"repeat","background-position":"center center","background-size":"auto","background-attachment":"scroll","background-type":"","background-media":"","overlay-type":"","overlay-color":"","overlay-opacity":"","overlay-gradient":""},"tablet":{"background-color":"var(--ast-global-color-5)","background-image":"","background-repeat":"repeat","background-position":"center center","background-size":"auto","background-attachment":"scroll","background-type":"","background-media":"","overlay-type":"","overlay-color":"","overlay-opacity":"","overlay-gradient":""},"mobile":{"background-color":"var(--ast-global-color-5)","background-image":"","background-repeat":"repeat","background-position":"center center","background-size":"auto","background-attachment":"scroll","background-type":"","background-media":"","overlay-type":"","overlay-color":"","overlay-opacity":"","overlay-gradient":""}}},"product_brand":[],"product_cat":[16,24,44],"product_tag":[63,21,152,151],"class_list":{"0":"post-2468","1":"product","2":"type-product","3":"status-publish","4":"has-post-thumbnail","6":"product_cat-namizni-rocni-nogomet","7":"product_cat-namizni-nogomet-free-play","8":"product_cat-namizni-rocni-nogomet-fabi-family-profesional","9":"product_tag-crna-siva-barva","10":"product_tag-fa-bi","11":"product_tag-profesionalne-gumijaste-rocke","12":"product_tag-turnir-izvedba","13":"desktop-align-left","14":"tablet-align-left","15":"mobile-align-left","17":"first","18":"outofstock","19":"taxable","20":"shipping-taxable","21":"purchasable","22":"product-type-variable"},"yoast_head":"<!-- This site is optimized with the Yoast SEO plugin v25.8 - https:\/\/yoast.com\/wordpress\/plugins\/seo\/ -->\n<title>Ro\u010dni - Namizni Nogomet FABI Family Turnir Professional - \u010crn - EUROCLAS &amp; Co. d.o.o.<\/title>\n<meta name=\"description\" content=\"Ro\u010dni - Namizni Nogomet FABI Family Turnir Professional - \u010crn. Na zalogi za takoj\u0161nji prevzem ali dostavo. Pokli\u010dite 041 614 817 in obi\u0161\u010dite na\u0161 salon.\" \/>\n<meta name=\"robots\" content=\"index, follow, max-snippet:-1, max-image-preview:large, max-video-preview:-1\" \/>\n<link rel=\"canonical\" href=\"https:\/\/igralni-aparati.si\/trgovina\/izdelek\/rocni-namizni-nogomet-fabi-family-turnir-professional-akcija\/\" \/>\n<meta property=\"og:locale\" content=\"sl_SI\" \/>\n<meta property=\"og:type\" content=\"article\" \/>\n<meta property=\"og:title\" content=\"Ro\u010dni - Namizni Nogomet FABI Family Turnir Professional - \u010crn - EUROCLAS &amp; Co. d.o.o.\" \/>\n<meta property=\"og:description\" content=\"Ro\u010dni - Namizni Nogomet FABI Family Turnir Professional - \u010crn. Na zalogi za takoj\u0161nji prevzem ali dostavo. Pokli\u010dite 041 614 817 in obi\u0161\u010dite na\u0161 salon.\" \/>\n<meta property=\"og:url\" content=\"https:\/\/igralni-aparati.si\/trgovina\/izdelek\/rocni-namizni-nogomet-fabi-family-turnir-professional-akcija\/\" \/>\n<meta property=\"og:site_name\" content=\"EUROCLAS &amp; Co. d.o.o.\" \/>\n<meta property=\"article:modified_time\" content=\"2026-04-02T06:51:23+00:00\" \/>\n<meta property=\"og:image\" content=\"https:\/\/igralni-aparati.si\/trgovina\/wp-content\/uploads\/2021\/01\/Namizni-Nogomet-FA.BI_.-Family-Turnir-Professional.jpg\" \/>\n\t<meta property=\"og:image:width\" content=\"2000\" \/>\n\t<meta property=\"og:image:height\" content=\"1500\" \/>\n\t<meta property=\"og:image:type\" content=\"image\/jpeg\" \/>\n<meta name=\"twitter:card\" content=\"summary_large_image\" \/>\n<meta name=\"twitter:label1\" content=\"Est. reading time\" \/>\n\t<meta name=\"twitter:data1\" content=\"3 minute\" \/>\n<script type=\"application\/ld+json\" class=\"yoast-schema-graph\">{\"@context\":\"https:\/\/schema.org\",\"@graph\":[{\"@type\":\"WebPage\",\"@id\":\"https:\/\/igralni-aparati.si\/trgovina\/izdelek\/rocni-namizni-nogomet-fabi-family-turnir-professional-akcija\/\",\"url\":\"https:\/\/igralni-aparati.si\/trgovina\/izdelek\/rocni-namizni-nogomet-fabi-family-turnir-professional-akcija\/\",\"name\":\"Ro\u010dni - Namizni Nogomet FABI Family Turnir Professional - \u010crn - EUROCLAS &amp; Co. d.o.o.\",\"isPartOf\":{\"@id\":\"https:\/\/igralni-aparati.si\/trgovina\/#website\"},\"primaryImageOfPage\":{\"@id\":\"https:\/\/igralni-aparati.si\/trgovina\/izdelek\/rocni-namizni-nogomet-fabi-family-turnir-professional-akcija\/#primaryimage\"},\"image\":{\"@id\":\"https:\/\/igralni-aparati.si\/trgovina\/izdelek\/rocni-namizni-nogomet-fabi-family-turnir-professional-akcija\/#primaryimage\"},\"thumbnailUrl\":\"https:\/\/igralni-aparati.si\/trgovina\/wp-content\/uploads\/2021\/01\/Namizni-Nogomet-FA.BI_.-Family-Turnir-Professional.jpg\",\"datePublished\":\"2021-01-02T13:56:11+00:00\",\"dateModified\":\"2026-04-02T06:51:23+00:00\",\"description\":\"Ro\u010dni - Namizni Nogomet FABI Family Turnir Professional - \u010crn. Na zalogi za takoj\u0161nji prevzem ali dostavo. Pokli\u010dite 041 614 817 in obi\u0161\u010dite na\u0161 salon.\",\"breadcrumb\":{\"@id\":\"https:\/\/igralni-aparati.si\/trgovina\/izdelek\/rocni-namizni-nogomet-fabi-family-turnir-professional-akcija\/#breadcrumb\"},\"inLanguage\":\"sl-SI\",\"potentialAction\":[{\"@type\":\"ReadAction\",\"target\":[\"https:\/\/igralni-aparati.si\/trgovina\/izdelek\/rocni-namizni-nogomet-fabi-family-turnir-professional-akcija\/\"]}]},{\"@type\":\"ImageObject\",\"inLanguage\":\"sl-SI\",\"@id\":\"https:\/\/igralni-aparati.si\/trgovina\/izdelek\/rocni-namizni-nogomet-fabi-family-turnir-professional-akcija\/#primaryimage\",\"url\":\"https:\/\/igralni-aparati.si\/trgovina\/wp-content\/uploads\/2021\/01\/Namizni-Nogomet-FA.BI_.-Family-Turnir-Professional.jpg\",\"contentUrl\":\"https:\/\/igralni-aparati.si\/trgovina\/wp-content\/uploads\/2021\/01\/Namizni-Nogomet-FA.BI_.-Family-Turnir-Professional.jpg\",\"width\":2000,\"height\":1500,\"caption\":\"Namizni Nogomet FA.BI. Family Turnir Professional\"},{\"@type\":\"BreadcrumbList\",\"@id\":\"https:\/\/igralni-aparati.si\/trgovina\/izdelek\/rocni-namizni-nogomet-fabi-family-turnir-professional-akcija\/#breadcrumb\",\"itemListElement\":[{\"@type\":\"ListItem\",\"position\":1,\"name\":\"Home\",\"item\":\"https:\/\/igralni-aparati.si\/trgovina\/\"},{\"@type\":\"ListItem\",\"position\":2,\"name\":\"Katalog izdelkov\",\"item\":\"https:\/\/igralni-aparati.si\/trgovina\/\"},{\"@type\":\"ListItem\",\"position\":3,\"name\":\"Ro\u010dni &#8211; Namizni Nogomet FABI Family Turnir Professional &#8211; \u010crn\"}]},{\"@type\":\"WebSite\",\"@id\":\"https:\/\/igralni-aparati.si\/trgovina\/#website\",\"url\":\"https:\/\/igralni-aparati.si\/trgovina\/\",\"name\":\"EUROCLAS &amp; Co. d.o.o.\",\"description\":\"Za dodatne informacije  pokli\u010dite:\u00a0 041 614 817\",\"publisher\":{\"@id\":\"https:\/\/igralni-aparati.si\/trgovina\/#organization\"},\"potentialAction\":[{\"@type\":\"SearchAction\",\"target\":{\"@type\":\"EntryPoint\",\"urlTemplate\":\"https:\/\/igralni-aparati.si\/trgovina\/?s={search_term_string}\"},\"query-input\":{\"@type\":\"PropertyValueSpecification\",\"valueRequired\":true,\"valueName\":\"search_term_string\"}}],\"inLanguage\":\"sl-SI\"},{\"@type\":\"Organization\",\"@id\":\"https:\/\/igralni-aparati.si\/trgovina\/#organization\",\"name\":\"EUROCLAS &amp; Co. d.o.o.\",\"url\":\"https:\/\/igralni-aparati.si\/trgovina\/\",\"logo\":{\"@type\":\"ImageObject\",\"inLanguage\":\"sl-SI\",\"@id\":\"https:\/\/igralni-aparati.si\/trgovina\/#\/schema\/logo\/image\/\",\"url\":\"https:\/\/igralni-aparati.si\/trgovina\/wp-content\/uploads\/2020\/05\/LOGO4-2.jpg\",\"contentUrl\":\"https:\/\/igralni-aparati.si\/trgovina\/wp-content\/uploads\/2020\/05\/LOGO4-2.jpg\",\"width\":289,\"height\":78,\"caption\":\"EUROCLAS &amp; Co. d.o.o.\"},\"image\":{\"@id\":\"https:\/\/igralni-aparati.si\/trgovina\/#\/schema\/logo\/image\/\"}}]}<\/script>\n<!-- \/ Yoast SEO plugin. -->","yoast_head_json":{"title":"Ro\u010dni - Namizni Nogomet FABI Family Turnir Professional - \u010crn - EUROCLAS &amp; Co. d.o.o.","description":"Ro\u010dni - Namizni Nogomet FABI Family Turnir Professional - \u010crn. Na zalogi za takoj\u0161nji prevzem ali dostavo. Pokli\u010dite 041 614 817 in obi\u0161\u010dite na\u0161 salon.","robots":{"index":"index","follow":"follow","max-snippet":"max-snippet:-1","max-image-preview":"max-image-preview:large","max-video-preview":"max-video-preview:-1"},"canonical":"https:\/\/igralni-aparati.si\/trgovina\/izdelek\/rocni-namizni-nogomet-fabi-family-turnir-professional-akcija\/","og_locale":"sl_SI","og_type":"article","og_title":"Ro\u010dni - Namizni Nogomet FABI Family Turnir Professional - \u010crn - EUROCLAS &amp; Co. d.o.o.","og_description":"Ro\u010dni - Namizni Nogomet FABI Family Turnir Professional - \u010crn. Na zalogi za takoj\u0161nji prevzem ali dostavo. Pokli\u010dite 041 614 817 in obi\u0161\u010dite na\u0161 salon.","og_url":"https:\/\/igralni-aparati.si\/trgovina\/izdelek\/rocni-namizni-nogomet-fabi-family-turnir-professional-akcija\/","og_site_name":"EUROCLAS &amp; Co. d.o.o.","article_modified_time":"2026-04-02T06:51:23+00:00","og_image":[{"width":2000,"height":1500,"url":"https:\/\/igralni-aparati.si\/trgovina\/wp-content\/uploads\/2021\/01\/Namizni-Nogomet-FA.BI_.-Family-Turnir-Professional.jpg","type":"image\/jpeg"}],"twitter_card":"summary_large_image","twitter_misc":{"Est. reading time":"3 minute"},"schema":{"@context":"https:\/\/schema.org","@graph":[{"@type":"WebPage","@id":"https:\/\/igralni-aparati.si\/trgovina\/izdelek\/rocni-namizni-nogomet-fabi-family-turnir-professional-akcija\/","url":"https:\/\/igralni-aparati.si\/trgovina\/izdelek\/rocni-namizni-nogomet-fabi-family-turnir-professional-akcija\/","name":"Ro\u010dni - Namizni Nogomet FABI Family Turnir Professional - \u010crn - EUROCLAS &amp; Co. d.o.o.","isPartOf":{"@id":"https:\/\/igralni-aparati.si\/trgovina\/#website"},"primaryImageOfPage":{"@id":"https:\/\/igralni-aparati.si\/trgovina\/izdelek\/rocni-namizni-nogomet-fabi-family-turnir-professional-akcija\/#primaryimage"},"image":{"@id":"https:\/\/igralni-aparati.si\/trgovina\/izdelek\/rocni-namizni-nogomet-fabi-family-turnir-professional-akcija\/#primaryimage"},"thumbnailUrl":"https:\/\/igralni-aparati.si\/trgovina\/wp-content\/uploads\/2021\/01\/Namizni-Nogomet-FA.BI_.-Family-Turnir-Professional.jpg","datePublished":"2021-01-02T13:56:11+00:00","dateModified":"2026-04-02T06:51:23+00:00","description":"Ro\u010dni - Namizni Nogomet FABI Family Turnir Professional - \u010crn. Na zalogi za takoj\u0161nji prevzem ali dostavo. Pokli\u010dite 041 614 817 in obi\u0161\u010dite na\u0161 salon.","breadcrumb":{"@id":"https:\/\/igralni-aparati.si\/trgovina\/izdelek\/rocni-namizni-nogomet-fabi-family-turnir-professional-akcija\/#breadcrumb"},"inLanguage":"sl-SI","potentialAction":[{"@type":"ReadAction","target":["https:\/\/igralni-aparati.si\/trgovina\/izdelek\/rocni-namizni-nogomet-fabi-family-turnir-professional-akcija\/"]}]},{"@type":"ImageObject","inLanguage":"sl-SI","@id":"https:\/\/igralni-aparati.si\/trgovina\/izdelek\/rocni-namizni-nogomet-fabi-family-turnir-professional-akcija\/#primaryimage","url":"https:\/\/igralni-aparati.si\/trgovina\/wp-content\/uploads\/2021\/01\/Namizni-Nogomet-FA.BI_.-Family-Turnir-Professional.jpg","contentUrl":"https:\/\/igralni-aparati.si\/trgovina\/wp-content\/uploads\/2021\/01\/Namizni-Nogomet-FA.BI_.-Family-Turnir-Professional.jpg","width":2000,"height":1500,"caption":"Namizni Nogomet FA.BI. Family Turnir Professional"},{"@type":"BreadcrumbList","@id":"https:\/\/igralni-aparati.si\/trgovina\/izdelek\/rocni-namizni-nogomet-fabi-family-turnir-professional-akcija\/#breadcrumb","itemListElement":[{"@type":"ListItem","position":1,"name":"Home","item":"https:\/\/igralni-aparati.si\/trgovina\/"},{"@type":"ListItem","position":2,"name":"Katalog izdelkov","item":"https:\/\/igralni-aparati.si\/trgovina\/"},{"@type":"ListItem","position":3,"name":"Ro\u010dni &#8211; Namizni Nogomet FABI Family Turnir Professional &#8211; \u010crn"}]},{"@type":"WebSite","@id":"https:\/\/igralni-aparati.si\/trgovina\/#website","url":"https:\/\/igralni-aparati.si\/trgovina\/","name":"EUROCLAS &amp; Co. d.o.o.","description":"Za dodatne informacije  pokli\u010dite:\u00a0 041 614 817","publisher":{"@id":"https:\/\/igralni-aparati.si\/trgovina\/#organization"},"potentialAction":[{"@type":"SearchAction","target":{"@type":"EntryPoint","urlTemplate":"https:\/\/igralni-aparati.si\/trgovina\/?s={search_term_string}"},"query-input":{"@type":"PropertyValueSpecification","valueRequired":true,"valueName":"search_term_string"}}],"inLanguage":"sl-SI"},{"@type":"Organization","@id":"https:\/\/igralni-aparati.si\/trgovina\/#organization","name":"EUROCLAS &amp; Co. d.o.o.","url":"https:\/\/igralni-aparati.si\/trgovina\/","logo":{"@type":"ImageObject","inLanguage":"sl-SI","@id":"https:\/\/igralni-aparati.si\/trgovina\/#\/schema\/logo\/image\/","url":"https:\/\/igralni-aparati.si\/trgovina\/wp-content\/uploads\/2020\/05\/LOGO4-2.jpg","contentUrl":"https:\/\/igralni-aparati.si\/trgovina\/wp-content\/uploads\/2020\/05\/LOGO4-2.jpg","width":289,"height":78,"caption":"EUROCLAS &amp; Co. d.o.o."},"image":{"@id":"https:\/\/igralni-aparati.si\/trgovina\/#\/schema\/logo\/image\/"}}]}},"_links":{"self":[{"href":"https:\/\/igralni-aparati.si\/trgovina\/wp-json\/wp\/v2\/product\/2468","targetHints":{"allow":["GET"]}}],"collection":[{"href":"https:\/\/igralni-aparati.si\/trgovina\/wp-json\/wp\/v2\/product"}],"about":[{"href":"https:\/\/igralni-aparati.si\/trgovina\/wp-json\/wp\/v2\/types\/product"}],"replies":[{"embeddable":true,"href":"https:\/\/igralni-aparati.si\/trgovina\/wp-json\/wp\/v2\/comments?post=2468"}],"version-history":[{"count":22,"href":"https:\/\/igralni-aparati.si\/trgovina\/wp-json\/wp\/v2\/product\/2468\/revisions"}],"predecessor-version":[{"id":6927,"href":"https:\/\/igralni-aparati.si\/trgovina\/wp-json\/wp\/v2\/product\/2468\/revisions\/6927"}],"wp:featuredmedia":[{"embeddable":true,"href":"https:\/\/igralni-aparati.si\/trgovina\/wp-json\/wp\/v2\/media\/6162"}],"wp:attachment":[{"href":"https:\/\/igralni-aparati.si\/trgovina\/wp-json\/wp\/v2\/media?parent=2468"}],"wp:term":[{"taxonomy":"product_brand","embeddable":true,"href":"https:\/\/igralni-aparati.si\/trgovina\/wp-json\/wp\/v2\/product_brand?post=2468"},{"taxonomy":"product_cat","embeddable":true,"href":"https:\/\/igralni-aparati.si\/trgovina\/wp-json\/wp\/v2\/product_cat?post=2468"},{"taxonomy":"product_tag","embeddable":true,"href":"https:\/\/igralni-aparati.si\/trgovina\/wp-json\/wp\/v2\/product_tag?post=2468"}],"curies":[{"name":"wp","href":"https:\/\/api.w.org\/{rel}","templated":true}]}}