{"id":3345,"date":"2021-04-03T07:01:41","date_gmt":"2021-04-03T07:01:41","guid":{"rendered":"https:\/\/igralni-aparati.si\/trgovina\/?post_type=product&#038;p=3345"},"modified":"2024-11-20T19:32:32","modified_gmt":"2024-11-20T19:32:32","slug":"stenski-nosilec-biljard-palic-beta-6","status":"publish","type":"product","link":"https:\/\/igralni-aparati.si\/trgovina\/izdelek\/stenski-nosilec-biljard-palic-beta-6\/","title":{"rendered":"Stenski nosilec Biljard palic Beta 6"},"content":{"rendered":"<p>Stenski nosilec Biljard palic Beta 6<\/p>\n<p><span style=\"color: #008000;\">Obi\u0161\u010dite na\u0161 razstavni salon, kjer si lahko v \u017eivo ogledate stenski nosilec Biljard palic Beta 6 in vse ostalo, kar potrebujete za biljard. Poleg tega pa tudi velik izbor ro\u010dnih nogometov, \u0161irokega cenovnega razpona v razli\u010dnih barvnih kombinacijah ohi\u0161ja in igralcev. Seveda jih lahko tudi preizkusite. Nahajamo se 15 minut od Ljubljanske obvoznice. <\/span><\/p>\n<p><span style=\"color: #ff0000;\">IGRALNI APARATI &#8211; PRODAJA \u2013 NAJEM \u2013 SERVIS \u2013 DELI \u2013 IZPOSOJA<\/span><\/p>\n<p>Na\u0161e podjetje EUROCLAS &amp; Co. d.o.o., vam zagotavlja prodajo kakovostnih igralnih aparatov in storitev, ter korekten poslovni odnos, kar potrjujejo tudi na\u0161e \u0161tevilne zadovoljne stranke. Prepri\u010dajte se tudi sami in postanite tudi vi, eni izmed na\u0161ih zadovoljnih kupcev.<\/p>\n<p><a href=\"https:\/\/igralni-aparati.si\/reference2.html\" target=\"_blank\" rel=\"noopener\">Oglejte si nekaj na\u0161ih bogatih referenc &gt;&gt;<\/a><\/p>\n<p><a href=\"https:\/\/igralni-aparati.si\/stranke.html\" target=\"_blank\" rel=\"noopener\">Preberite si izjave na\u0161ih zadovoljnih strank &gt;&gt;<\/a><\/p>\n<p><a href=\"https:\/\/www.youtube.com\/channel\/UCMsDOO8aBg5MgXXMnONEBJg\" target=\"_blank\" rel=\"noopener\">Na\u0161 YouTube kanal Igralni Aparati &gt;&gt;<\/a><\/p>\n","protected":false},"excerpt":{"rendered":"<p>Stenski nosilec za biljard palice z \u0161estimi\u00a0mesti, iz lesa Mahagoni. Vijaki in stenski vlo\u017eki so prilo\u017eeni. Eleganca, ki se prilega vsaki steni.<\/p>\n<p><span style=\"color: #000000;\"><span style=\"color: #ff0000;\"><span style=\"color: #008000;\">Obi\u0161\u010dite lahko tudi na\u0161 razstavni salon in se prepri\u010dajte o na\u0161i bogati ponudbi rezervnih delov in ostale opreme potrebne pri igri biljarda. Nahajamo se 15 minut od Ljubljanske obvoznice.<\/span><\/span><\/span><\/p>\n","protected":false},"featured_media":5121,"comment_status":"open","ping_status":"closed","template":"","meta":{"site-sidebar-layout":"default","site-content-layout":"default","ast-site-content-layout":"default","site-content-style":"default","site-sidebar-style":"default","ast-global-header-display":"","ast-banner-title-visibility":"","ast-main-header-display":"","ast-hfb-above-header-display":"","ast-hfb-below-header-display":"","ast-hfb-mobile-header-display":"","site-post-title":"","ast-breadcrumbs-content":"","ast-featured-img":"","footer-sml-layout":"","theme-transparent-header-meta":"default","adv-header-id-meta":"","stick-header-meta":"","header-above-stick-meta":"","header-main-stick-meta":"","header-below-stick-meta":"","astra-migrate-meta-layouts":"default","ast-page-background-enabled":"default","ast-page-background-meta":{"desktop":{"background-color":"","background-image":"","background-repeat":"repeat","background-position":"center center","background-size":"auto","background-attachment":"scroll","background-type":"","background-media":"","overlay-type":"","overlay-color":"","overlay-opacity":"","overlay-gradient":""},"tablet":{"background-color":"","background-image":"","background-repeat":"repeat","background-position":"center center","background-size":"auto","background-attachment":"scroll","background-type":"","background-media":"","overlay-type":"","overlay-color":"","overlay-opacity":"","overlay-gradient":""},"mobile":{"background-color":"","background-image":"","background-repeat":"repeat","background-position":"center center","background-size":"auto","background-attachment":"scroll","background-type":"","background-media":"","overlay-type":"","overlay-color":"","overlay-opacity":"","overlay-gradient":""}},"ast-content-background-meta":{"desktop":{"background-color":"var(--ast-global-color-5)","background-image":"","background-repeat":"repeat","background-position":"center center","background-size":"auto","background-attachment":"scroll","background-type":"","background-media":"","overlay-type":"","overlay-color":"","overlay-opacity":"","overlay-gradient":""},"tablet":{"background-color":"var(--ast-global-color-5)","background-image":"","background-repeat":"repeat","background-position":"center center","background-size":"auto","background-attachment":"scroll","background-type":"","background-media":"","overlay-type":"","overlay-color":"","overlay-opacity":"","overlay-gradient":""},"mobile":{"background-color":"var(--ast-global-color-5)","background-image":"","background-repeat":"repeat","background-position":"center center","background-size":"auto","background-attachment":"scroll","background-type":"","background-media":"","overlay-type":"","overlay-color":"","overlay-opacity":"","overlay-gradient":""}}},"product_brand":[],"product_cat":[130,96,134,97],"product_tag":[131,92,129],"class_list":{"0":"post-3345","1":"product","2":"type-product","3":"status-publish","4":"has-post-thumbnail","6":"product_cat-nosilci-biljard-palic","7":"product_cat-deli-in-oprema-za-biljard","8":"product_cat-nosilci-biljard-palic-rezervni-deli-in-oprema-za-biljard","9":"product_cat-ostali-deli-in-oprema-za-biljard","10":"product_tag-nosilci-biljard-palic-stenski","11":"product_tag-vse-za-biljard","12":"product_tag-vse-za-biljard-palico","13":"desktop-align-left","14":"tablet-align-left","15":"mobile-align-left","17":"first","18":"instock","19":"taxable","20":"shipping-taxable","21":"purchasable","22":"product-type-simple"},"yoast_head":"<!-- This site is optimized with the Yoast SEO plugin v25.8 - https:\/\/yoast.com\/wordpress\/plugins\/seo\/ -->\n<title>Stenski nosilec Biljard palic Beta 6 - EUROCLAS &amp; Co. d.o.o. -<\/title>\n<meta name=\"description\" content=\"Pri nas dobite vse za biljard: velik izbor palic, platno, krogle, krede, trikotnik, \u010depi, stenski nosilec Biljard palic Beta 6. Ugodne cene.\" \/>\n<meta name=\"robots\" content=\"index, follow, max-snippet:-1, max-image-preview:large, max-video-preview:-1\" \/>\n<link rel=\"canonical\" href=\"https:\/\/igralni-aparati.si\/trgovina\/izdelek\/stenski-nosilec-biljard-palic-beta-6\/\" \/>\n<meta property=\"og:locale\" content=\"sl_SI\" \/>\n<meta property=\"og:type\" content=\"article\" \/>\n<meta property=\"og:title\" content=\"Stenski nosilec Biljard palic Beta 6 - EUROCLAS &amp; Co. d.o.o. -\" \/>\n<meta property=\"og:description\" content=\"Pri nas dobite vse za biljard: velik izbor palic, platno, krogle, krede, trikotnik, \u010depi, stenski nosilec Biljard palic Beta 6. Ugodne cene.\" \/>\n<meta property=\"og:url\" content=\"https:\/\/igralni-aparati.si\/trgovina\/izdelek\/stenski-nosilec-biljard-palic-beta-6\/\" \/>\n<meta property=\"og:site_name\" content=\"EUROCLAS &amp; Co. d.o.o.\" \/>\n<meta property=\"article:modified_time\" content=\"2024-11-20T19:32:32+00:00\" \/>\n<meta property=\"og:image\" content=\"https:\/\/igralni-aparati.si\/trgovina\/wp-content\/uploads\/2021\/04\/Stenski-nosilec-Biljard-palic-Beta-za-6-1.jpg\" \/>\n\t<meta property=\"og:image:width\" content=\"800\" \/>\n\t<meta property=\"og:image:height\" content=\"800\" \/>\n\t<meta property=\"og:image:type\" content=\"image\/jpeg\" \/>\n<meta name=\"twitter:card\" content=\"summary_large_image\" \/>\n<meta name=\"twitter:label1\" content=\"Est. reading time\" \/>\n\t<meta name=\"twitter:data1\" content=\"1 minuta\" \/>\n<script type=\"application\/ld+json\" class=\"yoast-schema-graph\">{\"@context\":\"https:\/\/schema.org\",\"@graph\":[{\"@type\":\"WebPage\",\"@id\":\"https:\/\/igralni-aparati.si\/trgovina\/izdelek\/stenski-nosilec-biljard-palic-beta-6\/\",\"url\":\"https:\/\/igralni-aparati.si\/trgovina\/izdelek\/stenski-nosilec-biljard-palic-beta-6\/\",\"name\":\"Stenski nosilec Biljard palic Beta 6 - EUROCLAS &amp; Co. d.o.o. -\",\"isPartOf\":{\"@id\":\"https:\/\/igralni-aparati.si\/trgovina\/#website\"},\"primaryImageOfPage\":{\"@id\":\"https:\/\/igralni-aparati.si\/trgovina\/izdelek\/stenski-nosilec-biljard-palic-beta-6\/#primaryimage\"},\"image\":{\"@id\":\"https:\/\/igralni-aparati.si\/trgovina\/izdelek\/stenski-nosilec-biljard-palic-beta-6\/#primaryimage\"},\"thumbnailUrl\":\"https:\/\/igralni-aparati.si\/trgovina\/wp-content\/uploads\/2021\/04\/Stenski-nosilec-Biljard-palic-Beta-za-6-1.jpg\",\"datePublished\":\"2021-04-03T07:01:41+00:00\",\"dateModified\":\"2024-11-20T19:32:32+00:00\",\"description\":\"Pri nas dobite vse za biljard: velik izbor palic, platno, krogle, krede, trikotnik, \u010depi, stenski nosilec Biljard palic Beta 6. Ugodne cene.\",\"breadcrumb\":{\"@id\":\"https:\/\/igralni-aparati.si\/trgovina\/izdelek\/stenski-nosilec-biljard-palic-beta-6\/#breadcrumb\"},\"inLanguage\":\"sl-SI\",\"potentialAction\":[{\"@type\":\"ReadAction\",\"target\":[\"https:\/\/igralni-aparati.si\/trgovina\/izdelek\/stenski-nosilec-biljard-palic-beta-6\/\"]}]},{\"@type\":\"ImageObject\",\"inLanguage\":\"sl-SI\",\"@id\":\"https:\/\/igralni-aparati.si\/trgovina\/izdelek\/stenski-nosilec-biljard-palic-beta-6\/#primaryimage\",\"url\":\"https:\/\/igralni-aparati.si\/trgovina\/wp-content\/uploads\/2021\/04\/Stenski-nosilec-Biljard-palic-Beta-za-6-1.jpg\",\"contentUrl\":\"https:\/\/igralni-aparati.si\/trgovina\/wp-content\/uploads\/2021\/04\/Stenski-nosilec-Biljard-palic-Beta-za-6-1.jpg\",\"width\":800,\"height\":800,\"caption\":\"Stenski nosilec Biljard palic Beta za 6\"},{\"@type\":\"BreadcrumbList\",\"@id\":\"https:\/\/igralni-aparati.si\/trgovina\/izdelek\/stenski-nosilec-biljard-palic-beta-6\/#breadcrumb\",\"itemListElement\":[{\"@type\":\"ListItem\",\"position\":1,\"name\":\"Home\",\"item\":\"https:\/\/igralni-aparati.si\/trgovina\/\"},{\"@type\":\"ListItem\",\"position\":2,\"name\":\"Katalog izdelkov\",\"item\":\"https:\/\/igralni-aparati.si\/trgovina\/\"},{\"@type\":\"ListItem\",\"position\":3,\"name\":\"Stenski nosilec Biljard palic Beta 6\"}]},{\"@type\":\"WebSite\",\"@id\":\"https:\/\/igralni-aparati.si\/trgovina\/#website\",\"url\":\"https:\/\/igralni-aparati.si\/trgovina\/\",\"name\":\"EUROCLAS &amp; Co. d.o.o.\",\"description\":\"Za dodatne informacije  pokli\u010dite:\u00a0 041 614 817\",\"publisher\":{\"@id\":\"https:\/\/igralni-aparati.si\/trgovina\/#organization\"},\"potentialAction\":[{\"@type\":\"SearchAction\",\"target\":{\"@type\":\"EntryPoint\",\"urlTemplate\":\"https:\/\/igralni-aparati.si\/trgovina\/?s={search_term_string}\"},\"query-input\":{\"@type\":\"PropertyValueSpecification\",\"valueRequired\":true,\"valueName\":\"search_term_string\"}}],\"inLanguage\":\"sl-SI\"},{\"@type\":\"Organization\",\"@id\":\"https:\/\/igralni-aparati.si\/trgovina\/#organization\",\"name\":\"EUROCLAS &amp; Co. d.o.o.\",\"url\":\"https:\/\/igralni-aparati.si\/trgovina\/\",\"logo\":{\"@type\":\"ImageObject\",\"inLanguage\":\"sl-SI\",\"@id\":\"https:\/\/igralni-aparati.si\/trgovina\/#\/schema\/logo\/image\/\",\"url\":\"https:\/\/igralni-aparati.si\/trgovina\/wp-content\/uploads\/2020\/05\/LOGO4-2.jpg\",\"contentUrl\":\"https:\/\/igralni-aparati.si\/trgovina\/wp-content\/uploads\/2020\/05\/LOGO4-2.jpg\",\"width\":289,\"height\":78,\"caption\":\"EUROCLAS &amp; Co. d.o.o.\"},\"image\":{\"@id\":\"https:\/\/igralni-aparati.si\/trgovina\/#\/schema\/logo\/image\/\"}}]}<\/script>\n<!-- \/ Yoast SEO plugin. -->","yoast_head_json":{"title":"Stenski nosilec Biljard palic Beta 6 - EUROCLAS &amp; Co. d.o.o. -","description":"Pri nas dobite vse za biljard: velik izbor palic, platno, krogle, krede, trikotnik, \u010depi, stenski nosilec Biljard palic Beta 6. Ugodne cene.","robots":{"index":"index","follow":"follow","max-snippet":"max-snippet:-1","max-image-preview":"max-image-preview:large","max-video-preview":"max-video-preview:-1"},"canonical":"https:\/\/igralni-aparati.si\/trgovina\/izdelek\/stenski-nosilec-biljard-palic-beta-6\/","og_locale":"sl_SI","og_type":"article","og_title":"Stenski nosilec Biljard palic Beta 6 - EUROCLAS &amp; Co. d.o.o. -","og_description":"Pri nas dobite vse za biljard: velik izbor palic, platno, krogle, krede, trikotnik, \u010depi, stenski nosilec Biljard palic Beta 6. Ugodne cene.","og_url":"https:\/\/igralni-aparati.si\/trgovina\/izdelek\/stenski-nosilec-biljard-palic-beta-6\/","og_site_name":"EUROCLAS &amp; Co. d.o.o.","article_modified_time":"2024-11-20T19:32:32+00:00","og_image":[{"width":800,"height":800,"url":"https:\/\/igralni-aparati.si\/trgovina\/wp-content\/uploads\/2021\/04\/Stenski-nosilec-Biljard-palic-Beta-za-6-1.jpg","type":"image\/jpeg"}],"twitter_card":"summary_large_image","twitter_misc":{"Est. reading time":"1 minuta"},"schema":{"@context":"https:\/\/schema.org","@graph":[{"@type":"WebPage","@id":"https:\/\/igralni-aparati.si\/trgovina\/izdelek\/stenski-nosilec-biljard-palic-beta-6\/","url":"https:\/\/igralni-aparati.si\/trgovina\/izdelek\/stenski-nosilec-biljard-palic-beta-6\/","name":"Stenski nosilec Biljard palic Beta 6 - EUROCLAS &amp; Co. d.o.o. -","isPartOf":{"@id":"https:\/\/igralni-aparati.si\/trgovina\/#website"},"primaryImageOfPage":{"@id":"https:\/\/igralni-aparati.si\/trgovina\/izdelek\/stenski-nosilec-biljard-palic-beta-6\/#primaryimage"},"image":{"@id":"https:\/\/igralni-aparati.si\/trgovina\/izdelek\/stenski-nosilec-biljard-palic-beta-6\/#primaryimage"},"thumbnailUrl":"https:\/\/igralni-aparati.si\/trgovina\/wp-content\/uploads\/2021\/04\/Stenski-nosilec-Biljard-palic-Beta-za-6-1.jpg","datePublished":"2021-04-03T07:01:41+00:00","dateModified":"2024-11-20T19:32:32+00:00","description":"Pri nas dobite vse za biljard: velik izbor palic, platno, krogle, krede, trikotnik, \u010depi, stenski nosilec Biljard palic Beta 6. Ugodne cene.","breadcrumb":{"@id":"https:\/\/igralni-aparati.si\/trgovina\/izdelek\/stenski-nosilec-biljard-palic-beta-6\/#breadcrumb"},"inLanguage":"sl-SI","potentialAction":[{"@type":"ReadAction","target":["https:\/\/igralni-aparati.si\/trgovina\/izdelek\/stenski-nosilec-biljard-palic-beta-6\/"]}]},{"@type":"ImageObject","inLanguage":"sl-SI","@id":"https:\/\/igralni-aparati.si\/trgovina\/izdelek\/stenski-nosilec-biljard-palic-beta-6\/#primaryimage","url":"https:\/\/igralni-aparati.si\/trgovina\/wp-content\/uploads\/2021\/04\/Stenski-nosilec-Biljard-palic-Beta-za-6-1.jpg","contentUrl":"https:\/\/igralni-aparati.si\/trgovina\/wp-content\/uploads\/2021\/04\/Stenski-nosilec-Biljard-palic-Beta-za-6-1.jpg","width":800,"height":800,"caption":"Stenski nosilec Biljard palic Beta za 6"},{"@type":"BreadcrumbList","@id":"https:\/\/igralni-aparati.si\/trgovina\/izdelek\/stenski-nosilec-biljard-palic-beta-6\/#breadcrumb","itemListElement":[{"@type":"ListItem","position":1,"name":"Home","item":"https:\/\/igralni-aparati.si\/trgovina\/"},{"@type":"ListItem","position":2,"name":"Katalog izdelkov","item":"https:\/\/igralni-aparati.si\/trgovina\/"},{"@type":"ListItem","position":3,"name":"Stenski nosilec Biljard palic Beta 6"}]},{"@type":"WebSite","@id":"https:\/\/igralni-aparati.si\/trgovina\/#website","url":"https:\/\/igralni-aparati.si\/trgovina\/","name":"EUROCLAS &amp; Co. d.o.o.","description":"Za dodatne informacije  pokli\u010dite:\u00a0 041 614 817","publisher":{"@id":"https:\/\/igralni-aparati.si\/trgovina\/#organization"},"potentialAction":[{"@type":"SearchAction","target":{"@type":"EntryPoint","urlTemplate":"https:\/\/igralni-aparati.si\/trgovina\/?s={search_term_string}"},"query-input":{"@type":"PropertyValueSpecification","valueRequired":true,"valueName":"search_term_string"}}],"inLanguage":"sl-SI"},{"@type":"Organization","@id":"https:\/\/igralni-aparati.si\/trgovina\/#organization","name":"EUROCLAS &amp; Co. d.o.o.","url":"https:\/\/igralni-aparati.si\/trgovina\/","logo":{"@type":"ImageObject","inLanguage":"sl-SI","@id":"https:\/\/igralni-aparati.si\/trgovina\/#\/schema\/logo\/image\/","url":"https:\/\/igralni-aparati.si\/trgovina\/wp-content\/uploads\/2020\/05\/LOGO4-2.jpg","contentUrl":"https:\/\/igralni-aparati.si\/trgovina\/wp-content\/uploads\/2020\/05\/LOGO4-2.jpg","width":289,"height":78,"caption":"EUROCLAS &amp; Co. d.o.o."},"image":{"@id":"https:\/\/igralni-aparati.si\/trgovina\/#\/schema\/logo\/image\/"}}]}},"_links":{"self":[{"href":"https:\/\/igralni-aparati.si\/trgovina\/wp-json\/wp\/v2\/product\/3345","targetHints":{"allow":["GET"]}}],"collection":[{"href":"https:\/\/igralni-aparati.si\/trgovina\/wp-json\/wp\/v2\/product"}],"about":[{"href":"https:\/\/igralni-aparati.si\/trgovina\/wp-json\/wp\/v2\/types\/product"}],"replies":[{"embeddable":true,"href":"https:\/\/igralni-aparati.si\/trgovina\/wp-json\/wp\/v2\/comments?post=3345"}],"version-history":[{"count":4,"href":"https:\/\/igralni-aparati.si\/trgovina\/wp-json\/wp\/v2\/product\/3345\/revisions"}],"predecessor-version":[{"id":5123,"href":"https:\/\/igralni-aparati.si\/trgovina\/wp-json\/wp\/v2\/product\/3345\/revisions\/5123"}],"wp:featuredmedia":[{"embeddable":true,"href":"https:\/\/igralni-aparati.si\/trgovina\/wp-json\/wp\/v2\/media\/5121"}],"wp:attachment":[{"href":"https:\/\/igralni-aparati.si\/trgovina\/wp-json\/wp\/v2\/media?parent=3345"}],"wp:term":[{"taxonomy":"product_brand","embeddable":true,"href":"https:\/\/igralni-aparati.si\/trgovina\/wp-json\/wp\/v2\/product_brand?post=3345"},{"taxonomy":"product_cat","embeddable":true,"href":"https:\/\/igralni-aparati.si\/trgovina\/wp-json\/wp\/v2\/product_cat?post=3345"},{"taxonomy":"product_tag","embeddable":true,"href":"https:\/\/igralni-aparati.si\/trgovina\/wp-json\/wp\/v2\/product_tag?post=3345"}],"curies":[{"name":"wp","href":"https:\/\/api.w.org\/{rel}","templated":true}]}}