{"id":3634,"date":"2021-04-29T08:43:48","date_gmt":"2021-04-29T08:43:48","guid":{"rendered":"https:\/\/igralni-aparati.si\/trgovina\/?post_type=product&#038;p=3634"},"modified":"2025-09-23T16:37:35","modified_gmt":"2025-09-23T16:37:35","slug":"biljard-palica-aluminijasta-z-kromiranim-mostickom","status":"publish","type":"product","link":"https:\/\/igralni-aparati.si\/trgovina\/izdelek\/biljard-palica-aluminijasta-z-kromiranim-mostickom\/","title":{"rendered":"Biljard palica aluminijasta z kromiranim mosti\u010dkom"},"content":{"rendered":"<h6>Biljard palica aluminijasta z kromiranim mosti\u010dkom.<\/h6>\n<p>Pripomo\u010dek se uporablja, predvsem pri ve\u010djih dimenzijah biljard miz in pri snooker mizi, kadar se z biljard palico ne morem dovolj pribli\u017eati krogli za idealen udarec. Biljard palica aluminijasta z kromiranim mosti\u010dkom, v tem primeru slu\u017ei, kot podpora biljard palici. Biljard palica je dol\u017eine 146 cm in ima gumiran oprijem. Narejena je iz kakovostnih materialov in elegantnega izgleda. Kovinske zaokro\u017eene nogice, prepre\u010dujejo po\u0161kodbo blaga, pri njegovi uporabi, na igralni povr\u0161ina. Igrajte z stilom in uporabljajte kvalitetne in prakti\u010dne pripomo\u010dke pri igranju biljarda.<\/p>\n<p>Opravljamo tudi servis, obnovo in preobla\u010denje biljardov.<\/p>\n<p>Na\u0161e podjetje EUROCLAS &amp; Co. d.o.o., vam zagotavlja prodajo kakovostnih igralnih aparatov in storitev, ter korekten poslovni odnos, kar potrjujejo tudi na\u0161e \u0161tevilne zadovoljne stranke. Prepri\u010dajte se tudi sami in postanite tudi vi, eden izmed na\u0161ih zadovoljnih kupcev.<\/p>\n<p><span style=\"color: #000000;\"><span style=\"color: #ff0000;\"><span style=\"color: #008000;\">Obi\u0161\u010dite lahko tudi na\u0161 razstavni salon in se prepri\u010dajte o na\u0161i bogati ponudbi rezervnih delov in ostale opreme potrebne pri igri biljarda. Nahajamo se 15 minut od Ljubljanske obvoznice.<\/span><\/span><\/span><\/p>\n<p><span style=\"color: #ff0000;\">IGRALNI APARATI &#8211; Prodaja &#8211; Najem &#8211; Servis &#8211; Rezervni deli<\/span><\/p>\n<p><strong>Za vsa dodatna vpra\u0161anja in pojasnila, smo vam na voljo vsak dan med 8h in 20h.<\/strong><\/p>\n<p><a href=\"https:\/\/igralni-aparati.si\/trgovina\/reference\/\" target=\"_blank\" rel=\"noopener\">Oglejte si nekaj na\u0161ih bogatih referenc &gt;&gt;<\/a><\/p>\n<p><a href=\"https:\/\/igralni-aparati.si\/trgovina\/zadovoljne_stranke\/\" target=\"_blank\" rel=\"noopener\">Preberite si izjave na\u0161ih zadovoljnih strank &gt;&gt;<\/a><\/p>\n<p><a href=\"https:\/\/www.youtube.com\/channel\/UCMsDOO8aBg5MgXXMnONEBJg\" target=\"_blank\" rel=\"noopener\">Na\u0161 YouTube kanal Igralni Aparati &gt;&gt;<\/a><\/p>\n","protected":false},"excerpt":{"rendered":"<h6>Biljard palica aluminijasta z kromiranim mosti\u010dkom.<\/h6>\n<p>Narejena iz kakovostnih materialov in elegantnega izgleda. Mosti\u010dek iz kovine v barvi kroma, je pritrjen na aluminijasto\u00a0 biljard palico, dol\u017eine 146 cm. Zaokro\u017eene nogice, prepre\u010dujejo po\u0161kodbo blaga, pri njegovi uporabi, na igralni povr\u0161ina.<\/p>\n<p><span style=\"color: #000000;\"><span style=\"color: #ff0000;\"><span style=\"color: #008000;\">Obi\u0161\u010dite lahko tudi na\u0161 razstavni salon in se prepri\u010dajte o na\u0161i bogati ponudbi rezervnih delov in ostale opreme potrebne pri igri biljarda. Nahajamo se 15 minut od Ljubljanske obvoznice.<\/span><\/span><\/span><\/p>\n<p><strong>Za vsa dodatna vpra\u0161anja in pojasnila, smo na voljo vsak dan med 8h in 20h.<\/strong><\/p>\n<p><span style=\"color: #ff0000;\">IGRALNI APARATI &#8211; Prodaja &#8211; Najem &#8211; Servis &#8211; Rezervni deli<\/span><\/p>\n","protected":false},"featured_media":3628,"comment_status":"open","ping_status":"closed","template":"","meta":{"site-sidebar-layout":"default","site-content-layout":"default","ast-site-content-layout":"default","site-content-style":"default","site-sidebar-style":"default","ast-global-header-display":"","ast-banner-title-visibility":"","ast-main-header-display":"","ast-hfb-above-header-display":"","ast-hfb-below-header-display":"","ast-hfb-mobile-header-display":"","site-post-title":"","ast-breadcrumbs-content":"","ast-featured-img":"","footer-sml-layout":"","theme-transparent-header-meta":"default","adv-header-id-meta":"","stick-header-meta":"","header-above-stick-meta":"","header-main-stick-meta":"","header-below-stick-meta":"","astra-migrate-meta-layouts":"set","ast-page-background-enabled":"default","ast-page-background-meta":{"desktop":{"background-color":"","background-image":"","background-repeat":"repeat","background-position":"center center","background-size":"auto","background-attachment":"scroll","background-type":"","background-media":"","overlay-type":"","overlay-color":"","overlay-opacity":"","overlay-gradient":""},"tablet":{"background-color":"","background-image":"","background-repeat":"repeat","background-position":"center center","background-size":"auto","background-attachment":"scroll","background-type":"","background-media":"","overlay-type":"","overlay-color":"","overlay-opacity":"","overlay-gradient":""},"mobile":{"background-color":"","background-image":"","background-repeat":"repeat","background-position":"center center","background-size":"auto","background-attachment":"scroll","background-type":"","background-media":"","overlay-type":"","overlay-color":"","overlay-opacity":"","overlay-gradient":""}},"ast-content-background-meta":{"desktop":{"background-color":"var(--ast-global-color-5)","background-image":"","background-repeat":"repeat","background-position":"center center","background-size":"auto","background-attachment":"scroll","background-type":"","background-media":"","overlay-type":"","overlay-color":"","overlay-opacity":"","overlay-gradient":""},"tablet":{"background-color":"var(--ast-global-color-5)","background-image":"","background-repeat":"repeat","background-position":"center center","background-size":"auto","background-attachment":"scroll","background-type":"","background-media":"","overlay-type":"","overlay-color":"","overlay-opacity":"","overlay-gradient":""},"mobile":{"background-color":"var(--ast-global-color-5)","background-image":"","background-repeat":"repeat","background-position":"center center","background-size":"auto","background-attachment":"scroll","background-type":"","background-media":"","overlay-type":"","overlay-color":"","overlay-opacity":"","overlay-gradient":""}}},"product_brand":[],"product_cat":[90,96,91,97],"product_tag":[104,92],"class_list":{"0":"post-3634","1":"product","2":"type-product","3":"status-publish","4":"has-post-thumbnail","6":"product_cat-biljard-palice-odlicne-cene","7":"product_cat-deli-in-oprema-za-biljard","8":"product_cat-biljard-palice-in-oprema-za-biljard","9":"product_cat-ostali-deli-in-oprema-za-biljard","10":"product_tag-mosticki-za-biljard","11":"product_tag-vse-za-biljard","12":"desktop-align-left","13":"tablet-align-left","14":"mobile-align-left","16":"first","17":"onbackorder","18":"taxable","19":"shipping-taxable","20":"purchasable","21":"product-type-simple"},"yoast_head":"<!-- This site is optimized with the Yoast SEO plugin v25.8 - https:\/\/yoast.com\/wordpress\/plugins\/seo\/ -->\n<title>Biljard palica aluminijasta z kromiranim mosti\u010dkom - Euroclas &amp; Co. d.o.o.<\/title>\n<meta name=\"description\" content=\"Vse za igro biljarda, dobite pri nas na v E trgovini ali v na\u0161em razstavnem salonu. Biljard palica aluminijasta z kromiranim mosti\u010dkom.\" \/>\n<meta name=\"robots\" content=\"index, follow, max-snippet:-1, max-image-preview:large, max-video-preview:-1\" \/>\n<link rel=\"canonical\" href=\"https:\/\/igralni-aparati.si\/trgovina\/izdelek\/biljard-palica-aluminijasta-z-kromiranim-mostickom\/\" \/>\n<meta property=\"og:locale\" content=\"sl_SI\" \/>\n<meta property=\"og:type\" content=\"article\" \/>\n<meta property=\"og:title\" content=\"Biljard palica aluminijasta z kromiranim mosti\u010dkom - Euroclas &amp; Co. d.o.o.\" \/>\n<meta property=\"og:description\" content=\"Vse za igro biljarda, dobite pri nas na v E trgovini ali v na\u0161em razstavnem salonu. Biljard palica aluminijasta z kromiranim mosti\u010dkom.\" \/>\n<meta property=\"og:url\" content=\"https:\/\/igralni-aparati.si\/trgovina\/izdelek\/biljard-palica-aluminijasta-z-kromiranim-mostickom\/\" \/>\n<meta property=\"og:site_name\" content=\"EUROCLAS &amp; Co. d.o.o.\" \/>\n<meta property=\"article:modified_time\" content=\"2025-09-23T16:37:35+00:00\" \/>\n<meta property=\"og:image\" content=\"https:\/\/igralni-aparati.si\/trgovina\/wp-content\/uploads\/2021\/04\/Biljard-palica-Aluminija-in-kromanim-mostickom.jpg\" \/>\n\t<meta property=\"og:image:width\" content=\"717\" \/>\n\t<meta property=\"og:image:height\" content=\"730\" \/>\n\t<meta property=\"og:image:type\" content=\"image\/jpeg\" \/>\n<meta name=\"twitter:card\" content=\"summary_large_image\" \/>\n<meta name=\"twitter:label1\" content=\"Est. reading time\" \/>\n\t<meta name=\"twitter:data1\" content=\"2 minuti\" \/>\n<script type=\"application\/ld+json\" class=\"yoast-schema-graph\">{\"@context\":\"https:\/\/schema.org\",\"@graph\":[{\"@type\":\"WebPage\",\"@id\":\"https:\/\/igralni-aparati.si\/trgovina\/izdelek\/biljard-palica-aluminijasta-z-kromiranim-mostickom\/\",\"url\":\"https:\/\/igralni-aparati.si\/trgovina\/izdelek\/biljard-palica-aluminijasta-z-kromiranim-mostickom\/\",\"name\":\"Biljard palica aluminijasta z kromiranim mosti\u010dkom - Euroclas & Co. d.o.o.\",\"isPartOf\":{\"@id\":\"https:\/\/igralni-aparati.si\/trgovina\/#website\"},\"primaryImageOfPage\":{\"@id\":\"https:\/\/igralni-aparati.si\/trgovina\/izdelek\/biljard-palica-aluminijasta-z-kromiranim-mostickom\/#primaryimage\"},\"image\":{\"@id\":\"https:\/\/igralni-aparati.si\/trgovina\/izdelek\/biljard-palica-aluminijasta-z-kromiranim-mostickom\/#primaryimage\"},\"thumbnailUrl\":\"https:\/\/igralni-aparati.si\/trgovina\/wp-content\/uploads\/2021\/04\/Biljard-palica-Aluminija-in-kromanim-mostickom.jpg\",\"datePublished\":\"2021-04-29T08:43:48+00:00\",\"dateModified\":\"2025-09-23T16:37:35+00:00\",\"description\":\"Vse za igro biljarda, dobite pri nas na v E trgovini ali v na\u0161em razstavnem salonu. Biljard palica aluminijasta z kromiranim mosti\u010dkom.\",\"breadcrumb\":{\"@id\":\"https:\/\/igralni-aparati.si\/trgovina\/izdelek\/biljard-palica-aluminijasta-z-kromiranim-mostickom\/#breadcrumb\"},\"inLanguage\":\"sl-SI\",\"potentialAction\":[{\"@type\":\"ReadAction\",\"target\":[\"https:\/\/igralni-aparati.si\/trgovina\/izdelek\/biljard-palica-aluminijasta-z-kromiranim-mostickom\/\"]}]},{\"@type\":\"ImageObject\",\"inLanguage\":\"sl-SI\",\"@id\":\"https:\/\/igralni-aparati.si\/trgovina\/izdelek\/biljard-palica-aluminijasta-z-kromiranim-mostickom\/#primaryimage\",\"url\":\"https:\/\/igralni-aparati.si\/trgovina\/wp-content\/uploads\/2021\/04\/Biljard-palica-Aluminija-in-kromanim-mostickom.jpg\",\"contentUrl\":\"https:\/\/igralni-aparati.si\/trgovina\/wp-content\/uploads\/2021\/04\/Biljard-palica-Aluminija-in-kromanim-mostickom.jpg\",\"width\":717,\"height\":730,\"caption\":\"Biljard palica Aluminija in kromanim mosti\u010dkom\"},{\"@type\":\"BreadcrumbList\",\"@id\":\"https:\/\/igralni-aparati.si\/trgovina\/izdelek\/biljard-palica-aluminijasta-z-kromiranim-mostickom\/#breadcrumb\",\"itemListElement\":[{\"@type\":\"ListItem\",\"position\":1,\"name\":\"Home\",\"item\":\"https:\/\/igralni-aparati.si\/trgovina\/\"},{\"@type\":\"ListItem\",\"position\":2,\"name\":\"Katalog izdelkov\",\"item\":\"https:\/\/igralni-aparati.si\/trgovina\/\"},{\"@type\":\"ListItem\",\"position\":3,\"name\":\"Biljard palica aluminijasta z kromiranim mosti\u010dkom\"}]},{\"@type\":\"WebSite\",\"@id\":\"https:\/\/igralni-aparati.si\/trgovina\/#website\",\"url\":\"https:\/\/igralni-aparati.si\/trgovina\/\",\"name\":\"EUROCLAS &amp; Co. d.o.o.\",\"description\":\"Za dodatne informacije  pokli\u010dite:\u00a0 041 614 817\",\"publisher\":{\"@id\":\"https:\/\/igralni-aparati.si\/trgovina\/#organization\"},\"potentialAction\":[{\"@type\":\"SearchAction\",\"target\":{\"@type\":\"EntryPoint\",\"urlTemplate\":\"https:\/\/igralni-aparati.si\/trgovina\/?s={search_term_string}\"},\"query-input\":{\"@type\":\"PropertyValueSpecification\",\"valueRequired\":true,\"valueName\":\"search_term_string\"}}],\"inLanguage\":\"sl-SI\"},{\"@type\":\"Organization\",\"@id\":\"https:\/\/igralni-aparati.si\/trgovina\/#organization\",\"name\":\"EUROCLAS &amp; Co. d.o.o.\",\"url\":\"https:\/\/igralni-aparati.si\/trgovina\/\",\"logo\":{\"@type\":\"ImageObject\",\"inLanguage\":\"sl-SI\",\"@id\":\"https:\/\/igralni-aparati.si\/trgovina\/#\/schema\/logo\/image\/\",\"url\":\"https:\/\/igralni-aparati.si\/trgovina\/wp-content\/uploads\/2020\/05\/LOGO4-2.jpg\",\"contentUrl\":\"https:\/\/igralni-aparati.si\/trgovina\/wp-content\/uploads\/2020\/05\/LOGO4-2.jpg\",\"width\":289,\"height\":78,\"caption\":\"EUROCLAS &amp; Co. d.o.o.\"},\"image\":{\"@id\":\"https:\/\/igralni-aparati.si\/trgovina\/#\/schema\/logo\/image\/\"}}]}<\/script>\n<!-- \/ Yoast SEO plugin. -->","yoast_head_json":{"title":"Biljard palica aluminijasta z kromiranim mosti\u010dkom - Euroclas & Co. d.o.o.","description":"Vse za igro biljarda, dobite pri nas na v E trgovini ali v na\u0161em razstavnem salonu. Biljard palica aluminijasta z kromiranim mosti\u010dkom.","robots":{"index":"index","follow":"follow","max-snippet":"max-snippet:-1","max-image-preview":"max-image-preview:large","max-video-preview":"max-video-preview:-1"},"canonical":"https:\/\/igralni-aparati.si\/trgovina\/izdelek\/biljard-palica-aluminijasta-z-kromiranim-mostickom\/","og_locale":"sl_SI","og_type":"article","og_title":"Biljard palica aluminijasta z kromiranim mosti\u010dkom - Euroclas & Co. d.o.o.","og_description":"Vse za igro biljarda, dobite pri nas na v E trgovini ali v na\u0161em razstavnem salonu. Biljard palica aluminijasta z kromiranim mosti\u010dkom.","og_url":"https:\/\/igralni-aparati.si\/trgovina\/izdelek\/biljard-palica-aluminijasta-z-kromiranim-mostickom\/","og_site_name":"EUROCLAS &amp; Co. d.o.o.","article_modified_time":"2025-09-23T16:37:35+00:00","og_image":[{"width":717,"height":730,"url":"https:\/\/igralni-aparati.si\/trgovina\/wp-content\/uploads\/2021\/04\/Biljard-palica-Aluminija-in-kromanim-mostickom.jpg","type":"image\/jpeg"}],"twitter_card":"summary_large_image","twitter_misc":{"Est. reading time":"2 minuti"},"schema":{"@context":"https:\/\/schema.org","@graph":[{"@type":"WebPage","@id":"https:\/\/igralni-aparati.si\/trgovina\/izdelek\/biljard-palica-aluminijasta-z-kromiranim-mostickom\/","url":"https:\/\/igralni-aparati.si\/trgovina\/izdelek\/biljard-palica-aluminijasta-z-kromiranim-mostickom\/","name":"Biljard palica aluminijasta z kromiranim mosti\u010dkom - Euroclas & Co. d.o.o.","isPartOf":{"@id":"https:\/\/igralni-aparati.si\/trgovina\/#website"},"primaryImageOfPage":{"@id":"https:\/\/igralni-aparati.si\/trgovina\/izdelek\/biljard-palica-aluminijasta-z-kromiranim-mostickom\/#primaryimage"},"image":{"@id":"https:\/\/igralni-aparati.si\/trgovina\/izdelek\/biljard-palica-aluminijasta-z-kromiranim-mostickom\/#primaryimage"},"thumbnailUrl":"https:\/\/igralni-aparati.si\/trgovina\/wp-content\/uploads\/2021\/04\/Biljard-palica-Aluminija-in-kromanim-mostickom.jpg","datePublished":"2021-04-29T08:43:48+00:00","dateModified":"2025-09-23T16:37:35+00:00","description":"Vse za igro biljarda, dobite pri nas na v E trgovini ali v na\u0161em razstavnem salonu. Biljard palica aluminijasta z kromiranim mosti\u010dkom.","breadcrumb":{"@id":"https:\/\/igralni-aparati.si\/trgovina\/izdelek\/biljard-palica-aluminijasta-z-kromiranim-mostickom\/#breadcrumb"},"inLanguage":"sl-SI","potentialAction":[{"@type":"ReadAction","target":["https:\/\/igralni-aparati.si\/trgovina\/izdelek\/biljard-palica-aluminijasta-z-kromiranim-mostickom\/"]}]},{"@type":"ImageObject","inLanguage":"sl-SI","@id":"https:\/\/igralni-aparati.si\/trgovina\/izdelek\/biljard-palica-aluminijasta-z-kromiranim-mostickom\/#primaryimage","url":"https:\/\/igralni-aparati.si\/trgovina\/wp-content\/uploads\/2021\/04\/Biljard-palica-Aluminija-in-kromanim-mostickom.jpg","contentUrl":"https:\/\/igralni-aparati.si\/trgovina\/wp-content\/uploads\/2021\/04\/Biljard-palica-Aluminija-in-kromanim-mostickom.jpg","width":717,"height":730,"caption":"Biljard palica Aluminija in kromanim mosti\u010dkom"},{"@type":"BreadcrumbList","@id":"https:\/\/igralni-aparati.si\/trgovina\/izdelek\/biljard-palica-aluminijasta-z-kromiranim-mostickom\/#breadcrumb","itemListElement":[{"@type":"ListItem","position":1,"name":"Home","item":"https:\/\/igralni-aparati.si\/trgovina\/"},{"@type":"ListItem","position":2,"name":"Katalog izdelkov","item":"https:\/\/igralni-aparati.si\/trgovina\/"},{"@type":"ListItem","position":3,"name":"Biljard palica aluminijasta z kromiranim mosti\u010dkom"}]},{"@type":"WebSite","@id":"https:\/\/igralni-aparati.si\/trgovina\/#website","url":"https:\/\/igralni-aparati.si\/trgovina\/","name":"EUROCLAS &amp; Co. d.o.o.","description":"Za dodatne informacije  pokli\u010dite:\u00a0 041 614 817","publisher":{"@id":"https:\/\/igralni-aparati.si\/trgovina\/#organization"},"potentialAction":[{"@type":"SearchAction","target":{"@type":"EntryPoint","urlTemplate":"https:\/\/igralni-aparati.si\/trgovina\/?s={search_term_string}"},"query-input":{"@type":"PropertyValueSpecification","valueRequired":true,"valueName":"search_term_string"}}],"inLanguage":"sl-SI"},{"@type":"Organization","@id":"https:\/\/igralni-aparati.si\/trgovina\/#organization","name":"EUROCLAS &amp; Co. d.o.o.","url":"https:\/\/igralni-aparati.si\/trgovina\/","logo":{"@type":"ImageObject","inLanguage":"sl-SI","@id":"https:\/\/igralni-aparati.si\/trgovina\/#\/schema\/logo\/image\/","url":"https:\/\/igralni-aparati.si\/trgovina\/wp-content\/uploads\/2020\/05\/LOGO4-2.jpg","contentUrl":"https:\/\/igralni-aparati.si\/trgovina\/wp-content\/uploads\/2020\/05\/LOGO4-2.jpg","width":289,"height":78,"caption":"EUROCLAS &amp; Co. d.o.o."},"image":{"@id":"https:\/\/igralni-aparati.si\/trgovina\/#\/schema\/logo\/image\/"}}]}},"_links":{"self":[{"href":"https:\/\/igralni-aparati.si\/trgovina\/wp-json\/wp\/v2\/product\/3634","targetHints":{"allow":["GET"]}}],"collection":[{"href":"https:\/\/igralni-aparati.si\/trgovina\/wp-json\/wp\/v2\/product"}],"about":[{"href":"https:\/\/igralni-aparati.si\/trgovina\/wp-json\/wp\/v2\/types\/product"}],"replies":[{"embeddable":true,"href":"https:\/\/igralni-aparati.si\/trgovina\/wp-json\/wp\/v2\/comments?post=3634"}],"version-history":[{"count":6,"href":"https:\/\/igralni-aparati.si\/trgovina\/wp-json\/wp\/v2\/product\/3634\/revisions"}],"predecessor-version":[{"id":4616,"href":"https:\/\/igralni-aparati.si\/trgovina\/wp-json\/wp\/v2\/product\/3634\/revisions\/4616"}],"wp:featuredmedia":[{"embeddable":true,"href":"https:\/\/igralni-aparati.si\/trgovina\/wp-json\/wp\/v2\/media\/3628"}],"wp:attachment":[{"href":"https:\/\/igralni-aparati.si\/trgovina\/wp-json\/wp\/v2\/media?parent=3634"}],"wp:term":[{"taxonomy":"product_brand","embeddable":true,"href":"https:\/\/igralni-aparati.si\/trgovina\/wp-json\/wp\/v2\/product_brand?post=3634"},{"taxonomy":"product_cat","embeddable":true,"href":"https:\/\/igralni-aparati.si\/trgovina\/wp-json\/wp\/v2\/product_cat?post=3634"},{"taxonomy":"product_tag","embeddable":true,"href":"https:\/\/igralni-aparati.si\/trgovina\/wp-json\/wp\/v2\/product_tag?post=3634"}],"curies":[{"name":"wp","href":"https:\/\/api.w.org\/{rel}","templated":true}]}}