{"id":3669,"date":"2021-05-08T17:55:23","date_gmt":"2021-05-08T17:55:23","guid":{"rendered":"https:\/\/igralni-aparati.si\/trgovina\/?post_type=product&#038;p=3669"},"modified":"2025-01-26T14:14:13","modified_gmt":"2025-01-26T14:14:13","slug":"pikado-tarca-original-lowen","status":"publish","type":"product","link":"https:\/\/igralni-aparati.si\/trgovina\/izdelek\/pikado-tarca-original-lowen\/","title":{"rendered":"Pikado tar\u010da &#8211; original Lowen"},"content":{"rendered":"<h6>Pikado tar\u010da &#8211; original Lowen.<\/h6>\n<p>Kompletna original tar\u010da Lowen za pikado, je primerna za pikado aparate znamke Lowen, vseh generacij in modelov. Kompletna tar\u010da se sestoji iz bele paj\u010devine in vseh 82 segmentov v modri in rde\u010di barvi. Izjemno kvalitetni segmenti in paj\u010devina, ki vam bo odli\u010dno slu\u017eila vrsto let. Najbolj\u0161a pikado tar\u010da na trgu, nem\u0161kega proizvajalca Lowen. <span style=\"color: #0000ff;\">Originalni rezervni deli Lowen, so vrhunske kvalitete z dolgo \u017eivljenjsko dobo. Z uporabo originalnih rezervnih delov, va\u0161 pikado \u0161e vedno ostaja vrhunski nem\u0161ki proizvod znamke Lowen.<\/span><\/p>\n<p>Na\u0161a specialnost so pikado aparati Lowen, za katere razpolagamo z servisom in vsemi originalnimi rezervnimi\u00a0 deli.<\/p>\n<p>Na\u0161e podjetje EUROCLAS &amp; Co. d.o.o., vam zagotavlja prodajo kakovostnih igralnih aparatov in storitev, ter korekten poslovni odnos, kar potrjujejo tudi na\u0161e \u0161tevilne zadovoljne stranke. Prepri\u010dajte se tudi sami in postanite tudi vi, eden izmed na\u0161ih zadovoljnih kupcev.<\/p>\n<p><span style=\"color: #000000;\"><span style=\"color: #ff0000;\"><span style=\"color: #008000;\">Obi\u0161\u010dite lahko tudi na\u0161 razstavni salon in se prepri\u010date o na\u0161i bogati ponudbi rezervnih delov in potro\u0161nega materiala za ve\u010dino pikado aparatov, kjer vse kar se nahaja v E trgovini, lahko vidite tudi v \u017eivo. Nahajamo se 15 minut od Ljubljanske obvoznice.<\/span><\/span><\/span><\/p>\n<p><span style=\"color: #ff0000;\">IGRALNI APARATI &#8211; Prodaja &#8211; Najem &#8211; Servis &#8211; Rezervni deli<\/span><\/p>\n<p><strong>Za vsa dodatna vpra\u0161anja in pojasnila, smo vam na voljo vsak dan med 8h in 20h.<\/strong><\/p>\n<p><a href=\"https:\/\/igralni-aparati.si\/trgovina\/reference\/\" target=\"_blank\" rel=\"noopener\">Oglejte si nekaj na\u0161ih bogatih referenc &gt;&gt;<\/a><\/p>\n<p><a href=\"https:\/\/igralni-aparati.si\/trgovina\/zadovoljne_stranke\/\" target=\"_blank\" rel=\"noopener\">Preberite si izjave na\u0161ih zadovoljnih strank &gt;&gt;<\/a><\/p>\n<p><a href=\"https:\/\/www.youtube.com\/channel\/UCMsDOO8aBg5MgXXMnONEBJg\" target=\"_blank\" rel=\"noopener\">Na\u0161 YouTube kanal Igralni Aparati &gt;&gt;<\/a><\/p>\n","protected":false},"excerpt":{"rendered":"<h6>Pikado tar\u010da &#8211; original Lowen.<\/h6>\n<p>Kompletna original tar\u010da Lowen, je primerna za pikado aparate znamke Lowen, vseh generacij in modelov. Kompletna tar\u010da se sestoji iz bele paj\u010devine in vseh 82 segmentov v modri in rde\u010di barvi.<\/p>\n<p><span style=\"color: #0000ff;\">Na\u0161a specialnost so pikado aparati Lowen, za katere razpolagamo z servisom in vsemi originalnimi rezervnimi\u00a0 deli.<\/span><\/p>\n<p><span style=\"color: #000000;\"><span style=\"color: #ff0000;\"><span style=\"color: #008000;\">Obi\u0161\u010dite lahko tudi na\u0161 razstavni salon in se prepri\u010date o na\u0161i bogati ponudbi rezervnih delov in potro\u0161nega materiala za ve\u010dino pikado aparatov, kjer vse kar se nahaja v E trgovini, lahko vidite tudi v \u017eivo. Nahajamo se 15 minut od Ljubljanske obvoznice.<\/span><\/span><\/span><\/p>\n<p><span style=\"color: #ff0000;\">IGRALNI APARATI &#8211; Prodaja &#8211; Najem &#8211; Servis &#8211; Rezervni deli<\/span><\/p>\n<p><strong>Za vsa dodatna vpra\u0161anja in pojasnila, smo vam na voljo vsak dan med 8h in 20h.<\/strong><\/p>\n","protected":false},"featured_media":3676,"comment_status":"open","ping_status":"closed","template":"","meta":{"site-sidebar-layout":"default","site-content-layout":"default","ast-site-content-layout":"default","site-content-style":"default","site-sidebar-style":"default","ast-global-header-display":"","ast-banner-title-visibility":"","ast-main-header-display":"","ast-hfb-above-header-display":"","ast-hfb-below-header-display":"","ast-hfb-mobile-header-display":"","site-post-title":"","ast-breadcrumbs-content":"","ast-featured-img":"","footer-sml-layout":"","theme-transparent-header-meta":"default","adv-header-id-meta":"","stick-header-meta":"","header-above-stick-meta":"","header-main-stick-meta":"","header-below-stick-meta":"","astra-migrate-meta-layouts":"default","ast-page-background-enabled":"default","ast-page-background-meta":{"desktop":{"background-color":"","background-image":"","background-repeat":"repeat","background-position":"center center","background-size":"auto","background-attachment":"scroll","background-type":"","background-media":"","overlay-type":"","overlay-color":"","overlay-opacity":"","overlay-gradient":""},"tablet":{"background-color":"","background-image":"","background-repeat":"repeat","background-position":"center center","background-size":"auto","background-attachment":"scroll","background-type":"","background-media":"","overlay-type":"","overlay-color":"","overlay-opacity":"","overlay-gradient":""},"mobile":{"background-color":"","background-image":"","background-repeat":"repeat","background-position":"center center","background-size":"auto","background-attachment":"scroll","background-type":"","background-media":"","overlay-type":"","overlay-color":"","overlay-opacity":"","overlay-gradient":""}},"ast-content-background-meta":{"desktop":{"background-color":"var(--ast-global-color-5)","background-image":"","background-repeat":"repeat","background-position":"center center","background-size":"auto","background-attachment":"scroll","background-type":"","background-media":"","overlay-type":"","overlay-color":"","overlay-opacity":"","overlay-gradient":""},"tablet":{"background-color":"var(--ast-global-color-5)","background-image":"","background-repeat":"repeat","background-position":"center center","background-size":"auto","background-attachment":"scroll","background-type":"","background-media":"","overlay-type":"","overlay-color":"","overlay-opacity":"","overlay-gradient":""},"mobile":{"background-color":"var(--ast-global-color-5)","background-image":"","background-repeat":"repeat","background-position":"center center","background-size":"auto","background-attachment":"scroll","background-type":"","background-media":"","overlay-type":"","overlay-color":"","overlay-opacity":"","overlay-gradient":""}}},"product_brand":[],"product_cat":[33,107],"product_tag":[45,125,121],"class_list":{"0":"post-3669","1":"product","2":"type-product","3":"status-publish","4":"has-post-thumbnail","6":"product_cat-rezervni-deli-pikado","7":"product_cat-pikado-rezervni-deli","8":"product_tag-pikado-lowen-prodaja-najem-servis-deli","9":"product_tag-tarca-segmenti-pajcevina-obrobe-gume","10":"product_tag-vse-za-pikado","11":"desktop-align-left","12":"tablet-align-left","13":"mobile-align-left","15":"first","16":"instock","17":"taxable","18":"shipping-taxable","19":"purchasable","20":"product-type-simple"},"yoast_head":"<!-- This site is optimized with the Yoast SEO plugin v25.8 - https:\/\/yoast.com\/wordpress\/plugins\/seo\/ -->\n<title>Pikado tar\u010da - original Lowen - EUROCLAS &amp; Co. d.o.o.<\/title>\n<meta name=\"description\" content=\"Pri nas dobite vse dele za pikado Lowen. Pikado tar\u010da - original Lowen. Igralni Aparati - Prodaja - Najem - Servis - Rezervni Deli.\" \/>\n<meta name=\"robots\" content=\"index, follow, max-snippet:-1, max-image-preview:large, max-video-preview:-1\" \/>\n<link rel=\"canonical\" href=\"https:\/\/igralni-aparati.si\/trgovina\/izdelek\/pikado-tarca-original-lowen\/\" \/>\n<meta property=\"og:locale\" content=\"sl_SI\" \/>\n<meta property=\"og:type\" content=\"article\" \/>\n<meta property=\"og:title\" content=\"Pikado tar\u010da - original Lowen - EUROCLAS &amp; Co. d.o.o.\" \/>\n<meta property=\"og:description\" content=\"Pri nas dobite vse dele za pikado Lowen. Pikado tar\u010da - original Lowen. Igralni Aparati - Prodaja - Najem - Servis - Rezervni Deli.\" \/>\n<meta property=\"og:url\" content=\"https:\/\/igralni-aparati.si\/trgovina\/izdelek\/pikado-tarca-original-lowen\/\" \/>\n<meta property=\"og:site_name\" content=\"EUROCLAS &amp; Co. d.o.o.\" \/>\n<meta property=\"article:modified_time\" content=\"2025-01-26T14:14:13+00:00\" \/>\n<meta property=\"og:image\" content=\"https:\/\/igralni-aparati.si\/trgovina\/wp-content\/uploads\/2021\/05\/Tarca-kompletna-Lowen.jpg\" \/>\n\t<meta property=\"og:image:width\" content=\"700\" \/>\n\t<meta property=\"og:image:height\" content=\"700\" \/>\n\t<meta property=\"og:image:type\" content=\"image\/jpeg\" \/>\n<meta name=\"twitter:card\" content=\"summary_large_image\" \/>\n<meta name=\"twitter:label1\" content=\"Est. reading time\" \/>\n\t<meta name=\"twitter:data1\" content=\"2 minuti\" \/>\n<script type=\"application\/ld+json\" class=\"yoast-schema-graph\">{\"@context\":\"https:\/\/schema.org\",\"@graph\":[{\"@type\":\"WebPage\",\"@id\":\"https:\/\/igralni-aparati.si\/trgovina\/izdelek\/pikado-tarca-original-lowen\/\",\"url\":\"https:\/\/igralni-aparati.si\/trgovina\/izdelek\/pikado-tarca-original-lowen\/\",\"name\":\"Pikado tar\u010da - original Lowen - EUROCLAS &amp; Co. d.o.o.\",\"isPartOf\":{\"@id\":\"https:\/\/igralni-aparati.si\/trgovina\/#website\"},\"primaryImageOfPage\":{\"@id\":\"https:\/\/igralni-aparati.si\/trgovina\/izdelek\/pikado-tarca-original-lowen\/#primaryimage\"},\"image\":{\"@id\":\"https:\/\/igralni-aparati.si\/trgovina\/izdelek\/pikado-tarca-original-lowen\/#primaryimage\"},\"thumbnailUrl\":\"https:\/\/igralni-aparati.si\/trgovina\/wp-content\/uploads\/2021\/05\/Tarca-kompletna-Lowen.jpg\",\"datePublished\":\"2021-05-08T17:55:23+00:00\",\"dateModified\":\"2025-01-26T14:14:13+00:00\",\"description\":\"Pri nas dobite vse dele za pikado Lowen. Pikado tar\u010da - original Lowen. Igralni Aparati - Prodaja - Najem - Servis - Rezervni Deli.\",\"breadcrumb\":{\"@id\":\"https:\/\/igralni-aparati.si\/trgovina\/izdelek\/pikado-tarca-original-lowen\/#breadcrumb\"},\"inLanguage\":\"sl-SI\",\"potentialAction\":[{\"@type\":\"ReadAction\",\"target\":[\"https:\/\/igralni-aparati.si\/trgovina\/izdelek\/pikado-tarca-original-lowen\/\"]}]},{\"@type\":\"ImageObject\",\"inLanguage\":\"sl-SI\",\"@id\":\"https:\/\/igralni-aparati.si\/trgovina\/izdelek\/pikado-tarca-original-lowen\/#primaryimage\",\"url\":\"https:\/\/igralni-aparati.si\/trgovina\/wp-content\/uploads\/2021\/05\/Tarca-kompletna-Lowen.jpg\",\"contentUrl\":\"https:\/\/igralni-aparati.si\/trgovina\/wp-content\/uploads\/2021\/05\/Tarca-kompletna-Lowen.jpg\",\"width\":700,\"height\":700,\"caption\":\"Tar\u010da kompletna original Lowen\"},{\"@type\":\"BreadcrumbList\",\"@id\":\"https:\/\/igralni-aparati.si\/trgovina\/izdelek\/pikado-tarca-original-lowen\/#breadcrumb\",\"itemListElement\":[{\"@type\":\"ListItem\",\"position\":1,\"name\":\"Home\",\"item\":\"https:\/\/igralni-aparati.si\/trgovina\/\"},{\"@type\":\"ListItem\",\"position\":2,\"name\":\"Katalog izdelkov\",\"item\":\"https:\/\/igralni-aparati.si\/trgovina\/\"},{\"@type\":\"ListItem\",\"position\":3,\"name\":\"Pikado tar\u010da &#8211; original Lowen\"}]},{\"@type\":\"WebSite\",\"@id\":\"https:\/\/igralni-aparati.si\/trgovina\/#website\",\"url\":\"https:\/\/igralni-aparati.si\/trgovina\/\",\"name\":\"EUROCLAS &amp; Co. d.o.o.\",\"description\":\"Za dodatne informacije  pokli\u010dite:\u00a0 041 614 817\",\"publisher\":{\"@id\":\"https:\/\/igralni-aparati.si\/trgovina\/#organization\"},\"potentialAction\":[{\"@type\":\"SearchAction\",\"target\":{\"@type\":\"EntryPoint\",\"urlTemplate\":\"https:\/\/igralni-aparati.si\/trgovina\/?s={search_term_string}\"},\"query-input\":{\"@type\":\"PropertyValueSpecification\",\"valueRequired\":true,\"valueName\":\"search_term_string\"}}],\"inLanguage\":\"sl-SI\"},{\"@type\":\"Organization\",\"@id\":\"https:\/\/igralni-aparati.si\/trgovina\/#organization\",\"name\":\"EUROCLAS &amp; Co. d.o.o.\",\"url\":\"https:\/\/igralni-aparati.si\/trgovina\/\",\"logo\":{\"@type\":\"ImageObject\",\"inLanguage\":\"sl-SI\",\"@id\":\"https:\/\/igralni-aparati.si\/trgovina\/#\/schema\/logo\/image\/\",\"url\":\"https:\/\/igralni-aparati.si\/trgovina\/wp-content\/uploads\/2020\/05\/LOGO4-2.jpg\",\"contentUrl\":\"https:\/\/igralni-aparati.si\/trgovina\/wp-content\/uploads\/2020\/05\/LOGO4-2.jpg\",\"width\":289,\"height\":78,\"caption\":\"EUROCLAS &amp; Co. d.o.o.\"},\"image\":{\"@id\":\"https:\/\/igralni-aparati.si\/trgovina\/#\/schema\/logo\/image\/\"}}]}<\/script>\n<!-- \/ Yoast SEO plugin. -->","yoast_head_json":{"title":"Pikado tar\u010da - original Lowen - EUROCLAS &amp; Co. d.o.o.","description":"Pri nas dobite vse dele za pikado Lowen. Pikado tar\u010da - original Lowen. Igralni Aparati - Prodaja - Najem - Servis - Rezervni Deli.","robots":{"index":"index","follow":"follow","max-snippet":"max-snippet:-1","max-image-preview":"max-image-preview:large","max-video-preview":"max-video-preview:-1"},"canonical":"https:\/\/igralni-aparati.si\/trgovina\/izdelek\/pikado-tarca-original-lowen\/","og_locale":"sl_SI","og_type":"article","og_title":"Pikado tar\u010da - original Lowen - EUROCLAS &amp; Co. d.o.o.","og_description":"Pri nas dobite vse dele za pikado Lowen. Pikado tar\u010da - original Lowen. Igralni Aparati - Prodaja - Najem - Servis - Rezervni Deli.","og_url":"https:\/\/igralni-aparati.si\/trgovina\/izdelek\/pikado-tarca-original-lowen\/","og_site_name":"EUROCLAS &amp; Co. d.o.o.","article_modified_time":"2025-01-26T14:14:13+00:00","og_image":[{"width":700,"height":700,"url":"https:\/\/igralni-aparati.si\/trgovina\/wp-content\/uploads\/2021\/05\/Tarca-kompletna-Lowen.jpg","type":"image\/jpeg"}],"twitter_card":"summary_large_image","twitter_misc":{"Est. reading time":"2 minuti"},"schema":{"@context":"https:\/\/schema.org","@graph":[{"@type":"WebPage","@id":"https:\/\/igralni-aparati.si\/trgovina\/izdelek\/pikado-tarca-original-lowen\/","url":"https:\/\/igralni-aparati.si\/trgovina\/izdelek\/pikado-tarca-original-lowen\/","name":"Pikado tar\u010da - original Lowen - EUROCLAS &amp; Co. d.o.o.","isPartOf":{"@id":"https:\/\/igralni-aparati.si\/trgovina\/#website"},"primaryImageOfPage":{"@id":"https:\/\/igralni-aparati.si\/trgovina\/izdelek\/pikado-tarca-original-lowen\/#primaryimage"},"image":{"@id":"https:\/\/igralni-aparati.si\/trgovina\/izdelek\/pikado-tarca-original-lowen\/#primaryimage"},"thumbnailUrl":"https:\/\/igralni-aparati.si\/trgovina\/wp-content\/uploads\/2021\/05\/Tarca-kompletna-Lowen.jpg","datePublished":"2021-05-08T17:55:23+00:00","dateModified":"2025-01-26T14:14:13+00:00","description":"Pri nas dobite vse dele za pikado Lowen. Pikado tar\u010da - original Lowen. Igralni Aparati - Prodaja - Najem - Servis - Rezervni Deli.","breadcrumb":{"@id":"https:\/\/igralni-aparati.si\/trgovina\/izdelek\/pikado-tarca-original-lowen\/#breadcrumb"},"inLanguage":"sl-SI","potentialAction":[{"@type":"ReadAction","target":["https:\/\/igralni-aparati.si\/trgovina\/izdelek\/pikado-tarca-original-lowen\/"]}]},{"@type":"ImageObject","inLanguage":"sl-SI","@id":"https:\/\/igralni-aparati.si\/trgovina\/izdelek\/pikado-tarca-original-lowen\/#primaryimage","url":"https:\/\/igralni-aparati.si\/trgovina\/wp-content\/uploads\/2021\/05\/Tarca-kompletna-Lowen.jpg","contentUrl":"https:\/\/igralni-aparati.si\/trgovina\/wp-content\/uploads\/2021\/05\/Tarca-kompletna-Lowen.jpg","width":700,"height":700,"caption":"Tar\u010da kompletna original Lowen"},{"@type":"BreadcrumbList","@id":"https:\/\/igralni-aparati.si\/trgovina\/izdelek\/pikado-tarca-original-lowen\/#breadcrumb","itemListElement":[{"@type":"ListItem","position":1,"name":"Home","item":"https:\/\/igralni-aparati.si\/trgovina\/"},{"@type":"ListItem","position":2,"name":"Katalog izdelkov","item":"https:\/\/igralni-aparati.si\/trgovina\/"},{"@type":"ListItem","position":3,"name":"Pikado tar\u010da &#8211; original Lowen"}]},{"@type":"WebSite","@id":"https:\/\/igralni-aparati.si\/trgovina\/#website","url":"https:\/\/igralni-aparati.si\/trgovina\/","name":"EUROCLAS &amp; Co. d.o.o.","description":"Za dodatne informacije  pokli\u010dite:\u00a0 041 614 817","publisher":{"@id":"https:\/\/igralni-aparati.si\/trgovina\/#organization"},"potentialAction":[{"@type":"SearchAction","target":{"@type":"EntryPoint","urlTemplate":"https:\/\/igralni-aparati.si\/trgovina\/?s={search_term_string}"},"query-input":{"@type":"PropertyValueSpecification","valueRequired":true,"valueName":"search_term_string"}}],"inLanguage":"sl-SI"},{"@type":"Organization","@id":"https:\/\/igralni-aparati.si\/trgovina\/#organization","name":"EUROCLAS &amp; Co. d.o.o.","url":"https:\/\/igralni-aparati.si\/trgovina\/","logo":{"@type":"ImageObject","inLanguage":"sl-SI","@id":"https:\/\/igralni-aparati.si\/trgovina\/#\/schema\/logo\/image\/","url":"https:\/\/igralni-aparati.si\/trgovina\/wp-content\/uploads\/2020\/05\/LOGO4-2.jpg","contentUrl":"https:\/\/igralni-aparati.si\/trgovina\/wp-content\/uploads\/2020\/05\/LOGO4-2.jpg","width":289,"height":78,"caption":"EUROCLAS &amp; Co. d.o.o."},"image":{"@id":"https:\/\/igralni-aparati.si\/trgovina\/#\/schema\/logo\/image\/"}}]}},"_links":{"self":[{"href":"https:\/\/igralni-aparati.si\/trgovina\/wp-json\/wp\/v2\/product\/3669","targetHints":{"allow":["GET"]}}],"collection":[{"href":"https:\/\/igralni-aparati.si\/trgovina\/wp-json\/wp\/v2\/product"}],"about":[{"href":"https:\/\/igralni-aparati.si\/trgovina\/wp-json\/wp\/v2\/types\/product"}],"replies":[{"embeddable":true,"href":"https:\/\/igralni-aparati.si\/trgovina\/wp-json\/wp\/v2\/comments?post=3669"}],"version-history":[{"count":11,"href":"https:\/\/igralni-aparati.si\/trgovina\/wp-json\/wp\/v2\/product\/3669\/revisions"}],"predecessor-version":[{"id":4630,"href":"https:\/\/igralni-aparati.si\/trgovina\/wp-json\/wp\/v2\/product\/3669\/revisions\/4630"}],"wp:featuredmedia":[{"embeddable":true,"href":"https:\/\/igralni-aparati.si\/trgovina\/wp-json\/wp\/v2\/media\/3676"}],"wp:attachment":[{"href":"https:\/\/igralni-aparati.si\/trgovina\/wp-json\/wp\/v2\/media?parent=3669"}],"wp:term":[{"taxonomy":"product_brand","embeddable":true,"href":"https:\/\/igralni-aparati.si\/trgovina\/wp-json\/wp\/v2\/product_brand?post=3669"},{"taxonomy":"product_cat","embeddable":true,"href":"https:\/\/igralni-aparati.si\/trgovina\/wp-json\/wp\/v2\/product_cat?post=3669"},{"taxonomy":"product_tag","embeddable":true,"href":"https:\/\/igralni-aparati.si\/trgovina\/wp-json\/wp\/v2\/product_tag?post=3669"}],"curies":[{"name":"wp","href":"https:\/\/api.w.org\/{rel}","templated":true}]}}