{"id":3789,"date":"2021-05-30T15:57:48","date_gmt":"2021-05-30T15:57:48","guid":{"rendered":"https:\/\/igralni-aparati.si\/trgovina\/?post_type=product&#038;p=3789"},"modified":"2025-11-07T19:51:22","modified_gmt":"2025-11-07T19:51:22","slug":"pikado-tarca-quadro","status":"publish","type":"product","link":"https:\/\/igralni-aparati.si\/trgovina\/izdelek\/pikado-tarca-quadro\/","title":{"rendered":"Pikado tar\u010da Quadro"},"content":{"rendered":"<h6>Pikado tar\u010da Quadro.<\/h6>\n<p>Kompletna tar\u010da za pikado Quadro, je primerna za pikado aparate znamke, Cayberdin, Magic dart, Lambo dart, X darts in vrsto drugih pikado aparatov vseh generacij in modelov. Kompletna tar\u010da se sestoji iz bele paj\u010devine in vseh 102 segmentov v modri in rde\u010di barvi.<\/p>\n<p>Na\u0161e podjetje EUROCLAS &amp; Co. d.o.o., vam zagotavlja prodajo kakovostnih igralnih aparatov in storitev, ter korekten poslovni odnos, kar potrjujejo tudi na\u0161e \u0161tevilne zadovoljne stranke. Prepri\u010dajte se tudi sami in postanite tudi vi, eden izmed na\u0161ih zadovoljnih kupcev.<\/p>\n<p><span style=\"color: #000000;\"><span style=\"color: #ff0000;\"><span style=\"color: #008000;\">Obi\u0161\u010dite lahko tudi na\u0161 razstavni salon in se prepri\u010date o na\u0161i bogati ponudbi rezervnih delov in potro\u0161nega materiala za ve\u010dino pikado aparatov, kjer vse kar se nahaja v E trgovini, lahko vidite tudi v \u017eivo. Nahajamo se 15 minut od Ljubljanske obvoznice.<\/span><\/span><\/span><\/p>\n<p><span style=\"color: #ff0000;\">IGRALNI APARATI &#8211; PRODAJA &#8211; NAJEM &#8211; SERVIS &#8211; REZERVNI DELI<\/span><\/p>\n<p><strong>Za vsa dodatna vpra\u0161anja in pojasnila, smo vam na voljo vsak dan med 8h in 20h.<\/strong><\/p>\n<p><a href=\"https:\/\/igralni-aparati.si\/trgovina\/reference\/\" target=\"_blank\" rel=\"noopener\">Oglejte si nekaj na\u0161ih bogatih referenc &gt;&gt;<\/a><\/p>\n<p><a href=\"https:\/\/igralni-aparati.si\/trgovina\/zadovoljne_stranke\/\" target=\"_blank\" rel=\"noopener\">Preberite si izjave na\u0161ih zadovoljnih strank &gt;&gt;<\/a><\/p>\n<p><a href=\"https:\/\/www.youtube.com\/channel\/UCMsDOO8aBg5MgXXMnONEBJg\" target=\"_blank\" rel=\"noopener\">Na\u0161 YouTube kanal Igralni Aparati &gt;&gt;<\/a><\/p>\n","protected":false},"excerpt":{"rendered":"<h6>Pikado tar\u010da Quadro.<\/h6>\n<p>Kompletna tar\u010da Quadro, je primerna za pikado aparate znamke Cayberdin, Magic dart, Lambo dart, X darts in vrsto drugih pikad vseh generacij in modelov. Kompletna tar\u010da se sestoji iz bele paj\u010devine in vseh 102 segmentov v modri in rde\u010di barvi.<\/p>\n<p><span style=\"color: #000000;\"><span style=\"color: #ff0000;\"><span style=\"color: #008000;\">Obi\u0161\u010dite lahko tudi na\u0161 razstavni salon in se prepri\u010date o na\u0161i bogati ponudbi rezervnih delov in potro\u0161nega materiala za ve\u010dino pikado aparatov, kjer vse kar se nahaja v E trgovini, lahko vidite tudi v \u017eivo. Nahajamo se 15 minut od Ljubljanske obvoznice.<\/span><\/span><\/span><\/p>\n<p><span style=\"color: #ff0000;\">IGRALNI APARATI &#8211; PRODAJA &#8211; NAJEM &#8211; SERVIS &#8211; REZERVNI DELI<\/span><\/p>\n<p><strong>Za vsa dodatna vpra\u0161anja in pojasnila, smo vam na voljo vsak dan med 8h in 20h.<\/strong><\/p>\n","protected":false},"featured_media":3786,"comment_status":"open","ping_status":"closed","template":"","meta":{"site-sidebar-layout":"default","site-content-layout":"default","ast-site-content-layout":"default","site-content-style":"default","site-sidebar-style":"default","ast-global-header-display":"","ast-banner-title-visibility":"","ast-main-header-display":"","ast-hfb-above-header-display":"","ast-hfb-below-header-display":"","ast-hfb-mobile-header-display":"","site-post-title":"","ast-breadcrumbs-content":"","ast-featured-img":"","footer-sml-layout":"","theme-transparent-header-meta":"default","adv-header-id-meta":"","stick-header-meta":"","header-above-stick-meta":"","header-main-stick-meta":"","header-below-stick-meta":"","astra-migrate-meta-layouts":"default","ast-page-background-enabled":"default","ast-page-background-meta":{"desktop":{"background-color":"","background-image":"","background-repeat":"repeat","background-position":"center center","background-size":"auto","background-attachment":"scroll","background-type":"","background-media":"","overlay-type":"","overlay-color":"","overlay-opacity":"","overlay-gradient":""},"tablet":{"background-color":"","background-image":"","background-repeat":"repeat","background-position":"center center","background-size":"auto","background-attachment":"scroll","background-type":"","background-media":"","overlay-type":"","overlay-color":"","overlay-opacity":"","overlay-gradient":""},"mobile":{"background-color":"","background-image":"","background-repeat":"repeat","background-position":"center center","background-size":"auto","background-attachment":"scroll","background-type":"","background-media":"","overlay-type":"","overlay-color":"","overlay-opacity":"","overlay-gradient":""}},"ast-content-background-meta":{"desktop":{"background-color":"var(--ast-global-color-5)","background-image":"","background-repeat":"repeat","background-position":"center center","background-size":"auto","background-attachment":"scroll","background-type":"","background-media":"","overlay-type":"","overlay-color":"","overlay-opacity":"","overlay-gradient":""},"tablet":{"background-color":"var(--ast-global-color-5)","background-image":"","background-repeat":"repeat","background-position":"center center","background-size":"auto","background-attachment":"scroll","background-type":"","background-media":"","overlay-type":"","overlay-color":"","overlay-opacity":"","overlay-gradient":""},"mobile":{"background-color":"var(--ast-global-color-5)","background-image":"","background-repeat":"repeat","background-position":"center center","background-size":"auto","background-attachment":"scroll","background-type":"","background-media":"","overlay-type":"","overlay-color":"","overlay-opacity":"","overlay-gradient":""}}},"product_brand":[],"product_cat":[33,107],"product_tag":[125,121],"class_list":{"0":"post-3789","1":"product","2":"type-product","3":"status-publish","4":"has-post-thumbnail","6":"product_cat-rezervni-deli-pikado","7":"product_cat-pikado-rezervni-deli","8":"product_tag-tarca-segmenti-pajcevina-obrobe-gume","9":"product_tag-vse-za-pikado","10":"desktop-align-left","11":"tablet-align-left","12":"mobile-align-left","14":"first","15":"instock","16":"taxable","17":"shipping-taxable","18":"purchasable","19":"product-type-simple"},"yoast_head":"<!-- This site is optimized with the Yoast SEO plugin v25.8 - https:\/\/yoast.com\/wordpress\/plugins\/seo\/ -->\n<title>Pikado tar\u010da Quadro - EUROCLAS &amp; Co. d.o.o. - 041 614 817<\/title>\n<meta name=\"description\" content=\"Pri nas dobite ve\u010dina delov za pikado aparate. Pikado tar\u010da Quadro. Igralni Aparati - Prodaja - Najem - Servis - Rezervni Deli - Potro\u0161ni material\" \/>\n<meta name=\"robots\" content=\"index, follow, max-snippet:-1, max-image-preview:large, max-video-preview:-1\" \/>\n<link rel=\"canonical\" href=\"https:\/\/igralni-aparati.si\/trgovina\/izdelek\/pikado-tarca-quadro\/\" \/>\n<meta property=\"og:locale\" content=\"sl_SI\" \/>\n<meta property=\"og:type\" content=\"article\" \/>\n<meta property=\"og:title\" content=\"Pikado tar\u010da Quadro - EUROCLAS &amp; Co. d.o.o. - 041 614 817\" \/>\n<meta property=\"og:description\" content=\"Pri nas dobite ve\u010dina delov za pikado aparate. Pikado tar\u010da Quadro. Igralni Aparati - Prodaja - Najem - Servis - Rezervni Deli - Potro\u0161ni material\" \/>\n<meta property=\"og:url\" content=\"https:\/\/igralni-aparati.si\/trgovina\/izdelek\/pikado-tarca-quadro\/\" \/>\n<meta property=\"og:site_name\" content=\"EUROCLAS &amp; Co. d.o.o.\" \/>\n<meta property=\"article:modified_time\" content=\"2025-11-07T19:51:22+00:00\" \/>\n<meta property=\"og:image\" content=\"https:\/\/igralni-aparati.si\/trgovina\/wp-content\/uploads\/2021\/05\/Pikado-tarca-komplet-Q.jpeg\" \/>\n\t<meta property=\"og:image:width\" content=\"900\" \/>\n\t<meta property=\"og:image:height\" content=\"563\" \/>\n\t<meta property=\"og:image:type\" content=\"image\/jpeg\" \/>\n<meta name=\"twitter:card\" content=\"summary_large_image\" \/>\n<meta name=\"twitter:label1\" content=\"Est. reading time\" \/>\n\t<meta name=\"twitter:data1\" content=\"1 minuta\" \/>\n<script type=\"application\/ld+json\" class=\"yoast-schema-graph\">{\"@context\":\"https:\/\/schema.org\",\"@graph\":[{\"@type\":\"WebPage\",\"@id\":\"https:\/\/igralni-aparati.si\/trgovina\/izdelek\/pikado-tarca-quadro\/\",\"url\":\"https:\/\/igralni-aparati.si\/trgovina\/izdelek\/pikado-tarca-quadro\/\",\"name\":\"Pikado tar\u010da Quadro - EUROCLAS &amp; Co. d.o.o. - 041 614 817\",\"isPartOf\":{\"@id\":\"https:\/\/igralni-aparati.si\/trgovina\/#website\"},\"primaryImageOfPage\":{\"@id\":\"https:\/\/igralni-aparati.si\/trgovina\/izdelek\/pikado-tarca-quadro\/#primaryimage\"},\"image\":{\"@id\":\"https:\/\/igralni-aparati.si\/trgovina\/izdelek\/pikado-tarca-quadro\/#primaryimage\"},\"thumbnailUrl\":\"https:\/\/igralni-aparati.si\/trgovina\/wp-content\/uploads\/2021\/05\/Pikado-tarca-komplet-Q.jpeg\",\"datePublished\":\"2021-05-30T15:57:48+00:00\",\"dateModified\":\"2025-11-07T19:51:22+00:00\",\"description\":\"Pri nas dobite ve\u010dina delov za pikado aparate. Pikado tar\u010da Quadro. Igralni Aparati - Prodaja - Najem - Servis - Rezervni Deli - Potro\u0161ni material\",\"breadcrumb\":{\"@id\":\"https:\/\/igralni-aparati.si\/trgovina\/izdelek\/pikado-tarca-quadro\/#breadcrumb\"},\"inLanguage\":\"sl-SI\",\"potentialAction\":[{\"@type\":\"ReadAction\",\"target\":[\"https:\/\/igralni-aparati.si\/trgovina\/izdelek\/pikado-tarca-quadro\/\"]}]},{\"@type\":\"ImageObject\",\"inLanguage\":\"sl-SI\",\"@id\":\"https:\/\/igralni-aparati.si\/trgovina\/izdelek\/pikado-tarca-quadro\/#primaryimage\",\"url\":\"https:\/\/igralni-aparati.si\/trgovina\/wp-content\/uploads\/2021\/05\/Pikado-tarca-komplet-Q.jpeg\",\"contentUrl\":\"https:\/\/igralni-aparati.si\/trgovina\/wp-content\/uploads\/2021\/05\/Pikado-tarca-komplet-Q.jpeg\",\"width\":900,\"height\":563,\"caption\":\"Pikado tar\u010da Quadro komplet\"},{\"@type\":\"BreadcrumbList\",\"@id\":\"https:\/\/igralni-aparati.si\/trgovina\/izdelek\/pikado-tarca-quadro\/#breadcrumb\",\"itemListElement\":[{\"@type\":\"ListItem\",\"position\":1,\"name\":\"Home\",\"item\":\"https:\/\/igralni-aparati.si\/trgovina\/\"},{\"@type\":\"ListItem\",\"position\":2,\"name\":\"Katalog izdelkov\",\"item\":\"https:\/\/igralni-aparati.si\/trgovina\/\"},{\"@type\":\"ListItem\",\"position\":3,\"name\":\"Pikado tar\u010da Quadro\"}]},{\"@type\":\"WebSite\",\"@id\":\"https:\/\/igralni-aparati.si\/trgovina\/#website\",\"url\":\"https:\/\/igralni-aparati.si\/trgovina\/\",\"name\":\"EUROCLAS &amp; Co. d.o.o.\",\"description\":\"Za dodatne informacije  pokli\u010dite:\u00a0 041 614 817\",\"publisher\":{\"@id\":\"https:\/\/igralni-aparati.si\/trgovina\/#organization\"},\"potentialAction\":[{\"@type\":\"SearchAction\",\"target\":{\"@type\":\"EntryPoint\",\"urlTemplate\":\"https:\/\/igralni-aparati.si\/trgovina\/?s={search_term_string}\"},\"query-input\":{\"@type\":\"PropertyValueSpecification\",\"valueRequired\":true,\"valueName\":\"search_term_string\"}}],\"inLanguage\":\"sl-SI\"},{\"@type\":\"Organization\",\"@id\":\"https:\/\/igralni-aparati.si\/trgovina\/#organization\",\"name\":\"EUROCLAS &amp; Co. d.o.o.\",\"url\":\"https:\/\/igralni-aparati.si\/trgovina\/\",\"logo\":{\"@type\":\"ImageObject\",\"inLanguage\":\"sl-SI\",\"@id\":\"https:\/\/igralni-aparati.si\/trgovina\/#\/schema\/logo\/image\/\",\"url\":\"https:\/\/igralni-aparati.si\/trgovina\/wp-content\/uploads\/2020\/05\/LOGO4-2.jpg\",\"contentUrl\":\"https:\/\/igralni-aparati.si\/trgovina\/wp-content\/uploads\/2020\/05\/LOGO4-2.jpg\",\"width\":289,\"height\":78,\"caption\":\"EUROCLAS &amp; Co. d.o.o.\"},\"image\":{\"@id\":\"https:\/\/igralni-aparati.si\/trgovina\/#\/schema\/logo\/image\/\"}}]}<\/script>\n<!-- \/ Yoast SEO plugin. -->","yoast_head_json":{"title":"Pikado tar\u010da Quadro - EUROCLAS &amp; Co. d.o.o. - 041 614 817","description":"Pri nas dobite ve\u010dina delov za pikado aparate. Pikado tar\u010da Quadro. Igralni Aparati - Prodaja - Najem - Servis - Rezervni Deli - Potro\u0161ni material","robots":{"index":"index","follow":"follow","max-snippet":"max-snippet:-1","max-image-preview":"max-image-preview:large","max-video-preview":"max-video-preview:-1"},"canonical":"https:\/\/igralni-aparati.si\/trgovina\/izdelek\/pikado-tarca-quadro\/","og_locale":"sl_SI","og_type":"article","og_title":"Pikado tar\u010da Quadro - EUROCLAS &amp; Co. d.o.o. - 041 614 817","og_description":"Pri nas dobite ve\u010dina delov za pikado aparate. Pikado tar\u010da Quadro. Igralni Aparati - Prodaja - Najem - Servis - Rezervni Deli - Potro\u0161ni material","og_url":"https:\/\/igralni-aparati.si\/trgovina\/izdelek\/pikado-tarca-quadro\/","og_site_name":"EUROCLAS &amp; Co. d.o.o.","article_modified_time":"2025-11-07T19:51:22+00:00","og_image":[{"width":900,"height":563,"url":"https:\/\/igralni-aparati.si\/trgovina\/wp-content\/uploads\/2021\/05\/Pikado-tarca-komplet-Q.jpeg","type":"image\/jpeg"}],"twitter_card":"summary_large_image","twitter_misc":{"Est. reading time":"1 minuta"},"schema":{"@context":"https:\/\/schema.org","@graph":[{"@type":"WebPage","@id":"https:\/\/igralni-aparati.si\/trgovina\/izdelek\/pikado-tarca-quadro\/","url":"https:\/\/igralni-aparati.si\/trgovina\/izdelek\/pikado-tarca-quadro\/","name":"Pikado tar\u010da Quadro - EUROCLAS &amp; Co. d.o.o. - 041 614 817","isPartOf":{"@id":"https:\/\/igralni-aparati.si\/trgovina\/#website"},"primaryImageOfPage":{"@id":"https:\/\/igralni-aparati.si\/trgovina\/izdelek\/pikado-tarca-quadro\/#primaryimage"},"image":{"@id":"https:\/\/igralni-aparati.si\/trgovina\/izdelek\/pikado-tarca-quadro\/#primaryimage"},"thumbnailUrl":"https:\/\/igralni-aparati.si\/trgovina\/wp-content\/uploads\/2021\/05\/Pikado-tarca-komplet-Q.jpeg","datePublished":"2021-05-30T15:57:48+00:00","dateModified":"2025-11-07T19:51:22+00:00","description":"Pri nas dobite ve\u010dina delov za pikado aparate. Pikado tar\u010da Quadro. Igralni Aparati - Prodaja - Najem - Servis - Rezervni Deli - Potro\u0161ni material","breadcrumb":{"@id":"https:\/\/igralni-aparati.si\/trgovina\/izdelek\/pikado-tarca-quadro\/#breadcrumb"},"inLanguage":"sl-SI","potentialAction":[{"@type":"ReadAction","target":["https:\/\/igralni-aparati.si\/trgovina\/izdelek\/pikado-tarca-quadro\/"]}]},{"@type":"ImageObject","inLanguage":"sl-SI","@id":"https:\/\/igralni-aparati.si\/trgovina\/izdelek\/pikado-tarca-quadro\/#primaryimage","url":"https:\/\/igralni-aparati.si\/trgovina\/wp-content\/uploads\/2021\/05\/Pikado-tarca-komplet-Q.jpeg","contentUrl":"https:\/\/igralni-aparati.si\/trgovina\/wp-content\/uploads\/2021\/05\/Pikado-tarca-komplet-Q.jpeg","width":900,"height":563,"caption":"Pikado tar\u010da Quadro komplet"},{"@type":"BreadcrumbList","@id":"https:\/\/igralni-aparati.si\/trgovina\/izdelek\/pikado-tarca-quadro\/#breadcrumb","itemListElement":[{"@type":"ListItem","position":1,"name":"Home","item":"https:\/\/igralni-aparati.si\/trgovina\/"},{"@type":"ListItem","position":2,"name":"Katalog izdelkov","item":"https:\/\/igralni-aparati.si\/trgovina\/"},{"@type":"ListItem","position":3,"name":"Pikado tar\u010da Quadro"}]},{"@type":"WebSite","@id":"https:\/\/igralni-aparati.si\/trgovina\/#website","url":"https:\/\/igralni-aparati.si\/trgovina\/","name":"EUROCLAS &amp; Co. d.o.o.","description":"Za dodatne informacije  pokli\u010dite:\u00a0 041 614 817","publisher":{"@id":"https:\/\/igralni-aparati.si\/trgovina\/#organization"},"potentialAction":[{"@type":"SearchAction","target":{"@type":"EntryPoint","urlTemplate":"https:\/\/igralni-aparati.si\/trgovina\/?s={search_term_string}"},"query-input":{"@type":"PropertyValueSpecification","valueRequired":true,"valueName":"search_term_string"}}],"inLanguage":"sl-SI"},{"@type":"Organization","@id":"https:\/\/igralni-aparati.si\/trgovina\/#organization","name":"EUROCLAS &amp; Co. d.o.o.","url":"https:\/\/igralni-aparati.si\/trgovina\/","logo":{"@type":"ImageObject","inLanguage":"sl-SI","@id":"https:\/\/igralni-aparati.si\/trgovina\/#\/schema\/logo\/image\/","url":"https:\/\/igralni-aparati.si\/trgovina\/wp-content\/uploads\/2020\/05\/LOGO4-2.jpg","contentUrl":"https:\/\/igralni-aparati.si\/trgovina\/wp-content\/uploads\/2020\/05\/LOGO4-2.jpg","width":289,"height":78,"caption":"EUROCLAS &amp; Co. d.o.o."},"image":{"@id":"https:\/\/igralni-aparati.si\/trgovina\/#\/schema\/logo\/image\/"}}]}},"_links":{"self":[{"href":"https:\/\/igralni-aparati.si\/trgovina\/wp-json\/wp\/v2\/product\/3789","targetHints":{"allow":["GET"]}}],"collection":[{"href":"https:\/\/igralni-aparati.si\/trgovina\/wp-json\/wp\/v2\/product"}],"about":[{"href":"https:\/\/igralni-aparati.si\/trgovina\/wp-json\/wp\/v2\/types\/product"}],"replies":[{"embeddable":true,"href":"https:\/\/igralni-aparati.si\/trgovina\/wp-json\/wp\/v2\/comments?post=3789"}],"version-history":[{"count":5,"href":"https:\/\/igralni-aparati.si\/trgovina\/wp-json\/wp\/v2\/product\/3789\/revisions"}],"predecessor-version":[{"id":4625,"href":"https:\/\/igralni-aparati.si\/trgovina\/wp-json\/wp\/v2\/product\/3789\/revisions\/4625"}],"wp:featuredmedia":[{"embeddable":true,"href":"https:\/\/igralni-aparati.si\/trgovina\/wp-json\/wp\/v2\/media\/3786"}],"wp:attachment":[{"href":"https:\/\/igralni-aparati.si\/trgovina\/wp-json\/wp\/v2\/media?parent=3789"}],"wp:term":[{"taxonomy":"product_brand","embeddable":true,"href":"https:\/\/igralni-aparati.si\/trgovina\/wp-json\/wp\/v2\/product_brand?post=3789"},{"taxonomy":"product_cat","embeddable":true,"href":"https:\/\/igralni-aparati.si\/trgovina\/wp-json\/wp\/v2\/product_cat?post=3789"},{"taxonomy":"product_tag","embeddable":true,"href":"https:\/\/igralni-aparati.si\/trgovina\/wp-json\/wp\/v2\/product_tag?post=3789"}],"curies":[{"name":"wp","href":"https:\/\/api.w.org\/{rel}","templated":true}]}}