{"id":4618,"date":"2022-10-31T14:52:26","date_gmt":"2022-10-31T14:52:26","guid":{"rendered":"https:\/\/igralni-aparati.si\/trgovina\/?post_type=product&#038;p=4618"},"modified":"2025-03-04T18:13:34","modified_gmt":"2025-03-04T18:13:34","slug":"konice-spice-golden-1-4-500-kom","status":"publish","type":"product","link":"https:\/\/igralni-aparati.si\/trgovina\/izdelek\/konice-spice-golden-1-4-500-kom\/","title":{"rendered":"Konice &#8211; \u0160pice Golden 1\/4 (500 kom.)"},"content":{"rendered":"<p><strong>Konice &#8211; \u0160pice Golden 1\/4 (500 kom. ):\u00a0<\/strong><\/p>\n<p>Zelo kvalitetne konice, ki se skoraj nikoli ne zlomijo. Narejeno iz kakovostne plastike v \u010drni barvi, z velikostjo navoja 1\/4 oziroma 6 mm <strong>(velik navoj)<\/strong>. Dol\u017eina 28 mm. Pakirano po 100 kom. Izberite konice &#8211; \u0161pice Golden 1\/4 (500 kom.), za va\u0161o brezskrbno igro pikada.<\/p>\n<p><span style=\"color: #0000ff;\">Na\u0161a specialnost so pikado aparati Lowen, za katere razpolagamo z servisom in vsemi originalnimi rezervnimi\u00a0 deli.<\/span><\/p>\n<p>Na\u0161e podjetje EUROCLAS &amp; Co. d.o.o., vam zagotavlja prodajo kakovostnih igralnih aparatov in storitev, ter korekten poslovni odnos, kar potrjujejo tudi na\u0161e \u0161tevilne zadovoljne stranke. Prepri\u010dajte se tudi sami in postanite tudi vi, eden izmed na\u0161ih zadovoljnih kupcev.<\/p>\n<p><span style=\"color: #000000;\"><span style=\"color: #ff0000;\"><span style=\"color: #008000;\">Obi\u0161\u010dite lahko tudi na\u0161 razstavni salon in se prepri\u010date o na\u0161i bogati ponudbi rezervnih delov in potro\u0161nega materiala za ve\u010dino pikado aparatov, kjer vse kar se nahaja v E trgovini, lahko vidite tudi v \u017eivo. Nahajamo se 15 minut od Ljubljanske obvoznice.<\/span><\/span><\/span><\/p>\n<p><span style=\"color: #ff0000;\">IGRALNI APARATI &#8211; Prodaja &#8211; Najem &#8211; Servis &#8211; Rezervni deli &#8211; Potro\u0161ni material<\/span><\/p>\n<p><strong>Za vsa dodatna vpra\u0161anja in pojasnila, smo vam na voljo vsak dan med 8h in 20h.<\/strong><\/p>\n<p><a href=\"https:\/\/igralni-aparati.si\/trgovina\/reference\/\" target=\"_blank\" rel=\"noopener\">Oglejte si nekaj na\u0161ih bogatih referenc &gt;&gt;<\/a><\/p>\n<p><a href=\"https:\/\/igralni-aparati.si\/trgovina\/zadovoljne_stranke\/\" target=\"_blank\" rel=\"noopener\">Preberite si izjave na\u0161ih zadovoljnih strank &gt;&gt;<\/a><\/p>\n<p><a href=\"https:\/\/www.youtube.com\/channel\/UCMsDOO8aBg5MgXXMnONEBJg\" target=\"_blank\" rel=\"noopener\">Na\u0161 YouTube kanal Igralni Aparati &gt;&gt;<\/a><\/p>\n<p>&nbsp;<\/p>\n","protected":false},"excerpt":{"rendered":"<h6>Konice &#8211; \u0160pice Golden 1\/4 (500 kom.):<\/h6>\n<ul>\n<li>Zelo kvalitetne konice, ki se skoraj nikoli ne zlomijo.<\/li>\n<li>Kakovostna plastika v \u010drni barvi.<\/li>\n<li>Velikost navoja 1\/4 oziroma 6 mm <strong>(velik navoj).<\/strong><\/li>\n<li>Dol\u017eina 28 mm<\/li>\n<li>Pakiranje po 500 kom.<\/li>\n<\/ul>\n<p><span style=\"color: #0000ff;\">Na\u0161a specialnost so pikado aparati Lowen, za katere razpolagamo z servisom in vsemi originalnimi rezervnimi\u00a0 deli.<\/span><\/p>\n<p><span style=\"color: #000000;\"><span style=\"color: #ff0000;\"><span style=\"color: #008000;\">Obi\u0161\u010dite lahko tudi na\u0161 razstavni salon in se prepri\u010date o na\u0161i bogati ponudbi rezervnih delov in potro\u0161nega materiala za ve\u010dino pikado aparatov, kjer vse kar se nahaja v E trgovini, lahko vidite tudi v \u017eivo. Nahajamo se 15 minut od Ljubljanske obvoznice.<\/span><\/span><\/span><\/p>\n<p><span style=\"color: #ff0000;\">IGRALNI APARATI &#8211; Prodaja &#8211; Najem &#8211; Servis &#8211; Rezervni deli &#8211; Potro\u0161ni material<\/span><\/p>\n<p><strong>Za vsa dodatna vpra\u0161anja in pojasnila, smo vam na voljo vsak dan med 8h in 20h.<\/strong><\/p>\n","protected":false},"featured_media":4601,"comment_status":"open","ping_status":"closed","template":"","meta":{"site-sidebar-layout":"default","site-content-layout":"default","ast-site-content-layout":"default","site-content-style":"default","site-sidebar-style":"default","ast-global-header-display":"","ast-banner-title-visibility":"","ast-main-header-display":"","ast-hfb-above-header-display":"","ast-hfb-below-header-display":"","ast-hfb-mobile-header-display":"","site-post-title":"","ast-breadcrumbs-content":"","ast-featured-img":"","footer-sml-layout":"","theme-transparent-header-meta":"default","adv-header-id-meta":"","stick-header-meta":"","header-above-stick-meta":"","header-main-stick-meta":"","header-below-stick-meta":"","astra-migrate-meta-layouts":"default","ast-page-background-enabled":"default","ast-page-background-meta":{"desktop":{"background-color":"","background-image":"","background-repeat":"repeat","background-position":"center center","background-size":"auto","background-attachment":"scroll","background-type":"","background-media":"","overlay-type":"","overlay-color":"","overlay-opacity":"","overlay-gradient":""},"tablet":{"background-color":"","background-image":"","background-repeat":"repeat","background-position":"center center","background-size":"auto","background-attachment":"scroll","background-type":"","background-media":"","overlay-type":"","overlay-color":"","overlay-opacity":"","overlay-gradient":""},"mobile":{"background-color":"","background-image":"","background-repeat":"repeat","background-position":"center center","background-size":"auto","background-attachment":"scroll","background-type":"","background-media":"","overlay-type":"","overlay-color":"","overlay-opacity":"","overlay-gradient":""}},"ast-content-background-meta":{"desktop":{"background-color":"var(--ast-global-color-5)","background-image":"","background-repeat":"repeat","background-position":"center center","background-size":"auto","background-attachment":"scroll","background-type":"","background-media":"","overlay-type":"","overlay-color":"","overlay-opacity":"","overlay-gradient":""},"tablet":{"background-color":"var(--ast-global-color-5)","background-image":"","background-repeat":"repeat","background-position":"center center","background-size":"auto","background-attachment":"scroll","background-type":"","background-media":"","overlay-type":"","overlay-color":"","overlay-opacity":"","overlay-gradient":""},"mobile":{"background-color":"var(--ast-global-color-5)","background-image":"","background-repeat":"repeat","background-position":"center center","background-size":"auto","background-attachment":"scroll","background-type":"","background-media":"","overlay-type":"","overlay-color":"","overlay-opacity":"","overlay-gradient":""}}},"product_brand":[],"product_cat":[123,124],"product_tag":[122,121],"class_list":{"0":"post-4618","1":"product","2":"type-product","3":"status-publish","4":"has-post-thumbnail","6":"product_cat-puscice-peresa-konice","7":"product_cat-puscice-peresa-konice-pikado-rezervni-deli-in-oprema","8":"product_tag-klasicne-puscice-peresa-konice","9":"product_tag-vse-za-pikado","10":"desktop-align-left","11":"tablet-align-left","12":"mobile-align-left","14":"first","15":"instock","16":"taxable","17":"shipping-taxable","18":"purchasable","19":"product-type-simple"},"yoast_head":"<!-- This site is optimized with the Yoast SEO plugin v25.8 - https:\/\/yoast.com\/wordpress\/plugins\/seo\/ -->\n<title>Konice - \u0160pice Golden 1\/4 (500 kom.) - EUROCLAS &amp; Co. d.o.o.<\/title>\n<meta name=\"description\" content=\"Igralni Aparati - Prodaja - Najem - Servis - Rezervni Deli. Konice - \u0160pice Golden 1\/4 (500 kom.) in vrsto drugih konic, vedno na zalogi in ugodni ceni.\" \/>\n<meta name=\"robots\" content=\"index, follow, max-snippet:-1, max-image-preview:large, max-video-preview:-1\" \/>\n<link rel=\"canonical\" href=\"https:\/\/igralni-aparati.si\/trgovina\/izdelek\/konice-spice-golden-1-4-500-kom\/\" \/>\n<meta property=\"og:locale\" content=\"sl_SI\" \/>\n<meta property=\"og:type\" content=\"article\" \/>\n<meta property=\"og:title\" content=\"Konice - \u0160pice Golden 1\/4 (500 kom.) - EUROCLAS &amp; Co. d.o.o.\" \/>\n<meta property=\"og:description\" content=\"Igralni Aparati - Prodaja - Najem - Servis - Rezervni Deli. Konice - \u0160pice Golden 1\/4 (500 kom.) in vrsto drugih konic, vedno na zalogi in ugodni ceni.\" \/>\n<meta property=\"og:url\" content=\"https:\/\/igralni-aparati.si\/trgovina\/izdelek\/konice-spice-golden-1-4-500-kom\/\" \/>\n<meta property=\"og:site_name\" content=\"EUROCLAS &amp; Co. d.o.o.\" \/>\n<meta property=\"article:modified_time\" content=\"2025-03-04T18:13:34+00:00\" \/>\n<meta property=\"og:image\" content=\"https:\/\/igralni-aparati.si\/trgovina\/wp-content\/uploads\/2022\/10\/Konice-za-Pikado-Gold-6-mm.jpg\" \/>\n\t<meta property=\"og:image:width\" content=\"400\" \/>\n\t<meta property=\"og:image:height\" content=\"400\" \/>\n\t<meta property=\"og:image:type\" content=\"image\/jpeg\" \/>\n<meta name=\"twitter:card\" content=\"summary_large_image\" \/>\n<meta name=\"twitter:label1\" content=\"Est. reading time\" \/>\n\t<meta name=\"twitter:data1\" content=\"2 minuti\" \/>\n<script type=\"application\/ld+json\" class=\"yoast-schema-graph\">{\"@context\":\"https:\/\/schema.org\",\"@graph\":[{\"@type\":\"WebPage\",\"@id\":\"https:\/\/igralni-aparati.si\/trgovina\/izdelek\/konice-spice-golden-1-4-500-kom\/\",\"url\":\"https:\/\/igralni-aparati.si\/trgovina\/izdelek\/konice-spice-golden-1-4-500-kom\/\",\"name\":\"Konice - \u0160pice Golden 1\/4 (500 kom.) - EUROCLAS &amp; Co. d.o.o.\",\"isPartOf\":{\"@id\":\"https:\/\/igralni-aparati.si\/trgovina\/#website\"},\"primaryImageOfPage\":{\"@id\":\"https:\/\/igralni-aparati.si\/trgovina\/izdelek\/konice-spice-golden-1-4-500-kom\/#primaryimage\"},\"image\":{\"@id\":\"https:\/\/igralni-aparati.si\/trgovina\/izdelek\/konice-spice-golden-1-4-500-kom\/#primaryimage\"},\"thumbnailUrl\":\"https:\/\/igralni-aparati.si\/trgovina\/wp-content\/uploads\/2022\/10\/Konice-za-Pikado-Gold-6-mm.jpg\",\"datePublished\":\"2022-10-31T14:52:26+00:00\",\"dateModified\":\"2025-03-04T18:13:34+00:00\",\"description\":\"Igralni Aparati - Prodaja - Najem - Servis - Rezervni Deli. Konice - \u0160pice Golden 1\/4 (500 kom.) in vrsto drugih konic, vedno na zalogi in ugodni ceni.\",\"breadcrumb\":{\"@id\":\"https:\/\/igralni-aparati.si\/trgovina\/izdelek\/konice-spice-golden-1-4-500-kom\/#breadcrumb\"},\"inLanguage\":\"sl-SI\",\"potentialAction\":[{\"@type\":\"ReadAction\",\"target\":[\"https:\/\/igralni-aparati.si\/trgovina\/izdelek\/konice-spice-golden-1-4-500-kom\/\"]}]},{\"@type\":\"ImageObject\",\"inLanguage\":\"sl-SI\",\"@id\":\"https:\/\/igralni-aparati.si\/trgovina\/izdelek\/konice-spice-golden-1-4-500-kom\/#primaryimage\",\"url\":\"https:\/\/igralni-aparati.si\/trgovina\/wp-content\/uploads\/2022\/10\/Konice-za-Pikado-Gold-6-mm.jpg\",\"contentUrl\":\"https:\/\/igralni-aparati.si\/trgovina\/wp-content\/uploads\/2022\/10\/Konice-za-Pikado-Gold-6-mm.jpg\",\"width\":400,\"height\":400,\"caption\":\"Konice - \u0160pice za Pikado Golden 6 mm\"},{\"@type\":\"BreadcrumbList\",\"@id\":\"https:\/\/igralni-aparati.si\/trgovina\/izdelek\/konice-spice-golden-1-4-500-kom\/#breadcrumb\",\"itemListElement\":[{\"@type\":\"ListItem\",\"position\":1,\"name\":\"Home\",\"item\":\"https:\/\/igralni-aparati.si\/trgovina\/\"},{\"@type\":\"ListItem\",\"position\":2,\"name\":\"Katalog izdelkov\",\"item\":\"https:\/\/igralni-aparati.si\/trgovina\/\"},{\"@type\":\"ListItem\",\"position\":3,\"name\":\"Konice &#8211; \u0160pice Golden 1\/4 (500 kom.)\"}]},{\"@type\":\"WebSite\",\"@id\":\"https:\/\/igralni-aparati.si\/trgovina\/#website\",\"url\":\"https:\/\/igralni-aparati.si\/trgovina\/\",\"name\":\"EUROCLAS &amp; Co. d.o.o.\",\"description\":\"Za dodatne informacije  pokli\u010dite:\u00a0 041 614 817\",\"publisher\":{\"@id\":\"https:\/\/igralni-aparati.si\/trgovina\/#organization\"},\"potentialAction\":[{\"@type\":\"SearchAction\",\"target\":{\"@type\":\"EntryPoint\",\"urlTemplate\":\"https:\/\/igralni-aparati.si\/trgovina\/?s={search_term_string}\"},\"query-input\":{\"@type\":\"PropertyValueSpecification\",\"valueRequired\":true,\"valueName\":\"search_term_string\"}}],\"inLanguage\":\"sl-SI\"},{\"@type\":\"Organization\",\"@id\":\"https:\/\/igralni-aparati.si\/trgovina\/#organization\",\"name\":\"EUROCLAS &amp; Co. d.o.o.\",\"url\":\"https:\/\/igralni-aparati.si\/trgovina\/\",\"logo\":{\"@type\":\"ImageObject\",\"inLanguage\":\"sl-SI\",\"@id\":\"https:\/\/igralni-aparati.si\/trgovina\/#\/schema\/logo\/image\/\",\"url\":\"https:\/\/igralni-aparati.si\/trgovina\/wp-content\/uploads\/2020\/05\/LOGO4-2.jpg\",\"contentUrl\":\"https:\/\/igralni-aparati.si\/trgovina\/wp-content\/uploads\/2020\/05\/LOGO4-2.jpg\",\"width\":289,\"height\":78,\"caption\":\"EUROCLAS &amp; Co. d.o.o.\"},\"image\":{\"@id\":\"https:\/\/igralni-aparati.si\/trgovina\/#\/schema\/logo\/image\/\"}}]}<\/script>\n<!-- \/ Yoast SEO plugin. -->","yoast_head_json":{"title":"Konice - \u0160pice Golden 1\/4 (500 kom.) - EUROCLAS &amp; Co. d.o.o.","description":"Igralni Aparati - Prodaja - Najem - Servis - Rezervni Deli. Konice - \u0160pice Golden 1\/4 (500 kom.) in vrsto drugih konic, vedno na zalogi in ugodni ceni.","robots":{"index":"index","follow":"follow","max-snippet":"max-snippet:-1","max-image-preview":"max-image-preview:large","max-video-preview":"max-video-preview:-1"},"canonical":"https:\/\/igralni-aparati.si\/trgovina\/izdelek\/konice-spice-golden-1-4-500-kom\/","og_locale":"sl_SI","og_type":"article","og_title":"Konice - \u0160pice Golden 1\/4 (500 kom.) - EUROCLAS &amp; Co. d.o.o.","og_description":"Igralni Aparati - Prodaja - Najem - Servis - Rezervni Deli. Konice - \u0160pice Golden 1\/4 (500 kom.) in vrsto drugih konic, vedno na zalogi in ugodni ceni.","og_url":"https:\/\/igralni-aparati.si\/trgovina\/izdelek\/konice-spice-golden-1-4-500-kom\/","og_site_name":"EUROCLAS &amp; Co. d.o.o.","article_modified_time":"2025-03-04T18:13:34+00:00","og_image":[{"width":400,"height":400,"url":"https:\/\/igralni-aparati.si\/trgovina\/wp-content\/uploads\/2022\/10\/Konice-za-Pikado-Gold-6-mm.jpg","type":"image\/jpeg"}],"twitter_card":"summary_large_image","twitter_misc":{"Est. reading time":"2 minuti"},"schema":{"@context":"https:\/\/schema.org","@graph":[{"@type":"WebPage","@id":"https:\/\/igralni-aparati.si\/trgovina\/izdelek\/konice-spice-golden-1-4-500-kom\/","url":"https:\/\/igralni-aparati.si\/trgovina\/izdelek\/konice-spice-golden-1-4-500-kom\/","name":"Konice - \u0160pice Golden 1\/4 (500 kom.) - EUROCLAS &amp; Co. d.o.o.","isPartOf":{"@id":"https:\/\/igralni-aparati.si\/trgovina\/#website"},"primaryImageOfPage":{"@id":"https:\/\/igralni-aparati.si\/trgovina\/izdelek\/konice-spice-golden-1-4-500-kom\/#primaryimage"},"image":{"@id":"https:\/\/igralni-aparati.si\/trgovina\/izdelek\/konice-spice-golden-1-4-500-kom\/#primaryimage"},"thumbnailUrl":"https:\/\/igralni-aparati.si\/trgovina\/wp-content\/uploads\/2022\/10\/Konice-za-Pikado-Gold-6-mm.jpg","datePublished":"2022-10-31T14:52:26+00:00","dateModified":"2025-03-04T18:13:34+00:00","description":"Igralni Aparati - Prodaja - Najem - Servis - Rezervni Deli. Konice - \u0160pice Golden 1\/4 (500 kom.) in vrsto drugih konic, vedno na zalogi in ugodni ceni.","breadcrumb":{"@id":"https:\/\/igralni-aparati.si\/trgovina\/izdelek\/konice-spice-golden-1-4-500-kom\/#breadcrumb"},"inLanguage":"sl-SI","potentialAction":[{"@type":"ReadAction","target":["https:\/\/igralni-aparati.si\/trgovina\/izdelek\/konice-spice-golden-1-4-500-kom\/"]}]},{"@type":"ImageObject","inLanguage":"sl-SI","@id":"https:\/\/igralni-aparati.si\/trgovina\/izdelek\/konice-spice-golden-1-4-500-kom\/#primaryimage","url":"https:\/\/igralni-aparati.si\/trgovina\/wp-content\/uploads\/2022\/10\/Konice-za-Pikado-Gold-6-mm.jpg","contentUrl":"https:\/\/igralni-aparati.si\/trgovina\/wp-content\/uploads\/2022\/10\/Konice-za-Pikado-Gold-6-mm.jpg","width":400,"height":400,"caption":"Konice - \u0160pice za Pikado Golden 6 mm"},{"@type":"BreadcrumbList","@id":"https:\/\/igralni-aparati.si\/trgovina\/izdelek\/konice-spice-golden-1-4-500-kom\/#breadcrumb","itemListElement":[{"@type":"ListItem","position":1,"name":"Home","item":"https:\/\/igralni-aparati.si\/trgovina\/"},{"@type":"ListItem","position":2,"name":"Katalog izdelkov","item":"https:\/\/igralni-aparati.si\/trgovina\/"},{"@type":"ListItem","position":3,"name":"Konice &#8211; \u0160pice Golden 1\/4 (500 kom.)"}]},{"@type":"WebSite","@id":"https:\/\/igralni-aparati.si\/trgovina\/#website","url":"https:\/\/igralni-aparati.si\/trgovina\/","name":"EUROCLAS &amp; Co. d.o.o.","description":"Za dodatne informacije  pokli\u010dite:\u00a0 041 614 817","publisher":{"@id":"https:\/\/igralni-aparati.si\/trgovina\/#organization"},"potentialAction":[{"@type":"SearchAction","target":{"@type":"EntryPoint","urlTemplate":"https:\/\/igralni-aparati.si\/trgovina\/?s={search_term_string}"},"query-input":{"@type":"PropertyValueSpecification","valueRequired":true,"valueName":"search_term_string"}}],"inLanguage":"sl-SI"},{"@type":"Organization","@id":"https:\/\/igralni-aparati.si\/trgovina\/#organization","name":"EUROCLAS &amp; Co. d.o.o.","url":"https:\/\/igralni-aparati.si\/trgovina\/","logo":{"@type":"ImageObject","inLanguage":"sl-SI","@id":"https:\/\/igralni-aparati.si\/trgovina\/#\/schema\/logo\/image\/","url":"https:\/\/igralni-aparati.si\/trgovina\/wp-content\/uploads\/2020\/05\/LOGO4-2.jpg","contentUrl":"https:\/\/igralni-aparati.si\/trgovina\/wp-content\/uploads\/2020\/05\/LOGO4-2.jpg","width":289,"height":78,"caption":"EUROCLAS &amp; Co. d.o.o."},"image":{"@id":"https:\/\/igralni-aparati.si\/trgovina\/#\/schema\/logo\/image\/"}}]}},"_links":{"self":[{"href":"https:\/\/igralni-aparati.si\/trgovina\/wp-json\/wp\/v2\/product\/4618","targetHints":{"allow":["GET"]}}],"collection":[{"href":"https:\/\/igralni-aparati.si\/trgovina\/wp-json\/wp\/v2\/product"}],"about":[{"href":"https:\/\/igralni-aparati.si\/trgovina\/wp-json\/wp\/v2\/types\/product"}],"replies":[{"embeddable":true,"href":"https:\/\/igralni-aparati.si\/trgovina\/wp-json\/wp\/v2\/comments?post=4618"}],"version-history":[{"count":1,"href":"https:\/\/igralni-aparati.si\/trgovina\/wp-json\/wp\/v2\/product\/4618\/revisions"}],"predecessor-version":[{"id":4619,"href":"https:\/\/igralni-aparati.si\/trgovina\/wp-json\/wp\/v2\/product\/4618\/revisions\/4619"}],"wp:featuredmedia":[{"embeddable":true,"href":"https:\/\/igralni-aparati.si\/trgovina\/wp-json\/wp\/v2\/media\/4601"}],"wp:attachment":[{"href":"https:\/\/igralni-aparati.si\/trgovina\/wp-json\/wp\/v2\/media?parent=4618"}],"wp:term":[{"taxonomy":"product_brand","embeddable":true,"href":"https:\/\/igralni-aparati.si\/trgovina\/wp-json\/wp\/v2\/product_brand?post=4618"},{"taxonomy":"product_cat","embeddable":true,"href":"https:\/\/igralni-aparati.si\/trgovina\/wp-json\/wp\/v2\/product_cat?post=4618"},{"taxonomy":"product_tag","embeddable":true,"href":"https:\/\/igralni-aparati.si\/trgovina\/wp-json\/wp\/v2\/product_tag?post=4618"}],"curies":[{"name":"wp","href":"https:\/\/api.w.org\/{rel}","templated":true}]}}