{"id":5321,"date":"2023-08-26T13:17:49","date_gmt":"2023-08-26T13:17:49","guid":{"rendered":"https:\/\/igralni-aparati.si\/trgovina\/?post_type=product&#038;p=5321"},"modified":"2024-08-30T16:56:29","modified_gmt":"2024-08-30T16:56:29","slug":"zlozljivo-drzalo-za-plocevinke","status":"publish","type":"product","link":"https:\/\/igralni-aparati.si\/trgovina\/izdelek\/zlozljivo-drzalo-za-plocevinke\/","title":{"rendered":"Zlo\u017eljivo dr\u017ealo za plo\u010devinke"},"content":{"rendered":"<p><strong>Zlo\u017eljivo dr\u017ealo za plo\u010devinke.<\/strong><\/p>\n<p>Priro\u010den pripomo\u010dek za odlaganje plo\u010devink, da va\u0161 namizni nogomet, nebo vedno polit po igralni povr\u0161ini. Dr\u017ealo se enostavno privije na stranico ro\u010dnega nogometa. Ob neuporabi, kadar ni hude \u017eeje, se enostavno zlo\u017ei in kot da ga ni. Zlo\u017eljivo dr\u017ealo za plo\u010devinke, je res uporabna zadeva za vse vrste plo\u010devink, kozarcev in steklenic.<\/p>\n<p><span style=\"color: #008000;\">Vabimo vas, da obi\u0161\u010dete na\u0161 razstavni salon, kjer si lahko vse rezervne dele za ro\u010dni &#8211; namizni nogomet ogledate tudi v \u017eivo. Razpolagamo z vsemi rezervnimi deli in servisom za namizne nogomete, ki so del na\u0161ega prodajnega programa. Nahajamo se 15 minut od Ljubljanske obvoznice.<\/span><\/p>\n<p><span style=\"color: #ff0000;\">IGRALNI APARATI &#8211; Prodaja &#8211; Najem &#8211; Servis &#8211; Rezervni deli &#8211; Izposoja<\/span><\/p>\n<p>Na\u0161e podjetje EUROCLAS &amp; Co. d.o.o., vam zagotavlja prodajo kakovostnih igralnih aparatov in storitev, ter korekten poslovni odnos, kar potrjujejo tudi na\u0161e \u0161tevilne zadovoljne stranke. Prepri\u010dajte se tudi sami in postanite tudi vi, eden izmed na\u0161ih zadovoljnih kupcev.<\/p>\n<p><a href=\"https:\/\/igralni-aparati.si\/trgovina\/reference\/\" target=\"_blank\" rel=\"noopener\">Povezava do na\u0161ih bogatih referenc &gt;&gt;<\/a><\/p>\n<p><a href=\"https:\/\/igralni-aparati.si\/trgovina\/zadovoljne_stranke\/\" target=\"_blank\" rel=\"noopener\">Povezava do izjav, na\u0161ih zadovoljnih strank &gt;&gt;<\/a><\/p>\n<p><a href=\"https:\/\/www.youtube.com\/channel\/UCMsDOO8aBg5MgXXMnONEBJg\" target=\"_blank\" rel=\"noopener\">Na\u0161 YouTube kanal Igralni Aparati &gt;&gt;<\/a><\/p>\n","protected":false},"excerpt":{"rendered":"<p><strong>Zlo\u017eljivo dr\u017ealo za plo\u010devinke.<\/strong><\/p>\n<ul>\n<li>izdelana iz kakovostne \u010drne plastike<\/li>\n<li>primerno za vse vrste plo\u010devink, kozarcev in steklenic.<\/li>\n<li>enostavna monta\u017ea<\/li>\n<li>priro\u010dni pripomo\u010dek, za vsak namizni &#8211; ro\u010dni nogomet<\/li>\n<li>cena za kos<\/li>\n<\/ul>\n<p><span style=\"color: #ff0000;\">Originalni rezervni deli.<\/span><\/p>\n<p><span style=\"color: #0000ff;\">Pri nas dobite vse rezervne dele za namizni &#8211; ro\u010dni nogomet priznanih Italijanskih proizvajalcev FA.BI., Roberto Sport in FAS.<\/span><\/p>\n<p><strong>Za vsa dodatna vpra\u0161anja in pojasnila, smo vam na voljo vsak dan med 8h in 20h.<\/strong><\/p>\n<p><span style=\"color: #008000;\">Vabimo vas, da obi\u0161\u010dete na\u0161 razstavni salon, kjer si lahko vse rezervne dele za ro\u010dni &#8211; namizni nogomet ogledate tudi v \u017eivo. Razpolagamo z vsemi rezervnimi deli in servisom za namizne nogomete, ki so del na\u0161ega prodajnega programa. Nahajamo se 15 minut od Ljubljanske obvoznice.<\/span><\/p>\n","protected":false},"featured_media":5327,"comment_status":"open","ping_status":"closed","template":"","meta":{"site-sidebar-layout":"default","site-content-layout":"default","ast-site-content-layout":"default","site-content-style":"default","site-sidebar-style":"default","ast-global-header-display":"","ast-banner-title-visibility":"","ast-main-header-display":"","ast-hfb-above-header-display":"","ast-hfb-below-header-display":"","ast-hfb-mobile-header-display":"","site-post-title":"","ast-breadcrumbs-content":"","ast-featured-img":"","footer-sml-layout":"","theme-transparent-header-meta":"default","adv-header-id-meta":"","stick-header-meta":"","header-above-stick-meta":"","header-main-stick-meta":"","header-below-stick-meta":"","astra-migrate-meta-layouts":"default","ast-page-background-enabled":"default","ast-page-background-meta":{"desktop":{"background-color":"","background-image":"","background-repeat":"repeat","background-position":"center center","background-size":"auto","background-attachment":"scroll","background-type":"","background-media":"","overlay-type":"","overlay-color":"","overlay-opacity":"","overlay-gradient":""},"tablet":{"background-color":"","background-image":"","background-repeat":"repeat","background-position":"center center","background-size":"auto","background-attachment":"scroll","background-type":"","background-media":"","overlay-type":"","overlay-color":"","overlay-opacity":"","overlay-gradient":""},"mobile":{"background-color":"","background-image":"","background-repeat":"repeat","background-position":"center center","background-size":"auto","background-attachment":"scroll","background-type":"","background-media":"","overlay-type":"","overlay-color":"","overlay-opacity":"","overlay-gradient":""}},"ast-content-background-meta":{"desktop":{"background-color":"var(--ast-global-color-5)","background-image":"","background-repeat":"repeat","background-position":"center center","background-size":"auto","background-attachment":"scroll","background-type":"","background-media":"","overlay-type":"","overlay-color":"","overlay-opacity":"","overlay-gradient":""},"tablet":{"background-color":"var(--ast-global-color-5)","background-image":"","background-repeat":"repeat","background-position":"center center","background-size":"auto","background-attachment":"scroll","background-type":"","background-media":"","overlay-type":"","overlay-color":"","overlay-opacity":"","overlay-gradient":""},"mobile":{"background-color":"var(--ast-global-color-5)","background-image":"","background-repeat":"repeat","background-position":"center center","background-size":"auto","background-attachment":"scroll","background-type":"","background-media":"","overlay-type":"","overlay-color":"","overlay-opacity":"","overlay-gradient":""}}},"product_brand":[],"product_cat":[23,111,52,53,27,112,55,56],"product_tag":[142,21,113,25],"class_list":{"0":"post-5321","1":"product","2":"type-product","3":"status-publish","4":"has-post-thumbnail","6":"product_cat-namizni-nogomet-rezervni-deli","7":"product_cat-rezervni-deli-fas","8":"product_cat-rezervni-deli-fabi-namizni-nogomet-rocni-nogomet","9":"product_cat-rezervni-deli-roberto-sport-namizni-nogomet-rocni-nogomet","10":"product_cat-rezervni-deli-in-oprema","11":"product_cat-rezervni-deli-za-fas","12":"product_cat-rezervni-deli-fabi-namizni-nogomet-rocni-nogomet-namizni-rocni-nogomet-rezervni-deli","13":"product_cat-rezervni-deli-roberto-sport-namizni-nogomet-rocni-nogomet-namizni-rocni-nogomet-rezervni-deli","14":"product_tag-dodatek-za-namizni-nogomet","15":"product_tag-fa-bi","16":"product_tag-fas","17":"product_tag-roberto-sport","18":"desktop-align-left","19":"tablet-align-left","20":"mobile-align-left","22":"first","23":"instock","24":"taxable","25":"shipping-taxable","26":"purchasable","27":"product-type-simple"},"yoast_head":"<!-- This site is optimized with the Yoast SEO plugin v25.8 - https:\/\/yoast.com\/wordpress\/plugins\/seo\/ -->\n<title>Zlo\u017eljivo dr\u017ealo za plo\u010devinke - EUROCLAS &amp; Co. d.o.o.<\/title>\n<meta name=\"description\" content=\"Velik izbor originalnih rezervnih delov za namizni nogomet FA.BI., Roberto Sport in FAS. Vabljen v na\u0161o trgovino, tudi po zlo\u017eljivo dr\u017ealo za plo\u010devinke.\" \/>\n<meta name=\"robots\" content=\"index, follow, max-snippet:-1, max-image-preview:large, max-video-preview:-1\" \/>\n<link rel=\"canonical\" href=\"https:\/\/igralni-aparati.si\/trgovina\/izdelek\/zlozljivo-drzalo-za-plocevinke\/\" \/>\n<meta property=\"og:locale\" content=\"sl_SI\" \/>\n<meta property=\"og:type\" content=\"article\" \/>\n<meta property=\"og:title\" content=\"Zlo\u017eljivo dr\u017ealo za plo\u010devinke - EUROCLAS &amp; Co. d.o.o.\" \/>\n<meta property=\"og:description\" content=\"Velik izbor originalnih rezervnih delov za namizni nogomet FA.BI., Roberto Sport in FAS. Vabljen v na\u0161o trgovino, tudi po zlo\u017eljivo dr\u017ealo za plo\u010devinke.\" \/>\n<meta property=\"og:url\" content=\"https:\/\/igralni-aparati.si\/trgovina\/izdelek\/zlozljivo-drzalo-za-plocevinke\/\" \/>\n<meta property=\"og:site_name\" content=\"EUROCLAS &amp; Co. d.o.o.\" \/>\n<meta property=\"article:modified_time\" content=\"2024-08-30T16:56:29+00:00\" \/>\n<meta property=\"og:image\" content=\"https:\/\/igralni-aparati.si\/trgovina\/wp-content\/uploads\/2023\/08\/Zlozljivo-drzalo-za-plocevinke.jpg\" \/>\n\t<meta property=\"og:image:width\" content=\"488\" \/>\n\t<meta property=\"og:image:height\" content=\"485\" \/>\n\t<meta property=\"og:image:type\" content=\"image\/jpeg\" \/>\n<meta name=\"twitter:card\" content=\"summary_large_image\" \/>\n<meta name=\"twitter:label1\" content=\"Est. reading time\" \/>\n\t<meta name=\"twitter:data1\" content=\"1 minuta\" \/>\n<script type=\"application\/ld+json\" class=\"yoast-schema-graph\">{\"@context\":\"https:\/\/schema.org\",\"@graph\":[{\"@type\":\"WebPage\",\"@id\":\"https:\/\/igralni-aparati.si\/trgovina\/izdelek\/zlozljivo-drzalo-za-plocevinke\/\",\"url\":\"https:\/\/igralni-aparati.si\/trgovina\/izdelek\/zlozljivo-drzalo-za-plocevinke\/\",\"name\":\"Zlo\u017eljivo dr\u017ealo za plo\u010devinke - EUROCLAS &amp; Co. d.o.o.\",\"isPartOf\":{\"@id\":\"https:\/\/igralni-aparati.si\/trgovina\/#website\"},\"primaryImageOfPage\":{\"@id\":\"https:\/\/igralni-aparati.si\/trgovina\/izdelek\/zlozljivo-drzalo-za-plocevinke\/#primaryimage\"},\"image\":{\"@id\":\"https:\/\/igralni-aparati.si\/trgovina\/izdelek\/zlozljivo-drzalo-za-plocevinke\/#primaryimage\"},\"thumbnailUrl\":\"https:\/\/igralni-aparati.si\/trgovina\/wp-content\/uploads\/2023\/08\/Zlozljivo-drzalo-za-plocevinke.jpg\",\"datePublished\":\"2023-08-26T13:17:49+00:00\",\"dateModified\":\"2024-08-30T16:56:29+00:00\",\"description\":\"Velik izbor originalnih rezervnih delov za namizni nogomet FA.BI., Roberto Sport in FAS. Vabljen v na\u0161o trgovino, tudi po zlo\u017eljivo dr\u017ealo za plo\u010devinke.\",\"breadcrumb\":{\"@id\":\"https:\/\/igralni-aparati.si\/trgovina\/izdelek\/zlozljivo-drzalo-za-plocevinke\/#breadcrumb\"},\"inLanguage\":\"sl-SI\",\"potentialAction\":[{\"@type\":\"ReadAction\",\"target\":[\"https:\/\/igralni-aparati.si\/trgovina\/izdelek\/zlozljivo-drzalo-za-plocevinke\/\"]}]},{\"@type\":\"ImageObject\",\"inLanguage\":\"sl-SI\",\"@id\":\"https:\/\/igralni-aparati.si\/trgovina\/izdelek\/zlozljivo-drzalo-za-plocevinke\/#primaryimage\",\"url\":\"https:\/\/igralni-aparati.si\/trgovina\/wp-content\/uploads\/2023\/08\/Zlozljivo-drzalo-za-plocevinke.jpg\",\"contentUrl\":\"https:\/\/igralni-aparati.si\/trgovina\/wp-content\/uploads\/2023\/08\/Zlozljivo-drzalo-za-plocevinke.jpg\",\"width\":488,\"height\":485,\"caption\":\"Zlo\u017eljivo dr\u017ealo za plo\u010devinke\"},{\"@type\":\"BreadcrumbList\",\"@id\":\"https:\/\/igralni-aparati.si\/trgovina\/izdelek\/zlozljivo-drzalo-za-plocevinke\/#breadcrumb\",\"itemListElement\":[{\"@type\":\"ListItem\",\"position\":1,\"name\":\"Home\",\"item\":\"https:\/\/igralni-aparati.si\/trgovina\/\"},{\"@type\":\"ListItem\",\"position\":2,\"name\":\"Katalog izdelkov\",\"item\":\"https:\/\/igralni-aparati.si\/trgovina\/\"},{\"@type\":\"ListItem\",\"position\":3,\"name\":\"Zlo\u017eljivo dr\u017ealo za plo\u010devinke\"}]},{\"@type\":\"WebSite\",\"@id\":\"https:\/\/igralni-aparati.si\/trgovina\/#website\",\"url\":\"https:\/\/igralni-aparati.si\/trgovina\/\",\"name\":\"EUROCLAS &amp; Co. d.o.o.\",\"description\":\"Za dodatne informacije  pokli\u010dite:\u00a0 041 614 817\",\"publisher\":{\"@id\":\"https:\/\/igralni-aparati.si\/trgovina\/#organization\"},\"potentialAction\":[{\"@type\":\"SearchAction\",\"target\":{\"@type\":\"EntryPoint\",\"urlTemplate\":\"https:\/\/igralni-aparati.si\/trgovina\/?s={search_term_string}\"},\"query-input\":{\"@type\":\"PropertyValueSpecification\",\"valueRequired\":true,\"valueName\":\"search_term_string\"}}],\"inLanguage\":\"sl-SI\"},{\"@type\":\"Organization\",\"@id\":\"https:\/\/igralni-aparati.si\/trgovina\/#organization\",\"name\":\"EUROCLAS &amp; Co. d.o.o.\",\"url\":\"https:\/\/igralni-aparati.si\/trgovina\/\",\"logo\":{\"@type\":\"ImageObject\",\"inLanguage\":\"sl-SI\",\"@id\":\"https:\/\/igralni-aparati.si\/trgovina\/#\/schema\/logo\/image\/\",\"url\":\"https:\/\/igralni-aparati.si\/trgovina\/wp-content\/uploads\/2020\/05\/LOGO4-2.jpg\",\"contentUrl\":\"https:\/\/igralni-aparati.si\/trgovina\/wp-content\/uploads\/2020\/05\/LOGO4-2.jpg\",\"width\":289,\"height\":78,\"caption\":\"EUROCLAS &amp; Co. d.o.o.\"},\"image\":{\"@id\":\"https:\/\/igralni-aparati.si\/trgovina\/#\/schema\/logo\/image\/\"}}]}<\/script>\n<!-- \/ Yoast SEO plugin. -->","yoast_head_json":{"title":"Zlo\u017eljivo dr\u017ealo za plo\u010devinke - EUROCLAS &amp; Co. d.o.o.","description":"Velik izbor originalnih rezervnih delov za namizni nogomet FA.BI., Roberto Sport in FAS. Vabljen v na\u0161o trgovino, tudi po zlo\u017eljivo dr\u017ealo za plo\u010devinke.","robots":{"index":"index","follow":"follow","max-snippet":"max-snippet:-1","max-image-preview":"max-image-preview:large","max-video-preview":"max-video-preview:-1"},"canonical":"https:\/\/igralni-aparati.si\/trgovina\/izdelek\/zlozljivo-drzalo-za-plocevinke\/","og_locale":"sl_SI","og_type":"article","og_title":"Zlo\u017eljivo dr\u017ealo za plo\u010devinke - EUROCLAS &amp; Co. d.o.o.","og_description":"Velik izbor originalnih rezervnih delov za namizni nogomet FA.BI., Roberto Sport in FAS. Vabljen v na\u0161o trgovino, tudi po zlo\u017eljivo dr\u017ealo za plo\u010devinke.","og_url":"https:\/\/igralni-aparati.si\/trgovina\/izdelek\/zlozljivo-drzalo-za-plocevinke\/","og_site_name":"EUROCLAS &amp; Co. d.o.o.","article_modified_time":"2024-08-30T16:56:29+00:00","og_image":[{"width":488,"height":485,"url":"https:\/\/igralni-aparati.si\/trgovina\/wp-content\/uploads\/2023\/08\/Zlozljivo-drzalo-za-plocevinke.jpg","type":"image\/jpeg"}],"twitter_card":"summary_large_image","twitter_misc":{"Est. reading time":"1 minuta"},"schema":{"@context":"https:\/\/schema.org","@graph":[{"@type":"WebPage","@id":"https:\/\/igralni-aparati.si\/trgovina\/izdelek\/zlozljivo-drzalo-za-plocevinke\/","url":"https:\/\/igralni-aparati.si\/trgovina\/izdelek\/zlozljivo-drzalo-za-plocevinke\/","name":"Zlo\u017eljivo dr\u017ealo za plo\u010devinke - EUROCLAS &amp; Co. d.o.o.","isPartOf":{"@id":"https:\/\/igralni-aparati.si\/trgovina\/#website"},"primaryImageOfPage":{"@id":"https:\/\/igralni-aparati.si\/trgovina\/izdelek\/zlozljivo-drzalo-za-plocevinke\/#primaryimage"},"image":{"@id":"https:\/\/igralni-aparati.si\/trgovina\/izdelek\/zlozljivo-drzalo-za-plocevinke\/#primaryimage"},"thumbnailUrl":"https:\/\/igralni-aparati.si\/trgovina\/wp-content\/uploads\/2023\/08\/Zlozljivo-drzalo-za-plocevinke.jpg","datePublished":"2023-08-26T13:17:49+00:00","dateModified":"2024-08-30T16:56:29+00:00","description":"Velik izbor originalnih rezervnih delov za namizni nogomet FA.BI., Roberto Sport in FAS. Vabljen v na\u0161o trgovino, tudi po zlo\u017eljivo dr\u017ealo za plo\u010devinke.","breadcrumb":{"@id":"https:\/\/igralni-aparati.si\/trgovina\/izdelek\/zlozljivo-drzalo-za-plocevinke\/#breadcrumb"},"inLanguage":"sl-SI","potentialAction":[{"@type":"ReadAction","target":["https:\/\/igralni-aparati.si\/trgovina\/izdelek\/zlozljivo-drzalo-za-plocevinke\/"]}]},{"@type":"ImageObject","inLanguage":"sl-SI","@id":"https:\/\/igralni-aparati.si\/trgovina\/izdelek\/zlozljivo-drzalo-za-plocevinke\/#primaryimage","url":"https:\/\/igralni-aparati.si\/trgovina\/wp-content\/uploads\/2023\/08\/Zlozljivo-drzalo-za-plocevinke.jpg","contentUrl":"https:\/\/igralni-aparati.si\/trgovina\/wp-content\/uploads\/2023\/08\/Zlozljivo-drzalo-za-plocevinke.jpg","width":488,"height":485,"caption":"Zlo\u017eljivo dr\u017ealo za plo\u010devinke"},{"@type":"BreadcrumbList","@id":"https:\/\/igralni-aparati.si\/trgovina\/izdelek\/zlozljivo-drzalo-za-plocevinke\/#breadcrumb","itemListElement":[{"@type":"ListItem","position":1,"name":"Home","item":"https:\/\/igralni-aparati.si\/trgovina\/"},{"@type":"ListItem","position":2,"name":"Katalog izdelkov","item":"https:\/\/igralni-aparati.si\/trgovina\/"},{"@type":"ListItem","position":3,"name":"Zlo\u017eljivo dr\u017ealo za plo\u010devinke"}]},{"@type":"WebSite","@id":"https:\/\/igralni-aparati.si\/trgovina\/#website","url":"https:\/\/igralni-aparati.si\/trgovina\/","name":"EUROCLAS &amp; Co. d.o.o.","description":"Za dodatne informacije  pokli\u010dite:\u00a0 041 614 817","publisher":{"@id":"https:\/\/igralni-aparati.si\/trgovina\/#organization"},"potentialAction":[{"@type":"SearchAction","target":{"@type":"EntryPoint","urlTemplate":"https:\/\/igralni-aparati.si\/trgovina\/?s={search_term_string}"},"query-input":{"@type":"PropertyValueSpecification","valueRequired":true,"valueName":"search_term_string"}}],"inLanguage":"sl-SI"},{"@type":"Organization","@id":"https:\/\/igralni-aparati.si\/trgovina\/#organization","name":"EUROCLAS &amp; Co. d.o.o.","url":"https:\/\/igralni-aparati.si\/trgovina\/","logo":{"@type":"ImageObject","inLanguage":"sl-SI","@id":"https:\/\/igralni-aparati.si\/trgovina\/#\/schema\/logo\/image\/","url":"https:\/\/igralni-aparati.si\/trgovina\/wp-content\/uploads\/2020\/05\/LOGO4-2.jpg","contentUrl":"https:\/\/igralni-aparati.si\/trgovina\/wp-content\/uploads\/2020\/05\/LOGO4-2.jpg","width":289,"height":78,"caption":"EUROCLAS &amp; Co. d.o.o."},"image":{"@id":"https:\/\/igralni-aparati.si\/trgovina\/#\/schema\/logo\/image\/"}}]}},"_links":{"self":[{"href":"https:\/\/igralni-aparati.si\/trgovina\/wp-json\/wp\/v2\/product\/5321","targetHints":{"allow":["GET"]}}],"collection":[{"href":"https:\/\/igralni-aparati.si\/trgovina\/wp-json\/wp\/v2\/product"}],"about":[{"href":"https:\/\/igralni-aparati.si\/trgovina\/wp-json\/wp\/v2\/types\/product"}],"replies":[{"embeddable":true,"href":"https:\/\/igralni-aparati.si\/trgovina\/wp-json\/wp\/v2\/comments?post=5321"}],"version-history":[{"count":1,"href":"https:\/\/igralni-aparati.si\/trgovina\/wp-json\/wp\/v2\/product\/5321\/revisions"}],"predecessor-version":[{"id":5330,"href":"https:\/\/igralni-aparati.si\/trgovina\/wp-json\/wp\/v2\/product\/5321\/revisions\/5330"}],"wp:featuredmedia":[{"embeddable":true,"href":"https:\/\/igralni-aparati.si\/trgovina\/wp-json\/wp\/v2\/media\/5327"}],"wp:attachment":[{"href":"https:\/\/igralni-aparati.si\/trgovina\/wp-json\/wp\/v2\/media?parent=5321"}],"wp:term":[{"taxonomy":"product_brand","embeddable":true,"href":"https:\/\/igralni-aparati.si\/trgovina\/wp-json\/wp\/v2\/product_brand?post=5321"},{"taxonomy":"product_cat","embeddable":true,"href":"https:\/\/igralni-aparati.si\/trgovina\/wp-json\/wp\/v2\/product_cat?post=5321"},{"taxonomy":"product_tag","embeddable":true,"href":"https:\/\/igralni-aparati.si\/trgovina\/wp-json\/wp\/v2\/product_tag?post=5321"}],"curies":[{"name":"wp","href":"https:\/\/api.w.org\/{rel}","templated":true}]}}