{"id":5598,"date":"2023-09-24T10:32:40","date_gmt":"2023-09-24T10:32:40","guid":{"rendered":"https:\/\/igralni-aparati.si\/trgovina\/?post_type=product&#038;p=5598"},"modified":"2025-09-22T17:15:59","modified_gmt":"2025-09-22T17:15:59","slug":"biljard-palica-vaula-supernova-ii-1","status":"publish","type":"product","link":"https:\/\/igralni-aparati.si\/trgovina\/izdelek\/biljard-palica-vaula-supernova-ii-1\/","title":{"rendered":"Biljard palica Vaula Supernova II\/1"},"content":{"rendered":"<p><strong>Biljard palica Dvodelna Vaula Supernova II\/1<\/strong><\/p>\n<p>Primerna za prilo\u017enostne in igralce, ki zahtevajo nekaj ve\u010d.\u00a0 Najve\u010d kar lahko dobite za to ceno je Biljard palica Dvodelna Vaula Supernova II\/1, ki vas bo gotovo navdu\u0161ila, z svojo kvaliteto in brez \u010dasnim dizajnom. Izdelana je iz lesa Kanadskega Javorja in polakirana z vrhunski lakom, ki vam zagotavlja dolgotrajen sijaj in za\u0161\u010dito. Priporo\u010damo tudi originalni etui za za\u0161\u010dito biljard palice za simboli\u010dno ceno.<\/p>\n<h6><strong>POVZETEK OPISA:<\/strong><\/h6>\n<ul>\n<li>serija &#8211; Vaula Supernova<\/li>\n<li>dvodelna, dol\u017eina 147 cm<\/li>\n<li>te\u017ea +\/- 540 g \/ 19 oz.<\/li>\n<li>\u010dep premera 13 mm<\/li>\n<li>iz lesa Kanadskega Javorja<\/li>\n<li>dvodelna z kakovostnim 15 mm kovinskim spojnikom za \u010dvrstost palice<\/li>\n<li>dizajnerski ro\u010daj iz platna &#8220;Melange&#8221; in PR gumijastim bla\u017eilnikom<\/li>\n<li>delno lakirana z vrhunskim in obstojnim lakom<\/li>\n<li>kakovostna biljard palica po ugodni ceni<\/li>\n<li>opcija priro\u010dnega etuija za biljard palico<\/li>\n<\/ul>\n<p><span style=\"color: #008000;\">Opravljamo tudi servis, obnovo in preobla\u010denje biljardov.<\/span><\/p>\n<p>Na\u0161e podjetje EUROCLAS &amp; Co. d.o.o., vam zagotavlja prodajo kakovostnih igralnih aparatov in storitev, ter korekten poslovni odnos, kar potrjujejo tudi na\u0161e \u0161tevilne zadovoljne stranke. Prepri\u010dajte se tudi sami in postanite tudi vi, eden izmed na\u0161ih zadovoljnih kupcev.<\/p>\n<p><span style=\"color: #ff0000;\">IGRALNI APARATI &#8211; Prodaja &#8211; Najem &#8211; Servis &#8211; Rezervni deli<\/span><\/p>\n<p><strong>Za vsa dodatna vpra\u0161anja in pojasnila, smo vam na voljo vsak dan med 8h in 20h.<\/strong><\/p>\n<p><a href=\"https:\/\/igralni-aparati.si\/trgovina\/reference\/\" target=\"_blank\" rel=\"noopener\">Oglejte si nekaj na\u0161ih bogatih referenc &gt;&gt;<\/a><\/p>\n<p><a href=\"https:\/\/igralni-aparati.si\/trgovina\/zadovoljne_stranke\/\" target=\"_blank\" rel=\"noopener\">Preberite si izjave na\u0161ih zadovoljnih strank &gt;&gt;<\/a><\/p>\n<p><a href=\"https:\/\/www.youtube.com\/channel\/UCMsDOO8aBg5MgXXMnONEBJg\" target=\"_blank\" rel=\"noopener\">Na\u0161 YouTube kanal Igralni Aparati &gt;&gt;<\/a><\/p>\n","protected":false},"excerpt":{"rendered":"<p>Biljard palica Dvodelna Vaula Supernova II\/1:<\/p>\n<ul>\n<li>serija &#8211; Vaula Supernova<\/li>\n<li>dvodelna, dol\u017eina 147 cm<\/li>\n<li>te\u017ea +\/- 540 g \/ 19 oz.<\/li>\n<li>\u010dep premera 13 mm<\/li>\n<li>iz lesa Kanadskega Javorja<\/li>\n<li>dvodelna z kakovostnim 15 mm kovinskim spojnikom za \u010dvrstost palice<\/li>\n<li>dizajnerski ro\u010daj iz platna &#8220;Melange&#8221; in PR gumijastim bla\u017eilnikom<\/li>\n<li>delno lakirana z vrhunskim in obstojnim lakom<\/li>\n<li>kakovostna biljard palica po ugodni ceni<\/li>\n<li>opcija priro\u010dnega etuija za biljard palico<\/li>\n<\/ul>\n<p><span style=\"color: #000000;\"><span style=\"color: #ff0000;\"><span style=\"color: #008000;\">Obi\u0161\u010dite lahko tudi na\u0161 razstavni salon in se prepri\u010dajte o na\u0161i bogati ponudbi biljard palic \u0161irokega cenovnega razpona za prilo\u017enostne in zahtevnej\u0161e igralce biljarda, ter ostale opreme potrebne pri igri biljarda. Nahajamo se 15 minut od Ljubljanske obvoznice.<\/span><\/span><\/span><\/p>\n<p><span style=\"color: #ff0000;\">IGRALNI APARATI &#8211; Prodaja &#8211; Najem &#8211; Servis &#8211; Rezervni deli<\/span><\/p>\n<p><strong>Za vsa dodatna vpra\u0161anja in pojasnila, smo vam na voljo vsak dan med 8h in 20h.<\/strong><\/p>\n","protected":false},"featured_media":5601,"comment_status":"open","ping_status":"closed","template":"","meta":{"site-sidebar-layout":"default","site-content-layout":"default","ast-site-content-layout":"default","site-content-style":"default","site-sidebar-style":"default","ast-global-header-display":"","ast-banner-title-visibility":"","ast-main-header-display":"","ast-hfb-above-header-display":"","ast-hfb-below-header-display":"","ast-hfb-mobile-header-display":"","site-post-title":"","ast-breadcrumbs-content":"","ast-featured-img":"","footer-sml-layout":"","theme-transparent-header-meta":"default","adv-header-id-meta":"","stick-header-meta":"","header-above-stick-meta":"","header-main-stick-meta":"","header-below-stick-meta":"","astra-migrate-meta-layouts":"default","ast-page-background-enabled":"default","ast-page-background-meta":{"desktop":{"background-color":"","background-image":"","background-repeat":"repeat","background-position":"center center","background-size":"auto","background-attachment":"scroll","background-type":"","background-media":"","overlay-type":"","overlay-color":"","overlay-opacity":"","overlay-gradient":""},"tablet":{"background-color":"","background-image":"","background-repeat":"repeat","background-position":"center center","background-size":"auto","background-attachment":"scroll","background-type":"","background-media":"","overlay-type":"","overlay-color":"","overlay-opacity":"","overlay-gradient":""},"mobile":{"background-color":"","background-image":"","background-repeat":"repeat","background-position":"center center","background-size":"auto","background-attachment":"scroll","background-type":"","background-media":"","overlay-type":"","overlay-color":"","overlay-opacity":"","overlay-gradient":""}},"ast-content-background-meta":{"desktop":{"background-color":"var(--ast-global-color-5)","background-image":"","background-repeat":"repeat","background-position":"center center","background-size":"auto","background-attachment":"scroll","background-type":"","background-media":"","overlay-type":"","overlay-color":"","overlay-opacity":"","overlay-gradient":""},"tablet":{"background-color":"var(--ast-global-color-5)","background-image":"","background-repeat":"repeat","background-position":"center center","background-size":"auto","background-attachment":"scroll","background-type":"","background-media":"","overlay-type":"","overlay-color":"","overlay-opacity":"","overlay-gradient":""},"mobile":{"background-color":"var(--ast-global-color-5)","background-image":"","background-repeat":"repeat","background-position":"center center","background-size":"auto","background-attachment":"scroll","background-type":"","background-media":"","overlay-type":"","overlay-color":"","overlay-opacity":"","overlay-gradient":""}}},"product_brand":[],"product_cat":[90,91],"product_tag":[80,147,92],"class_list":{"0":"post-5598","1":"product","2":"type-product","3":"status-publish","4":"has-post-thumbnail","6":"product_cat-biljard-palice-odlicne-cene","7":"product_cat-biljard-palice-in-oprema-za-biljard","8":"product_tag-biljard-palice-dvodelne","9":"product_tag-biljard-palice-vaula","10":"product_tag-vse-za-biljard","11":"desktop-align-left","12":"tablet-align-left","13":"mobile-align-left","15":"first","16":"instock","17":"taxable","18":"shipping-taxable","19":"purchasable","20":"product-type-variable"},"yoast_head":"<!-- This site is optimized with the Yoast SEO plugin v25.8 - https:\/\/yoast.com\/wordpress\/plugins\/seo\/ -->\n<title>Biljard palica Vaula Supernova II\/1 - GSM: 041 614 817<\/title>\n<meta name=\"description\" content=\"Velik izbor kvalitetnih palic, po izjemnih cenah. Obi\u0161\u010dete na\u0161 razstavni salon. Biljard palica lesena dvodelna Vaula Supernova II\/1. Na zalogi.\" \/>\n<meta name=\"robots\" content=\"index, follow, max-snippet:-1, max-image-preview:large, max-video-preview:-1\" \/>\n<link rel=\"canonical\" href=\"https:\/\/igralni-aparati.si\/trgovina\/izdelek\/biljard-palica-vaula-supernova-ii-1\/\" \/>\n<meta property=\"og:locale\" content=\"sl_SI\" \/>\n<meta property=\"og:type\" content=\"article\" \/>\n<meta property=\"og:title\" content=\"Biljard palica Vaula Supernova II\/1 - GSM: 041 614 817\" \/>\n<meta property=\"og:description\" content=\"Velik izbor kvalitetnih palic, po izjemnih cenah. Obi\u0161\u010dete na\u0161 razstavni salon. Biljard palica lesena dvodelna Vaula Supernova II\/1. Na zalogi.\" \/>\n<meta property=\"og:url\" content=\"https:\/\/igralni-aparati.si\/trgovina\/izdelek\/biljard-palica-vaula-supernova-ii-1\/\" \/>\n<meta property=\"og:site_name\" content=\"EUROCLAS &amp; Co. d.o.o.\" \/>\n<meta property=\"article:modified_time\" content=\"2025-09-22T17:15:59+00:00\" \/>\n<meta property=\"og:image\" content=\"https:\/\/igralni-aparati.si\/trgovina\/wp-content\/uploads\/2023\/09\/Biljard-palica-Dvodelna-Vaula-Supernova-II-1.jpg\" \/>\n\t<meta property=\"og:image:width\" content=\"400\" \/>\n\t<meta property=\"og:image:height\" content=\"400\" \/>\n\t<meta property=\"og:image:type\" content=\"image\/jpeg\" \/>\n<meta name=\"twitter:card\" content=\"summary_large_image\" \/>\n<meta name=\"twitter:label1\" content=\"Est. reading time\" \/>\n\t<meta name=\"twitter:data1\" content=\"2 minuti\" \/>\n<script type=\"application\/ld+json\" class=\"yoast-schema-graph\">{\"@context\":\"https:\/\/schema.org\",\"@graph\":[{\"@type\":\"WebPage\",\"@id\":\"https:\/\/igralni-aparati.si\/trgovina\/izdelek\/biljard-palica-vaula-supernova-ii-1\/\",\"url\":\"https:\/\/igralni-aparati.si\/trgovina\/izdelek\/biljard-palica-vaula-supernova-ii-1\/\",\"name\":\"Biljard palica Vaula Supernova II\/1 - GSM: 041 614 817\",\"isPartOf\":{\"@id\":\"https:\/\/igralni-aparati.si\/trgovina\/#website\"},\"primaryImageOfPage\":{\"@id\":\"https:\/\/igralni-aparati.si\/trgovina\/izdelek\/biljard-palica-vaula-supernova-ii-1\/#primaryimage\"},\"image\":{\"@id\":\"https:\/\/igralni-aparati.si\/trgovina\/izdelek\/biljard-palica-vaula-supernova-ii-1\/#primaryimage\"},\"thumbnailUrl\":\"https:\/\/igralni-aparati.si\/trgovina\/wp-content\/uploads\/2023\/09\/Biljard-palica-Dvodelna-Vaula-Supernova-II-1.jpg\",\"datePublished\":\"2023-09-24T10:32:40+00:00\",\"dateModified\":\"2025-09-22T17:15:59+00:00\",\"description\":\"Velik izbor kvalitetnih palic, po izjemnih cenah. Obi\u0161\u010dete na\u0161 razstavni salon. Biljard palica lesena dvodelna Vaula Supernova II\/1. Na zalogi.\",\"breadcrumb\":{\"@id\":\"https:\/\/igralni-aparati.si\/trgovina\/izdelek\/biljard-palica-vaula-supernova-ii-1\/#breadcrumb\"},\"inLanguage\":\"sl-SI\",\"potentialAction\":[{\"@type\":\"ReadAction\",\"target\":[\"https:\/\/igralni-aparati.si\/trgovina\/izdelek\/biljard-palica-vaula-supernova-ii-1\/\"]}]},{\"@type\":\"ImageObject\",\"inLanguage\":\"sl-SI\",\"@id\":\"https:\/\/igralni-aparati.si\/trgovina\/izdelek\/biljard-palica-vaula-supernova-ii-1\/#primaryimage\",\"url\":\"https:\/\/igralni-aparati.si\/trgovina\/wp-content\/uploads\/2023\/09\/Biljard-palica-Dvodelna-Vaula-Supernova-II-1.jpg\",\"contentUrl\":\"https:\/\/igralni-aparati.si\/trgovina\/wp-content\/uploads\/2023\/09\/Biljard-palica-Dvodelna-Vaula-Supernova-II-1.jpg\",\"width\":400,\"height\":400,\"caption\":\"Biljard palica Dvodelna Vaula Supernova II 1\"},{\"@type\":\"BreadcrumbList\",\"@id\":\"https:\/\/igralni-aparati.si\/trgovina\/izdelek\/biljard-palica-vaula-supernova-ii-1\/#breadcrumb\",\"itemListElement\":[{\"@type\":\"ListItem\",\"position\":1,\"name\":\"Home\",\"item\":\"https:\/\/igralni-aparati.si\/trgovina\/\"},{\"@type\":\"ListItem\",\"position\":2,\"name\":\"Katalog izdelkov\",\"item\":\"https:\/\/igralni-aparati.si\/trgovina\/\"},{\"@type\":\"ListItem\",\"position\":3,\"name\":\"Biljard palica Vaula Supernova II\/1\"}]},{\"@type\":\"WebSite\",\"@id\":\"https:\/\/igralni-aparati.si\/trgovina\/#website\",\"url\":\"https:\/\/igralni-aparati.si\/trgovina\/\",\"name\":\"EUROCLAS &amp; Co. d.o.o.\",\"description\":\"Za dodatne informacije  pokli\u010dite:\u00a0 041 614 817\",\"publisher\":{\"@id\":\"https:\/\/igralni-aparati.si\/trgovina\/#organization\"},\"potentialAction\":[{\"@type\":\"SearchAction\",\"target\":{\"@type\":\"EntryPoint\",\"urlTemplate\":\"https:\/\/igralni-aparati.si\/trgovina\/?s={search_term_string}\"},\"query-input\":{\"@type\":\"PropertyValueSpecification\",\"valueRequired\":true,\"valueName\":\"search_term_string\"}}],\"inLanguage\":\"sl-SI\"},{\"@type\":\"Organization\",\"@id\":\"https:\/\/igralni-aparati.si\/trgovina\/#organization\",\"name\":\"EUROCLAS &amp; Co. d.o.o.\",\"url\":\"https:\/\/igralni-aparati.si\/trgovina\/\",\"logo\":{\"@type\":\"ImageObject\",\"inLanguage\":\"sl-SI\",\"@id\":\"https:\/\/igralni-aparati.si\/trgovina\/#\/schema\/logo\/image\/\",\"url\":\"https:\/\/igralni-aparati.si\/trgovina\/wp-content\/uploads\/2020\/05\/LOGO4-2.jpg\",\"contentUrl\":\"https:\/\/igralni-aparati.si\/trgovina\/wp-content\/uploads\/2020\/05\/LOGO4-2.jpg\",\"width\":289,\"height\":78,\"caption\":\"EUROCLAS &amp; Co. d.o.o.\"},\"image\":{\"@id\":\"https:\/\/igralni-aparati.si\/trgovina\/#\/schema\/logo\/image\/\"}}]}<\/script>\n<!-- \/ Yoast SEO plugin. -->","yoast_head_json":{"title":"Biljard palica Vaula Supernova II\/1 - GSM: 041 614 817","description":"Velik izbor kvalitetnih palic, po izjemnih cenah. Obi\u0161\u010dete na\u0161 razstavni salon. Biljard palica lesena dvodelna Vaula Supernova II\/1. Na zalogi.","robots":{"index":"index","follow":"follow","max-snippet":"max-snippet:-1","max-image-preview":"max-image-preview:large","max-video-preview":"max-video-preview:-1"},"canonical":"https:\/\/igralni-aparati.si\/trgovina\/izdelek\/biljard-palica-vaula-supernova-ii-1\/","og_locale":"sl_SI","og_type":"article","og_title":"Biljard palica Vaula Supernova II\/1 - GSM: 041 614 817","og_description":"Velik izbor kvalitetnih palic, po izjemnih cenah. Obi\u0161\u010dete na\u0161 razstavni salon. Biljard palica lesena dvodelna Vaula Supernova II\/1. Na zalogi.","og_url":"https:\/\/igralni-aparati.si\/trgovina\/izdelek\/biljard-palica-vaula-supernova-ii-1\/","og_site_name":"EUROCLAS &amp; Co. d.o.o.","article_modified_time":"2025-09-22T17:15:59+00:00","og_image":[{"width":400,"height":400,"url":"https:\/\/igralni-aparati.si\/trgovina\/wp-content\/uploads\/2023\/09\/Biljard-palica-Dvodelna-Vaula-Supernova-II-1.jpg","type":"image\/jpeg"}],"twitter_card":"summary_large_image","twitter_misc":{"Est. reading time":"2 minuti"},"schema":{"@context":"https:\/\/schema.org","@graph":[{"@type":"WebPage","@id":"https:\/\/igralni-aparati.si\/trgovina\/izdelek\/biljard-palica-vaula-supernova-ii-1\/","url":"https:\/\/igralni-aparati.si\/trgovina\/izdelek\/biljard-palica-vaula-supernova-ii-1\/","name":"Biljard palica Vaula Supernova II\/1 - GSM: 041 614 817","isPartOf":{"@id":"https:\/\/igralni-aparati.si\/trgovina\/#website"},"primaryImageOfPage":{"@id":"https:\/\/igralni-aparati.si\/trgovina\/izdelek\/biljard-palica-vaula-supernova-ii-1\/#primaryimage"},"image":{"@id":"https:\/\/igralni-aparati.si\/trgovina\/izdelek\/biljard-palica-vaula-supernova-ii-1\/#primaryimage"},"thumbnailUrl":"https:\/\/igralni-aparati.si\/trgovina\/wp-content\/uploads\/2023\/09\/Biljard-palica-Dvodelna-Vaula-Supernova-II-1.jpg","datePublished":"2023-09-24T10:32:40+00:00","dateModified":"2025-09-22T17:15:59+00:00","description":"Velik izbor kvalitetnih palic, po izjemnih cenah. Obi\u0161\u010dete na\u0161 razstavni salon. Biljard palica lesena dvodelna Vaula Supernova II\/1. Na zalogi.","breadcrumb":{"@id":"https:\/\/igralni-aparati.si\/trgovina\/izdelek\/biljard-palica-vaula-supernova-ii-1\/#breadcrumb"},"inLanguage":"sl-SI","potentialAction":[{"@type":"ReadAction","target":["https:\/\/igralni-aparati.si\/trgovina\/izdelek\/biljard-palica-vaula-supernova-ii-1\/"]}]},{"@type":"ImageObject","inLanguage":"sl-SI","@id":"https:\/\/igralni-aparati.si\/trgovina\/izdelek\/biljard-palica-vaula-supernova-ii-1\/#primaryimage","url":"https:\/\/igralni-aparati.si\/trgovina\/wp-content\/uploads\/2023\/09\/Biljard-palica-Dvodelna-Vaula-Supernova-II-1.jpg","contentUrl":"https:\/\/igralni-aparati.si\/trgovina\/wp-content\/uploads\/2023\/09\/Biljard-palica-Dvodelna-Vaula-Supernova-II-1.jpg","width":400,"height":400,"caption":"Biljard palica Dvodelna Vaula Supernova II 1"},{"@type":"BreadcrumbList","@id":"https:\/\/igralni-aparati.si\/trgovina\/izdelek\/biljard-palica-vaula-supernova-ii-1\/#breadcrumb","itemListElement":[{"@type":"ListItem","position":1,"name":"Home","item":"https:\/\/igralni-aparati.si\/trgovina\/"},{"@type":"ListItem","position":2,"name":"Katalog izdelkov","item":"https:\/\/igralni-aparati.si\/trgovina\/"},{"@type":"ListItem","position":3,"name":"Biljard palica Vaula Supernova II\/1"}]},{"@type":"WebSite","@id":"https:\/\/igralni-aparati.si\/trgovina\/#website","url":"https:\/\/igralni-aparati.si\/trgovina\/","name":"EUROCLAS &amp; Co. d.o.o.","description":"Za dodatne informacije  pokli\u010dite:\u00a0 041 614 817","publisher":{"@id":"https:\/\/igralni-aparati.si\/trgovina\/#organization"},"potentialAction":[{"@type":"SearchAction","target":{"@type":"EntryPoint","urlTemplate":"https:\/\/igralni-aparati.si\/trgovina\/?s={search_term_string}"},"query-input":{"@type":"PropertyValueSpecification","valueRequired":true,"valueName":"search_term_string"}}],"inLanguage":"sl-SI"},{"@type":"Organization","@id":"https:\/\/igralni-aparati.si\/trgovina\/#organization","name":"EUROCLAS &amp; Co. d.o.o.","url":"https:\/\/igralni-aparati.si\/trgovina\/","logo":{"@type":"ImageObject","inLanguage":"sl-SI","@id":"https:\/\/igralni-aparati.si\/trgovina\/#\/schema\/logo\/image\/","url":"https:\/\/igralni-aparati.si\/trgovina\/wp-content\/uploads\/2020\/05\/LOGO4-2.jpg","contentUrl":"https:\/\/igralni-aparati.si\/trgovina\/wp-content\/uploads\/2020\/05\/LOGO4-2.jpg","width":289,"height":78,"caption":"EUROCLAS &amp; Co. d.o.o."},"image":{"@id":"https:\/\/igralni-aparati.si\/trgovina\/#\/schema\/logo\/image\/"}}]}},"_links":{"self":[{"href":"https:\/\/igralni-aparati.si\/trgovina\/wp-json\/wp\/v2\/product\/5598","targetHints":{"allow":["GET"]}}],"collection":[{"href":"https:\/\/igralni-aparati.si\/trgovina\/wp-json\/wp\/v2\/product"}],"about":[{"href":"https:\/\/igralni-aparati.si\/trgovina\/wp-json\/wp\/v2\/types\/product"}],"replies":[{"embeddable":true,"href":"https:\/\/igralni-aparati.si\/trgovina\/wp-json\/wp\/v2\/comments?post=5598"}],"version-history":[{"count":1,"href":"https:\/\/igralni-aparati.si\/trgovina\/wp-json\/wp\/v2\/product\/5598\/revisions"}],"predecessor-version":[{"id":5605,"href":"https:\/\/igralni-aparati.si\/trgovina\/wp-json\/wp\/v2\/product\/5598\/revisions\/5605"}],"wp:featuredmedia":[{"embeddable":true,"href":"https:\/\/igralni-aparati.si\/trgovina\/wp-json\/wp\/v2\/media\/5601"}],"wp:attachment":[{"href":"https:\/\/igralni-aparati.si\/trgovina\/wp-json\/wp\/v2\/media?parent=5598"}],"wp:term":[{"taxonomy":"product_brand","embeddable":true,"href":"https:\/\/igralni-aparati.si\/trgovina\/wp-json\/wp\/v2\/product_brand?post=5598"},{"taxonomy":"product_cat","embeddable":true,"href":"https:\/\/igralni-aparati.si\/trgovina\/wp-json\/wp\/v2\/product_cat?post=5598"},{"taxonomy":"product_tag","embeddable":true,"href":"https:\/\/igralni-aparati.si\/trgovina\/wp-json\/wp\/v2\/product_tag?post=5598"}],"curies":[{"name":"wp","href":"https:\/\/api.w.org\/{rel}","templated":true}]}}