{"id":5834,"date":"2024-02-25T19:10:51","date_gmt":"2024-02-25T19:10:51","guid":{"rendered":"https:\/\/igralni-aparati.si\/trgovina\/?post_type=product&#038;p=5834"},"modified":"2025-06-01T13:57:47","modified_gmt":"2025-06-01T13:57:47","slug":"zracni-hokej-montana-home-7-ft","status":"publish","type":"product","link":"https:\/\/igralni-aparati.si\/trgovina\/izdelek\/zracni-hokej-montana-home-7-ft\/","title":{"rendered":"Zra\u010dni Hokej Montana Home 7 Ft."},"content":{"rendered":"<p><strong>OPIS, ZNA\u010cILNOST IN TEHNI\u010cNI PODATKI: ZRA\u010cNI HOKEJ MONTANA HOME 7 Ft.:<\/strong><\/p>\n<ul>\n<li>Namenjen dru\u017einski in privatni uporabi za vse generacije.<\/li>\n<li>Enostavna uporaba.<\/li>\n<li>Privla\u010den dizajn z led tehnologijo.<\/li>\n<li>Izdelan iz MDF lesa in plastike.<\/li>\n<li>Gladka bela igralna povr\u0161ina z izrisanim igri\u0161\u010dem, v velikosti: 197 x 91 cm.<\/li>\n<li>Okvir proti izletu paka iz igralne povr\u0161ine.<\/li>\n<li>Stabilne noge z mo\u017enostjo nastavitve.<\/li>\n<li>Mo\u010dan motor omogo\u010da hitro drsenje paka in dinami\u010dno igro.<\/li>\n<li>Elektronsko \u0161tetje golov.<\/li>\n<li>Napajanje 220 V.<\/li>\n<li>Ro\u010dke za igro in led paki so prilo\u017eeni.<\/li>\n<li>Zunanje mere: 205 x 107 x 79 cm.<\/li>\n<li><span style=\"color: #000000; font-size: 16px;\">Velikost paketa: 208 x 112 x 20 cm. Te\u017ea: 55 kg.<\/span><\/li>\n<li>CE certifikat.<\/li>\n<li>Zra\u010dni Hokej Montana Home 7 Ft. je najbolj\u0161a izbira za zabavo v doma\u010dem krogu.<\/li>\n<li>Cena: 606,56 \u20ac + DDV<\/li>\n<li>Opcija sestave: 32,79 \u20ac + DDV<\/li>\n<li>Opcija dostave: 32,79 \u20ac + DDV<\/li>\n<\/ul>\n<p>Na\u0161e podjetje EUROCLAS &amp; Co. d.o.o., vam zagotavlja prodajo kakovostnih igralnih aparatov, rezervnih delov in storitev, ter korekten poslovni odnos, kar potrjujejo tudi na\u0161e \u0161tevilne zadovoljne stranke. Prepri\u010dajte se tudi vi in postanite eden izmed na\u0161ih zadovoljnih kupcev.<\/p>\n<p><span style=\"color: #000000;\"><span style=\"color: #ff0000;\"><span style=\"color: #008000;\">Obi\u0161\u010dite lahko tudi na\u0161 razstavni salon in se prepri\u010dajte o na\u0161i bogati ponudbi rezervnih delov in ostale opreme potrebne pri igri biljarda. Nahajamo se 15 minut od Ljubljanske severne ali zahodne obvoznice.<\/span><\/span><\/span><\/p>\n<p><span style=\"color: #ff0000;\">IGRALNI APARATI &#8211; Prodaja &#8211; Najem &#8211; Servis &#8211; Rezervni deli<\/span><\/p>\n<p><strong>Za vsa dodatna vpra\u0161anja in pojasnila, smo vam na voljo vsak dan med 8h in 20h.<\/strong><\/p>\n<p><a href=\"https:\/\/igralni-aparati.si\/reference2.html\" target=\"_blank\" rel=\"noopener\">Oglejte si nekaj na\u0161ih bogatih referenc &gt;&gt;<\/a><\/p>\n<p><a href=\"https:\/\/igralni-aparati.si\/stranke.html\" target=\"_blank\" rel=\"noopener\">Preberite si izjave na\u0161ih zadovoljnih strank &gt;&gt;<\/a><\/p>\n<p><a href=\"https:\/\/www.youtube.com\/channel\/UCMsDOO8aBg5MgXXMnONEBJg\" target=\"_blank\" rel=\"noopener\">Na\u0161 YouTube kanal Igralni Aparati &gt;&gt;<\/a><\/p>\n","protected":false},"excerpt":{"rendered":"<p><strong>ZRA\u010cNI HOKEJ MONTANA HOME 7 Ft.<\/strong><\/p>\n<p>Zra\u010dni Hokej Montana Home 7 Ft, je namenjen za doma\u010do uporabo za zabavo vseh generacij. Odlikuje ga prakti\u010dnost, led tehnologija, elektronsko \u0161tetje golov, hitra igralna povr\u0161ina in enostavna uporaba.\u00a0 Ro\u010dke potrebne za igro in led paki so prilo\u017eeni. Standardna velikost igralne povr\u0161ine, kot jo imajo profesionalni zra\u010dni hokeji za mno\u017ei\u010dno uporabo, v v<span style=\"color: #0000ff;\"><span style=\"color: #000000;\">elikosti igralne povr\u0161ine: 197 x 91 cm. Napajanje 220 V.<\/span><\/span><\/p>\n<p><strong><span style=\"color: #000000;\">Mo\u017enost ogleda in preizkusa.<\/span><\/strong><\/p>\n<p><span style=\"color: #0000ff;\">Mo\u017enost dostave in monta\u017ee oziroma postavitve na \u017eeleni lokaciji. Na zalogi za takoj\u0161nji prevzem ali dostavo. <span style=\"color: #000000;\">Velikost paketa: 208 x 112 x 20 cm. Te\u017ea: 55 kg.<\/span><\/span><\/p>\n<p><span style=\"color: #000000;\"><span style=\"color: #ff0000;\"><span style=\"color: #008000;\">Obi\u0161\u010dite lahko tudi na\u0161 razstavni salon in se prepri\u010dajte o na\u0161i bogati ponudbi igralnih aparatov, rezervnih delov in potro\u0161nega materiala. Nahajamo se 15 minut od Ljubljanske severne ali zahodne obvoznice.<\/span><\/span><\/span><\/p>\n<p><strong>Za vsa dodatna vpra\u0161anja in pojasnila, smo vam na voljo vsak dan med 8h in 20h.<\/strong><\/p>\n<p><span style=\"color: #ff0000;\">IGRALNI APARATI &#8211; Prodaja &#8211; Najem &#8211; Servis &#8211; Rezervni deli<\/span><\/p>\n","protected":false},"featured_media":5843,"comment_status":"open","ping_status":"closed","template":"","meta":{"site-sidebar-layout":"default","site-content-layout":"default","ast-site-content-layout":"default","site-content-style":"default","site-sidebar-style":"default","ast-global-header-display":"","ast-banner-title-visibility":"","ast-main-header-display":"","ast-hfb-above-header-display":"","ast-hfb-below-header-display":"","ast-hfb-mobile-header-display":"","site-post-title":"","ast-breadcrumbs-content":"","ast-featured-img":"","footer-sml-layout":"","theme-transparent-header-meta":"default","adv-header-id-meta":"","stick-header-meta":"","header-above-stick-meta":"","header-main-stick-meta":"","header-below-stick-meta":"","astra-migrate-meta-layouts":"default","ast-page-background-enabled":"default","ast-page-background-meta":{"desktop":{"background-color":"","background-image":"","background-repeat":"repeat","background-position":"center center","background-size":"auto","background-attachment":"scroll","background-type":"","background-media":"","overlay-type":"","overlay-color":"","overlay-opacity":"","overlay-gradient":""},"tablet":{"background-color":"","background-image":"","background-repeat":"repeat","background-position":"center center","background-size":"auto","background-attachment":"scroll","background-type":"","background-media":"","overlay-type":"","overlay-color":"","overlay-opacity":"","overlay-gradient":""},"mobile":{"background-color":"","background-image":"","background-repeat":"repeat","background-position":"center center","background-size":"auto","background-attachment":"scroll","background-type":"","background-media":"","overlay-type":"","overlay-color":"","overlay-opacity":"","overlay-gradient":""}},"ast-content-background-meta":{"desktop":{"background-color":"var(--ast-global-color-5)","background-image":"","background-repeat":"repeat","background-position":"center center","background-size":"auto","background-attachment":"scroll","background-type":"","background-media":"","overlay-type":"","overlay-color":"","overlay-opacity":"","overlay-gradient":""},"tablet":{"background-color":"var(--ast-global-color-5)","background-image":"","background-repeat":"repeat","background-position":"center center","background-size":"auto","background-attachment":"scroll","background-type":"","background-media":"","overlay-type":"","overlay-color":"","overlay-opacity":"","overlay-gradient":""},"mobile":{"background-color":"var(--ast-global-color-5)","background-image":"","background-repeat":"repeat","background-position":"center center","background-size":"auto","background-attachment":"scroll","background-type":"","background-media":"","overlay-type":"","overlay-color":"","overlay-opacity":"","overlay-gradient":""}}},"product_brand":[],"product_cat":[72],"product_tag":[149,57],"class_list":{"0":"post-5834","1":"product","2":"type-product","3":"status-publish","4":"has-post-thumbnail","6":"product_cat-zracni-hokej-za-domaco-uporabo","7":"product_tag-domaca-uporaba","8":"product_tag-odlicna-cena","9":"desktop-align-left","10":"tablet-align-left","11":"mobile-align-left","13":"first","14":"instock","15":"taxable","16":"shipping-taxable","17":"purchasable","18":"product-type-simple"},"yoast_head":"<!-- This site is optimized with the Yoast SEO plugin v25.8 - https:\/\/yoast.com\/wordpress\/plugins\/seo\/ -->\n<title>Zra\u010dni Hokej Montana Home 7 Ft. - EUROCLAS &amp; Co. d.o.o. GSM: 041 614 817<\/title>\n<meta name=\"description\" content=\"Zra\u010dni Hokej Montana Home 7 Ft. Namenjen za doma\u010do uporabo. Zagotavljamo servis in rezervne dele. Igralni Aparati - Prodaja - Najem - Servis -Rezervni Deli.\" \/>\n<meta name=\"robots\" content=\"index, follow, max-snippet:-1, max-image-preview:large, max-video-preview:-1\" \/>\n<link rel=\"canonical\" href=\"https:\/\/igralni-aparati.si\/trgovina\/izdelek\/zracni-hokej-montana-home-7-ft\/\" \/>\n<meta property=\"og:locale\" content=\"sl_SI\" \/>\n<meta property=\"og:type\" content=\"article\" \/>\n<meta property=\"og:title\" content=\"Zra\u010dni Hokej Montana Home 7 Ft. - EUROCLAS &amp; Co. d.o.o. GSM: 041 614 817\" \/>\n<meta property=\"og:description\" content=\"Zra\u010dni Hokej Montana Home 7 Ft. Namenjen za doma\u010do uporabo. Zagotavljamo servis in rezervne dele. Igralni Aparati - Prodaja - Najem - Servis -Rezervni Deli.\" \/>\n<meta property=\"og:url\" content=\"https:\/\/igralni-aparati.si\/trgovina\/izdelek\/zracni-hokej-montana-home-7-ft\/\" \/>\n<meta property=\"og:site_name\" content=\"EUROCLAS &amp; Co. d.o.o.\" \/>\n<meta property=\"article:modified_time\" content=\"2025-06-01T13:57:47+00:00\" \/>\n<meta property=\"og:image\" content=\"https:\/\/igralni-aparati.si\/trgovina\/wp-content\/uploads\/2024\/02\/Zracni-Hokej-Montana-Home-.jpg\" \/>\n\t<meta property=\"og:image:width\" content=\"600\" \/>\n\t<meta property=\"og:image:height\" content=\"600\" \/>\n\t<meta property=\"og:image:type\" content=\"image\/jpeg\" \/>\n<meta name=\"twitter:card\" content=\"summary_large_image\" \/>\n<meta name=\"twitter:label1\" content=\"Est. reading time\" \/>\n\t<meta name=\"twitter:data1\" content=\"2 minuti\" \/>\n<script type=\"application\/ld+json\" class=\"yoast-schema-graph\">{\"@context\":\"https:\/\/schema.org\",\"@graph\":[{\"@type\":\"WebPage\",\"@id\":\"https:\/\/igralni-aparati.si\/trgovina\/izdelek\/zracni-hokej-montana-home-7-ft\/\",\"url\":\"https:\/\/igralni-aparati.si\/trgovina\/izdelek\/zracni-hokej-montana-home-7-ft\/\",\"name\":\"Zra\u010dni Hokej Montana Home 7 Ft. - EUROCLAS &amp; Co. d.o.o. GSM: 041 614 817\",\"isPartOf\":{\"@id\":\"https:\/\/igralni-aparati.si\/trgovina\/#website\"},\"primaryImageOfPage\":{\"@id\":\"https:\/\/igralni-aparati.si\/trgovina\/izdelek\/zracni-hokej-montana-home-7-ft\/#primaryimage\"},\"image\":{\"@id\":\"https:\/\/igralni-aparati.si\/trgovina\/izdelek\/zracni-hokej-montana-home-7-ft\/#primaryimage\"},\"thumbnailUrl\":\"https:\/\/igralni-aparati.si\/trgovina\/wp-content\/uploads\/2024\/02\/Zracni-Hokej-Montana-Home-.jpg\",\"datePublished\":\"2024-02-25T19:10:51+00:00\",\"dateModified\":\"2025-06-01T13:57:47+00:00\",\"description\":\"Zra\u010dni Hokej Montana Home 7 Ft. Namenjen za doma\u010do uporabo. Zagotavljamo servis in rezervne dele. Igralni Aparati - Prodaja - Najem - Servis -Rezervni Deli.\",\"breadcrumb\":{\"@id\":\"https:\/\/igralni-aparati.si\/trgovina\/izdelek\/zracni-hokej-montana-home-7-ft\/#breadcrumb\"},\"inLanguage\":\"sl-SI\",\"potentialAction\":[{\"@type\":\"ReadAction\",\"target\":[\"https:\/\/igralni-aparati.si\/trgovina\/izdelek\/zracni-hokej-montana-home-7-ft\/\"]}]},{\"@type\":\"ImageObject\",\"inLanguage\":\"sl-SI\",\"@id\":\"https:\/\/igralni-aparati.si\/trgovina\/izdelek\/zracni-hokej-montana-home-7-ft\/#primaryimage\",\"url\":\"https:\/\/igralni-aparati.si\/trgovina\/wp-content\/uploads\/2024\/02\/Zracni-Hokej-Montana-Home-.jpg\",\"contentUrl\":\"https:\/\/igralni-aparati.si\/trgovina\/wp-content\/uploads\/2024\/02\/Zracni-Hokej-Montana-Home-.jpg\",\"width\":600,\"height\":600,\"caption\":\"Zra\u010dni Hokej Montana Home\"},{\"@type\":\"BreadcrumbList\",\"@id\":\"https:\/\/igralni-aparati.si\/trgovina\/izdelek\/zracni-hokej-montana-home-7-ft\/#breadcrumb\",\"itemListElement\":[{\"@type\":\"ListItem\",\"position\":1,\"name\":\"Home\",\"item\":\"https:\/\/igralni-aparati.si\/trgovina\/\"},{\"@type\":\"ListItem\",\"position\":2,\"name\":\"Katalog izdelkov\",\"item\":\"https:\/\/igralni-aparati.si\/trgovina\/\"},{\"@type\":\"ListItem\",\"position\":3,\"name\":\"Zra\u010dni Hokej Montana Home 7 Ft.\"}]},{\"@type\":\"WebSite\",\"@id\":\"https:\/\/igralni-aparati.si\/trgovina\/#website\",\"url\":\"https:\/\/igralni-aparati.si\/trgovina\/\",\"name\":\"EUROCLAS &amp; Co. d.o.o.\",\"description\":\"Za dodatne informacije  pokli\u010dite:\u00a0 041 614 817\",\"publisher\":{\"@id\":\"https:\/\/igralni-aparati.si\/trgovina\/#organization\"},\"potentialAction\":[{\"@type\":\"SearchAction\",\"target\":{\"@type\":\"EntryPoint\",\"urlTemplate\":\"https:\/\/igralni-aparati.si\/trgovina\/?s={search_term_string}\"},\"query-input\":{\"@type\":\"PropertyValueSpecification\",\"valueRequired\":true,\"valueName\":\"search_term_string\"}}],\"inLanguage\":\"sl-SI\"},{\"@type\":\"Organization\",\"@id\":\"https:\/\/igralni-aparati.si\/trgovina\/#organization\",\"name\":\"EUROCLAS &amp; Co. d.o.o.\",\"url\":\"https:\/\/igralni-aparati.si\/trgovina\/\",\"logo\":{\"@type\":\"ImageObject\",\"inLanguage\":\"sl-SI\",\"@id\":\"https:\/\/igralni-aparati.si\/trgovina\/#\/schema\/logo\/image\/\",\"url\":\"https:\/\/igralni-aparati.si\/trgovina\/wp-content\/uploads\/2020\/05\/LOGO4-2.jpg\",\"contentUrl\":\"https:\/\/igralni-aparati.si\/trgovina\/wp-content\/uploads\/2020\/05\/LOGO4-2.jpg\",\"width\":289,\"height\":78,\"caption\":\"EUROCLAS &amp; Co. d.o.o.\"},\"image\":{\"@id\":\"https:\/\/igralni-aparati.si\/trgovina\/#\/schema\/logo\/image\/\"}}]}<\/script>\n<!-- \/ Yoast SEO plugin. -->","yoast_head_json":{"title":"Zra\u010dni Hokej Montana Home 7 Ft. - EUROCLAS &amp; Co. d.o.o. GSM: 041 614 817","description":"Zra\u010dni Hokej Montana Home 7 Ft. Namenjen za doma\u010do uporabo. Zagotavljamo servis in rezervne dele. Igralni Aparati - Prodaja - Najem - Servis -Rezervni Deli.","robots":{"index":"index","follow":"follow","max-snippet":"max-snippet:-1","max-image-preview":"max-image-preview:large","max-video-preview":"max-video-preview:-1"},"canonical":"https:\/\/igralni-aparati.si\/trgovina\/izdelek\/zracni-hokej-montana-home-7-ft\/","og_locale":"sl_SI","og_type":"article","og_title":"Zra\u010dni Hokej Montana Home 7 Ft. - EUROCLAS &amp; Co. d.o.o. GSM: 041 614 817","og_description":"Zra\u010dni Hokej Montana Home 7 Ft. Namenjen za doma\u010do uporabo. Zagotavljamo servis in rezervne dele. Igralni Aparati - Prodaja - Najem - Servis -Rezervni Deli.","og_url":"https:\/\/igralni-aparati.si\/trgovina\/izdelek\/zracni-hokej-montana-home-7-ft\/","og_site_name":"EUROCLAS &amp; Co. d.o.o.","article_modified_time":"2025-06-01T13:57:47+00:00","og_image":[{"width":600,"height":600,"url":"https:\/\/igralni-aparati.si\/trgovina\/wp-content\/uploads\/2024\/02\/Zracni-Hokej-Montana-Home-.jpg","type":"image\/jpeg"}],"twitter_card":"summary_large_image","twitter_misc":{"Est. reading time":"2 minuti"},"schema":{"@context":"https:\/\/schema.org","@graph":[{"@type":"WebPage","@id":"https:\/\/igralni-aparati.si\/trgovina\/izdelek\/zracni-hokej-montana-home-7-ft\/","url":"https:\/\/igralni-aparati.si\/trgovina\/izdelek\/zracni-hokej-montana-home-7-ft\/","name":"Zra\u010dni Hokej Montana Home 7 Ft. - EUROCLAS &amp; Co. d.o.o. GSM: 041 614 817","isPartOf":{"@id":"https:\/\/igralni-aparati.si\/trgovina\/#website"},"primaryImageOfPage":{"@id":"https:\/\/igralni-aparati.si\/trgovina\/izdelek\/zracni-hokej-montana-home-7-ft\/#primaryimage"},"image":{"@id":"https:\/\/igralni-aparati.si\/trgovina\/izdelek\/zracni-hokej-montana-home-7-ft\/#primaryimage"},"thumbnailUrl":"https:\/\/igralni-aparati.si\/trgovina\/wp-content\/uploads\/2024\/02\/Zracni-Hokej-Montana-Home-.jpg","datePublished":"2024-02-25T19:10:51+00:00","dateModified":"2025-06-01T13:57:47+00:00","description":"Zra\u010dni Hokej Montana Home 7 Ft. Namenjen za doma\u010do uporabo. Zagotavljamo servis in rezervne dele. Igralni Aparati - Prodaja - Najem - Servis -Rezervni Deli.","breadcrumb":{"@id":"https:\/\/igralni-aparati.si\/trgovina\/izdelek\/zracni-hokej-montana-home-7-ft\/#breadcrumb"},"inLanguage":"sl-SI","potentialAction":[{"@type":"ReadAction","target":["https:\/\/igralni-aparati.si\/trgovina\/izdelek\/zracni-hokej-montana-home-7-ft\/"]}]},{"@type":"ImageObject","inLanguage":"sl-SI","@id":"https:\/\/igralni-aparati.si\/trgovina\/izdelek\/zracni-hokej-montana-home-7-ft\/#primaryimage","url":"https:\/\/igralni-aparati.si\/trgovina\/wp-content\/uploads\/2024\/02\/Zracni-Hokej-Montana-Home-.jpg","contentUrl":"https:\/\/igralni-aparati.si\/trgovina\/wp-content\/uploads\/2024\/02\/Zracni-Hokej-Montana-Home-.jpg","width":600,"height":600,"caption":"Zra\u010dni Hokej Montana Home"},{"@type":"BreadcrumbList","@id":"https:\/\/igralni-aparati.si\/trgovina\/izdelek\/zracni-hokej-montana-home-7-ft\/#breadcrumb","itemListElement":[{"@type":"ListItem","position":1,"name":"Home","item":"https:\/\/igralni-aparati.si\/trgovina\/"},{"@type":"ListItem","position":2,"name":"Katalog izdelkov","item":"https:\/\/igralni-aparati.si\/trgovina\/"},{"@type":"ListItem","position":3,"name":"Zra\u010dni Hokej Montana Home 7 Ft."}]},{"@type":"WebSite","@id":"https:\/\/igralni-aparati.si\/trgovina\/#website","url":"https:\/\/igralni-aparati.si\/trgovina\/","name":"EUROCLAS &amp; Co. d.o.o.","description":"Za dodatne informacije  pokli\u010dite:\u00a0 041 614 817","publisher":{"@id":"https:\/\/igralni-aparati.si\/trgovina\/#organization"},"potentialAction":[{"@type":"SearchAction","target":{"@type":"EntryPoint","urlTemplate":"https:\/\/igralni-aparati.si\/trgovina\/?s={search_term_string}"},"query-input":{"@type":"PropertyValueSpecification","valueRequired":true,"valueName":"search_term_string"}}],"inLanguage":"sl-SI"},{"@type":"Organization","@id":"https:\/\/igralni-aparati.si\/trgovina\/#organization","name":"EUROCLAS &amp; Co. d.o.o.","url":"https:\/\/igralni-aparati.si\/trgovina\/","logo":{"@type":"ImageObject","inLanguage":"sl-SI","@id":"https:\/\/igralni-aparati.si\/trgovina\/#\/schema\/logo\/image\/","url":"https:\/\/igralni-aparati.si\/trgovina\/wp-content\/uploads\/2020\/05\/LOGO4-2.jpg","contentUrl":"https:\/\/igralni-aparati.si\/trgovina\/wp-content\/uploads\/2020\/05\/LOGO4-2.jpg","width":289,"height":78,"caption":"EUROCLAS &amp; Co. d.o.o."},"image":{"@id":"https:\/\/igralni-aparati.si\/trgovina\/#\/schema\/logo\/image\/"}}]}},"_links":{"self":[{"href":"https:\/\/igralni-aparati.si\/trgovina\/wp-json\/wp\/v2\/product\/5834","targetHints":{"allow":["GET"]}}],"collection":[{"href":"https:\/\/igralni-aparati.si\/trgovina\/wp-json\/wp\/v2\/product"}],"about":[{"href":"https:\/\/igralni-aparati.si\/trgovina\/wp-json\/wp\/v2\/types\/product"}],"replies":[{"embeddable":true,"href":"https:\/\/igralni-aparati.si\/trgovina\/wp-json\/wp\/v2\/comments?post=5834"}],"version-history":[{"count":3,"href":"https:\/\/igralni-aparati.si\/trgovina\/wp-json\/wp\/v2\/product\/5834\/revisions"}],"predecessor-version":[{"id":6613,"href":"https:\/\/igralni-aparati.si\/trgovina\/wp-json\/wp\/v2\/product\/5834\/revisions\/6613"}],"wp:featuredmedia":[{"embeddable":true,"href":"https:\/\/igralni-aparati.si\/trgovina\/wp-json\/wp\/v2\/media\/5843"}],"wp:attachment":[{"href":"https:\/\/igralni-aparati.si\/trgovina\/wp-json\/wp\/v2\/media?parent=5834"}],"wp:term":[{"taxonomy":"product_brand","embeddable":true,"href":"https:\/\/igralni-aparati.si\/trgovina\/wp-json\/wp\/v2\/product_brand?post=5834"},{"taxonomy":"product_cat","embeddable":true,"href":"https:\/\/igralni-aparati.si\/trgovina\/wp-json\/wp\/v2\/product_cat?post=5834"},{"taxonomy":"product_tag","embeddable":true,"href":"https:\/\/igralni-aparati.si\/trgovina\/wp-json\/wp\/v2\/product_tag?post=5834"}],"curies":[{"name":"wp","href":"https:\/\/api.w.org\/{rel}","templated":true}]}}