{"id":836,"date":"2020-06-07T16:50:00","date_gmt":"2020-06-07T16:50:00","guid":{"rendered":"https:\/\/igralni-aparati.si\/trgovina\/?post_type=product&#038;p=836"},"modified":"2026-04-09T14:54:38","modified_gmt":"2026-04-09T14:54:38","slug":"namizni-rocni-nogomet-roberto-sport-scout","status":"publish","type":"product","link":"https:\/\/igralni-aparati.si\/trgovina\/izdelek\/namizni-rocni-nogomet-roberto-sport-scout\/","title":{"rendered":"Namizni &#8211; Ro\u010dni Nogomet Roberto Sport Scout &#8211; Akcija"},"content":{"rendered":"<p>Namizni &#8211; Ro\u010dni nogomet Roberto Sport Scout<\/p>\n<h4><strong>OPIS NAMIZNI &#8211; RO\u010cNI NOGOMET ROBERTO SPORT SCOUT<\/strong>:<\/h4>\n<ul>\n<li>Stabilne in elegantne konstrukcije za dolgoletno brezskrbno igro.<\/li>\n<li>Ohi\u0161je iz kompaktne iverne plo\u0161\u010de debeline 25 mm, v razli\u010dnih barvah prekrite z laminirano plastiko in ABS robovi.<\/li>\n<li>Po\u0161evne noge iz masivne kompaktne plo\u0161\u010de lesa, prekrite z laminatom v \u010drni barvi in dodatno pre\u010dko za stabilnost nogometa. Na stopalih nog guma, za bolj\u0161i\u00a0 oprijem z podlago.<\/li>\n<li>Zelena igralna povr\u0161ina iz kaljenega 5 mm stekla, z izrisanim igri\u0161\u010dem in belimi obrobami.<\/li>\n<li><span style=\"color: #0000ff;\">TELESKOPSKE (pomembno za varnost otrok) PROFESIONALNE kromirane igralne palice, debeline 18 mm, z vzmetmi za bla\u017eenje udarcev v ohi\u0161je in kvalitetno ro\u010dko. Najdebelej\u0161e igralne palice na Slovenskem tr\u017ei\u0161\u010du.<\/span><\/li>\n<li>Standardna velikost igralne povr\u0161ine 111 x 70 cm.<\/li>\n<li>Velikost nogometa z ro\u010dkami 120 x 110 cm in vi\u0161ino 90 cm..<\/li>\n<li>Certificirano z CE Evropskim varnostnim standardom.<\/li>\n<li>Igralci neposredno brizgani na igralno palico, v naslednjih kombinacijah barve: rde\u010de modri, \u010drno beli in sivo \u010drni<\/li>\n<li>Ohi\u0161je nogometa v \u010drni barvi, beli ali imitaciji lesa bukev.<\/li>\n<li>\u0160tevec golov in odprtina za \u017eogice na obeh straneh nogometa.<\/li>\n<li>Velikost paketa: 138 x 80 x 25 cm.<\/li>\n<li><span style=\"color: #0000ff;\">Narejeno v Italiji.<\/span><\/li>\n<li>\u017dogice v koli\u010dini 10 kom. prilo\u017eene.<\/li>\n<li>Posebno olje ali sprej za mazanje igralnih palic nogometa: GRATIS<\/li>\n<li><span style=\"color: #0000ff;\">Garancija 1 leto.<\/span><\/li>\n<li>Cena 389,34 \u20ac + DDV<\/li>\n<li>opcija 1 sestava nogometa za simboli\u010dno ceno 24,59 \u20ac + DDV<\/li>\n<li>opcija 2 dostava za simboli\u010dno ceno 28,69 \u20ac + DDV<\/li>\n<li>opcija 3 pokrivalo za nogometa &#8211; vodoodporno in proti pra\u0161na za\u0161\u010dita 28,69 \u20ac + DDV<\/li>\n<\/ul>\n<h5>Namizni &#8211; Ro\u010dni nogomet Roberto Sport Scout<\/h5>\n<p><span style=\"color: #ff0000;\">Servis in originalni rezervni deli zagotovljeni. Razpolagamo z stalno zalogo rezervnih delov, a vam lahko zagotavljamo, da jih dolga leta ne boste potrebovali.\u00a0 \u00a0 Mo\u017enost strokovne sestave nogometa. Mo\u017enost dostave.<\/span><\/p>\n<p><span style=\"color: #008000;\">Nudimo vam tudi nakup na obroke, mo\u017enost najema, ter kasnej\u0161ega odkupa.\u00a0<\/span><\/p>\n<p>Na\u0161e podjetje EUROCLAS &amp; Co. d.o.o., vam zagotavlja prodajo kakovostnih igralnih aparatov in storitev, ter korekten poslovni odnos, kar potrjujejo tudi na\u0161e \u0161tevilne zadovoljne stranke. Prepri\u010dajte se tudi sami in postanite tudi vi, eden izmed na\u0161ih zadovoljnih kupcev.<\/p>\n<p><a href=\"https:\/\/www.youtube.com\/channel\/UCMsDOO8aBg5MgXXMnONEBJg\" target=\"_blank\" rel=\"noopener\">Na\u0161 YouTube kanal Igralni Aparati &gt;&gt;<\/a><\/p>\n<p><a href=\"https:\/\/igralni-aparati.si\/reference2.html\" target=\"_blank\" rel=\"noopener\">Oglejte si nekaj na\u0161ih bogatih referenc &gt;&gt;<\/a><\/p>\n<p><a href=\"https:\/\/igralni-aparati.si\/stranke.html\" target=\"_blank\" rel=\"noopener\">Preberite si izjave na\u0161ih zadovoljnih strank &gt;&gt;<\/a><\/p>\n","protected":false},"excerpt":{"rendered":"<p>Namizni &#8211; Ro\u010dni nogomet Roberto Sport Scout.<\/p>\n<h5><strong>Nogomet priznanega ITALIJANSKEGA PROIZVAJALCA ROBERTO SPORT, model SCOUT:\u00a0 \u00a0<\/strong><\/h5>\n<ul>\n<li>Namenjen doma\u010di uporabi, \u0161olah, podjetjih in ostalih ustanovah.<\/li>\n<li>Odlikuje ga dovr\u0161ena izdelava, kvalitetni materiali, stabilna konstrukcija.<\/li>\n<li>Ohi\u0161je kompaktne 25 mm iverne plo\u0161\u010de v razli\u010dnih barvah z ABS obrobami in nogami iz lesa v \u010drni barvi<\/li>\n<li><span style=\"color: #0000ff;\">Zelo kvalitetne profesionalne 18 mm TELESKOPSKE igralne palice in kvalitetno ro\u010dko.<\/span><\/li>\n<li>Dolga \u017eivljenjska doba in brezskrbna igra za vse generacije.<\/li>\n<\/ul>\n<p><span style=\"color: #ff0000;\">Najbolj\u0161i namizni &#8211; ro\u010dni nogomet v svojem cenovnem razredu,\u00a0 z 18 mm teleskopskimi igralnimi palicami.<\/span><span style=\"color: #ff0000;\"> Servis in originalni rezervni deli zagotovljeni. Garancija 1 leto.<\/span><br \/>\n<span style=\"color: #ff0000;\">Mo\u017enost menjave. Mo\u017enost strokovne sestave nogometa. Nudimo vam tudi pla\u010dilo na obroke.<\/span><\/p>\n<p><span style=\"color: #000000;\"><span style=\"color: #ff0000;\"><span style=\"color: #008000;\">Obi\u0161\u010dite na\u0161 razstavni salon, kjer si lahko ogledate nogomete \u0161irokega cenovnega razpona, v razli\u010dnih barvnih kombinacijah ohi\u0161ja in igralcev. Seveda jih lahko tudi preizkusite. Nahajamo se 15 minut od Ljubljanske obvoznice.<\/span><\/span><\/span><\/p>\n<p><span style=\"color: #000000;\">Dolgoletna tradicija priznanega Italijanske podjetja Roberto Sport, vam zagotavlja izjemno kvalitetne ro\u010dne nogomete in njihovo vzdr\u017eljivost. Na\u0161e podjetje EUOROCLAS &amp; Co. d.o.o., je uradni poobla\u0161\u010deni trgovec njihovih prodajnih izdelkov.\u00a0<\/span><\/p>\n<p><strong>Za vsa dodatna vpra\u0161anja in pojasnila, smo vam na voljo vsak dan med 8h in 20h.<\/strong><\/p>\n","protected":false},"featured_media":179,"comment_status":"open","ping_status":"closed","template":"","meta":{"site-sidebar-layout":"no-sidebar","site-content-layout":"content-boxed-container","ast-site-content-layout":"normal-width-container","site-content-style":"boxed","site-sidebar-style":"unboxed","ast-global-header-display":"","ast-banner-title-visibility":"","ast-main-header-display":"","ast-hfb-above-header-display":"","ast-hfb-below-header-display":"","ast-hfb-mobile-header-display":"","site-post-title":"","ast-breadcrumbs-content":"","ast-featured-img":"","footer-sml-layout":"","theme-transparent-header-meta":"default","adv-header-id-meta":"","stick-header-meta":"","header-above-stick-meta":"","header-main-stick-meta":"","header-below-stick-meta":"","astra-migrate-meta-layouts":"set","ast-page-background-enabled":"default","ast-page-background-meta":{"desktop":{"background-color":"","background-image":"","background-repeat":"repeat","background-position":"center center","background-size":"auto","background-attachment":"scroll","background-type":"","background-media":"","overlay-type":"","overlay-color":"","overlay-opacity":"","overlay-gradient":""},"tablet":{"background-color":"","background-image":"","background-repeat":"repeat","background-position":"center center","background-size":"auto","background-attachment":"scroll","background-type":"","background-media":"","overlay-type":"","overlay-color":"","overlay-opacity":"","overlay-gradient":""},"mobile":{"background-color":"","background-image":"","background-repeat":"repeat","background-position":"center center","background-size":"auto","background-attachment":"scroll","background-type":"","background-media":"","overlay-type":"","overlay-color":"","overlay-opacity":"","overlay-gradient":""}},"ast-content-background-meta":{"desktop":{"background-color":"var(--ast-global-color-5)","background-image":"","background-repeat":"repeat","background-position":"center center","background-size":"auto","background-attachment":"scroll","background-type":"","background-media":"","overlay-type":"","overlay-color":"","overlay-opacity":"","overlay-gradient":""},"tablet":{"background-color":"var(--ast-global-color-5)","background-image":"","background-repeat":"repeat","background-position":"center center","background-size":"auto","background-attachment":"scroll","background-type":"","background-media":"","overlay-type":"","overlay-color":"","overlay-opacity":"","overlay-gradient":""},"mobile":{"background-color":"var(--ast-global-color-5)","background-image":"","background-repeat":"repeat","background-position":"center center","background-size":"auto","background-attachment":"scroll","background-type":"","background-media":"","overlay-type":"","overlay-color":"","overlay-opacity":"","overlay-gradient":""}}},"product_brand":[],"product_cat":[16,24,46],"product_tag":[59,63,61,25,41],"class_list":{"0":"post-836","1":"product","2":"type-product","3":"status-publish","4":"has-post-thumbnail","6":"product_cat-namizni-rocni-nogomet","7":"product_cat-namizni-nogomet-free-play","8":"product_cat-namizni-nogometi-roberto-sport-free","9":"product_tag-bele-barve","10":"product_tag-crna-siva-barva","11":"product_tag-barve-imitacija-lesa","12":"product_tag-roberto-sport","13":"product_tag-scout","14":"desktop-align-left","15":"tablet-align-left","16":"mobile-align-left","18":"first","19":"instock","20":"sale","21":"taxable","22":"shipping-taxable","23":"purchasable","24":"product-type-variable"},"yoast_head":"<!-- This site is optimized with the Yoast SEO plugin v25.8 - https:\/\/yoast.com\/wordpress\/plugins\/seo\/ -->\n<title>Namizni - Ro\u010dni Nogomet Roberto Sport Scout - Akcija - Euroclas&amp;Co. doo<\/title>\n<meta name=\"description\" content=\"Velika izbira, zagotovljen servis in deli. \u017de za 460 \u20ac. Na zalogi. Namizni - Ro\u010dni nogomet Roberto Sport Scout. Obi\u0161\u010dite na\u0161 prodajni salon.\" \/>\n<meta name=\"robots\" content=\"index, follow, max-snippet:-1, max-image-preview:large, max-video-preview:-1\" \/>\n<link rel=\"canonical\" href=\"https:\/\/igralni-aparati.si\/trgovina\/izdelek\/namizni-rocni-nogomet-roberto-sport-scout\/\" \/>\n<meta property=\"og:locale\" content=\"sl_SI\" \/>\n<meta property=\"og:type\" content=\"article\" \/>\n<meta property=\"og:title\" content=\"Namizni - Ro\u010dni Nogomet Roberto Sport Scout - Akcija - Euroclas&amp;Co. doo\" \/>\n<meta property=\"og:description\" content=\"Velika izbira, zagotovljen servis in deli. \u017de za 460 \u20ac. Na zalogi. Namizni - Ro\u010dni nogomet Roberto Sport Scout. Obi\u0161\u010dite na\u0161 prodajni salon.\" \/>\n<meta property=\"og:url\" content=\"https:\/\/igralni-aparati.si\/trgovina\/izdelek\/namizni-rocni-nogomet-roberto-sport-scout\/\" \/>\n<meta property=\"og:site_name\" content=\"EUROCLAS &amp; Co. d.o.o.\" \/>\n<meta property=\"article:modified_time\" content=\"2026-04-09T14:54:38+00:00\" \/>\n<meta property=\"og:image\" content=\"https:\/\/igralni-aparati.si\/trgovina\/wp-content\/uploads\/2020\/05\/namizni-rocni-nogomet-roberto-sport-scout-free-nov-model-v-slo-slika-16936051.jpg\" \/>\n\t<meta property=\"og:image:width\" content=\"802\" \/>\n\t<meta property=\"og:image:height\" content=\"690\" \/>\n\t<meta property=\"og:image:type\" content=\"image\/jpeg\" \/>\n<meta name=\"twitter:card\" content=\"summary_large_image\" \/>\n<meta name=\"twitter:label1\" content=\"Est. reading time\" \/>\n\t<meta name=\"twitter:data1\" content=\"3 minute\" \/>\n<script type=\"application\/ld+json\" class=\"yoast-schema-graph\">{\"@context\":\"https:\/\/schema.org\",\"@graph\":[{\"@type\":\"WebPage\",\"@id\":\"https:\/\/igralni-aparati.si\/trgovina\/izdelek\/namizni-rocni-nogomet-roberto-sport-scout\/\",\"url\":\"https:\/\/igralni-aparati.si\/trgovina\/izdelek\/namizni-rocni-nogomet-roberto-sport-scout\/\",\"name\":\"Namizni - Ro\u010dni Nogomet Roberto Sport Scout - Akcija - Euroclas&Co. doo\",\"isPartOf\":{\"@id\":\"https:\/\/igralni-aparati.si\/trgovina\/#website\"},\"primaryImageOfPage\":{\"@id\":\"https:\/\/igralni-aparati.si\/trgovina\/izdelek\/namizni-rocni-nogomet-roberto-sport-scout\/#primaryimage\"},\"image\":{\"@id\":\"https:\/\/igralni-aparati.si\/trgovina\/izdelek\/namizni-rocni-nogomet-roberto-sport-scout\/#primaryimage\"},\"thumbnailUrl\":\"https:\/\/igralni-aparati.si\/trgovina\/wp-content\/uploads\/2020\/05\/namizni-rocni-nogomet-roberto-sport-scout-free-nov-model-v-slo-slika-16936051.jpg\",\"datePublished\":\"2020-06-07T16:50:00+00:00\",\"dateModified\":\"2026-04-09T14:54:38+00:00\",\"description\":\"Velika izbira, zagotovljen servis in deli. \u017de za 460 \u20ac. Na zalogi. Namizni - Ro\u010dni nogomet Roberto Sport Scout. Obi\u0161\u010dite na\u0161 prodajni salon.\",\"breadcrumb\":{\"@id\":\"https:\/\/igralni-aparati.si\/trgovina\/izdelek\/namizni-rocni-nogomet-roberto-sport-scout\/#breadcrumb\"},\"inLanguage\":\"sl-SI\",\"potentialAction\":[{\"@type\":\"ReadAction\",\"target\":[\"https:\/\/igralni-aparati.si\/trgovina\/izdelek\/namizni-rocni-nogomet-roberto-sport-scout\/\"]}]},{\"@type\":\"ImageObject\",\"inLanguage\":\"sl-SI\",\"@id\":\"https:\/\/igralni-aparati.si\/trgovina\/izdelek\/namizni-rocni-nogomet-roberto-sport-scout\/#primaryimage\",\"url\":\"https:\/\/igralni-aparati.si\/trgovina\/wp-content\/uploads\/2020\/05\/namizni-rocni-nogomet-roberto-sport-scout-free-nov-model-v-slo-slika-16936051.jpg\",\"contentUrl\":\"https:\/\/igralni-aparati.si\/trgovina\/wp-content\/uploads\/2020\/05\/namizni-rocni-nogomet-roberto-sport-scout-free-nov-model-v-slo-slika-16936051.jpg\",\"width\":802,\"height\":690,\"caption\":\"Ro\u010dni nogomet Roberto Sport Scout\"},{\"@type\":\"BreadcrumbList\",\"@id\":\"https:\/\/igralni-aparati.si\/trgovina\/izdelek\/namizni-rocni-nogomet-roberto-sport-scout\/#breadcrumb\",\"itemListElement\":[{\"@type\":\"ListItem\",\"position\":1,\"name\":\"Home\",\"item\":\"https:\/\/igralni-aparati.si\/trgovina\/\"},{\"@type\":\"ListItem\",\"position\":2,\"name\":\"Katalog izdelkov\",\"item\":\"https:\/\/igralni-aparati.si\/trgovina\/\"},{\"@type\":\"ListItem\",\"position\":3,\"name\":\"Namizni &#8211; Ro\u010dni Nogomet Roberto Sport Scout &#8211; Akcija\"}]},{\"@type\":\"WebSite\",\"@id\":\"https:\/\/igralni-aparati.si\/trgovina\/#website\",\"url\":\"https:\/\/igralni-aparati.si\/trgovina\/\",\"name\":\"EUROCLAS &amp; Co. d.o.o.\",\"description\":\"Za dodatne informacije  pokli\u010dite:\u00a0 041 614 817\",\"publisher\":{\"@id\":\"https:\/\/igralni-aparati.si\/trgovina\/#organization\"},\"potentialAction\":[{\"@type\":\"SearchAction\",\"target\":{\"@type\":\"EntryPoint\",\"urlTemplate\":\"https:\/\/igralni-aparati.si\/trgovina\/?s={search_term_string}\"},\"query-input\":{\"@type\":\"PropertyValueSpecification\",\"valueRequired\":true,\"valueName\":\"search_term_string\"}}],\"inLanguage\":\"sl-SI\"},{\"@type\":\"Organization\",\"@id\":\"https:\/\/igralni-aparati.si\/trgovina\/#organization\",\"name\":\"EUROCLAS &amp; Co. d.o.o.\",\"url\":\"https:\/\/igralni-aparati.si\/trgovina\/\",\"logo\":{\"@type\":\"ImageObject\",\"inLanguage\":\"sl-SI\",\"@id\":\"https:\/\/igralni-aparati.si\/trgovina\/#\/schema\/logo\/image\/\",\"url\":\"https:\/\/igralni-aparati.si\/trgovina\/wp-content\/uploads\/2020\/05\/LOGO4-2.jpg\",\"contentUrl\":\"https:\/\/igralni-aparati.si\/trgovina\/wp-content\/uploads\/2020\/05\/LOGO4-2.jpg\",\"width\":289,\"height\":78,\"caption\":\"EUROCLAS &amp; Co. d.o.o.\"},\"image\":{\"@id\":\"https:\/\/igralni-aparati.si\/trgovina\/#\/schema\/logo\/image\/\"}}]}<\/script>\n<!-- \/ Yoast SEO plugin. -->","yoast_head_json":{"title":"Namizni - Ro\u010dni Nogomet Roberto Sport Scout - Akcija - Euroclas&Co. doo","description":"Velika izbira, zagotovljen servis in deli. \u017de za 460 \u20ac. Na zalogi. Namizni - Ro\u010dni nogomet Roberto Sport Scout. Obi\u0161\u010dite na\u0161 prodajni salon.","robots":{"index":"index","follow":"follow","max-snippet":"max-snippet:-1","max-image-preview":"max-image-preview:large","max-video-preview":"max-video-preview:-1"},"canonical":"https:\/\/igralni-aparati.si\/trgovina\/izdelek\/namizni-rocni-nogomet-roberto-sport-scout\/","og_locale":"sl_SI","og_type":"article","og_title":"Namizni - Ro\u010dni Nogomet Roberto Sport Scout - Akcija - Euroclas&Co. doo","og_description":"Velika izbira, zagotovljen servis in deli. \u017de za 460 \u20ac. Na zalogi. Namizni - Ro\u010dni nogomet Roberto Sport Scout. Obi\u0161\u010dite na\u0161 prodajni salon.","og_url":"https:\/\/igralni-aparati.si\/trgovina\/izdelek\/namizni-rocni-nogomet-roberto-sport-scout\/","og_site_name":"EUROCLAS &amp; Co. d.o.o.","article_modified_time":"2026-04-09T14:54:38+00:00","og_image":[{"width":802,"height":690,"url":"https:\/\/igralni-aparati.si\/trgovina\/wp-content\/uploads\/2020\/05\/namizni-rocni-nogomet-roberto-sport-scout-free-nov-model-v-slo-slika-16936051.jpg","type":"image\/jpeg"}],"twitter_card":"summary_large_image","twitter_misc":{"Est. reading time":"3 minute"},"schema":{"@context":"https:\/\/schema.org","@graph":[{"@type":"WebPage","@id":"https:\/\/igralni-aparati.si\/trgovina\/izdelek\/namizni-rocni-nogomet-roberto-sport-scout\/","url":"https:\/\/igralni-aparati.si\/trgovina\/izdelek\/namizni-rocni-nogomet-roberto-sport-scout\/","name":"Namizni - Ro\u010dni Nogomet Roberto Sport Scout - Akcija - Euroclas&Co. doo","isPartOf":{"@id":"https:\/\/igralni-aparati.si\/trgovina\/#website"},"primaryImageOfPage":{"@id":"https:\/\/igralni-aparati.si\/trgovina\/izdelek\/namizni-rocni-nogomet-roberto-sport-scout\/#primaryimage"},"image":{"@id":"https:\/\/igralni-aparati.si\/trgovina\/izdelek\/namizni-rocni-nogomet-roberto-sport-scout\/#primaryimage"},"thumbnailUrl":"https:\/\/igralni-aparati.si\/trgovina\/wp-content\/uploads\/2020\/05\/namizni-rocni-nogomet-roberto-sport-scout-free-nov-model-v-slo-slika-16936051.jpg","datePublished":"2020-06-07T16:50:00+00:00","dateModified":"2026-04-09T14:54:38+00:00","description":"Velika izbira, zagotovljen servis in deli. \u017de za 460 \u20ac. Na zalogi. Namizni - Ro\u010dni nogomet Roberto Sport Scout. Obi\u0161\u010dite na\u0161 prodajni salon.","breadcrumb":{"@id":"https:\/\/igralni-aparati.si\/trgovina\/izdelek\/namizni-rocni-nogomet-roberto-sport-scout\/#breadcrumb"},"inLanguage":"sl-SI","potentialAction":[{"@type":"ReadAction","target":["https:\/\/igralni-aparati.si\/trgovina\/izdelek\/namizni-rocni-nogomet-roberto-sport-scout\/"]}]},{"@type":"ImageObject","inLanguage":"sl-SI","@id":"https:\/\/igralni-aparati.si\/trgovina\/izdelek\/namizni-rocni-nogomet-roberto-sport-scout\/#primaryimage","url":"https:\/\/igralni-aparati.si\/trgovina\/wp-content\/uploads\/2020\/05\/namizni-rocni-nogomet-roberto-sport-scout-free-nov-model-v-slo-slika-16936051.jpg","contentUrl":"https:\/\/igralni-aparati.si\/trgovina\/wp-content\/uploads\/2020\/05\/namizni-rocni-nogomet-roberto-sport-scout-free-nov-model-v-slo-slika-16936051.jpg","width":802,"height":690,"caption":"Ro\u010dni nogomet Roberto Sport Scout"},{"@type":"BreadcrumbList","@id":"https:\/\/igralni-aparati.si\/trgovina\/izdelek\/namizni-rocni-nogomet-roberto-sport-scout\/#breadcrumb","itemListElement":[{"@type":"ListItem","position":1,"name":"Home","item":"https:\/\/igralni-aparati.si\/trgovina\/"},{"@type":"ListItem","position":2,"name":"Katalog izdelkov","item":"https:\/\/igralni-aparati.si\/trgovina\/"},{"@type":"ListItem","position":3,"name":"Namizni &#8211; Ro\u010dni Nogomet Roberto Sport Scout &#8211; Akcija"}]},{"@type":"WebSite","@id":"https:\/\/igralni-aparati.si\/trgovina\/#website","url":"https:\/\/igralni-aparati.si\/trgovina\/","name":"EUROCLAS &amp; Co. d.o.o.","description":"Za dodatne informacije  pokli\u010dite:\u00a0 041 614 817","publisher":{"@id":"https:\/\/igralni-aparati.si\/trgovina\/#organization"},"potentialAction":[{"@type":"SearchAction","target":{"@type":"EntryPoint","urlTemplate":"https:\/\/igralni-aparati.si\/trgovina\/?s={search_term_string}"},"query-input":{"@type":"PropertyValueSpecification","valueRequired":true,"valueName":"search_term_string"}}],"inLanguage":"sl-SI"},{"@type":"Organization","@id":"https:\/\/igralni-aparati.si\/trgovina\/#organization","name":"EUROCLAS &amp; Co. d.o.o.","url":"https:\/\/igralni-aparati.si\/trgovina\/","logo":{"@type":"ImageObject","inLanguage":"sl-SI","@id":"https:\/\/igralni-aparati.si\/trgovina\/#\/schema\/logo\/image\/","url":"https:\/\/igralni-aparati.si\/trgovina\/wp-content\/uploads\/2020\/05\/LOGO4-2.jpg","contentUrl":"https:\/\/igralni-aparati.si\/trgovina\/wp-content\/uploads\/2020\/05\/LOGO4-2.jpg","width":289,"height":78,"caption":"EUROCLAS &amp; Co. d.o.o."},"image":{"@id":"https:\/\/igralni-aparati.si\/trgovina\/#\/schema\/logo\/image\/"}}]}},"_links":{"self":[{"href":"https:\/\/igralni-aparati.si\/trgovina\/wp-json\/wp\/v2\/product\/836","targetHints":{"allow":["GET"]}}],"collection":[{"href":"https:\/\/igralni-aparati.si\/trgovina\/wp-json\/wp\/v2\/product"}],"about":[{"href":"https:\/\/igralni-aparati.si\/trgovina\/wp-json\/wp\/v2\/types\/product"}],"replies":[{"embeddable":true,"href":"https:\/\/igralni-aparati.si\/trgovina\/wp-json\/wp\/v2\/comments?post=836"}],"version-history":[{"count":22,"href":"https:\/\/igralni-aparati.si\/trgovina\/wp-json\/wp\/v2\/product\/836\/revisions"}],"predecessor-version":[{"id":6936,"href":"https:\/\/igralni-aparati.si\/trgovina\/wp-json\/wp\/v2\/product\/836\/revisions\/6936"}],"wp:featuredmedia":[{"embeddable":true,"href":"https:\/\/igralni-aparati.si\/trgovina\/wp-json\/wp\/v2\/media\/179"}],"wp:attachment":[{"href":"https:\/\/igralni-aparati.si\/trgovina\/wp-json\/wp\/v2\/media?parent=836"}],"wp:term":[{"taxonomy":"product_brand","embeddable":true,"href":"https:\/\/igralni-aparati.si\/trgovina\/wp-json\/wp\/v2\/product_brand?post=836"},{"taxonomy":"product_cat","embeddable":true,"href":"https:\/\/igralni-aparati.si\/trgovina\/wp-json\/wp\/v2\/product_cat?post=836"},{"taxonomy":"product_tag","embeddable":true,"href":"https:\/\/igralni-aparati.si\/trgovina\/wp-json\/wp\/v2\/product_tag?post=836"}],"curies":[{"name":"wp","href":"https:\/\/api.w.org\/{rel}","templated":true}]}}